{"id":17856,"date":"2021-11-26T09:40:21","date_gmt":"2021-11-26T08:40:21","guid":{"rendered":"https:\/\/www.camping-lagallouette.fr\/reglement-interieur\/"},"modified":"2021-11-26T11:32:41","modified_gmt":"2021-11-26T10:32:41","slug":"reglement-van-orde","status":"publish","type":"page","link":"https:\/\/www.camping-lagallouette.fr\/nl\/reglement-van-orde\/","title":{"rendered":"R\u00e8glement int\u00e9rieur"},"content":{"rendered":"<section id=\"section-61a09e11a44c1\"\" class=\"section bg-white\" \/><div class=\"container\"><h1 class=\"element section-title center\">Reglement van orde<\/h1><\/div><\/section>\n\n<section id=\"section-61a0b37051878\"\" class=\"section bg-white p-t-0\" \/><div class=\"container\"><h2 class=\"element section-title left\">Voorwaarden voor toelating en verblijf<\/h2><div class=\"element bloc-text justify \">\n\t<p>Om een camping te mogen betreden, er zich te vestigen of er te verblijven, moet u toestemming hebben van de beheerder of zijn vertegenwoordiger. Deze is verplicht erop toe te zien dat het kampeerterrein in goede orde wordt gehouden en dat het onderhavige huishoudelijk reglement wordt nageleefd.<\/p>\n<p>Het verblijf op de camping impliceert de aanvaarding van de bepalingen van dit reglement en de verbintenis om het na te leven.<\/p>\n<p>Niemand mag zich op de camping vestigen.<\/p>\n<\/div><\/div><\/section>\n\n<section id=\"section-61a09e3764b80\"\" class=\"section bg-white p-t-0\" \/><div class=\"container\"><h2 class=\"element section-title left\">Politie formaliteiten<\/h2><div class=\"element bloc-text justify \">\n\t<p>Minderjarigen die niet door hun ouders worden begeleid, worden alleen toegelaten met schriftelijke toestemming van hun ouders.<\/p>\n<p>In toepassing van artikel R. 611-35 van de Code de l&#8217;entr\u00e9e et du s\u00e9jour des \u00e9trangers et du droit d&#8217;asile, is de beheerder verplicht de buitenlandse klant bij aankomst een individueel politieformulier te laten invullen en ondertekenen. Zij moet in het bijzonder vermelden:<\/p>\n<ol>\n<li>De achternaam en voornamen;<\/li>\n<li>De geboortedatum en geboorteplaats;<\/li>\n<li>De nationaliteit;<\/li>\n<li>De gewone verblijfplaats;<\/li>\n<\/ol>\n<p>Kinderen jonger dan 15 jaar kunnen worden opgenomen in het dossier van een van de ouders.<\/p>\n<\/div><\/div><\/section>\n\n<section id=\"section-61a09e3764b80\"\" class=\"section bg-white p-t-0\" \/><div class=\"container\"><h2 class=\"element section-title left\">Installatie<\/h2><div class=\"element bloc-text justify \">\n\t<p>De buitenaccommodatie en de bijbehorende apparatuur moeten op de aangegeven plaats worden ge\u00efnstalleerd volgens de instructies van de beheerder of zijn vertegenwoordiger.<\/p>\n<\/div><\/div><\/section>\n\n<section id=\"section-61a09e3764b80\"\" class=\"section bg-white p-t-0\" \/><div class=\"container\"><h2 class=\"element section-title left\">Receptie<\/h2><div class=\"element bloc-text justify \">\n\t<p>Open van 8.30 tot 12.30 uur en van 14.00 tot 19.00 uur. In het hoogseizoen van 8.00 tot 13.00 uur en van 14.00 tot 20.00 uur.<\/p>\n<p>Bij de receptie vindt u alle informatie over de diensten van de camping, informatie over de mogelijkheden van verfrissing, sportfaciliteiten, toeristische attracties in de omgeving en diverse adressen die van pas kunnen komen.<\/p>\n<p>Een systeem voor het verzamelen en behandelen van klachten staat ter beschikking van de gasten.<\/p>\n<\/div><\/div><\/section>\n\n<section id=\"section-61a09e3764b80\"\" class=\"section bg-white p-t-0\" \/><div class=\"container\"><h2 class=\"element section-title left\">Weergave<\/h2><div class=\"element bloc-text justify \">\n\t<p>Dit reglement hangt uit bij de ingang van de camping en bij de receptie. Het wordt gegeven aan elke klant die erom vraagt.<\/p>\n<p>Voor geclassificeerde campings worden de classificatiecategorie met de vermelding toerisme of recreatie en het aantal toeristische of recreatieplaatsen weergegeven.<\/p>\n<p>De prijzen van de verschillende diensten worden aan de klanten meegedeeld volgens de voorwaarden die bij decreet van de minister van consumptie zijn vastgesteld en kunnen aan de receptie worden geraadpleegd.<\/p>\n<\/div><\/div><\/section>\n\n<section id=\"section-61a09e3764b80\"\" class=\"section bg-white p-t-0\" \/><div class=\"container\"><h2 class=\"element section-title left\">Regelingen voor het vertrek<\/h2><div class=\"element bloc-text justify \">\n\t<p>De gasten worden verzocht hun vertrek de dag tevoren aan de receptie door te geven. De gasten die v\u00f3\u00f3r de openingstijd van de receptie willen vertrekken, moeten hun verblijf de dag ervoor betalen.<\/p>\n<\/div><\/div><\/section>\n\n<section id=\"section-61a09e3764b80\"\" class=\"section bg-white p-t-0\" \/><div class=\"container\"><h2 class=\"element section-title left\">Lawaai en stilte<\/h2><div class=\"element bloc-text justify \">\n\t<p>De gasten worden verzocht geen lawaai te maken en geen discussies te voeren die hun buren zouden kunnen storen.<\/p>\n<p>Geluidsapparatuur moet dienovereenkomstig worden aangepast. Deuren en koffers moeten zo stil mogelijk gesloten worden.<\/p>\n<p>Honden en andere dieren mogen nooit zonder toezicht worden achtergelaten. Zij mogen niet op het kampeerterrein worden achtergelaten, zelfs niet achter slot en grendel, in afwezigheid van hun eigenaars, die er burgerlijk aansprakelijk voor zijn.<\/p>\n<p>De beheerder zorgt voor de rust van zijn gasten door tijden vast te stellen waarop het volkomen stil moet zijn.<\/p>\n<\/div><\/div><\/section>\n\n<section id=\"section-61a09e3764b80\"\" class=\"section bg-white p-t-0\" \/><div class=\"container\"><h2 class=\"element section-title left\">Bezoekers<\/h2><div class=\"element bloc-text justify \">\n\t<p>Bezoekers kunnen, na toestemming van de beheerder of zijn vertegenwoordiger, worden toegelaten tot de camping onder verantwoordelijkheid van de kampeerders die hen ontvangen.<\/p>\n<p>De klant kan een of meer bezoekers aan de receptie ontvangen. De diensten en voorzieningen van de campings zijn toegankelijk voor bezoekers. Voor het gebruik van deze voorzieningen kan echter een vergoeding worden gevraagd, die bij de ingang van de camping en aan de receptie moet worden aangegeven.<\/p>\n<p>Auto&#8217;s van bezoekers zijn niet toegestaan op de camping.<\/p>\n<\/div><\/div><\/section>\n\n<section id=\"section-61a09e3764b80\"\" class=\"section bg-white p-t-0\" \/><div class=\"container\"><h2 class=\"element section-title left\">Verkeer en parkeren van voertuigen<\/h2><div class=\"element bloc-text justify \">\n\t<p>Binnen de camping moeten voertuigen met een beperkte snelheid rijden.<\/p>\n<p>Verkeer is toegestaan van 7.45 uur tot 22.30 uur.<\/p>\n<p>Alleen voertuigen van kampeerders die op de camping verblijven, mogen op de camping rondrijden. Parkeren is ten strengste verboden op de plaatsen die gewoonlijk door de accommodatie worden ingenomen, tenzij daarvoor een parkeerplaats is voorzien. Het parkeren mag het verkeer niet hinderen en de installatie van nieuwkomers niet verhinderen.<\/p>\n<\/div><\/div><\/section>\n\n<section id=\"section-61a09e3764b80\"\" class=\"section bg-white p-t-0\" \/><div class=\"container\"><h2 class=\"element section-title left\">Onderhoud en uitzicht van de installaties<\/h2><div class=\"element bloc-text justify \">\n\t<p>Een ieder is verplicht zich te onthouden van iedere handeling die schade kan toebrengen aan de netheid, de hygi\u00ebne en het uiterlijk van het kampeerterrein en zijn voorzieningen, in het bijzonder de sanitaire voorzieningen.<\/p>\n<p>Het is verboden afvalwater op de grond of in de goten te gooien.<\/p>\n<p>De klanten moeten het afvalwater in de daarvoor bestemde installaties lozen.<\/p>\n<p>Huisvuil, alle soorten afval, papieren, moeten in de vuilnisbakken worden gedeponeerd.<\/p>\n<p>Het is ten strengste verboden zich te wassen buiten de daarvoor bestemde vuilnisbakken.<\/p>\n<p>Wasgoed moet, indien nodig, in de gemeenschappelijke droogruimte worden opgehangen. In de nabijheid van de accommodatie is het echter tot 10 uur &#8217;s morgens toegestaan, op voorwaarde dat het discreet is en de buren niet stoort. Het mag nooit vanaf de bomen gebeuren.<\/p>\n<p>Beplantingen en bloemversieringen moeten worden gerespecteerd. Het is verboden spijkers in de bomen te slaan, takken af te zagen, plantages aan te leggen.<\/p>\n<p>Het is niet toegestaan de plaats van een installatie met persoonlijke middelen af te bakenen, noch de grond om te spitten.<\/p>\n<p>Elke schade aan de vegetatie, omheiningen, terreinen of voorzieningen van de camping zal aan de verantwoordelijke persoon in rekening worden gebracht.<\/p>\n<p>De staanplaats die tijdens het verblijf wordt gebruikt, moet in dezelfde staat worden gehouden als waarin de kampeerder hem bij aankomst heeft aangetroffen.<\/p>\n<\/div><\/div><\/section>\n\n<section id=\"section-61a09e3764b80\"\" class=\"section bg-white p-t-0\" \/><div class=\"container\"><h2 class=\"element section-title left\">Beveiliging<\/h2><div class=\"element bloc-text justify \">\n\t<ol>\n<li>Vuur<\/br>Het stoken van open vuur (hout, kolen, enz.) is ten strengste verboden. Kachels moeten in goede staat worden gehouden en mogen niet in gevaarlijke omstandigheden worden gebruikt.\n<p>In geval van brand, onmiddellijk de directie verwittigen. Indien nodig kunnen brandblussers worden gebruikt.<\/p>\n<p>Een eerste hulp kit is beschikbaar bij de receptie.<\/li>\n<li>Diefstal<\/br> De directie is verantwoordelijk voor de voorwerpen die in het kantoor worden achtergelaten en heeft een algemene verplichting om toezicht te houden op de camping. De kampeerder blijft verantwoordelijk voor zijn eigen faciliteit en dient de aanwezigheid van verdachte personen te melden aan de beheerder. Gasten wordt geadviseerd de gebruikelijke voorzorgsmaatregelen te nemen voor het veiligstellen van hun apparatuur.<\/li>\n<\/ol>\n<\/div><\/div><\/section>\n\n<section id=\"section-61a09e3764b80\"\" class=\"section bg-white p-t-0\" \/><div class=\"container\"><h2 class=\"element section-title left\">Spelletjes<\/h2><div class=\"element bloc-text justify \">\n\t<p>In de nabijheid van de installaties mogen geen gewelddadige of storende spelletjes worden gespeeld.<\/p>\n<p>De vergaderzaal mag niet worden gebruikt voor onstuimige spelletjes.<\/p>\n<p>Kinderen moeten altijd onder toezicht van hun ouders staan.<\/p>\n<\/div><\/div><\/section>\n\n<section id=\"section-61a09e3764b80\"\" class=\"section bg-white p-t-0\" \/><div class=\"container\"><h2 class=\"element section-title left\">Dode garage<\/h2><div class=\"element bloc-text justify \">\n\t<p>Ongebruikt materiaal mag alleen op het veld achtergelaten worden na goedkeuring door de directie en alleen op de aangegeven plaats. Voor deze dienst kunnen kosten in rekening worden gebracht.<\/p>\n<\/div><\/div><\/section>\n\n<section id=\"section-61a09e3764b80\"\" class=\"section bg-white p-t-0\" \/><div class=\"container\"><h2 class=\"element section-title left\">Schending van het reglement van orde<\/h2><div class=\"element bloc-text justify \">\n\t<p>Indien een bewoner het verblijf van andere gebruikers verstoort of de bepalingen van dit reglement niet naleeft, kan de beheerder of zijn vertegenwoordiger, mondeling of schriftelijk, indien hij dit nodig acht, deze laatste aanmanen de verstoring te be\u00ebindigen.<\/p>\n<p>In geval van ernstige of herhaalde overtreding van het huishoudelijk reglement en na aanmaning van de beheerder om dit na te leven, kan deze laatste het contract be\u00ebindigen.<\/p>\n<p>In geval van een strafbaar feit kan de beheerder de politie inschakelen.<\/p>\n<p>Speciale voorwaarden:<\/p>\n<ul>\n<li>2.1. Minderjarigen die niet door hun ouders worden begeleid, worden alleen toegelaten met een schriftelijke toestemming van hun ouders en na toestemming van de beheerder of zijn vertegenwoordiger.\n<\/li>\n<li>8.1.  De aanwezigheid van bezoekers op de camping is toegestaan tussen 10H en 21H.<\/li>\n<li>10.1. Het schoonmaken van voertuigen is ten strengste verboden op de camping.<br \/>\n<10.2. Papier, plastic en glasafval moet worden gedeponeerd in de daarvoor bestemde selectieve sorteercontainers. Buiten deze bakken en containers mag geen afval worden gedeponeerd. Grofvuil mag NIET naast of in de bakken en containers worden opgeslagen.\n\n\n<ul>\n<li>a) Barbecues moeten om 22.00 uur worden gedoofd. L\u2019usage des barbecues jetables est strictement interdit.<\/li>\n<\/ul>\n<\/li>\n<li>13.1. La prestation \u00ab Garage mort \u00bb ne comprend pas le branchement \u00e9lectrique<\/li>\n<\/ul>\n<\/div><\/div><\/section>\n\n<section id=\"section-61a09e3764b80\"\" class=\"section bg-white p-t-0\" \/><div class=\"container\"><h2 class=\"element section-title left\">Dieren<\/h2><div class=\"element bloc-text justify \">\n\t<p>Eigenaars van huisdieren moeten bij aankomst hun inentingsbewijs laten zien.<\/p>\n<p>Uitwerpselen van dieren zijn niet toegestaan op de camping en moeten onmiddellijk door de eigenaar van het dier worden opgeraapt, op straffe van uitsluiting.<\/p>\n<\/div><\/div><\/section>","protected":false},"excerpt":{"rendered":"","protected":false},"author":1,"featured_media":17858,"parent":0,"menu_order":0,"comment_status":"closed","ping_status":"closed","template":"","meta":{"_acf_changed":false,"footnotes":""},"class_list":["post-17856","page","type-page","status-publish","has-post-thumbnail","hentry"],"acf":[],"yoast_head":"<!-- This site is optimized with the Yoast SEO plugin v25.3 - https:\/\/yoast.com\/wordpress\/plugins\/seo\/ -->\n<title>Regels en voorschriften - Camping La Gallouette 4 ****<\/title>\n<meta name=\"robots\" content=\"noindex, nofollow\" \/>\n<meta property=\"og:locale\" content=\"nl_NL\" \/>\n<meta property=\"og:type\" content=\"article\" \/>\n<meta property=\"og:title\" content=\"Regels en voorschriften - Camping La Gallouette 4 ****\" \/>\n<meta property=\"og:url\" content=\"https:\/\/www.camping-lagallouette.fr\/nl\/reglement-van-orde\/\" \/>\n<meta property=\"og:site_name\" content=\"Camping Gallouette\" \/>\n<meta property=\"article:modified_time\" content=\"2021-11-26T10:32:41+00:00\" \/>\n<meta property=\"og:image\" content=\"https:\/\/www.camping-lagallouette.fr\/wp-content\/uploads\/2021\/11\/reglement-interieur.jpg\" \/>\n\t<meta property=\"og:image:width\" content=\"1900\" \/>\n\t<meta property=\"og:image:height\" content=\"700\" \/>\n\t<meta property=\"og:image:type\" content=\"image\/jpeg\" \/>\n<meta name=\"twitter:card\" content=\"summary_large_image\" \/>\n<script type=\"application\/ld+json\" class=\"yoast-schema-graph\">{\"@context\":\"https:\/\/schema.org\",\"@graph\":[{\"@type\":\"WebPage\",\"@id\":\"https:\/\/www.camping-lagallouette.fr\/nl\/reglement-van-orde\/\",\"url\":\"https:\/\/www.camping-lagallouette.fr\/nl\/reglement-van-orde\/\",\"name\":\"Regels en voorschriften - Camping La Gallouette 4 ****\",\"isPartOf\":{\"@id\":\"https:\/\/www.camping-lagallouette.fr\/nl\/#website\"},\"primaryImageOfPage\":{\"@id\":\"https:\/\/www.camping-lagallouette.fr\/nl\/reglement-van-orde\/#primaryimage\"},\"image\":{\"@id\":\"https:\/\/www.camping-lagallouette.fr\/nl\/reglement-van-orde\/#primaryimage\"},\"thumbnailUrl\":\"https:\/\/www.camping-lagallouette.fr\/wp-content\/uploads\/2021\/11\/reglement-interieur.jpg\",\"datePublished\":\"2021-11-26T08:40:21+00:00\",\"dateModified\":\"2021-11-26T10:32:41+00:00\",\"breadcrumb\":{\"@id\":\"https:\/\/www.camping-lagallouette.fr\/nl\/reglement-van-orde\/#breadcrumb\"},\"inLanguage\":\"nl-NL\",\"potentialAction\":[{\"@type\":\"ReadAction\",\"target\":[\"https:\/\/www.camping-lagallouette.fr\/nl\/reglement-van-orde\/\"]}]},{\"@type\":\"ImageObject\",\"inLanguage\":\"nl-NL\",\"@id\":\"https:\/\/www.camping-lagallouette.fr\/nl\/reglement-van-orde\/#primaryimage\",\"url\":\"https:\/\/www.camping-lagallouette.fr\/wp-content\/uploads\/2021\/11\/reglement-interieur.jpg\",\"contentUrl\":\"https:\/\/www.camping-lagallouette.fr\/wp-content\/uploads\/2021\/11\/reglement-interieur.jpg\",\"width\":1900,\"height\":700,\"caption\":\"reglement interieur\"},{\"@type\":\"BreadcrumbList\",\"@id\":\"https:\/\/www.camping-lagallouette.fr\/nl\/reglement-van-orde\/#breadcrumb\",\"itemListElement\":[{\"@type\":\"ListItem\",\"position\":1,\"name\":\"Kamperen Manche\",\"item\":\"https:\/\/www.camping-lagallouette.fr\/nl\/\"},{\"@type\":\"ListItem\",\"position\":2,\"name\":\"Reglement van orde\"}]},{\"@type\":\"WebSite\",\"@id\":\"https:\/\/www.camping-lagallouette.fr\/nl\/#website\",\"url\":\"https:\/\/www.camping-lagallouette.fr\/nl\/\",\"name\":\"Camping Gallouette\",\"description\":\"\",\"publisher\":{\"@id\":\"https:\/\/www.camping-lagallouette.fr\/nl\/#organization\"},\"potentialAction\":[{\"@type\":\"SearchAction\",\"target\":{\"@type\":\"EntryPoint\",\"urlTemplate\":\"https:\/\/www.camping-lagallouette.fr\/nl\/?s={search_term_string}\"},\"query-input\":{\"@type\":\"PropertyValueSpecification\",\"valueRequired\":true,\"valueName\":\"search_term_string\"}}],\"inLanguage\":\"nl-NL\"},{\"@type\":\"Organization\",\"@id\":\"https:\/\/www.camping-lagallouette.fr\/nl\/#organization\",\"name\":\"Camping La Gallouette\",\"url\":\"https:\/\/www.camping-lagallouette.fr\/nl\/\",\"logo\":{\"@type\":\"ImageObject\",\"inLanguage\":\"nl-NL\",\"@id\":\"https:\/\/www.camping-lagallouette.fr\/nl\/#\/schema\/logo\/image\/\",\"url\":\"https:\/\/www.camping-lagallouette.fr\/wp-content\/uploads\/2021\/10\/logo-bleu-camping-gallouette.png\",\"contentUrl\":\"https:\/\/www.camping-lagallouette.fr\/wp-content\/uploads\/2021\/10\/logo-bleu-camping-gallouette.png\",\"width\":214,\"height\":226,\"caption\":\"Camping La Gallouette\"},\"image\":{\"@id\":\"https:\/\/www.camping-lagallouette.fr\/nl\/#\/schema\/logo\/image\/\"}}]}<\/script>\n<!-- \/ Yoast SEO plugin. -->","yoast_head_json":{"title":"Regels en voorschriften - Camping La Gallouette 4 ****","robots":{"index":"noindex","follow":"nofollow"},"og_locale":"nl_NL","og_type":"article","og_title":"Regels en voorschriften - Camping La Gallouette 4 ****","og_url":"https:\/\/www.camping-lagallouette.fr\/nl\/reglement-van-orde\/","og_site_name":"Camping Gallouette","article_modified_time":"2021-11-26T10:32:41+00:00","og_image":[{"width":1900,"height":700,"url":"https:\/\/www.camping-lagallouette.fr\/wp-content\/uploads\/2021\/11\/reglement-interieur.jpg","type":"image\/jpeg"}],"twitter_card":"summary_large_image","schema":{"@context":"https:\/\/schema.org","@graph":[{"@type":"WebPage","@id":"https:\/\/www.camping-lagallouette.fr\/nl\/reglement-van-orde\/","url":"https:\/\/www.camping-lagallouette.fr\/nl\/reglement-van-orde\/","name":"Regels en voorschriften - Camping La Gallouette 4 ****","isPartOf":{"@id":"https:\/\/www.camping-lagallouette.fr\/nl\/#website"},"primaryImageOfPage":{"@id":"https:\/\/www.camping-lagallouette.fr\/nl\/reglement-van-orde\/#primaryimage"},"image":{"@id":"https:\/\/www.camping-lagallouette.fr\/nl\/reglement-van-orde\/#primaryimage"},"thumbnailUrl":"https:\/\/www.camping-lagallouette.fr\/wp-content\/uploads\/2021\/11\/reglement-interieur.jpg","datePublished":"2021-11-26T08:40:21+00:00","dateModified":"2021-11-26T10:32:41+00:00","breadcrumb":{"@id":"https:\/\/www.camping-lagallouette.fr\/nl\/reglement-van-orde\/#breadcrumb"},"inLanguage":"nl-NL","potentialAction":[{"@type":"ReadAction","target":["https:\/\/www.camping-lagallouette.fr\/nl\/reglement-van-orde\/"]}]},{"@type":"ImageObject","inLanguage":"nl-NL","@id":"https:\/\/www.camping-lagallouette.fr\/nl\/reglement-van-orde\/#primaryimage","url":"https:\/\/www.camping-lagallouette.fr\/wp-content\/uploads\/2021\/11\/reglement-interieur.jpg","contentUrl":"https:\/\/www.camping-lagallouette.fr\/wp-content\/uploads\/2021\/11\/reglement-interieur.jpg","width":1900,"height":700,"caption":"reglement interieur"},{"@type":"BreadcrumbList","@id":"https:\/\/www.camping-lagallouette.fr\/nl\/reglement-van-orde\/#breadcrumb","itemListElement":[{"@type":"ListItem","position":1,"name":"Kamperen Manche","item":"https:\/\/www.camping-lagallouette.fr\/nl\/"},{"@type":"ListItem","position":2,"name":"Reglement van orde"}]},{"@type":"WebSite","@id":"https:\/\/www.camping-lagallouette.fr\/nl\/#website","url":"https:\/\/www.camping-lagallouette.fr\/nl\/","name":"Camping Gallouette","description":"","publisher":{"@id":"https:\/\/www.camping-lagallouette.fr\/nl\/#organization"},"potentialAction":[{"@type":"SearchAction","target":{"@type":"EntryPoint","urlTemplate":"https:\/\/www.camping-lagallouette.fr\/nl\/?s={search_term_string}"},"query-input":{"@type":"PropertyValueSpecification","valueRequired":true,"valueName":"search_term_string"}}],"inLanguage":"nl-NL"},{"@type":"Organization","@id":"https:\/\/www.camping-lagallouette.fr\/nl\/#organization","name":"Camping La Gallouette","url":"https:\/\/www.camping-lagallouette.fr\/nl\/","logo":{"@type":"ImageObject","inLanguage":"nl-NL","@id":"https:\/\/www.camping-lagallouette.fr\/nl\/#\/schema\/logo\/image\/","url":"https:\/\/www.camping-lagallouette.fr\/wp-content\/uploads\/2021\/10\/logo-bleu-camping-gallouette.png","contentUrl":"https:\/\/www.camping-lagallouette.fr\/wp-content\/uploads\/2021\/10\/logo-bleu-camping-gallouette.png","width":214,"height":226,"caption":"Camping La Gallouette"},"image":{"@id":"https:\/\/www.camping-lagallouette.fr\/nl\/#\/schema\/logo\/image\/"}}]}},"_links":{"self":[{"href":"https:\/\/www.camping-lagallouette.fr\/nl\/wp-json\/wp\/v2\/pages\/17856","targetHints":{"allow":["GET"]}}],"collection":[{"href":"https:\/\/www.camping-lagallouette.fr\/nl\/wp-json\/wp\/v2\/pages"}],"about":[{"href":"https:\/\/www.camping-lagallouette.fr\/nl\/wp-json\/wp\/v2\/types\/page"}],"author":[{"embeddable":true,"href":"https:\/\/www.camping-lagallouette.fr\/nl\/wp-json\/wp\/v2\/users\/1"}],"replies":[{"embeddable":true,"href":"https:\/\/www.camping-lagallouette.fr\/nl\/wp-json\/wp\/v2\/comments?post=17856"}],"version-history":[{"count":5,"href":"https:\/\/www.camping-lagallouette.fr\/nl\/wp-json\/wp\/v2\/pages\/17856\/revisions"}],"predecessor-version":[{"id":17867,"href":"https:\/\/www.camping-lagallouette.fr\/nl\/wp-json\/wp\/v2\/pages\/17856\/revisions\/17867"}],"wp:featuredmedia":[{"embeddable":true,"href":"https:\/\/www.camping-lagallouette.fr\/nl\/wp-json\/wp\/v2\/media\/17858"}],"wp:attachment":[{"href":"https:\/\/www.camping-lagallouette.fr\/nl\/wp-json\/wp\/v2\/media?parent=17856"}],"curies":[{"name":"wp","href":"https:\/\/api.w.org\/{rel}","templated":true}]}}