{"id":17738,"date":"2021-10-27T09:27:24","date_gmt":"2021-10-27T07:27:24","guid":{"rendered":"https:\/\/www.camping-lagallouette.fr\/politique-de-confidentialite\/"},"modified":"2021-12-01T11:57:29","modified_gmt":"2021-12-01T10:57:29","slug":"privacybeleid","status":"publish","type":"page","link":"https:\/\/www.camping-lagallouette.fr\/nl\/privacybeleid\/","title":{"rendered":"Politique de confidentialit\u00e9"},"content":{"rendered":"<section id=\"section-6178ff6ed00cb\"\" class=\"section bg-white\" \/><div class=\"container extralarge\"><h1 class=\"element section-title center m-b-4\">Privacybeleid<\/h1><div class=\"element bloc-text justify \">\n\t<p>Cette politique de confidentialit\u00e9 d\u00e9crit les donn\u00e9es personnelles qui sont collect\u00e9es ou g\u00e9n\u00e9r\u00e9es (trait\u00e9es) lorsque vous utilisez le site internet. Cette Politique de Confidentialit\u00e9 d\u00e9crit les types de donn\u00e9es personnelles collect\u00e9es lorsque vous utilisez notre site et la fa\u00e7on dont vos donn\u00e9es personnelles sont utilis\u00e9es, partag\u00e9es et prot\u00e9g\u00e9es. Elle explique \u00e9galement les choix dont vous disposez s\u2019agissant de vos donn\u00e9es personnelles et comment nous contacter.<\/p>\n<h2>Inhoudsopgave<\/h2>\n<ol>\n<li><a href=\"#gdpr-1\">Wie zijn wij?<\/a><\/li>\n<li><a href=\"#gdpr-2\">Gebruik van de verzamelde persoonsgegevens<\/a><\/li>\n<li><a href=\"#gdpr-3\">Opmerkingen<\/a><\/li>\n<li><a href=\"#gdpr-4\">Media<\/a><\/li>\n<li><a href=\"#gdpr-5\">Contact formulieren<\/a><\/li>\n<li><a href=\"#gdpr-6\">Gebruik van cookies<\/a><\/li>\n<li><a href=\"#gdpr-7\">Statistieken en publieksmeting<\/a><\/li>\n<li><a href=\"#gdpr-8\">Hoe lang uw gegevens worden bewaard<\/a><\/li>\n<li><a href=\"#gdpr-9\">De rechten die u hebt met betrekking tot uw gegevens<\/a><\/li>\n<li><a href=\"#gdpr-10\">Doorgeven van uw persoonsgegevens<\/a><\/li>\n<li><a href=\"#gdpr-11\">Hoe wij uw gegevens beschermen<\/a><\/li>\n<li><a href=\"#gdpr-12\">Contact informatie<\/a><\/li>\n<\/ol>\n<h2 id=\"gdpr-1\">Wie we zijn<\/h2>\n<p>Vind al onze informatie op de juridische vermeldingen pagina.<\/p>\n<h2 id=\"gdpr-2\">Gebruik van verzamelde persoonsgegevens<\/h2>\n<p>Wij verzamelen niet automatisch en rechtstreeks gegevens over u.<\/p>\n<p>Niettegenstaande kunnen wij informatie verzamelen, met inbegrip van persoonlijke informatie van derden (zie <a href=\"#gdpr-5\">Cookies<\/a>).<\/p>\n<h2 id=\"gdpr-3\">Commentaren<\/h2>\n<p>Wanneer u een reactie achterlaat op onze website, worden niet alleen de gegevens die zijn ingevuld in het reactieformulier, maar ook uw IP-adres en browser user agent verzameld om ons te helpen ongewenste reacties op te sporen.<\/p>\n<p>Een geanonimiseerde string die is gemaakt van uw e-mailadres (ook bekend als een hash) kan naar de Gravatar-dienst worden gestuurd om te controleren of u de dienst gebruikt. Het privacybeleid van de Gravatar-service is beschikbaar op https:\/\/automattic.com\/privacy\/. Nadat uw commentaar is goedgekeurd, zal uw profielfoto publiekelijk zichtbaar zijn naast uw commentaar.<\/p>\n<h2 id=\"gdpr-4\">Media<\/h2>\n<p>Als u een geregistreerde gebruiker bent en afbeeldingen uploadt naar de website, raden wij u aan geen afbeeldingen te uploaden die EXIF-gegevens of GPS-co\u00f6rdinaten bevatten. Bezoekers van uw website kunnen locatiegegevens van deze beelden downloaden en extraheren.<\/p>\n<h2 id=\"gdpr-5\">Contactformulieren<\/h2>\n<p>U kunt ervoor kiezen om ons te voorzien van informatie wanneer u een formulier invult, deze informatie zal naar ons worden verzonden via e-mail en zal nergens anders worden opgeslagen dan onze e-mail service, deze informatie zal worden gebruikt voor het enige doel om te reageren op uw verzoek. Indien het waarschijnlijk is dat informatie voor commerci\u00eble doeleinden zal worden gebruikt, zal dit aan het eind van het formulier worden aangegeven. Wij zullen altijd om uw toestemming vragen wanneer wij informatie verzamelen via een formulier.<\/p>\n<h2 id=\"gdpr-6\">Gebruik van cookies<\/h2>\n<p><strong>Wat is een cookie?<\/strong><br \/>\nEen cookie is een klein gegevensbestand dat wordt overgebracht naar en opgeslagen op uw apparaat. Concreet stelt een cookie ons in staat uw browser, uw taal of uw voorkeuren te herkennen.<br \/>\nOp onze site worden twee soorten cookies gebruikt: &#8220;sessiecookies&#8221; en &#8220;permanente cookies&#8221;. Sessiecookies verlopen wanneer u uw browser sluit, terwijl permanente cookies op uw apparaat blijven staan nadat u uw browser hebt gesloten en opnieuw kunnen worden gebruikt wanneer u onze site de volgende keer bezoekt.<\/p>\n<p>Meer informatie op <a href=\"https:\/\/www.allaboutcookies.org\/fr\/\" target=\"_blank\" rel=\"noopener\">allaboutcookies.org<\/a>.<\/p>\n<p><strong>Onze cookies<\/strong><\/p>\n<p>Als u een reactie achterlaat op onze site, wordt u aangeboden om uw naam, e-mailadres en website op te slaan in cookies. Dit is alleen voor uw gemak, zodat u deze informatie niet hoeft in te vullen als u later nog een reactie achterlaat. Deze cookies vervallen na een jaar.<\/p>\n<p>Als u een account hebt en inlogt op deze site, zal een tijdelijke cookie worden geplaatst om te bepalen of uw browser cookies accepteert. Het bevat geen persoonlijke gegevens en wordt automatisch verwijderd wanneer u uw browser sluit.<\/p>\n<p>Wanneer u inlogt, zullen wij een aantal cookies plaatsen om uw inloggegevens en schermvoorkeuren op te slaan. De levensduur van een inlogcookie is twee dagen, de levensduur van een schermoptiecookie is een jaar. Als u &#8220;Onthoud mij&#8221; aanvinkt, wordt uw inlogcookie twee weken bewaard. Als u zich afmeldt van uw account, wordt het aanmeldingscookie verwijderd.<\/p>\n<p>Wanneer u een artikel bewerkt of publiceert, wordt een extra cookie in uw browser opgeslagen. Deze cookie bevat geen persoonsgegevens. Het geeft gewoon de identifier aan van het artikel dat je net gewijzigd hebt. Het vervalt na \u00e9\u00e9n dag.<\/p>\n<p><strong>Cookies van derden<\/strong><\/p>\n<p>Artikelen op deze site kunnen ingebedde inhoud bevatten (bijvoorbeeld video&#8217;s, afbeeldingen, artikelen&#8230;). Ingesloten inhoud van andere sites gedraagt zich op dezelfde manier alsof de bezoeker die andere site bezoekt.<\/p>\n<p>Deze websites kunnen gegevens over u verzamelen, cookies gebruiken, tracking tools van derden insluiten en uw interacties met ingesloten inhoud volgen als u een account hebt op hun website.<\/p>\n<p>Wij kunnen bepaalde zakenpartners toestaan om technologie\u00ebn op onze site te installeren. Deze partners gebruiken deze technologie\u00ebn om ons te helpen analyseren hoe u de site gebruikt, bijvoorbeeld door de diensten van derden te noteren via welke u op het Platform bent gekomen, om onze diensten op onze site en op websites van derden te marketen en te promoten, om ons te helpen bij het opsporen en voorkomen van fraude of het uitvoeren van risicobeoordelingen, of om informatie te verzamelen over uw activiteiten op de website.<\/p>\n<p>Onze website kan gebruik maken van sociale plug-ins die worden geleverd en beheerd door derden, zoals de Facebook &#8220;Like&#8221;-knop. Als gevolg daarvan kunt u de derde partij informatie sturen die u in een bepaald deel van onze website bekijkt. Als u niet bent ingelogd op uw account bij de derde partij, weet de derde partij niet wie u bent. Als u bent ingelogd op uw account bij de derde partij, dan kan de derde partij informatie of acties met betrekking tot uw interacties met onze site koppelen aan uw account bij de derde partij. Raadpleeg het privacybeleid van de derde partij voor meer informatie over hun gegevenspraktijken.<\/p>\n<p>De lijst van cookies van derden die worden gebruikt op deze site is beschikbaar via het <a href=\"\/#moove_gdpr_cookie_modal\">cookiebeheerpaneel<\/a>.<\/p>\n<h2 id=\"gdpr-7\">Statistieken en publieksmeting<\/h2>\n<p>Op het gebied van analyse werken wij met Google Analytics om informatie te verkrijgen over het gebruik van onze website om deze te verbeteren. Dit kan worden uitgeschakeld in het <a href=\"\/#moove_gdpr_cookie_modal\">cookie beheerpaneel<\/a>.<\/p>\n<p>Om te voorkomen dat Google Analytics uw informatie gebruikt voor analyse, kunt u ook de Google Analytics Opt-out Browser Add-on installeren door te klikken <a href=\"https:\/\/tools.google.com\/dlpage\/gaoptout\" target=\"_blank\" rel=\"noopener\">hier<\/a>. Vergeet niet dat wij geen controle hebben over deze afmeldingslink en niet verantwoordelijk zijn voor de beschikbaarheid of juistheid van dit mechanisme. Zie <a href=\"https:\/\/support.google.com\/analytics\/answer\/6004245\" target=\"_blank\" rel=\"noopener\">deze documentatie<\/a> voor meer informatie.<\/p>\n<h2 id=\"gdpr-8\">Opslagtijden voor uw gegevens<\/h2>\n<p>Als u een opmerking achterlaat, worden de opmerking en de metagegevens voor onbepaalde tijd opgeslagen. Hierdoor worden volgende commentaren automatisch herkend en goedgekeurd in plaats van in de wachtrij voor moderatie te blijven staan.<\/p>\n<p>Voor gebruikers die zich op onze site registreren (waar mogelijk), slaan wij ook de persoonsgegevens op die in hun profiel zijn vermeld. Alle gebruikers kunnen hun persoonlijke informatie (met uitzondering van hun gebruikersnaam) te allen tijde inzien, wijzigen of verwijderen. Sitebeheerders kunnen deze informatie ook bekijken en wijzigen.<\/p>\n<h2 id=\"gdpr-9\">De rechten die u hebt over uw gegevens<\/h2>\n<p>Als u een account hebt of opmerkingen op de site hebt achtergelaten, kunt u verzoeken om een bestand met alle persoonlijke gegevens die wij over u hebben, met inbegrip van de gegevens die u ons hebt verstrekt. U kunt ook verzoeken om verwijdering van uw persoonsgegevens. Hierbij wordt geen rekening gehouden met gegevens die worden opgeslagen voor administratieve, wettelijke of beveiligingsdoeleinden.<\/p>\n<h2 id=\"gdpr-10\">Doorgeven van uw persoonlijke gegevens<\/h2>\n<p>De opmerkingen van bezoekers kunnen worden gecontroleerd met behulp van een geautomatiseerde dienst voor het opsporen van ongewenste opmerkingen<br \/>\nAlle persoonsgegevens die wij verwerken, worden verwerkt in het hart van de Europese Unie.<\/p>\n<h2 id=\"gdpr-11\">Hoe wij uw gegevens beschermen<\/h2>\n<p>Wij implementeren en actualiseren voortdurend de <strong>beveiliging<\/strong> van de site om uw informatie te beschermen tegen ongeoorloofde toegang, verlies, vernietiging of wijziging. Daarom doen wij er alles aan om uw gegevens zo onkwetsbaar mogelijk te maken. Aangezien het internet geen 100% veilige omgeving is, kunnen wij de veiligheid van de overdracht of de opslag van uw informatie niet volledig garanderen.<\/p>\n<h2 id=\"gdpr-12\">Contactinformatie<\/h2>\n<p>Als u vragen of verzoeken hebt met betrekking tot uw persoonlijke gegevens, neem dan contact met ons op via rgpd@geek-tonic.com, andere contactinformatie is beschikbaar op onze <a href=\"\/mentions-legales\/\">legal notices<\/a>. Wij kunnen u vragen uw identiteit te verifi\u00ebren voordat wij verdere actie ondernemen met betrekking tot uw verzoek.<\/p>\n<\/div><\/div><\/section>","protected":false},"excerpt":{"rendered":"","protected":false},"author":1,"featured_media":15321,"parent":0,"menu_order":0,"comment_status":"closed","ping_status":"closed","template":"","meta":{"_acf_changed":false,"footnotes":""},"class_list":["post-17738","page","type-page","status-publish","has-post-thumbnail","hentry"],"acf":[],"yoast_head":"<!-- This site is optimized with the Yoast SEO plugin v25.3 - https:\/\/yoast.com\/wordpress\/plugins\/seo\/ -->\n<title>Politique de confidentialit\u00e9 - Camping Gallouette<\/title>\n<meta name=\"robots\" content=\"noindex, nofollow\" \/>\n<meta property=\"og:locale\" content=\"nl_NL\" \/>\n<meta property=\"og:type\" content=\"article\" \/>\n<meta property=\"og:title\" content=\"Politique de confidentialit\u00e9 - Camping Gallouette\" \/>\n<meta property=\"og:url\" content=\"https:\/\/www.camping-lagallouette.fr\/nl\/privacybeleid\/\" \/>\n<meta property=\"og:site_name\" content=\"Camping Gallouette\" \/>\n<meta property=\"article:modified_time\" content=\"2021-12-01T10:57:29+00:00\" \/>\n<meta property=\"og:image\" content=\"https:\/\/www.camping-lagallouette.fr\/wp-content\/uploads\/2021\/10\/camping-bord-de-mer-saint-vaast-la-hougue.jpg\" \/>\n\t<meta property=\"og:image:width\" content=\"1900\" \/>\n\t<meta property=\"og:image:height\" content=\"700\" \/>\n\t<meta property=\"og:image:type\" content=\"image\/jpeg\" \/>\n<meta name=\"twitter:card\" content=\"summary_large_image\" \/>\n<script type=\"application\/ld+json\" class=\"yoast-schema-graph\">{\"@context\":\"https:\/\/schema.org\",\"@graph\":[{\"@type\":\"WebPage\",\"@id\":\"https:\/\/www.camping-lagallouette.fr\/nl\/privacybeleid\/\",\"url\":\"https:\/\/www.camping-lagallouette.fr\/nl\/privacybeleid\/\",\"name\":\"Politique de confidentialit\u00e9 - Camping Gallouette\",\"isPartOf\":{\"@id\":\"https:\/\/www.camping-lagallouette.fr\/nl\/#website\"},\"primaryImageOfPage\":{\"@id\":\"https:\/\/www.camping-lagallouette.fr\/nl\/privacybeleid\/#primaryimage\"},\"image\":{\"@id\":\"https:\/\/www.camping-lagallouette.fr\/nl\/privacybeleid\/#primaryimage\"},\"thumbnailUrl\":\"https:\/\/www.camping-lagallouette.fr\/wp-content\/uploads\/2021\/10\/camping-bord-de-mer-saint-vaast-la-hougue.jpg\",\"datePublished\":\"2021-10-27T07:27:24+00:00\",\"dateModified\":\"2021-12-01T10:57:29+00:00\",\"breadcrumb\":{\"@id\":\"https:\/\/www.camping-lagallouette.fr\/nl\/privacybeleid\/#breadcrumb\"},\"inLanguage\":\"nl-NL\",\"potentialAction\":[{\"@type\":\"ReadAction\",\"target\":[\"https:\/\/www.camping-lagallouette.fr\/nl\/privacybeleid\/\"]}]},{\"@type\":\"ImageObject\",\"inLanguage\":\"nl-NL\",\"@id\":\"https:\/\/www.camping-lagallouette.fr\/nl\/privacybeleid\/#primaryimage\",\"url\":\"https:\/\/www.camping-lagallouette.fr\/wp-content\/uploads\/2021\/10\/camping-bord-de-mer-saint-vaast-la-hougue.jpg\",\"contentUrl\":\"https:\/\/www.camping-lagallouette.fr\/wp-content\/uploads\/2021\/10\/camping-bord-de-mer-saint-vaast-la-hougue.jpg\",\"width\":1900,\"height\":700,\"caption\":\"camping bord de mer saint vaast la hougue\"},{\"@type\":\"BreadcrumbList\",\"@id\":\"https:\/\/www.camping-lagallouette.fr\/nl\/privacybeleid\/#breadcrumb\",\"itemListElement\":[{\"@type\":\"ListItem\",\"position\":1,\"name\":\"Kamperen Manche\",\"item\":\"https:\/\/www.camping-lagallouette.fr\/nl\/\"},{\"@type\":\"ListItem\",\"position\":2,\"name\":\"Privacybeleid\"}]},{\"@type\":\"WebSite\",\"@id\":\"https:\/\/www.camping-lagallouette.fr\/nl\/#website\",\"url\":\"https:\/\/www.camping-lagallouette.fr\/nl\/\",\"name\":\"Camping Gallouette\",\"description\":\"\",\"publisher\":{\"@id\":\"https:\/\/www.camping-lagallouette.fr\/nl\/#organization\"},\"potentialAction\":[{\"@type\":\"SearchAction\",\"target\":{\"@type\":\"EntryPoint\",\"urlTemplate\":\"https:\/\/www.camping-lagallouette.fr\/nl\/?s={search_term_string}\"},\"query-input\":{\"@type\":\"PropertyValueSpecification\",\"valueRequired\":true,\"valueName\":\"search_term_string\"}}],\"inLanguage\":\"nl-NL\"},{\"@type\":\"Organization\",\"@id\":\"https:\/\/www.camping-lagallouette.fr\/nl\/#organization\",\"name\":\"Camping La Gallouette\",\"url\":\"https:\/\/www.camping-lagallouette.fr\/nl\/\",\"logo\":{\"@type\":\"ImageObject\",\"inLanguage\":\"nl-NL\",\"@id\":\"https:\/\/www.camping-lagallouette.fr\/nl\/#\/schema\/logo\/image\/\",\"url\":\"https:\/\/www.camping-lagallouette.fr\/wp-content\/uploads\/2021\/10\/logo-bleu-camping-gallouette.png\",\"contentUrl\":\"https:\/\/www.camping-lagallouette.fr\/wp-content\/uploads\/2021\/10\/logo-bleu-camping-gallouette.png\",\"width\":214,\"height\":226,\"caption\":\"Camping La Gallouette\"},\"image\":{\"@id\":\"https:\/\/www.camping-lagallouette.fr\/nl\/#\/schema\/logo\/image\/\"}}]}<\/script>\n<!-- \/ Yoast SEO plugin. -->","yoast_head_json":{"title":"Politique de confidentialit\u00e9 - Camping Gallouette","robots":{"index":"noindex","follow":"nofollow"},"og_locale":"nl_NL","og_type":"article","og_title":"Politique de confidentialit\u00e9 - Camping Gallouette","og_url":"https:\/\/www.camping-lagallouette.fr\/nl\/privacybeleid\/","og_site_name":"Camping Gallouette","article_modified_time":"2021-12-01T10:57:29+00:00","og_image":[{"width":1900,"height":700,"url":"https:\/\/www.camping-lagallouette.fr\/wp-content\/uploads\/2021\/10\/camping-bord-de-mer-saint-vaast-la-hougue.jpg","type":"image\/jpeg"}],"twitter_card":"summary_large_image","schema":{"@context":"https:\/\/schema.org","@graph":[{"@type":"WebPage","@id":"https:\/\/www.camping-lagallouette.fr\/nl\/privacybeleid\/","url":"https:\/\/www.camping-lagallouette.fr\/nl\/privacybeleid\/","name":"Politique de confidentialit\u00e9 - Camping Gallouette","isPartOf":{"@id":"https:\/\/www.camping-lagallouette.fr\/nl\/#website"},"primaryImageOfPage":{"@id":"https:\/\/www.camping-lagallouette.fr\/nl\/privacybeleid\/#primaryimage"},"image":{"@id":"https:\/\/www.camping-lagallouette.fr\/nl\/privacybeleid\/#primaryimage"},"thumbnailUrl":"https:\/\/www.camping-lagallouette.fr\/wp-content\/uploads\/2021\/10\/camping-bord-de-mer-saint-vaast-la-hougue.jpg","datePublished":"2021-10-27T07:27:24+00:00","dateModified":"2021-12-01T10:57:29+00:00","breadcrumb":{"@id":"https:\/\/www.camping-lagallouette.fr\/nl\/privacybeleid\/#breadcrumb"},"inLanguage":"nl-NL","potentialAction":[{"@type":"ReadAction","target":["https:\/\/www.camping-lagallouette.fr\/nl\/privacybeleid\/"]}]},{"@type":"ImageObject","inLanguage":"nl-NL","@id":"https:\/\/www.camping-lagallouette.fr\/nl\/privacybeleid\/#primaryimage","url":"https:\/\/www.camping-lagallouette.fr\/wp-content\/uploads\/2021\/10\/camping-bord-de-mer-saint-vaast-la-hougue.jpg","contentUrl":"https:\/\/www.camping-lagallouette.fr\/wp-content\/uploads\/2021\/10\/camping-bord-de-mer-saint-vaast-la-hougue.jpg","width":1900,"height":700,"caption":"camping bord de mer saint vaast la hougue"},{"@type":"BreadcrumbList","@id":"https:\/\/www.camping-lagallouette.fr\/nl\/privacybeleid\/#breadcrumb","itemListElement":[{"@type":"ListItem","position":1,"name":"Kamperen Manche","item":"https:\/\/www.camping-lagallouette.fr\/nl\/"},{"@type":"ListItem","position":2,"name":"Privacybeleid"}]},{"@type":"WebSite","@id":"https:\/\/www.camping-lagallouette.fr\/nl\/#website","url":"https:\/\/www.camping-lagallouette.fr\/nl\/","name":"Camping Gallouette","description":"","publisher":{"@id":"https:\/\/www.camping-lagallouette.fr\/nl\/#organization"},"potentialAction":[{"@type":"SearchAction","target":{"@type":"EntryPoint","urlTemplate":"https:\/\/www.camping-lagallouette.fr\/nl\/?s={search_term_string}"},"query-input":{"@type":"PropertyValueSpecification","valueRequired":true,"valueName":"search_term_string"}}],"inLanguage":"nl-NL"},{"@type":"Organization","@id":"https:\/\/www.camping-lagallouette.fr\/nl\/#organization","name":"Camping La Gallouette","url":"https:\/\/www.camping-lagallouette.fr\/nl\/","logo":{"@type":"ImageObject","inLanguage":"nl-NL","@id":"https:\/\/www.camping-lagallouette.fr\/nl\/#\/schema\/logo\/image\/","url":"https:\/\/www.camping-lagallouette.fr\/wp-content\/uploads\/2021\/10\/logo-bleu-camping-gallouette.png","contentUrl":"https:\/\/www.camping-lagallouette.fr\/wp-content\/uploads\/2021\/10\/logo-bleu-camping-gallouette.png","width":214,"height":226,"caption":"Camping La Gallouette"},"image":{"@id":"https:\/\/www.camping-lagallouette.fr\/nl\/#\/schema\/logo\/image\/"}}]}},"_links":{"self":[{"href":"https:\/\/www.camping-lagallouette.fr\/nl\/wp-json\/wp\/v2\/pages\/17738","targetHints":{"allow":["GET"]}}],"collection":[{"href":"https:\/\/www.camping-lagallouette.fr\/nl\/wp-json\/wp\/v2\/pages"}],"about":[{"href":"https:\/\/www.camping-lagallouette.fr\/nl\/wp-json\/wp\/v2\/types\/page"}],"author":[{"embeddable":true,"href":"https:\/\/www.camping-lagallouette.fr\/nl\/wp-json\/wp\/v2\/users\/1"}],"replies":[{"embeddable":true,"href":"https:\/\/www.camping-lagallouette.fr\/nl\/wp-json\/wp\/v2\/comments?post=17738"}],"version-history":[{"count":12,"href":"https:\/\/www.camping-lagallouette.fr\/nl\/wp-json\/wp\/v2\/pages\/17738\/revisions"}],"predecessor-version":[{"id":17944,"href":"https:\/\/www.camping-lagallouette.fr\/nl\/wp-json\/wp\/v2\/pages\/17738\/revisions\/17944"}],"wp:featuredmedia":[{"embeddable":true,"href":"https:\/\/www.camping-lagallouette.fr\/nl\/wp-json\/wp\/v2\/media\/15321"}],"wp:attachment":[{"href":"https:\/\/www.camping-lagallouette.fr\/nl\/wp-json\/wp\/v2\/media?parent=17738"}],"curies":[{"name":"wp","href":"https:\/\/api.w.org\/{rel}","templated":true}]}}