{"id":17291,"date":"2021-09-20T12:29:47","date_gmt":"2021-09-20T10:29:47","guid":{"rendered":"https:\/\/www.camping-lagallouette.fr\/camping-manche-bord-de-mer-normandie\/"},"modified":"2023-11-06T15:54:44","modified_gmt":"2023-11-06T14:54:44","slug":"kamperen-manche-seaside-normandie","status":"publish","type":"page","link":"https:\/\/www.camping-lagallouette.fr\/nl\/kamperen-manche-seaside-normandie\/","title":{"rendered":"Mer &#038; piscine : Bord de mer"},"content":{"rendered":"<section id=\"section-6155b3f853ec8\"\" class=\"section white-gradient-bottom bg-color3\" \/><div class=\"container extralarge\"><h1 class=\"element section-title center p-b-5\">De stranden van Normandi\u00eb<\/h1><div class=\"colonnes-wrap valign-middle p-b-5\"><div class=\"element colonne \"><h2 class=\"element section-title left\">De 10 mooiste stranden van Normandi\u00eb<\/h2><div class=\"element bloc-text left \">\n\t<ul>\n<li>Het strand van Jonville: op minder dan 5 km van onze camping, ten noorden van Saint-Vaast, heeft het strand van Jonville een unieke zuidelijke ligging in het Kanaal. Een strandbar, gebouwd in een voormalige bunker, is door de Guardian uitgeroepen tot een van de 10 beste strandbars in Frankrijk. Vanaf het terras en vanaf het 8 km lange fijne zandstrand kunt u genieten van een adembenemend uitzicht op het eiland Tatihou: een echt paradijs!<\/li>\n<li>Stranden van Barfleur: op 11 km van de camping ligt de stad Barfleur, geklasseerd als \u00e9\u00e9n van de mooiste dorpen van Frankrijk, met ook verschillende stranden. Het strand van La Masse, in een schelp, is bijzonder mooi.<\/li>\n<li>Anse du Brick: in Fermanville, op minder dan 25 km van onze Normandische camping aan zee, is Anse du Brick een kleine baai met een paradijselijk strand van fijn zand en kiezels, in een uitzonderlijke natuurlijke omgeving. Beschut tegen de wind, is het ideaal voor een middagje zwemmen en ontspannen met het gezin..<\/li>\n<\/ul>\n<\/div><\/div><div class=\"element colonne masque-bleu\"><div class=\"element images fancybox-container\"><a class=\"fancybox image\" href=\"https:\/\/www.camping-lagallouette.fr\/wp-content\/uploads\/2021\/10\/camping-bord-de-mer-manche.jpg\"><img decoding=\"async\" src=\"https:\/\/www.camping-lagallouette.fr\/wp-content\/uploads\/2021\/10\/camping-bord-de-mer-manche-100x75.jpg\" data-src=\"https:\/\/www.camping-lagallouette.fr\/wp-content\/uploads\/2021\/10\/camping-bord-de-mer-manche.jpg\" alt=\"camping bord de mer manche\" class=\"images_image\" \/><\/a><\/div><\/div><\/div><\/div><\/section>\n\n<section id=\"section-6155c2a7dd6f1\"\" class=\"section bg-white\" \/><div class=\"container extralarge\"><div class=\"colonnes-wrap valign-middle \"><div class=\"element colonne masque-blanc\"><div class=\"element images fancybox-container\"><a class=\"fancybox image\" href=\"https:\/\/www.camping-lagallouette.fr\/wp-content\/uploads\/2021\/10\/camping-bord-de-mer-omaha-beach-cotentin.jpg\"><img decoding=\"async\" src=\"https:\/\/www.camping-lagallouette.fr\/wp-content\/uploads\/2021\/10\/camping-bord-de-mer-omaha-beach-cotentin-100x75.jpg\" data-src=\"https:\/\/www.camping-lagallouette.fr\/wp-content\/uploads\/2021\/10\/camping-bord-de-mer-omaha-beach-cotentin.jpg\" alt=\"camping bord de mer omaha beach cotentin\" class=\"images_image\" \/><\/a><\/div><\/div><div class=\"element colonne \"><div class=\"element bloc-text left \">\n\t<ul>\n<li>De stranden van Cherbourg: op minder dan 30 km van de camping La Gallouette biedt Cherbourg twee stadsstranden met fijn zand, ideaal om te ontspannen na een bezoek aan de stad, maar ook een prachtig groen strand, een uitgestrekt grasveld tegenover de haven, ideaal om te luieren en om buitenspelletjes te doen.<\/li>\n<li>Utah Beach: op 30 km van Saint-Vaast-la-Hougue is Utah Beach een van de vijf Normandische stranden waar de geallieerden in juni 1944 zijn geland, en een van de beroemdste, samen met Omaha Beach. Er is een museum op het terrein. Utah Beach, een plaats met een rijke geschiedenis, is niettemin een ideale plaats om te zwemmen en voor vrijetijdsbesteding. Ontdek alle D-Day stranden.<\/li>\n<li>Strand van Barneville-Carteret: het strand van Barneville ligt op 48 km van de camping La Gallouette, tegenover het eiland Jersey en biedt een adembenemend uitzicht op Cap Carteret.<\/li>\n<\/ul>\n<\/div><\/div><\/div><\/div><\/section>\n\n<section id=\"section-6155c2a7dd92a\"\" data-bg-opacite=\"0.2\"data-background=\"https:\/\/www.camping-lagallouette.fr\/wp-content\/uploads\/2021\/10\/camping-bord-de-mer-saint-vaast-la-hougue.jpg\"data-speed=\"0.8\"class=\"section bg-white p-t-0 p-b-0 section--has-bg-img section_bg-parallax\" \/><div class=\"container full\"><\/div><\/section>\n\n<section id=\"section-6155c2a7ddc53\"\" class=\"section bg-white\" \/><div class=\"container extralarge\"><div class=\"colonnes-wrap valign-middle \"><div class=\"element colonne \"><div class=\"element bloc-text justify \">\n\t<ul>\n<li>Urville-Nacqueville Plage : Op 40 km van Saint-Vaast is het strand van Urville-Nacqueville in Den Haag meerdere malen gekroond tot het mooiste strand van Normandi\u00eb en zelfs van Frankrijk. De kleur van het water, de twee kilometer fijn zand en de wilde kust maken er een idyllische plek van.<\/li>\n<li>Siouville-Hague strand: een bekende surf- en kitesurfspot, het strand van Siouville-Hague ligt in de inham van Vauville, op 50 km van Saint-Vaast. Ideaal voor liefhebbers van surfen !<\/li>\n<li>Lindbergh-Plage: op minder dan 50 km van de haven van Saint-Vaast-la-Hougue brengt het grote Lindbergh-strand van Saint-L\u00f4-d&#8217;Ourville hulde aan de vliegenier Charles Lindbergh. Zijn wilde karakter zal liefhebbers van natuur en uitgestrekte ruimten aanspreken.<\/li>\n<li>Cabourg strand: het romantische strand van Cabourg ligt op minder dan 2 uur rijden van La Gallouette. Niet te missen op een dagtrip naar Calvados.<\/li>\n<\/ul>\n<\/div><\/div><div class=\"element colonne masque-blanc\"><div class=\"element images fancybox-container\"><a class=\"fancybox image\" href=\"https:\/\/www.camping-lagallouette.fr\/wp-content\/uploads\/2023\/03\/port-barfleur.jpg\"><img decoding=\"async\" src=\"https:\/\/www.camping-lagallouette.fr\/wp-content\/uploads\/2023\/03\/port-barfleur-100x76.jpg\" data-src=\"https:\/\/www.camping-lagallouette.fr\/wp-content\/uploads\/2023\/03\/port-barfleur.jpg\" alt=\"camping bord de mer basse normandie\" class=\"images_image\" \/><\/a><\/div><\/div><\/div><\/div><\/section>\n\n<section id=\"section-6155c2a7de282\"\" class=\"section white-gradient-top white-gradient-bottom bg-color3\" \/><div class=\"container extralarge\"><div class=\"colonnes-wrap valign-middle \"><div class=\"element colonne masque-bleu\"><div class=\"element images fancybox-container\"><a class=\"fancybox image\" href=\"https:\/\/www.camping-lagallouette.fr\/wp-content\/uploads\/2021\/10\/camping-bord-de-mer-activites-nautiques-normandie.jpg\"><img decoding=\"async\" src=\"https:\/\/www.camping-lagallouette.fr\/wp-content\/uploads\/2021\/10\/camping-bord-de-mer-activites-nautiques-normandie-100x75.jpg\" data-src=\"https:\/\/www.camping-lagallouette.fr\/wp-content\/uploads\/2021\/10\/camping-bord-de-mer-activites-nautiques-normandie.jpg\" alt=\"camping bord de mer activites nautiques normandie\" class=\"images_image\" \/><\/a><\/div><\/div><div class=\"element colonne \"><h2 class=\"element section-title justify\">Watersportactiviteiten in Normandi\u00eb<\/h2><div class=\"element bloc-text justify \">\n\t<p>Van boottochten met het gezin tot sensationele sporten, vissen en strandzeilen, het Kanaal en zijn stranden bieden een breed scala aan watersporten en activiteiten.<\/p>\n<p>Op 200 m van de camping La Gallouette ligt Saint-Vaast-la-Hougue, de vertrekhaven van de pittoreske amfibieboot die u aan land brengt op het eiland Tatihou: een gelegenheid voor een gezellig boottochtje met het gezin. De baai van Saint-Vaast kan ook worden ontdekt aan boord van een oud zeilschip voor een ontspannende cruise of een vistocht.<\/p>\n<p>Het strand van Jonville, gelegen op het zuiden, is de ideale plek om te zwemmen en voor het beoefenen van vele watersporten: zeekajakken, kitesurfen of windsurfen, al naar gelang uw wensen. Het nautisch centrum van de baai van Saint-Vaast biedt initiatiecursussen catamaranzeilen, watertrektochten, Optimist-sessies voor kinderen, of schoener cruises. Stand Up Paddle boten kunnen ook worden gehuurd. De brede terugtrekking van de zee bij eb maakt ook de beoefening van strandzeilen mogelijk.<\/p>\n<\/div><\/div><\/div><\/div><\/section>\n\n<section id=\"section-6155c2a7de64c\"\" class=\"section bg-white p-b-0\" \/><div class=\"container extralarge\"><h2 class=\"element section-title center\">Camping Normandi\u00eb aan zee, bij de haven van Saint-Vaast<\/h2><div class=\"colonnes-wrap valign-top \"><div class=\"element colonne p-r-4\"><div class=\"element bloc-text left \">\n\t<p>Camping La Gallouette is ideaal gelegen, op 200 m van de charmante haven van Saint-Vaast-la-Hougue, in een uitzonderlijke omgeving aan de kust, beschut tegen de heersende westenwinden.<br \/>\nDe camping heeft ook een snelle toegang tot het strand van La Hougue. Er zijn kinderspeelplaatsen en tennisbanen, sanitaire voorzieningen, grote groenzones en een snackbar. Het ondiepe water is ideaal voor kinderen om in te zwemmen. Bovendien zorgen de getijden voor een aangename temperatuur.<br \/>\nBij eb trekt de zee zich ver terug op het zandstrand, waardoor de plaats bijzonder geschikt is om te voet te vissen.<\/p>\n<\/div><\/div><div class=\"element colonne \"><div class=\"element bloc-text left \">\n\t<p>Het strand van Hougue, dat in vijf minuten te voet bereikbaar is via een voetgangerspad en de zeedijk of een fietspad met uitzicht op zee, biedt een prachtig panorama op het fort van Vauban op het ile Tatihou en het schiereiland Hougue.<br \/>\nVoor de afwisseling van het mooie strand van La Hougue en een wandeling langs de haven van Saint-Vaast in het voorbijgaan, kunt u er te voet in iets meer dan 10 minuten en met de fiets in 3 minuten komen. La Gallouette is de ideale bestemming voor een ontspannen kampeervakantie met de voeten in het water. Aan de andere kant van de haven ligt het Petite Plage op 900 m afstand.<br \/>\nOmgeven door stranden en wandelingen langs de zee, biedt de <a href=\"\/nl\/\">camping La Gallouette<\/a> een unieke omgeving voor uw vakantie in de Cotentin. Strandspelen, vissen te voet, zwemmen en watersporten wachten dagelijks op u. Tijdens uw verblijf kunt u ook een bezoek brengen aan de Mont Saint Michel, de C\u00f4te de Nacre en de Anglo-Normandische eilanden zoals Guernsey!<\/p>\n<\/div><\/div><\/div><\/div><\/section>\n\n<section id=\"section-6155c2a7de871\"\" class=\"section bg-white p-t-0\" \/><div class=\"container\"><div class=\"element bloc-text justify \">\n\t<p><iframe title=\"YouTube video player\" src=\"https:\/\/www.youtube.com\/embed\/QZMyQKWry6g\" width=\"560\" height=\"400\" frameborder=\"0\" allowfullscreen=\"allowfullscreen\"><\/iframe><\/p>\n<\/div><\/div><\/section>\n\n<section id=\"section-6155c2a7decd0\"\" class=\"section white-gradient-top bg-color3\" \/><div class=\"container extralarge\"><div class=\"element section-title center\">Ontdek onze camping aan zee<\/div><div class=\"colonnes-wrap valign-middle \"><div class=\"element colonne \"><div class=\"element call-to-action  call-to-action--style-1 call-to-action--big\"><a href=\"https:\/\/www.camping-lagallouette.fr\/nl\/activiteiten-en-ontspanning-voor-het-gezin\/\"  class=\"call-to-action_link\" title=\"Lees meer over activiteiten &#038; ontspanning\"><div class=\"call-to-action_image\"><img decoding=\"async\" src=\"https:\/\/www.camping-lagallouette.fr\/wp-content\/uploads\/2021\/10\/camping-terrain-de-sport-norrmandie-100x67.jpg\" data-src=\"https:\/\/www.camping-lagallouette.fr\/wp-content\/uploads\/2021\/10\/camping-terrain-de-sport-norrmandie.jpg\" alt=\"camping terrain de sport norrmandie\" class=\"big\" \/><\/div><div class=\"call-to-action_contenu\"><div class=\"call-to-action_titre\">Activiteiten &#038; ontspanning<\/div><\/div><\/a><\/div><\/div><div class=\"element colonne \"><div class=\"element call-to-action  call-to-action--style-1 call-to-action--big\"><a href=\"https:\/\/www.camping-lagallouette.fr\/nl\/uw-camping-in-normandie-met-een-verwarmd-zwembad\/\"  class=\"call-to-action_link\" title=\"Lees meer over zwembad\"><div class=\"call-to-action_image\"><img decoding=\"async\" src=\"https:\/\/www.camping-lagallouette.fr\/wp-content\/uploads\/2021\/11\/camping-piscine-chauffee-cotentin-100x67.jpg\" data-src=\"https:\/\/www.camping-lagallouette.fr\/wp-content\/uploads\/2021\/11\/camping-piscine-chauffee-cotentin.jpg\" alt=\"camping piscine chauffee cotentin\" class=\"big\" \/><\/div><div class=\"call-to-action_contenu\"><div class=\"call-to-action_titre\">Zwembad<\/div><\/div><\/a><\/div><\/div><div class=\"element colonne \"><div class=\"element call-to-action  call-to-action--style-1 call-to-action--big\"><a href=\"https:\/\/www.camping-lagallouette.fr\/nl\/stacaravan\/\"  class=\"call-to-action_link\" title=\"Lees meer over plaats mobil-home\"><div class=\"call-to-action_image\"><img decoding=\"async\" src=\"https:\/\/www.camping-lagallouette.fr\/wp-content\/uploads\/2021\/10\/camping-location-mobil-home-4-personnes-cotentin-100x67.jpg\" data-src=\"https:\/\/www.camping-lagallouette.fr\/wp-content\/uploads\/2021\/10\/camping-location-mobil-home-4-personnes-cotentin.jpg\" alt=\"camping location mobil home 4 personnes cotentin\" class=\"big\" \/><\/div><div class=\"call-to-action_contenu\"><div class=\"call-to-action_titre\">Plaats mobil-home<\/div><\/div><\/a><\/div><\/div><\/div><\/div><\/section>","protected":false},"excerpt":{"rendered":"","protected":false},"author":1,"featured_media":23213,"parent":0,"menu_order":0,"comment_status":"closed","ping_status":"closed","template":"","meta":{"_acf_changed":false,"footnotes":""},"class_list":["post-17291","page","type-page","status-publish","has-post-thumbnail","hentry"],"acf":[],"yoast_head":"<!-- This site is optimized with the Yoast SEO plugin v25.3 - https:\/\/yoast.com\/wordpress\/plugins\/seo\/ -->\n<title>Normandi\u00eb strand : Top 10 mooiste stranden in Normandi\u00eb<\/title>\n<meta name=\"description\" content=\"Wil je een dagje naar het strand in Normandi\u00eb? Vind de 10 mooiste stranden in Normandi\u00eb om te ontspannen aan zee.\" \/>\n<meta name=\"robots\" content=\"index, follow, max-snippet:-1, max-image-preview:large, max-video-preview:-1\" \/>\n<link rel=\"canonical\" href=\"https:\/\/www.camping-lagallouette.fr\/nl\/kamperen-manche-seaside-normandie\/\" \/>\n<meta property=\"og:locale\" content=\"nl_NL\" \/>\n<meta property=\"og:type\" content=\"article\" \/>\n<meta property=\"og:title\" content=\"Normandi\u00eb strand : Top 10 mooiste stranden in Normandi\u00eb\" \/>\n<meta property=\"og:description\" content=\"Wil je een dagje naar het strand in Normandi\u00eb? Vind de 10 mooiste stranden in Normandi\u00eb om te ontspannen aan zee.\" \/>\n<meta property=\"og:url\" content=\"https:\/\/www.camping-lagallouette.fr\/nl\/kamperen-manche-seaside-normandie\/\" \/>\n<meta property=\"og:site_name\" content=\"Camping Gallouette\" \/>\n<meta property=\"article:modified_time\" content=\"2023-11-06T14:54:44+00:00\" \/>\n<meta property=\"og:image\" content=\"https:\/\/www.camping-lagallouette.fr\/wp-content\/uploads\/2021\/10\/camping-bord-de-mer-normandie.jpg\" \/>\n\t<meta property=\"og:image:width\" content=\"1900\" \/>\n\t<meta property=\"og:image:height\" content=\"700\" \/>\n\t<meta property=\"og:image:type\" content=\"image\/jpeg\" \/>\n<meta name=\"twitter:card\" content=\"summary_large_image\" \/>\n<script type=\"application\/ld+json\" class=\"yoast-schema-graph\">{\"@context\":\"https:\/\/schema.org\",\"@graph\":[{\"@type\":\"WebPage\",\"@id\":\"https:\/\/www.camping-lagallouette.fr\/nl\/kamperen-manche-seaside-normandie\/\",\"url\":\"https:\/\/www.camping-lagallouette.fr\/nl\/kamperen-manche-seaside-normandie\/\",\"name\":\"Normandi\u00eb strand : Top 10 mooiste stranden in Normandi\u00eb\",\"isPartOf\":{\"@id\":\"https:\/\/www.camping-lagallouette.fr\/nl\/#website\"},\"primaryImageOfPage\":{\"@id\":\"https:\/\/www.camping-lagallouette.fr\/nl\/kamperen-manche-seaside-normandie\/#primaryimage\"},\"image\":{\"@id\":\"https:\/\/www.camping-lagallouette.fr\/nl\/kamperen-manche-seaside-normandie\/#primaryimage\"},\"thumbnailUrl\":\"https:\/\/www.camping-lagallouette.fr\/wp-content\/uploads\/2024\/10\/Bord-de-mer-Gallouette.jpg\",\"datePublished\":\"2021-09-20T10:29:47+00:00\",\"dateModified\":\"2023-11-06T14:54:44+00:00\",\"description\":\"Wil je een dagje naar het strand in Normandi\u00eb? Vind de 10 mooiste stranden in Normandi\u00eb om te ontspannen aan zee.\",\"breadcrumb\":{\"@id\":\"https:\/\/www.camping-lagallouette.fr\/nl\/kamperen-manche-seaside-normandie\/#breadcrumb\"},\"inLanguage\":\"nl-NL\",\"potentialAction\":[{\"@type\":\"ReadAction\",\"target\":[\"https:\/\/www.camping-lagallouette.fr\/nl\/kamperen-manche-seaside-normandie\/\"]}]},{\"@type\":\"ImageObject\",\"inLanguage\":\"nl-NL\",\"@id\":\"https:\/\/www.camping-lagallouette.fr\/nl\/kamperen-manche-seaside-normandie\/#primaryimage\",\"url\":\"https:\/\/www.camping-lagallouette.fr\/wp-content\/uploads\/2024\/10\/Bord-de-mer-Gallouette.jpg\",\"contentUrl\":\"https:\/\/www.camping-lagallouette.fr\/wp-content\/uploads\/2024\/10\/Bord-de-mer-Gallouette.jpg\",\"width\":1520,\"height\":1140},{\"@type\":\"BreadcrumbList\",\"@id\":\"https:\/\/www.camping-lagallouette.fr\/nl\/kamperen-manche-seaside-normandie\/#breadcrumb\",\"itemListElement\":[{\"@type\":\"ListItem\",\"position\":1,\"name\":\"Kamperen Manche\",\"item\":\"https:\/\/www.camping-lagallouette.fr\/nl\/\"},{\"@type\":\"ListItem\",\"position\":2,\"name\":\"Kamperen Manche | Kamperen seaside Normandie\"}]},{\"@type\":\"WebSite\",\"@id\":\"https:\/\/www.camping-lagallouette.fr\/nl\/#website\",\"url\":\"https:\/\/www.camping-lagallouette.fr\/nl\/\",\"name\":\"Camping Gallouette\",\"description\":\"\",\"publisher\":{\"@id\":\"https:\/\/www.camping-lagallouette.fr\/nl\/#organization\"},\"potentialAction\":[{\"@type\":\"SearchAction\",\"target\":{\"@type\":\"EntryPoint\",\"urlTemplate\":\"https:\/\/www.camping-lagallouette.fr\/nl\/?s={search_term_string}\"},\"query-input\":{\"@type\":\"PropertyValueSpecification\",\"valueRequired\":true,\"valueName\":\"search_term_string\"}}],\"inLanguage\":\"nl-NL\"},{\"@type\":\"Organization\",\"@id\":\"https:\/\/www.camping-lagallouette.fr\/nl\/#organization\",\"name\":\"Camping La Gallouette\",\"url\":\"https:\/\/www.camping-lagallouette.fr\/nl\/\",\"logo\":{\"@type\":\"ImageObject\",\"inLanguage\":\"nl-NL\",\"@id\":\"https:\/\/www.camping-lagallouette.fr\/nl\/#\/schema\/logo\/image\/\",\"url\":\"https:\/\/www.camping-lagallouette.fr\/wp-content\/uploads\/2021\/10\/logo-bleu-camping-gallouette.png\",\"contentUrl\":\"https:\/\/www.camping-lagallouette.fr\/wp-content\/uploads\/2021\/10\/logo-bleu-camping-gallouette.png\",\"width\":214,\"height\":226,\"caption\":\"Camping La Gallouette\"},\"image\":{\"@id\":\"https:\/\/www.camping-lagallouette.fr\/nl\/#\/schema\/logo\/image\/\"}}]}<\/script>\n<!-- \/ Yoast SEO plugin. -->","yoast_head_json":{"title":"Normandi\u00eb strand : Top 10 mooiste stranden in Normandi\u00eb","description":"Wil je een dagje naar het strand in Normandi\u00eb? Vind de 10 mooiste stranden in Normandi\u00eb om te ontspannen aan zee.","robots":{"index":"index","follow":"follow","max-snippet":"max-snippet:-1","max-image-preview":"max-image-preview:large","max-video-preview":"max-video-preview:-1"},"canonical":"https:\/\/www.camping-lagallouette.fr\/nl\/kamperen-manche-seaside-normandie\/","og_locale":"nl_NL","og_type":"article","og_title":"Normandi\u00eb strand : Top 10 mooiste stranden in Normandi\u00eb","og_description":"Wil je een dagje naar het strand in Normandi\u00eb? Vind de 10 mooiste stranden in Normandi\u00eb om te ontspannen aan zee.","og_url":"https:\/\/www.camping-lagallouette.fr\/nl\/kamperen-manche-seaside-normandie\/","og_site_name":"Camping Gallouette","article_modified_time":"2023-11-06T14:54:44+00:00","og_image":[{"width":1900,"height":700,"url":"https:\/\/www.camping-lagallouette.fr\/wp-content\/uploads\/2021\/10\/camping-bord-de-mer-normandie.jpg","type":"image\/jpeg"}],"twitter_card":"summary_large_image","schema":{"@context":"https:\/\/schema.org","@graph":[{"@type":"WebPage","@id":"https:\/\/www.camping-lagallouette.fr\/nl\/kamperen-manche-seaside-normandie\/","url":"https:\/\/www.camping-lagallouette.fr\/nl\/kamperen-manche-seaside-normandie\/","name":"Normandi\u00eb strand : Top 10 mooiste stranden in Normandi\u00eb","isPartOf":{"@id":"https:\/\/www.camping-lagallouette.fr\/nl\/#website"},"primaryImageOfPage":{"@id":"https:\/\/www.camping-lagallouette.fr\/nl\/kamperen-manche-seaside-normandie\/#primaryimage"},"image":{"@id":"https:\/\/www.camping-lagallouette.fr\/nl\/kamperen-manche-seaside-normandie\/#primaryimage"},"thumbnailUrl":"https:\/\/www.camping-lagallouette.fr\/wp-content\/uploads\/2024\/10\/Bord-de-mer-Gallouette.jpg","datePublished":"2021-09-20T10:29:47+00:00","dateModified":"2023-11-06T14:54:44+00:00","description":"Wil je een dagje naar het strand in Normandi\u00eb? Vind de 10 mooiste stranden in Normandi\u00eb om te ontspannen aan zee.","breadcrumb":{"@id":"https:\/\/www.camping-lagallouette.fr\/nl\/kamperen-manche-seaside-normandie\/#breadcrumb"},"inLanguage":"nl-NL","potentialAction":[{"@type":"ReadAction","target":["https:\/\/www.camping-lagallouette.fr\/nl\/kamperen-manche-seaside-normandie\/"]}]},{"@type":"ImageObject","inLanguage":"nl-NL","@id":"https:\/\/www.camping-lagallouette.fr\/nl\/kamperen-manche-seaside-normandie\/#primaryimage","url":"https:\/\/www.camping-lagallouette.fr\/wp-content\/uploads\/2024\/10\/Bord-de-mer-Gallouette.jpg","contentUrl":"https:\/\/www.camping-lagallouette.fr\/wp-content\/uploads\/2024\/10\/Bord-de-mer-Gallouette.jpg","width":1520,"height":1140},{"@type":"BreadcrumbList","@id":"https:\/\/www.camping-lagallouette.fr\/nl\/kamperen-manche-seaside-normandie\/#breadcrumb","itemListElement":[{"@type":"ListItem","position":1,"name":"Kamperen Manche","item":"https:\/\/www.camping-lagallouette.fr\/nl\/"},{"@type":"ListItem","position":2,"name":"Kamperen Manche | Kamperen seaside Normandie"}]},{"@type":"WebSite","@id":"https:\/\/www.camping-lagallouette.fr\/nl\/#website","url":"https:\/\/www.camping-lagallouette.fr\/nl\/","name":"Camping Gallouette","description":"","publisher":{"@id":"https:\/\/www.camping-lagallouette.fr\/nl\/#organization"},"potentialAction":[{"@type":"SearchAction","target":{"@type":"EntryPoint","urlTemplate":"https:\/\/www.camping-lagallouette.fr\/nl\/?s={search_term_string}"},"query-input":{"@type":"PropertyValueSpecification","valueRequired":true,"valueName":"search_term_string"}}],"inLanguage":"nl-NL"},{"@type":"Organization","@id":"https:\/\/www.camping-lagallouette.fr\/nl\/#organization","name":"Camping La Gallouette","url":"https:\/\/www.camping-lagallouette.fr\/nl\/","logo":{"@type":"ImageObject","inLanguage":"nl-NL","@id":"https:\/\/www.camping-lagallouette.fr\/nl\/#\/schema\/logo\/image\/","url":"https:\/\/www.camping-lagallouette.fr\/wp-content\/uploads\/2021\/10\/logo-bleu-camping-gallouette.png","contentUrl":"https:\/\/www.camping-lagallouette.fr\/wp-content\/uploads\/2021\/10\/logo-bleu-camping-gallouette.png","width":214,"height":226,"caption":"Camping La Gallouette"},"image":{"@id":"https:\/\/www.camping-lagallouette.fr\/nl\/#\/schema\/logo\/image\/"}}]}},"_links":{"self":[{"href":"https:\/\/www.camping-lagallouette.fr\/nl\/wp-json\/wp\/v2\/pages\/17291","targetHints":{"allow":["GET"]}}],"collection":[{"href":"https:\/\/www.camping-lagallouette.fr\/nl\/wp-json\/wp\/v2\/pages"}],"about":[{"href":"https:\/\/www.camping-lagallouette.fr\/nl\/wp-json\/wp\/v2\/types\/page"}],"author":[{"embeddable":true,"href":"https:\/\/www.camping-lagallouette.fr\/nl\/wp-json\/wp\/v2\/users\/1"}],"replies":[{"embeddable":true,"href":"https:\/\/www.camping-lagallouette.fr\/nl\/wp-json\/wp\/v2\/comments?post=17291"}],"version-history":[{"count":6,"href":"https:\/\/www.camping-lagallouette.fr\/nl\/wp-json\/wp\/v2\/pages\/17291\/revisions"}],"predecessor-version":[{"id":21186,"href":"https:\/\/www.camping-lagallouette.fr\/nl\/wp-json\/wp\/v2\/pages\/17291\/revisions\/21186"}],"wp:featuredmedia":[{"embeddable":true,"href":"https:\/\/www.camping-lagallouette.fr\/nl\/wp-json\/wp\/v2\/media\/23213"}],"wp:attachment":[{"href":"https:\/\/www.camping-lagallouette.fr\/nl\/wp-json\/wp\/v2\/media?parent=17291"}],"curies":[{"name":"wp","href":"https:\/\/api.w.org\/{rel}","templated":true}]}}