{"id":21681,"date":"2023-11-17T13:52:32","date_gmt":"2023-11-17T12:52:32","guid":{"rendered":"https:\/\/www.camping-lagallouette.fr\/mobil-home-vue-mer\/"},"modified":"2024-12-27T10:10:49","modified_gmt":"2024-12-27T09:10:49","slug":"mobil-home-vue-mer","status":"publish","type":"page","link":"https:\/\/www.camping-lagallouette.fr\/de\/mobil-home-vue-mer\/","title":{"rendered":"Mobil home vue mer"},"content":{"rendered":"<section id=\"section-6557632263bdd\"\" class=\"section bg-white p-b-0\" \/><div class=\"container\"><h1 class=\"element section-title center\">Ein Mobilheim in der Normandie am Meer<\/h1><div class=\"element bloc-text justify \">\n\t<p>Die neuen Mobilheime Horizon auf unserem Campingplatz im Departement Manche haben eine ideale Lage direkt am Meer. Sie tr\u00e4umen von einem erholsamen Urlaub am Meer?<\/p>\n<p>Stellen Sie sich vor, Sie wachen jeden Morgen mit einem Panoramablick auf das \u00c4rmelkanalmeer auf, sp\u00fcren die Meeresbrise, die Ihr Gesicht streichelt, und genie\u00dfen die absolute Ruhe. Auf unserem Campingplatz in der Normandie ist das m\u00f6glich! Gegen\u00fcber der Festung Vauban, die zum UNESCO-Weltkulturerbe geh\u00f6rt, befindet sich Ihr Mobilheim in einer idyllischen und friedlichen Umgebung, die absolute Privatsph\u00e4re und Ruhe bietet.<\/p>\n<p>Mit seinen 38m2 ist das Mobilheim Horizon komplett ausgestattet. Neben der 26m\u00b2 gro\u00dfen Holzterrasse ist das Wohnzimmer ein echter Ort des Lebens und des Austauschs, der dank seiner vollst\u00e4ndigen Fensterfront mit Blick auf das Meer lichtdurchflutet ist. Es verf\u00fcgt \u00fcber eine moderne K\u00fcche und zwei Schlafzimmer: 1 Elternschlafzimmer mit Ankleide und ein zweites Schlafzimmer mit 2 Einzelbetten, ein Badezimmer mit Dusche und 2 WCs. Alles, um Ihren Aufenthalt unvergesslich, komfortabel und in aller Ruhe zu gestalten.<\/p>\n<p>Wenn Sie aus dem Mobilheim Horizon aussteigen, k\u00f6nnen Sie sich auf der privaten Terrasse vor dem Ozean entspannen, den Sonnenuntergang bewundern und gesellige Momente in absoluter Privatsph\u00e4re genie\u00dfen. Der private Garten ist mit einem Grill f\u00fcr Ihre Mahlzeiten mit der Familie oder mit Freunden ausgestattet und h\u00fcbsche Sonnenliegen laden Sie dazu ein, sich in aller Ruhe zu sonnen. Der gro\u00dfe, gut abgegrenzte Gartenbereich sorgt f\u00fcr die Sicherheit Ihrer Kinder. Au\u00dferdem verf\u00fcgen Sie bei dieser Vermietung \u00fcber Ihren eigenen asphaltierten Parkplatz.<\/p>\n<p>Von allen unseren Mobilheimen zum Mieten ist das Mobilheim Horizon dasjenige, das am n\u00e4chsten am Meer liegt. Einen Urlaub mit Meerblick auf unserem Campingplatz in der Normandie zu verbringen, ist ein Luxus zu einem sehr g\u00fcnstigen Preis, den nur wenige Campingpl\u00e4tze in der Umgebung bieten! Unsere Unterk\u00fcnfte garantieren Ihnen einen hochwertigen Familienurlaub mit allem Komfort!<\/p>\n<p>&nbsp;<\/p>\n<\/div><\/div><\/section>\n\n<section id=\"section-6557632263cbe\"\" class=\"section bg-white\" \/><div class=\"container extralarge\"><div class=\"filtres\"><\/div><ul class=\"liste-de-page hebergements\"><div class=\"row\"><li class=\"element hebergement call-to-action call-to-action--style-2  anzahl-der-zimmer-2 anzahl-der-personen-4 superficie-38\"><div class=\"hebergement_link\" id=\"127946\"><div class=\"call-to-action_image\"><img decoding=\"async\" src=\"https:\/\/www.camping-lagallouette.fr\/wp-content\/uploads\/2023\/11\/vue-exterieur-mh-horizon-3.jpg\" data-src=\"https:\/\/www.camping-lagallouette.fr\/wp-content\/uploads\/2023\/11\/vue-exterieur-mh-horizon-3.jpg\" alt=\"\" class=\"\" \/><\/div><div class=\"call-to-action_contenu\"><div class=\"call-to-action_titre\">Horizon vue mer &#8211; 38m\u00b2 &#8211; Terrasse<\/div><\/div><\/div><\/li><li class=\"element hebergement call-to-action call-to-action--style-2  anzahl-der-zimmer-2 anzahl-der-personen-4 superficie-40\"><div class=\"hebergement_link\" id=\"136580\"><div class=\"call-to-action_image\"><img decoding=\"async\" src=\"https:\/\/www.camping-lagallouette.fr\/wp-content\/uploads\/2024\/12\/20250930_140054-scaled.jpg\" data-src=\"https:\/\/www.camping-lagallouette.fr\/wp-content\/uploads\/2024\/12\/20250930_140054-scaled.jpg\" alt=\"\" class=\"\" \/><\/div><div class=\"call-to-action_contenu\"><div class=\"call-to-action_titre\">Horizon Meerblick 2 Schlafzimmer + 2 B\u00e4der- Terrasse- 40m2<\/div><\/div><\/div><\/li><\/div><\/ul><\/div><\/section>\n\n<section id=\"section-6557632263ddb\"\" class=\"section blur-left bg-white\" \/><div class=\"container full\"><div class=\"colonnes-wrap valign-middle \"><div class=\"element colonne masque-blanc\"><div class=\"element images fancybox-container\"><a class=\"fancybox image\" href=\"https:\/\/www.camping-lagallouette.fr\/wp-content\/uploads\/2023\/11\/location-camping-vue-mer-manche-normandie.jpg\"><img decoding=\"async\" src=\"https:\/\/www.camping-lagallouette.fr\/wp-content\/uploads\/2023\/11\/location-camping-vue-mer-manche-normandie-100x75.jpg\" data-src=\"https:\/\/www.camping-lagallouette.fr\/wp-content\/uploads\/2023\/11\/location-camping-vue-mer-manche-normandie.jpg\" alt=\"Unterkunft mit Meerblick\" class=\"images_image\" \/><\/a><\/div><\/div><div class=\"element colonne masque-blanc-text\"><h2 class=\"element section-title center\">Ein Mobilheim im Herzen eines dynamischen Campingplatzes in der Normandie<\/h2><div class=\"element bloc-text center \">\n\t<p>Ihr Urlaub wird auf unserem Campingplatz in der Normandie reich an Unterhaltung und guter Laune sein! Es liegt uns n\u00e4mlich sehr am Herzen, Ihrer Familie gesellige und fr\u00f6hliche Momente zu bieten. Entdecken Sie w\u00e4hrend Ihres Aufenthalts unsere Aktivit\u00e4ten f\u00fcr die ganze Familie. F\u00fcr einen sportlichen Urlaub improvisieren Sie eine Partie Fu\u00dfball, Basketball oder Volleyball auf dem Multisportplatz unseres Campingplatzes oder spielen Sie Boule auf unserer Boulodrome. Am Abend werden Sie dank unserer Shows, Konzerte, Lottos und anderen Tanzabenden die lustigsten Familienabende verbringen. Die Kinder werden ihrerseits begeistert sein, auf dem Spielplatz des Campingplatzes zu spielen und im Kinderclub andere junge Urlauber zu treffen.<\/p>\n<p>Es ist das Must-have eines jeden Campingplatzes, wir haben es genannt: das Schwimmbad! Im beheizten Schwimmbad unseres Campingplatzes in der Normandie k\u00f6nnen die Kleinen im kleinen Becken oder im Planschbecken mit Rutsche planschen und die Gr\u00f6\u00dferen k\u00f6nnen ein paar Bahnen schwimmen, bevor sie sich auf einer Liege am Rand des Pools ausruhen.<\/p>\n<\/div><div class=\"element bloc-text code\">\n\t<iframe \r\n        width=\"560\" \r\n        height=\"315\" \r\n        src=\"https:\/\/www.youtube.com\/embed\/ySiWTwmBkRM\" \r\n        frameborder=\"0\" \r\n        allow=\"accelerometer; autoplay; clipboard-write; encrypted-media; gyroscope; picture-in-picture\" \r\n        allowfullscreen>\r\n<\/iframe><\/div><\/div><\/div><\/div><\/section>\n\n<section id=\"section-6557632263f34\"\" class=\"section white-gradient-top white-gradient-bottom mosaique-photos-bleues bg-color3\" \/><div class=\"container full\"><div class=\"colonnes-wrap valign-top \"><div class=\"element colonne \"><div class=\"element images fancybox-container\"><a class=\"fancybox image\" href=\"https:\/\/www.camping-lagallouette.fr\/wp-content\/uploads\/2021\/10\/camping-location-mobil-home-vue-sur-mer-normandie.jpg\"><img decoding=\"async\" src=\"https:\/\/www.camping-lagallouette.fr\/wp-content\/uploads\/2021\/10\/camping-location-mobil-home-vue-sur-mer-normandie-88x100.jpg\" data-src=\"https:\/\/www.camping-lagallouette.fr\/wp-content\/uploads\/2021\/10\/camping-location-mobil-home-vue-sur-mer-normandie.jpg\" alt=\"camping location mobil home vue sur mer normandie\" class=\"images_image\" \/><\/a><\/div><\/div><div class=\"element colonne \"><div class=\"element images fancybox-container\"><a class=\"fancybox image\" href=\"https:\/\/www.camping-lagallouette.fr\/wp-content\/uploads\/2023\/11\/mh-gallouette-salle-a-manger.jpg\"><img decoding=\"async\" src=\"https:\/\/www.camping-lagallouette.fr\/wp-content\/uploads\/2023\/11\/mh-gallouette-salle-a-manger-100x75.jpg\" data-src=\"https:\/\/www.camping-lagallouette.fr\/wp-content\/uploads\/2023\/11\/mh-gallouette-salle-a-manger.jpg\" alt=\"camping location mobil home 6 personnes saint vaast la hougue\" class=\"images_image\" \/><\/a><\/div><div class=\"element images fancybox-container\"><a class=\"fancybox image\" href=\"https:\/\/www.camping-lagallouette.fr\/wp-content\/uploads\/2023\/11\/mh-horizon-bibliotheque.jpg\"><img decoding=\"async\" src=\"https:\/\/www.camping-lagallouette.fr\/wp-content\/uploads\/2023\/11\/mh-horizon-bibliotheque-100x75.jpg\" data-src=\"https:\/\/www.camping-lagallouette.fr\/wp-content\/uploads\/2023\/11\/mh-horizon-bibliotheque.jpg\" alt=\"camping location mobil home confort cotentin\" class=\"images_image\" \/><\/a><\/div><\/div><div class=\"element colonne \"><div class=\"element images fancybox-container\"><a class=\"fancybox image\" href=\"https:\/\/www.camping-lagallouette.fr\/wp-content\/uploads\/2023\/11\/mh-gallouette-cuisine.jpg\"><img decoding=\"async\" src=\"https:\/\/www.camping-lagallouette.fr\/wp-content\/uploads\/2023\/11\/mh-gallouette-cuisine-100x75.jpg\" data-src=\"https:\/\/www.camping-lagallouette.fr\/wp-content\/uploads\/2023\/11\/mh-gallouette-cuisine.jpg\" alt=\"camping location mobil home acces pmr normandie\" class=\"images_image\" \/><\/a><\/div><div class=\"element images fancybox-container\"><a class=\"fancybox image\" href=\"https:\/\/www.camping-lagallouette.fr\/wp-content\/uploads\/2023\/11\/mh-gallouette-exterieur.jpg\"><img decoding=\"async\" src=\"https:\/\/www.camping-lagallouette.fr\/wp-content\/uploads\/2023\/11\/mh-gallouette-exterieur-100x75.jpg\" data-src=\"https:\/\/www.camping-lagallouette.fr\/wp-content\/uploads\/2023\/11\/mh-gallouette-exterieur.jpg\" alt=\"camping location mobil home confort normandie\" class=\"images_image\" \/><\/a><\/div><\/div><\/div><\/div><\/section>\n\n<section id=\"section-655763226404f\"\" class=\"section blur-right bg-white\" \/><div class=\"container full\"><div class=\"colonnes-wrap valign-middle \"><div class=\"element colonne masque-blanc-text\"><h2 class=\"element section-title center\">Ein Mobilheim in idealer Lage in der Normandie<\/h2><div class=\"element bloc-text center \">\n\t<p>Ob Sie nun einen Aktivurlaub oder totale Entspannung in der Normandie suchen, das Mobilheim Horizon auf dem Campingplatz Saint-Vaast-la-Hougue mit Meerblick bietet eine Vielzahl von M\u00f6glichkeiten. Dieser 4-Sterne-Campingplatz in der Normandie befindet sich im Herzen der Stadt und in der N\u00e4he aller Gesch\u00e4fte und Restaurants.<\/p>\n<p>Vom Campingplatz La Gallouette aus k\u00f6nnen Sie zu Fu\u00df oder mit dem Fahrrad entlang der normannischen K\u00fcste wandern, die charmanten K\u00fcstend\u00f6rfer von Cotentin erkunden oder einfach nur am Strand von La Hougue in der Sonne liegen, der nur 5 Gehminuten von unserem Campingplatz in der Normandie am Meer entfernt liegt. Sie k\u00f6nnen auch zu den Landungsstr\u00e4nden (Omaha Beach, Gold Beach, Juno Beach, Sword Beach und Utah Beach) in den Departements Calvados und Manche fahren. Wenn Sie mit Ihrer Familie baden m\u00f6chten, sollten Sie sich auch den Strand von Jonville oder den bezaubernden Strand von Barneville-Carteret nicht entgehen lassen. M\u00f6chten Sie unsere Meinung h\u00f6ren? Diese Str\u00e4nde, die nicht weit von unserem Campingplatz in der Normandie entfernt sind, geh\u00f6ren zu den sch\u00f6nsten der Region.<\/p>\n<p>Zahlreiche Aktivit\u00e4ten stehen Ihnen w\u00e4hrend Ihres Urlaubs in der Normandie von unserem 4-Sterne-Campingplatz aus zur Verf\u00fcgung.<\/p>\n<\/div><\/div><div class=\"element colonne masque-blanc\"><div class=\"element images fancybox-container\"><a class=\"fancybox image\" href=\"https:\/\/www.camping-lagallouette.fr\/wp-content\/uploads\/2023\/11\/00001098448-e1720080143728.webp\"><img decoding=\"async\" src=\"https:\/\/www.camping-lagallouette.fr\/wp-content\/uploads\/2023\/11\/00001098448-100x75.webp\" data-src=\"https:\/\/www.camping-lagallouette.fr\/wp-content\/uploads\/2023\/11\/00001098448-e1720080143728.webp\" alt=\"camping vermietung meerblick cotentin\" class=\"images_image\" \/><\/a><\/div><\/div><\/div><\/div><\/section>\n\n<section id=\"section-6557632264176\"\" class=\"section blur-left bg-white\" \/><div class=\"container full\"><div class=\"colonnes-wrap valign-middle \"><div class=\"element colonne masque-blanc\"><div class=\"element images fancybox-container\"><a class=\"fancybox image\" href=\"https:\/\/www.camping-lagallouette.fr\/wp-content\/uploads\/2023\/11\/mh-gallouette-salon.jpg\"><img decoding=\"async\" src=\"https:\/\/www.camping-lagallouette.fr\/wp-content\/uploads\/2023\/11\/mh-gallouette-salon-100x75.jpg\" data-src=\"https:\/\/www.camping-lagallouette.fr\/wp-content\/uploads\/2023\/11\/mh-gallouette-salon.jpg\" alt=\"camping mit meerblick \" class=\"images_image\" \/><\/a><\/div><\/div><div class=\"element colonne masque-blanc-text\"><h2 class=\"element section-title center\">Buchen Sie sofort Ihr Mobilheim in der Normandie am Meer<\/h2><div class=\"element bloc-text center \">\n\t<p>Ein so ger\u00e4umiges und gut ausgestattetes Mobilheim, das ideal am Meer in der Normandie gelegen ist, ist ein echter Pluspunkt. Unser Mobilheim ist daher sehr gefragt. Warten Sie also nicht l\u00e4nger und buchen Sie Ihre Ferienunterkunft in direkter Strandn\u00e4he! Verpassen Sie nicht die Gelegenheit, mit Ihrer Familie eine einzigartige Erfahrung zu machen und au\u00dfergew\u00f6hnliche Erinnerungen zu schaffen. Buchen Sie jetzt unser neues Mobilheim Horizon mit Meerblick und bereiten Sie sich auf einen au\u00dfergew\u00f6hnlichen Urlaub am Meer in der Region Cotentin vor.<\/p>\n<p>Sie ben\u00f6tigen weitere Informationen zu dieser Traumunterkunft und zu unserem 4-Sterne-Campingplatz in der Normandie? Haben Sie eine Frage zu unserem Mietangebot, zu den Verf\u00fcgbarkeitsdaten dieser Unterkunft mit Meerblick, zur Mindestanzahl der N\u00e4chte, zur Gr\u00f6\u00dfe der Zimmer, zum Preis in der Hoch- oder Nebensaison, zu den Aktivit\u00e4ten auf unserem Gel\u00e4nde oder zu unserem beheizten Pool und der Gr\u00f6\u00dfe Ihrer zuk\u00fcnftigen Terrasse mit Meerblick? Stellen Sie uns all Ihre Fragen, wir freuen uns darauf, Ihnen zu helfen! Um Ihren Aufenthalt in der Normandie so abwechslungsreich wie m\u00f6glich zu gestalten, z\u00f6gern Sie nicht, uns um Ratschl\u00e4ge und Meinungen zu Sehensw\u00fcrdigkeiten in der Umgebung Ihres Ferienhauses zu bitten; die Zufriedenheit unserer Kunden ist unsere Priorit\u00e4t!<\/p>\n<ul>\n<li>Ein Panoramablick von 180\u00b0.<\/li>\n<li>38m2 Fl\u00e4che<\/li>\n<li>1 Elternschlafzimmer mit einem Bett 160*200 + Ankleidezimmer<\/li>\n<li>1 Schlafzimmer mit 2 getrennten Betten von 80*190<\/li>\n<li>2 WC<\/li>\n<li>1 Badezimmer<\/li>\n<li>Voll ausgestattete K\u00fcche mit Geschirrsp\u00fcler und Backofen<\/li>\n<li>Zugang: Seitent\u00fcr + Zugang zur Terrasse<\/li>\n<li>\u00dcberdachte Terrasse von 26m2 mit Garten und Grill.<\/li>\n<li>Privater asphaltierter Parkplatz<\/li>\n<\/ul>\n<\/div><\/div><\/div><\/div><\/section>","protected":false},"excerpt":{"rendered":"","protected":false},"author":3,"featured_media":23453,"parent":0,"menu_order":0,"comment_status":"closed","ping_status":"closed","template":"","meta":{"_acf_changed":false,"footnotes":""},"class_list":["post-21681","page","type-page","status-publish","has-post-thumbnail","hentry"],"acf":[],"yoast_head":"<!-- This site is optimized with the Yoast SEO plugin v25.3 - https:\/\/yoast.com\/wordpress\/plugins\/seo\/ -->\n<title>Mobilheim mit Meerblick: Mieten Sie Ihr Mobilheim am Meer Normandie<\/title>\n<meta name=\"description\" content=\"Buchen Sie jetzt Ihr Mobilheim mit Meerblick in der Normandie und genie\u00dfen Sie die Vorz\u00fcge der Seeluft von Ihrer Unterkunft aus. Meerblick garantiert!\" \/>\n<meta name=\"robots\" content=\"index, follow, max-snippet:-1, max-image-preview:large, max-video-preview:-1\" \/>\n<link rel=\"canonical\" href=\"https:\/\/www.camping-lagallouette.fr\/de\/mobil-home-vue-mer\/\" \/>\n<meta property=\"og:locale\" content=\"de_DE\" \/>\n<meta property=\"og:type\" content=\"article\" \/>\n<meta property=\"og:title\" content=\"Mobilheim mit Meerblick: Mieten Sie Ihr Mobilheim am Meer Normandie\" \/>\n<meta property=\"og:description\" content=\"Buchen Sie jetzt Ihr Mobilheim mit Meerblick in der Normandie und genie\u00dfen Sie die Vorz\u00fcge der Seeluft von Ihrer Unterkunft aus. Meerblick garantiert!\" \/>\n<meta property=\"og:url\" content=\"https:\/\/www.camping-lagallouette.fr\/de\/mobil-home-vue-mer\/\" \/>\n<meta property=\"og:site_name\" content=\"Camping Gallouette\" \/>\n<meta property=\"article:modified_time\" content=\"2024-12-27T09:10:49+00:00\" \/>\n<meta property=\"og:image\" content=\"https:\/\/www.camping-lagallouette.fr\/wp-content\/uploads\/2024\/12\/Mobil-home-vue-mer-Horizon-Normandie.webp\" \/>\n\t<meta property=\"og:image:width\" content=\"1920\" \/>\n\t<meta property=\"og:image:height\" content=\"1163\" \/>\n\t<meta property=\"og:image:type\" content=\"image\/webp\" \/>\n<meta name=\"twitter:card\" content=\"summary_large_image\" \/>\n<meta name=\"twitter:label1\" content=\"Gesch\u00e4tzte Lesezeit\" \/>\n\t<meta name=\"twitter:data1\" content=\"1\u00a0Minute\" \/>\n<script type=\"application\/ld+json\" class=\"yoast-schema-graph\">{\"@context\":\"https:\/\/schema.org\",\"@graph\":[{\"@type\":\"WebPage\",\"@id\":\"https:\/\/www.camping-lagallouette.fr\/de\/mobil-home-vue-mer\/\",\"url\":\"https:\/\/www.camping-lagallouette.fr\/de\/mobil-home-vue-mer\/\",\"name\":\"Mobilheim mit Meerblick: Mieten Sie Ihr Mobilheim am Meer Normandie\",\"isPartOf\":{\"@id\":\"https:\/\/www.camping-lagallouette.fr\/de\/#website\"},\"primaryImageOfPage\":{\"@id\":\"https:\/\/www.camping-lagallouette.fr\/de\/mobil-home-vue-mer\/#primaryimage\"},\"image\":{\"@id\":\"https:\/\/www.camping-lagallouette.fr\/de\/mobil-home-vue-mer\/#primaryimage\"},\"thumbnailUrl\":\"https:\/\/www.camping-lagallouette.fr\/wp-content\/uploads\/2024\/12\/Mobil-home-vue-mer-Horizon-Normandie.webp\",\"datePublished\":\"2023-11-17T12:52:32+00:00\",\"dateModified\":\"2024-12-27T09:10:49+00:00\",\"description\":\"Buchen Sie jetzt Ihr Mobilheim mit Meerblick in der Normandie und genie\u00dfen Sie die Vorz\u00fcge der Seeluft von Ihrer Unterkunft aus. Meerblick garantiert!\",\"breadcrumb\":{\"@id\":\"https:\/\/www.camping-lagallouette.fr\/de\/mobil-home-vue-mer\/#breadcrumb\"},\"inLanguage\":\"de\",\"potentialAction\":[{\"@type\":\"ReadAction\",\"target\":[\"https:\/\/www.camping-lagallouette.fr\/de\/mobil-home-vue-mer\/\"]}]},{\"@type\":\"ImageObject\",\"inLanguage\":\"de\",\"@id\":\"https:\/\/www.camping-lagallouette.fr\/de\/mobil-home-vue-mer\/#primaryimage\",\"url\":\"https:\/\/www.camping-lagallouette.fr\/wp-content\/uploads\/2024\/12\/Mobil-home-vue-mer-Horizon-Normandie.webp\",\"contentUrl\":\"https:\/\/www.camping-lagallouette.fr\/wp-content\/uploads\/2024\/12\/Mobil-home-vue-mer-Horizon-Normandie.webp\",\"width\":1920,\"height\":1163},{\"@type\":\"BreadcrumbList\",\"@id\":\"https:\/\/www.camping-lagallouette.fr\/de\/mobil-home-vue-mer\/#breadcrumb\",\"itemListElement\":[{\"@type\":\"ListItem\",\"position\":1,\"name\":\"Campingplatz Manche\",\"item\":\"https:\/\/www.camping-lagallouette.fr\/de\/\"},{\"@type\":\"ListItem\",\"position\":2,\"name\":\"Mobil home vue mer\"}]},{\"@type\":\"WebSite\",\"@id\":\"https:\/\/www.camping-lagallouette.fr\/de\/#website\",\"url\":\"https:\/\/www.camping-lagallouette.fr\/de\/\",\"name\":\"Camping Gallouette\",\"description\":\"\",\"publisher\":{\"@id\":\"https:\/\/www.camping-lagallouette.fr\/de\/#organization\"},\"potentialAction\":[{\"@type\":\"SearchAction\",\"target\":{\"@type\":\"EntryPoint\",\"urlTemplate\":\"https:\/\/www.camping-lagallouette.fr\/de\/?s={search_term_string}\"},\"query-input\":{\"@type\":\"PropertyValueSpecification\",\"valueRequired\":true,\"valueName\":\"search_term_string\"}}],\"inLanguage\":\"de\"},{\"@type\":\"Organization\",\"@id\":\"https:\/\/www.camping-lagallouette.fr\/de\/#organization\",\"name\":\"Camping La Gallouette\",\"url\":\"https:\/\/www.camping-lagallouette.fr\/de\/\",\"logo\":{\"@type\":\"ImageObject\",\"inLanguage\":\"de\",\"@id\":\"https:\/\/www.camping-lagallouette.fr\/de\/#\/schema\/logo\/image\/\",\"url\":\"https:\/\/www.camping-lagallouette.fr\/wp-content\/uploads\/2021\/10\/logo-bleu-camping-gallouette.png\",\"contentUrl\":\"https:\/\/www.camping-lagallouette.fr\/wp-content\/uploads\/2021\/10\/logo-bleu-camping-gallouette.png\",\"width\":214,\"height\":226,\"caption\":\"Camping La Gallouette\"},\"image\":{\"@id\":\"https:\/\/www.camping-lagallouette.fr\/de\/#\/schema\/logo\/image\/\"}}]}<\/script>\n<!-- \/ Yoast SEO plugin. -->","yoast_head_json":{"title":"Mobilheim mit Meerblick: Mieten Sie Ihr Mobilheim am Meer Normandie","description":"Buchen Sie jetzt Ihr Mobilheim mit Meerblick in der Normandie und genie\u00dfen Sie die Vorz\u00fcge der Seeluft von Ihrer Unterkunft aus. Meerblick garantiert!","robots":{"index":"index","follow":"follow","max-snippet":"max-snippet:-1","max-image-preview":"max-image-preview:large","max-video-preview":"max-video-preview:-1"},"canonical":"https:\/\/www.camping-lagallouette.fr\/de\/mobil-home-vue-mer\/","og_locale":"de_DE","og_type":"article","og_title":"Mobilheim mit Meerblick: Mieten Sie Ihr Mobilheim am Meer Normandie","og_description":"Buchen Sie jetzt Ihr Mobilheim mit Meerblick in der Normandie und genie\u00dfen Sie die Vorz\u00fcge der Seeluft von Ihrer Unterkunft aus. Meerblick garantiert!","og_url":"https:\/\/www.camping-lagallouette.fr\/de\/mobil-home-vue-mer\/","og_site_name":"Camping Gallouette","article_modified_time":"2024-12-27T09:10:49+00:00","og_image":[{"width":1920,"height":1163,"url":"https:\/\/www.camping-lagallouette.fr\/wp-content\/uploads\/2024\/12\/Mobil-home-vue-mer-Horizon-Normandie.webp","type":"image\/webp"}],"twitter_card":"summary_large_image","twitter_misc":{"Gesch\u00e4tzte Lesezeit":"1\u00a0Minute"},"schema":{"@context":"https:\/\/schema.org","@graph":[{"@type":"WebPage","@id":"https:\/\/www.camping-lagallouette.fr\/de\/mobil-home-vue-mer\/","url":"https:\/\/www.camping-lagallouette.fr\/de\/mobil-home-vue-mer\/","name":"Mobilheim mit Meerblick: Mieten Sie Ihr Mobilheim am Meer Normandie","isPartOf":{"@id":"https:\/\/www.camping-lagallouette.fr\/de\/#website"},"primaryImageOfPage":{"@id":"https:\/\/www.camping-lagallouette.fr\/de\/mobil-home-vue-mer\/#primaryimage"},"image":{"@id":"https:\/\/www.camping-lagallouette.fr\/de\/mobil-home-vue-mer\/#primaryimage"},"thumbnailUrl":"https:\/\/www.camping-lagallouette.fr\/wp-content\/uploads\/2024\/12\/Mobil-home-vue-mer-Horizon-Normandie.webp","datePublished":"2023-11-17T12:52:32+00:00","dateModified":"2024-12-27T09:10:49+00:00","description":"Buchen Sie jetzt Ihr Mobilheim mit Meerblick in der Normandie und genie\u00dfen Sie die Vorz\u00fcge der Seeluft von Ihrer Unterkunft aus. Meerblick garantiert!","breadcrumb":{"@id":"https:\/\/www.camping-lagallouette.fr\/de\/mobil-home-vue-mer\/#breadcrumb"},"inLanguage":"de","potentialAction":[{"@type":"ReadAction","target":["https:\/\/www.camping-lagallouette.fr\/de\/mobil-home-vue-mer\/"]}]},{"@type":"ImageObject","inLanguage":"de","@id":"https:\/\/www.camping-lagallouette.fr\/de\/mobil-home-vue-mer\/#primaryimage","url":"https:\/\/www.camping-lagallouette.fr\/wp-content\/uploads\/2024\/12\/Mobil-home-vue-mer-Horizon-Normandie.webp","contentUrl":"https:\/\/www.camping-lagallouette.fr\/wp-content\/uploads\/2024\/12\/Mobil-home-vue-mer-Horizon-Normandie.webp","width":1920,"height":1163},{"@type":"BreadcrumbList","@id":"https:\/\/www.camping-lagallouette.fr\/de\/mobil-home-vue-mer\/#breadcrumb","itemListElement":[{"@type":"ListItem","position":1,"name":"Campingplatz Manche","item":"https:\/\/www.camping-lagallouette.fr\/de\/"},{"@type":"ListItem","position":2,"name":"Mobil home vue mer"}]},{"@type":"WebSite","@id":"https:\/\/www.camping-lagallouette.fr\/de\/#website","url":"https:\/\/www.camping-lagallouette.fr\/de\/","name":"Camping Gallouette","description":"","publisher":{"@id":"https:\/\/www.camping-lagallouette.fr\/de\/#organization"},"potentialAction":[{"@type":"SearchAction","target":{"@type":"EntryPoint","urlTemplate":"https:\/\/www.camping-lagallouette.fr\/de\/?s={search_term_string}"},"query-input":{"@type":"PropertyValueSpecification","valueRequired":true,"valueName":"search_term_string"}}],"inLanguage":"de"},{"@type":"Organization","@id":"https:\/\/www.camping-lagallouette.fr\/de\/#organization","name":"Camping La Gallouette","url":"https:\/\/www.camping-lagallouette.fr\/de\/","logo":{"@type":"ImageObject","inLanguage":"de","@id":"https:\/\/www.camping-lagallouette.fr\/de\/#\/schema\/logo\/image\/","url":"https:\/\/www.camping-lagallouette.fr\/wp-content\/uploads\/2021\/10\/logo-bleu-camping-gallouette.png","contentUrl":"https:\/\/www.camping-lagallouette.fr\/wp-content\/uploads\/2021\/10\/logo-bleu-camping-gallouette.png","width":214,"height":226,"caption":"Camping La Gallouette"},"image":{"@id":"https:\/\/www.camping-lagallouette.fr\/de\/#\/schema\/logo\/image\/"}}]}},"_links":{"self":[{"href":"https:\/\/www.camping-lagallouette.fr\/de\/wp-json\/wp\/v2\/pages\/21681","targetHints":{"allow":["GET"]}}],"collection":[{"href":"https:\/\/www.camping-lagallouette.fr\/de\/wp-json\/wp\/v2\/pages"}],"about":[{"href":"https:\/\/www.camping-lagallouette.fr\/de\/wp-json\/wp\/v2\/types\/page"}],"author":[{"embeddable":true,"href":"https:\/\/www.camping-lagallouette.fr\/de\/wp-json\/wp\/v2\/users\/3"}],"replies":[{"embeddable":true,"href":"https:\/\/www.camping-lagallouette.fr\/de\/wp-json\/wp\/v2\/comments?post=21681"}],"version-history":[{"count":4,"href":"https:\/\/www.camping-lagallouette.fr\/de\/wp-json\/wp\/v2\/pages\/21681\/revisions"}],"predecessor-version":[{"id":23517,"href":"https:\/\/www.camping-lagallouette.fr\/de\/wp-json\/wp\/v2\/pages\/21681\/revisions\/23517"}],"wp:featuredmedia":[{"embeddable":true,"href":"https:\/\/www.camping-lagallouette.fr\/de\/wp-json\/wp\/v2\/media\/23453"}],"wp:attachment":[{"href":"https:\/\/www.camping-lagallouette.fr\/de\/wp-json\/wp\/v2\/media?parent=21681"}],"curies":[{"name":"wp","href":"https:\/\/api.w.org\/{rel}","templated":true}]}}