{"id":21524,"date":"2023-11-20T15:44:12","date_gmt":"2023-11-20T14:44:12","guid":{"rendered":"https:\/\/www.camping-lagallouette.fr\/faq\/"},"modified":"2023-11-20T16:24:14","modified_gmt":"2023-11-20T15:24:14","slug":"faq","status":"publish","type":"page","link":"https:\/\/www.camping-lagallouette.fr\/de\/faq\/","title":{"rendered":"FAQ"},"content":{"rendered":"<section id=\"section-655b700dcb178\"\" class=\"section bg-white\" \/><div class=\"container\"><h1 class=\"element section-title center\">FAQ<\/h1><h2 class=\"element section-title justify\">Allgemeines:<\/h2><div class=\"faq-container\">\n\n        <details class=\"faq\">\n        <summary class=\"faq-question\">Ist der Campingplatz VACAF-zertifiziert?<span class=\"faq-opener\"><\/span><\/summary>\n        <div class=\"content\"><p>Nicht<\/p>\n<\/div>\n    <\/details>\n        <details class=\"faq\">\n        <summary class=\"faq-question\">Sind Tiere in allen Bereichen des Campingplatzes erlaubt?<span class=\"faq-opener\"><\/span><\/summary>\n        <div class=\"content\"><p>Ja<\/p>\n<\/div>\n    <\/details>\n        <details class=\"faq\">\n        <summary class=\"faq-question\">Ist der Campingplatz nachts sicher?<span class=\"faq-opener\"><\/span><\/summary>\n        <div class=\"content\"><p>Ja<\/p>\n<\/div>\n    <\/details>\n        <details class=\"faq\">\n        <summary class=\"faq-question\">Kann man die Buchung und die Aktivit\u00e4ten mit einem Urlaubsscheck bezahlen?<span class=\"faq-opener\"><\/span><\/summary>\n        <div class=\"content\"><p>Ja in H\u00f6he von 25% f\u00fcr die Buchung und nicht f\u00fcr die Aktivit\u00e4ten.<\/p>\n<\/div>\n    <\/details>\n        <details class=\"faq\">\n        <summary class=\"faq-question\">Welche Bedingungen gelten f\u00fcr die R\u00fcckerstattung im Falle einer Stornierung?<span class=\"faq-opener\"><\/span><\/summary>\n        <div class=\"content\"><p>Eine R\u00fcckerstattung ist nicht m\u00f6glich, wenn Sie die von uns angebotene Reiser\u00fccktrittsversicherung nicht abgeschlossen haben.<\/p>\n<\/div>\n    <\/details>\n        <details class=\"faq\">\n        <summary class=\"faq-question\">Ist es m\u00f6glich, meine Buchung zu \u00e4ndern?<span class=\"faq-opener\"><\/span><\/summary>\n        <div class=\"content\"><p>Ja, indem Sie sich an das Empfangsteam des Campingplatzes wenden.<\/p>\n<\/div>\n    <\/details>\n        <details class=\"faq\">\n        <summary class=\"faq-question\">Braucht man eine Kaution?<span class=\"faq-opener\"><\/span><\/summary>\n        <div class=\"content\"><p>Ja, 300\u20ac und 60\u20ac in der Vermietung von Mobilheimen und Chalets<\/p>\n<\/div>\n    <\/details>\n    <\/div>\n<\/div><\/section>\n\n<section id=\"section-655b73df2d8bc\"\" class=\"section bg-white\" \/><div class=\"container\"><h2 class=\"element section-title justify\">Unterk\u00fcnfte:<\/h2><div class=\"faq-container\">\n\n        <details class=\"faq\">\n        <summary class=\"faq-question\">Sind Bettw\u00e4sche und Handt\u00fccher in der Unterkunft enthalten?<span class=\"faq-opener\"><\/span><\/summary>\n        <div class=\"content\"><p>Nein, Sie k\u00f6nnen die Option zus\u00e4tzlich buchen.<\/p>\n<\/div>\n    <\/details>\n        <details class=\"faq\">\n        <summary class=\"faq-question\">Ist WLAN kostenlos und auf dem gesamten Gel\u00e4nde verf\u00fcgbar?<span class=\"faq-opener\"><\/span><\/summary>\n        <div class=\"content\"><p>WLAN ist f\u00fcr Aufenthalte in Mobilheimen kostenlos und auf dem gesamten Campingplatz verf\u00fcgbar.<\/p>\n<\/div>\n    <\/details>\n        <details class=\"faq\">\n        <summary class=\"faq-question\">Ist es m\u00f6glich, den Standort zu w\u00e4hlen?<span class=\"faq-opener\"><\/span><\/summary>\n        <div class=\"content\"><p>Je nach Verf\u00fcgbarkeit und nicht zu 100% garantiert.<\/p>\n<\/div>\n    <\/details>\n        <details class=\"faq\">\n        <summary class=\"faq-question\">Kann man neben einem Mobilheim ein Zelt anbauen?<span class=\"faq-opener\"><\/span><\/summary>\n        <div class=\"content\"><p>Nicht.<\/p>\n<\/div>\n    <\/details>\n        <details class=\"faq\">\n        <summary class=\"faq-question\">Kann man sein Fahrzeug auf einem Stellplatz parken?<span class=\"faq-opener\"><\/span><\/summary>\n        <div class=\"content\"><p>Ja, alle Standorte verf\u00fcgen \u00fcber einen Parkplatz.<\/p>\n<\/div>\n    <\/details>\n        <details class=\"faq\">\n        <summary class=\"faq-question\">Sind die Mobilheime mit einem Geschirrsp\u00fcler ausgestattet?<span class=\"faq-opener\"><\/span><\/summary>\n        <div class=\"content\"><p>Die Mobilheime Horizon und Vue Mer Komfort verf\u00fcgen \u00fcber einen Geschirrsp\u00fcler.<\/p>\n<\/div>\n    <\/details>\n        <details class=\"faq\">\n        <summary class=\"faq-question\">Gibt es Unterk\u00fcnfte, die f\u00fcr Menschen mit eingeschr\u00e4nkter Mobilit\u00e4t geeignet sind?<span class=\"faq-opener\"><\/span><\/summary>\n        <div class=\"content\"><p>Ja, das Mobilheim PMR Access ist f\u00fcr Menschen mit eingeschr\u00e4nkter Mobilit\u00e4t geeignet,<\/p>\n<\/div>\n    <\/details>\n        <details class=\"faq\">\n        <summary class=\"faq-question\">Ist es m\u00f6glich, den genauen Ort meines Standorts im Voraus zu erfahren?<span class=\"faq-opener\"><\/span><\/summary>\n        <div class=\"content\"><p>Nicht.<\/p>\n<\/div>\n    <\/details>\n        <details class=\"faq\">\n        <summary class=\"faq-question\">Gibt es in den Mobilheimen einen Fernseher?<span class=\"faq-opener\"><\/span><\/summary>\n        <div class=\"content\"><p>Ja, in allen Unterk\u00fcnften<\/p>\n<\/div>\n    <\/details>\n    <\/div>\n<\/div><\/section>\n\n<section id=\"section-655b73df2d9b9\"\" class=\"section bg-white\" \/><div class=\"container\"><h1 class=\"element section-title justify\">Wasserr\u00e4ume :<\/h1><div class=\"faq-container\">\n\n        <details class=\"faq\">\n        <summary class=\"faq-question\">Sind Speisen und Getr\u00e4nke im Wasserbereich erlaubt?<span class=\"faq-opener\"><\/span><\/summary>\n        <div class=\"content\"><p>Nicht.<\/p>\n<\/div>\n    <\/details>\n        <details class=\"faq\">\n        <summary class=\"faq-question\">Sind Badekappen und Unterhemden im Schwimmbad Pflicht?<span class=\"faq-opener\"><\/span><\/summary>\n        <div class=\"content\"><p>Nicht.<\/p>\n<\/div>\n    <\/details>\n        <details class=\"faq\">\n        <summary class=\"faq-question\">Wie sind die \u00d6ffnungszeiten des Wassersportbereichs?<span class=\"faq-opener\"><\/span><\/summary>\n        <div class=\"content\"><p>10H \/ 20H<\/p>\n<\/div>\n    <\/details>\n        <details class=\"faq\">\n        <summary class=\"faq-question\">Ist der Pool beheizt?<span class=\"faq-opener\"><\/span><\/summary>\n        <div class=\"content\"><p>Ja, dank Sonnenkollektoren zwischen 22\u00b0 und 26\u00b0.<\/p>\n<\/div>\n    <\/details>\n        <details class=\"faq\">\n        <summary class=\"faq-question\">Ist der Pool f\u00fcr Besucher des Campingplatzes zug\u00e4nglich?<span class=\"faq-opener\"><\/span><\/summary>\n        <div class=\"content\"><p>Nicht.<\/p>\n<\/div>\n    <\/details>\n        <details class=\"faq\">\n        <summary class=\"faq-question\">Ist das Sonnenbaden kostenlos?<span class=\"faq-opener\"><\/span><\/summary>\n        <div class=\"content\"><p>Ja, die Sonnenliegen sind kostenlos und stehen allen Campern zur Verf\u00fcgung.<\/p>\n<\/div>\n    <\/details>\n    <\/div>\n<\/div><\/section>\n\n<section id=\"section-655b73df2da80\"\" class=\"section bg-white\" \/><div class=\"container\"><h2 class=\"element section-title justify\">Animationen:<\/h2><div class=\"faq-container\">\n\n        <details class=\"faq\">\n        <summary class=\"faq-question\">Sind alle Animationen frei zug\u00e4nglich und m\u00fcssen nicht reserviert werden?<span class=\"faq-opener\"><\/span><\/summary>\n        <div class=\"content\"><p>Ja, sie sind alle frei zug\u00e4nglich. F\u00fcr einige Veranstaltungen ist eine Reservierung erforderlich.<\/p>\n<\/div>\n    <\/details>\n        <details class=\"faq\">\n        <summary class=\"faq-question\">Wann beginnen die Animationen in der Saison?<span class=\"faq-opener\"><\/span><\/summary>\n        <div class=\"content\"><p>Anfang Juli.<\/p>\n<\/div>\n    <\/details>\n    <\/div>\n<\/div><\/section>\n\n<section id=\"section-655b73df2db49\"\" class=\"section bg-white\" \/><div class=\"container\"><h2 class=\"element section-title justify\">Umgebung :<\/h2><div class=\"faq-container\">\n\n        <details class=\"faq\">\n        <summary class=\"faq-question\">Wie weit ist der Campingplatz vom Strand entfernt?<span class=\"faq-opener\"><\/span><\/summary>\n        <div class=\"content\"><p>500m zwischen dem Campingplatz und dem Strand von La Hougue.<\/p>\n<\/div>\n    <\/details>\n        <details class=\"faq\">\n        <summary class=\"faq-question\">Liegt der Campingplatz in der N\u00e4he des Stadtzentrums?<span class=\"faq-opener\"><\/span><\/summary>\n        <div class=\"content\"><p>Im Herzen von Saint-Vaast-la-Hougue, 500 m vom Hafen entfernt.<\/p>\n<\/div>\n    <\/details>\n        <details class=\"faq\">\n        <summary class=\"faq-question\">Wo befinden sich die Radwege?<span class=\"faq-opener\"><\/span><\/summary>\n        <div class=\"content\"><p>Nur wenige Meter vom Campingplatz entfernt.<\/p>\n<\/div>\n    <\/details>\n        <details class=\"faq\">\n        <summary class=\"faq-question\">Kann man einen Supermarkt zu Fu\u00df erreichen?<span class=\"faq-opener\"><\/span><\/summary>\n        <div class=\"content\"><p>Ja 800m vom Campingplatz entfernt.<\/p>\n<\/div>\n    <\/details>\n    <\/div>\n<\/div><\/section>\n\n<section id=\"section-655b73df2dc1e\"\" class=\"section bg-white\" \/><div class=\"container\"><h2 class=\"element section-title justify\">Dienstleistungen:<\/h2><div class=\"faq-container\">\n\n        <details class=\"faq\">\n        <summary class=\"faq-question\">Kann man auf dem Campingplatz Fahrr\u00e4der mieten?<span class=\"faq-opener\"><\/span><\/summary>\n        <div class=\"content\"><p>Nein, ein Fahrradverleih befindet sich weniger als 500 m vom Campingplatz entfernt.<\/p>\n<\/div>\n    <\/details>\n        <details class=\"faq\">\n        <summary class=\"faq-question\">Kann ich ein Babybett oder einen Hochstuhl mieten?<span class=\"faq-opener\"><\/span><\/summary>\n        <div class=\"content\"><p>Ein Hochstuhl steht Ihnen kostenlos zur Verf\u00fcgung. Der Campingplatz vermietet keine Babybetten.<\/p>\n<\/div>\n    <\/details>\n        <details class=\"faq\">\n        <summary class=\"faq-question\">Muss ich bei meiner Abreise einen Termin f\u00fcr die Bestandsaufnahme vereinbaren?<span class=\"faq-opener\"><\/span><\/summary>\n        <div class=\"content\"><p>Ja, der Termin muss vor 10 Uhr am Tag der Abreise angesetzt werden.<\/p>\n<\/div>\n    <\/details>\n        <details class=\"faq\">\n        <summary class=\"faq-question\">Gibt es auf dem Campingplatz einen Supermarkt?<span class=\"faq-opener\"><\/span><\/summary>\n        <div class=\"content\"><p>Ja, ein Lebensmittelgesch\u00e4ft f\u00fcr Notf\u00e4lle.<\/p>\n<\/div>\n    <\/details>\n        <details class=\"faq\">\n        <summary class=\"faq-question\">Gibt es eine Brotverkaufsstelle?<span class=\"faq-opener\"><\/span><\/summary>\n        <div class=\"content\"><p>Ja, frisches Brot und Geb\u00e4ck jeden Morgen, auf Bestellung, vom B\u00e4cker geliefert.<\/p>\n<\/div>\n    <\/details>\n    <\/div>\n<\/div><\/section>\n\n<section id=\"section-655b73df2dcdc\"\" class=\"section bg-white\" \/><div class=\"container\"><h2 class=\"element section-title justify\">Sauberkeit :<\/h2><div class=\"faq-container\">\n\n        <details class=\"faq\">\n        <summary class=\"faq-question\">Wird f\u00fcr die Mobilheime ein Reinigungsservice angeboten?<span class=\"faq-opener\"><\/span><\/summary>\n        <div class=\"content\"><p>Die Pauschale f\u00fcr die Endreinigung ist m\u00f6glich.<\/p>\n<\/div>\n    <\/details>\n        <details class=\"faq\">\n        <summary class=\"faq-question\">Gibt es auf dem Campingplatz einen W\u00e4scheservice?<span class=\"faq-opener\"><\/span><\/summary>\n        <div class=\"content\"><p>Nicht.<\/p>\n<\/div>\n    <\/details>\n        <details class=\"faq\">\n        <summary class=\"faq-question\">Kann ich im Waschsalon mein eigenes Waschmittel verwenden?<span class=\"faq-opener\"><\/span><\/summary>\n        <div class=\"content\"><p>Ja<\/p>\n<\/div>\n    <\/details>\n    <\/div>\n<\/div><\/section>","protected":false},"excerpt":{"rendered":"","protected":false},"author":1,"featured_media":0,"parent":0,"menu_order":0,"comment_status":"closed","ping_status":"closed","template":"","meta":{"_acf_changed":false,"footnotes":""},"class_list":["post-21524","page","type-page","status-publish","hentry"],"acf":[],"yoast_head":"<!-- This site is optimized with the Yoast SEO plugin v25.3 - https:\/\/yoast.com\/wordpress\/plugins\/seo\/ -->\n<title>FAQ - Camping Gallouette<\/title>\n<meta name=\"robots\" content=\"index, follow, max-snippet:-1, max-image-preview:large, max-video-preview:-1\" \/>\n<link rel=\"canonical\" href=\"https:\/\/www.camping-lagallouette.fr\/de\/faq\/\" \/>\n<meta property=\"og:locale\" content=\"de_DE\" \/>\n<meta property=\"og:type\" content=\"article\" \/>\n<meta property=\"og:title\" content=\"FAQ - Camping Gallouette\" \/>\n<meta property=\"og:url\" content=\"https:\/\/www.camping-lagallouette.fr\/de\/faq\/\" \/>\n<meta property=\"og:site_name\" content=\"Camping Gallouette\" \/>\n<meta property=\"article:modified_time\" content=\"2023-11-20T15:24:14+00:00\" \/>\n<meta name=\"twitter:card\" content=\"summary_large_image\" \/>\n<script type=\"application\/ld+json\" class=\"yoast-schema-graph\">{\"@context\":\"https:\/\/schema.org\",\"@graph\":[{\"@type\":\"WebPage\",\"@id\":\"https:\/\/www.camping-lagallouette.fr\/de\/faq\/\",\"url\":\"https:\/\/www.camping-lagallouette.fr\/de\/faq\/\",\"name\":\"FAQ - Camping Gallouette\",\"isPartOf\":{\"@id\":\"https:\/\/www.camping-lagallouette.fr\/de\/#website\"},\"datePublished\":\"2023-11-20T14:44:12+00:00\",\"dateModified\":\"2023-11-20T15:24:14+00:00\",\"breadcrumb\":{\"@id\":\"https:\/\/www.camping-lagallouette.fr\/de\/faq\/#breadcrumb\"},\"inLanguage\":\"de\",\"potentialAction\":[{\"@type\":\"ReadAction\",\"target\":[\"https:\/\/www.camping-lagallouette.fr\/de\/faq\/\"]}]},{\"@type\":\"BreadcrumbList\",\"@id\":\"https:\/\/www.camping-lagallouette.fr\/de\/faq\/#breadcrumb\",\"itemListElement\":[{\"@type\":\"ListItem\",\"position\":1,\"name\":\"Campingplatz Manche\",\"item\":\"https:\/\/www.camping-lagallouette.fr\/de\/\"},{\"@type\":\"ListItem\",\"position\":2,\"name\":\"FAQ\"}]},{\"@type\":\"WebSite\",\"@id\":\"https:\/\/www.camping-lagallouette.fr\/de\/#website\",\"url\":\"https:\/\/www.camping-lagallouette.fr\/de\/\",\"name\":\"Camping Gallouette\",\"description\":\"\",\"publisher\":{\"@id\":\"https:\/\/www.camping-lagallouette.fr\/de\/#organization\"},\"potentialAction\":[{\"@type\":\"SearchAction\",\"target\":{\"@type\":\"EntryPoint\",\"urlTemplate\":\"https:\/\/www.camping-lagallouette.fr\/de\/?s={search_term_string}\"},\"query-input\":{\"@type\":\"PropertyValueSpecification\",\"valueRequired\":true,\"valueName\":\"search_term_string\"}}],\"inLanguage\":\"de\"},{\"@type\":\"Organization\",\"@id\":\"https:\/\/www.camping-lagallouette.fr\/de\/#organization\",\"name\":\"Camping La Gallouette\",\"url\":\"https:\/\/www.camping-lagallouette.fr\/de\/\",\"logo\":{\"@type\":\"ImageObject\",\"inLanguage\":\"de\",\"@id\":\"https:\/\/www.camping-lagallouette.fr\/de\/#\/schema\/logo\/image\/\",\"url\":\"https:\/\/www.camping-lagallouette.fr\/wp-content\/uploads\/2021\/10\/logo-bleu-camping-gallouette.png\",\"contentUrl\":\"https:\/\/www.camping-lagallouette.fr\/wp-content\/uploads\/2021\/10\/logo-bleu-camping-gallouette.png\",\"width\":214,\"height\":226,\"caption\":\"Camping La Gallouette\"},\"image\":{\"@id\":\"https:\/\/www.camping-lagallouette.fr\/de\/#\/schema\/logo\/image\/\"}}]}<\/script>\n<!-- \/ Yoast SEO plugin. -->","yoast_head_json":{"title":"FAQ - Camping Gallouette","robots":{"index":"index","follow":"follow","max-snippet":"max-snippet:-1","max-image-preview":"max-image-preview:large","max-video-preview":"max-video-preview:-1"},"canonical":"https:\/\/www.camping-lagallouette.fr\/de\/faq\/","og_locale":"de_DE","og_type":"article","og_title":"FAQ - Camping Gallouette","og_url":"https:\/\/www.camping-lagallouette.fr\/de\/faq\/","og_site_name":"Camping Gallouette","article_modified_time":"2023-11-20T15:24:14+00:00","twitter_card":"summary_large_image","schema":{"@context":"https:\/\/schema.org","@graph":[{"@type":"WebPage","@id":"https:\/\/www.camping-lagallouette.fr\/de\/faq\/","url":"https:\/\/www.camping-lagallouette.fr\/de\/faq\/","name":"FAQ - Camping Gallouette","isPartOf":{"@id":"https:\/\/www.camping-lagallouette.fr\/de\/#website"},"datePublished":"2023-11-20T14:44:12+00:00","dateModified":"2023-11-20T15:24:14+00:00","breadcrumb":{"@id":"https:\/\/www.camping-lagallouette.fr\/de\/faq\/#breadcrumb"},"inLanguage":"de","potentialAction":[{"@type":"ReadAction","target":["https:\/\/www.camping-lagallouette.fr\/de\/faq\/"]}]},{"@type":"BreadcrumbList","@id":"https:\/\/www.camping-lagallouette.fr\/de\/faq\/#breadcrumb","itemListElement":[{"@type":"ListItem","position":1,"name":"Campingplatz Manche","item":"https:\/\/www.camping-lagallouette.fr\/de\/"},{"@type":"ListItem","position":2,"name":"FAQ"}]},{"@type":"WebSite","@id":"https:\/\/www.camping-lagallouette.fr\/de\/#website","url":"https:\/\/www.camping-lagallouette.fr\/de\/","name":"Camping Gallouette","description":"","publisher":{"@id":"https:\/\/www.camping-lagallouette.fr\/de\/#organization"},"potentialAction":[{"@type":"SearchAction","target":{"@type":"EntryPoint","urlTemplate":"https:\/\/www.camping-lagallouette.fr\/de\/?s={search_term_string}"},"query-input":{"@type":"PropertyValueSpecification","valueRequired":true,"valueName":"search_term_string"}}],"inLanguage":"de"},{"@type":"Organization","@id":"https:\/\/www.camping-lagallouette.fr\/de\/#organization","name":"Camping La Gallouette","url":"https:\/\/www.camping-lagallouette.fr\/de\/","logo":{"@type":"ImageObject","inLanguage":"de","@id":"https:\/\/www.camping-lagallouette.fr\/de\/#\/schema\/logo\/image\/","url":"https:\/\/www.camping-lagallouette.fr\/wp-content\/uploads\/2021\/10\/logo-bleu-camping-gallouette.png","contentUrl":"https:\/\/www.camping-lagallouette.fr\/wp-content\/uploads\/2021\/10\/logo-bleu-camping-gallouette.png","width":214,"height":226,"caption":"Camping La Gallouette"},"image":{"@id":"https:\/\/www.camping-lagallouette.fr\/de\/#\/schema\/logo\/image\/"}}]}},"_links":{"self":[{"href":"https:\/\/www.camping-lagallouette.fr\/de\/wp-json\/wp\/v2\/pages\/21524","targetHints":{"allow":["GET"]}}],"collection":[{"href":"https:\/\/www.camping-lagallouette.fr\/de\/wp-json\/wp\/v2\/pages"}],"about":[{"href":"https:\/\/www.camping-lagallouette.fr\/de\/wp-json\/wp\/v2\/types\/page"}],"author":[{"embeddable":true,"href":"https:\/\/www.camping-lagallouette.fr\/de\/wp-json\/wp\/v2\/users\/1"}],"replies":[{"embeddable":true,"href":"https:\/\/www.camping-lagallouette.fr\/de\/wp-json\/wp\/v2\/comments?post=21524"}],"version-history":[{"count":2,"href":"https:\/\/www.camping-lagallouette.fr\/de\/wp-json\/wp\/v2\/pages\/21524\/revisions"}],"predecessor-version":[{"id":21533,"href":"https:\/\/www.camping-lagallouette.fr\/de\/wp-json\/wp\/v2\/pages\/21524\/revisions\/21533"}],"wp:attachment":[{"href":"https:\/\/www.camping-lagallouette.fr\/de\/wp-json\/wp\/v2\/media?parent=21524"}],"curies":[{"name":"wp","href":"https:\/\/api.w.org\/{rel}","templated":true}]}}