{"id":19824,"date":"2021-09-20T12:26:22","date_gmt":"2021-09-20T10:26:22","guid":{"rendered":"https:\/\/www.camping-lagallouette.fr\/camping-ecoresponsable\/"},"modified":"2025-02-13T14:38:13","modified_gmt":"2025-02-13T13:38:13","slug":"camping-ecoresponsable","status":"publish","type":"page","link":"https:\/\/www.camping-lagallouette.fr\/de\/camping-ecoresponsable\/","title":{"rendered":"Le camping : Camping \u00e9coresponsable"},"content":{"rendered":"<section id=\"section-6155b3f853ec8\"\" class=\"section white-gradient-bottom bg-color3\" \/><div class=\"container extralarge\"><h1 class=\"element section-title center p-b-5\">\u00d6kologisch verantwortliches Camping<\/h1><div class=\"element bloc-text justify \">\n\t<p style=\"text-align: center;\">W\u00e4hlen Sie f\u00fcr Ihren Urlaub am Meer einen authentischen, familienfreundlichen und umweltbewussten Campingplatz!<\/p>\n<\/div><div class=\"colonnes-wrap valign-middle p-b-5\"><div class=\"element colonne \"><h2 class=\"element section-title left\">Ein authentischer Campingplatz<\/h2><div class=\"element bloc-text left \">\n\t<p>Auf unserem \u00fcberschaubaren Campingplatz finden Sie die Atmosph\u00e4re eines authentischen Campingplatzes, auf dem man einen entspannten, sicheren und geselligen Urlaub genie\u00dft. Sie genie\u00dfen alle Annehmlichkeiten eines modernen Campingplatzes mit beheiztem Schwimmbad, Sportanlagen, Kinderspielplatz, Snackbar&#8230; Sie finden hier auch Ruhe und ein Maximum an Privatsph\u00e4re, mit Stellpl\u00e4tzen, die durch Hecken gut abgegrenzt sind und sich perfekt in die Strandpromenade einf\u00fcgen. Olearia, Tamarisken, Pfaffenh\u00fctchen&#8230; Wir w\u00e4hlen unsere lokalen Arten sorgf\u00e4ltig aus, um einen nat\u00fcrlichen Rahmen zu erhalten, der sich in die Landschaft einf\u00fcgt. Ob auf einem Stellplatz auf dem Gras f\u00fcr Ihren Wohnwagen, Ihr Zelt oder Ihr Wohnmobil oder in einem Mobilheim oder Chalet, Sie werden Ihren Urlaub mit der Familie oder mit Freunden in vollen Z\u00fcgen genie\u00dfen, in einer Umgebung, die einen Tapetenwechsel erm\u00f6glicht und gleichzeitig die Natur bewahrt. Der Campingplatz La Gallouette ist perfekt in die wundersch\u00f6ne Landschaft der K\u00fcste von Cotentin integriert und bietet einen atemberaubenden Blick auf Fort de la Hougue. Er ist der ideale Ort, um vom Alltag abzuschalten und dem Ozean so nah wie m\u00f6glich zu sein.<\/p>\n<\/div><\/div><div class=\"element colonne masque-bleu\"><div class=\"element images fancybox-container\"><a class=\"fancybox image\" href=\"https:\/\/www.camping-lagallouette.fr\/wp-content\/uploads\/2021\/10\/camping-emplacement-tente-cotentin.jpg\"><img decoding=\"async\" src=\"https:\/\/www.camping-lagallouette.fr\/wp-content\/uploads\/2021\/10\/camping-emplacement-tente-cotentin-100x75.jpg\" data-src=\"https:\/\/www.camping-lagallouette.fr\/wp-content\/uploads\/2021\/10\/camping-emplacement-tente-cotentin.jpg\" alt=\"camping authentique et familiale Cotentin\" class=\"images_image\" \/><\/a><\/div><\/div><\/div><\/div><\/section>\n\n<section id=\"section-6155c2a7ddc53\"\" class=\"section bg-white\" \/><div class=\"container extralarge\"><div class=\"colonnes-wrap valign-middle \"><div class=\"element colonne masque-blanc\"><div class=\"element images fancybox-container\"><a class=\"fancybox image\" href=\"https:\/\/www.camping-lagallouette.fr\/wp-content\/uploads\/2023\/11\/Cidre-epicerie-camping-manche.jpg\"><img decoding=\"async\" src=\"https:\/\/www.camping-lagallouette.fr\/wp-content\/uploads\/2023\/11\/Cidre-epicerie-camping-manche-100x75.jpg\" data-src=\"https:\/\/www.camping-lagallouette.fr\/wp-content\/uploads\/2023\/11\/Cidre-epicerie-camping-manche.jpg\" alt=\"produits locaux camping cotentin\" class=\"images_image\" \/><\/a><\/div><\/div><div class=\"element colonne \"><h2 class=\"element section-title justify\">Unsere Verpflichtungen &#8222;Made in France&#8220; und kurze Wege<\/h2><div class=\"element bloc-text left \">\n\t<p>Unsere Chalets und Mobilheime sind alle &#8222;Made in France&#8220; und werden in der Bretagne und in Mayenne hergestellt! Sie werden die Freuden der Freilufthotellerie und des Campings genie\u00dfen, indem Sie den Komfort einer individuellen Unterkunft vom Typ Chalet oder Mobilheim mit einer gesch\u00fctzten Umgebung am Meer kombinieren. Unsere Parzellen sind alle in einen von Hecken umgebenen Gartenbereich mit einer ebenerdigen Terrasse integriert und mit Gartenm\u00f6beln ausgestattet, damit Sie die Sonne genie\u00dfen k\u00f6nnen.<\/p>\n<p>Cotentin ist auch ein Gebiet, das reich an lokalen Erzeugern und Handwerksbetrieben ist. Daher liegt es uns am Herzen, Ihnen das Beste aus der Region Normandie anzubieten. So finden Sie vor Ort im Lebensmittelgesch\u00e4ft des Campingplatzes von uns ausgew\u00e4hlte Produkte mit kurzen Vertriebswegen: Finanzprodukte aus dem Haus des Kekses, Karamellbonbons aus Isigny, Cidre aus dem Cotentin, lokales Bier&#8230;<\/p>\n<p>Viele lokale Produkte finden Sie auch auf den Wochenm\u00e4rkten \u00fcberall im \u00c4rmelkanal. Verpassen Sie nicht den Markt in Saint-Vaast-la-Hougue, der jeden Samstagmorgen stattfindet. Eine echte Institution und ein Muss w\u00e4hrend Ihres Urlaubs!<\/p>\n<\/div><\/div><\/div><\/div><\/section>\n\n<section id=\"section-6155c2a7dd92a\"\" data-bg-opacite=\"0.2\"data-background=\"https:\/\/www.camping-lagallouette.fr\/wp-content\/uploads\/2021\/09\/camping-tourisme-traversee-mont-saint-michel-manche.jpg\"data-speed=\"0.8\"class=\"section bg-white p-t-0 p-b-0 section--has-bg-img section_bg-parallax\" \/><div class=\"container full\"><\/div><\/section>\n\n<section id=\"section-63aeb2d8867d1\"\" class=\"section bg-white\" \/><div class=\"container extralarge\"><div class=\"colonnes-wrap valign-middle \"><div class=\"element colonne \"><h2 class=\"element section-title left\">Unser \u00f6kologisch verantwortliches Handeln und unsere \u00f6kologischen Verpflichtungen<\/h2><div class=\"element bloc-text left \">\n\t<p>Wir haben eine Umweltcharta eingef\u00fchrt, um die Auswirkungen des Campingplatzes auf die Umwelt zu verringern. Jedes Teammitglied des Campingplatzes La Gallouette setzt sich f\u00fcr die Bek\u00e4mpfung von Verschwendung ein und beteiligt sich an der M\u00fclltrennung. Wir alle sind aktiv daran beteiligt, unseren Energie- und Wasserverbrauch zu senken. Deshalb laden wir auch jeden Urlauber des Campingplatzes ein, w\u00e4hrend seines Aufenthalts ebenfalls zum \u00d6ko-B\u00fcrger zu werden, indem er die Wasserressourcen schont und aktiv an der M\u00fclltrennung teilnimmt.<\/p>\n<p>&nbsp;<\/p>\n<\/div><\/div><div class=\"element colonne masque-blanc\"><div class=\"element images fancybox-container\"><a class=\"fancybox image\" href=\"\"><img decoding=\"async\" src=\"\" data-src=\"\" alt=\"\" class=\"images_image\" \/><\/a><\/div><\/div><\/div><\/div><\/section>\n\n<section id=\"section-63aef81159bc2\"\" class=\"section bg-color3\" \/><div class=\"container extralarge\"><div class=\"colonnes-wrap valign-middle \"><div class=\"element colonne masque-bleu\"><div class=\"element images fancybox-container\"><a class=\"fancybox image\" href=\"https:\/\/www.camping-lagallouette.fr\/wp-content\/uploads\/2023\/06\/equipe-du-camping-La-Gallouette-_1_.webp\"><img decoding=\"async\" src=\"https:\/\/www.camping-lagallouette.fr\/wp-content\/uploads\/2023\/06\/equipe-du-camping-La-Gallouette-_1_-100x75.webp\" data-src=\"https:\/\/www.camping-lagallouette.fr\/wp-content\/uploads\/2023\/06\/equipe-du-camping-La-Gallouette-_1_.webp\" alt=\"m\u00e9hari \u00e9lectrique cotentin\" class=\"images_image\" \/><\/a><\/div><\/div><div class=\"element colonne \"><div class=\"element bloc-text justify \">\n\t<p>Dank der Unterst\u00fctzung der Europ\u00e4ischen Union und der Region Normandie verbessern wir unsere Einrichtungen, um den \u00f6kologischen Fu\u00dfabdruck des Campingplatzes zu verringern. Beispielsweise werden die Beleuchtung der Wege und die Heizung des Schwimmbads nun mit Solarenergie betrieben. Auch das Material f\u00fcr unsere Gr\u00fcnfl\u00e4chen wird elektrisch betrieben. Und schlie\u00dflich erm\u00f6glicht ein 100 % elektrischer Mehari unseren Teams, sich auf dem Campingplatz leise und ohne Umweltverschmutzung fortzubewegen!<\/p>\n<\/div><\/div><\/div><\/div><\/section>\n\n<section id=\"section-63aeb2d886941\"\" class=\"section bg-white\" \/><div class=\"container extralarge\"><div class=\"colonnes-wrap valign-middle \"><div class=\"element colonne masque-blanc\"><div class=\"element images fancybox-container\"><a class=\"fancybox image\" href=\"https:\/\/www.camping-lagallouette.fr\/wp-content\/uploads\/2021\/10\/camping-tourisme-circuit-val-de-saire.jpg\"><img decoding=\"async\" src=\"https:\/\/www.camping-lagallouette.fr\/wp-content\/uploads\/2021\/10\/camping-tourisme-circuit-val-de-saire-100x67.jpg\" data-src=\"https:\/\/www.camping-lagallouette.fr\/wp-content\/uploads\/2021\/10\/camping-tourisme-circuit-val-de-saire.jpg\" alt=\"camping nature basse normandie\" class=\"images_image\" \/><\/a><\/div><\/div><div class=\"element colonne \"><h2 class=\"element section-title left\">Region<\/h2><div class=\"element bloc-text justify \">\n\t<p>Unser Campingplatz ist perfekt in die lokale Landschaft integriert und befindet sich im Herzen der Stadt Saint Vaast la Hougue, nur wenige Meter von den Gesch\u00e4ften, dem Hafen, dem Meer und dem Vauban-Turm entfernt. Es ist der beste Ausgangspunkt, um die Region Cotentin zu erkunden. Dieses authentische und gesch\u00fctzte Gebiet bietet Ihnen einzigartige R\u00e4ume zwischen Meer und Bocage, in denen Sie einen erholsamen Natururlaub verbringen k\u00f6nnen. Die K\u00fcste des \u00c4rmelkanals verf\u00fcgt \u00fcber eine Vielfalt an Landschaften und Aktivit\u00e4ten, die mit dem Meer in Verbindung stehen. Str\u00e4nde zum Faulenzen oder Baden, typische Fischerh\u00e4fen, D\u00fcnen, K\u00fcstenwanderwege mit Spazierg\u00e4ngen auf dem Z\u00f6llnerpfad (der GR223 f\u00fchrt rund um den Cotentin). Sportler k\u00f6nnen Wassersportarten wie Segeln, Windsurfen, Surfen, Paddeln, Kajakfahren usw. ausprobieren.<\/p>\n<\/div><\/div><\/div><div class=\"element bloc-text center \">\n\t<p style=\"text-align: center;\">Ihr Urlaub beginnt hier!<br \/>\nBuchen Sie direkt und einfach \u00fcber die offizielle Website, ohne Zwischenh\u00e4ndler, oder kontaktieren Sie uns per Telefon ( 02 33 54 20 57 ). So k\u00f6nnen Sie sicher sein, dass Sie den besten Preis erhalten und gleichzeitig die Garantie haben, dass der Service all Ihren Erwartungen entspricht.<\/p>\n<\/div><\/div><\/section>\n\n<section id=\"section-6155c2a7decd0\"\" class=\"section white-gradient-top bg-color3\" \/><div class=\"container extralarge\"><h2 class=\"element section-title center\">Entdecken Sie unseren Campingplatz am Meer<\/h2><div class=\"colonnes-wrap valign-middle \"><div class=\"element colonne \"><div class=\"element call-to-action  call-to-action--style-1 call-to-action--big\"><a href=\"https:\/\/www.camping-lagallouette.fr\/de\/5-gute-gruende-ihren-urlaub-am-meer-zu-buchen\/\"  class=\"call-to-action_link\" title=\"Mehr \u00fcber 5 gute gr\u00fcnde, ihren urlaub am meer auf dem campingplatz saint vaast zu buchen\"><div class=\"call-to-action_image\"><img decoding=\"async\" src=\"https:\/\/www.camping-lagallouette.fr\/wp-content\/uploads\/2021\/10\/camping-vacances-littoral-cherbourg-100x67.jpg\" data-src=\"https:\/\/www.camping-lagallouette.fr\/wp-content\/uploads\/2021\/10\/camping-vacances-littoral-cherbourg.jpg\" alt=\"camping vacances littoral cherbourg\" class=\"big\" \/><\/div><div class=\"call-to-action_contenu\"><div class=\"call-to-action_titre\">5 Gute Gr\u00fcnde, Ihren Urlaub am Meer auf dem Campingplatz Saint vaast zu buchen<\/div><\/div><\/a><\/div><\/div><div class=\"element colonne \"><div class=\"element call-to-action  call-to-action--style-1 call-to-action--big\"><a href=\"https:\/\/www.camping-lagallouette.fr\/de\/die-services-des-campingplatzes\/\"  class=\"call-to-action_link\" title=\"Mehr \u00fcber dienste\"><div class=\"call-to-action_image\"><img decoding=\"async\" src=\"https:\/\/www.camping-lagallouette.fr\/wp-content\/uploads\/2021\/10\/camping-avec-billeterie-cherbourg-100x67.jpg\" data-src=\"https:\/\/www.camping-lagallouette.fr\/wp-content\/uploads\/2021\/10\/camping-avec-billeterie-cherbourg.jpg\" alt=\"camping avec billeterie cherbourg\" class=\"big\" \/><\/div><div class=\"call-to-action_contenu\"><div class=\"call-to-action_titre\">Dienste<\/div><\/div><\/a><\/div><\/div><div class=\"element colonne \"><div class=\"element call-to-action  call-to-action--style-1 call-to-action--big\"><a href=\"https:\/\/www.camping-lagallouette.fr\/de\/die-snack-bar-empicerie-des-campingplatzes\/\"  class=\"call-to-action_link\" title=\"Mehr \u00fcber snackbar &#038; lebensmittelgesch\u00e4ft\"><div class=\"call-to-action_image\"><img decoding=\"async\" src=\"https:\/\/www.camping-lagallouette.fr\/wp-content\/uploads\/2021\/11\/camping-snack-bar-erquy-100x75.jpeg\" data-src=\"https:\/\/www.camping-lagallouette.fr\/wp-content\/uploads\/2021\/11\/camping-snack-bar-erquy.jpeg\" alt=\"camping snack bar erquy\" class=\"big\" \/><\/div><div class=\"call-to-action_contenu\"><div class=\"call-to-action_titre\">Snackbar &#038; Lebensmittelgesch\u00e4ft<\/div><\/div><\/a><\/div><\/div><\/div><\/div><\/section>","protected":false},"excerpt":{"rendered":"","protected":false},"author":1,"featured_media":22998,"parent":0,"menu_order":0,"comment_status":"closed","ping_status":"closed","template":"","meta":{"_acf_changed":false,"footnotes":""},"class_list":["post-19824","page","type-page","status-publish","has-post-thumbnail","hentry"],"acf":[],"yoast_head":"<!-- This site is optimized with the Yoast SEO plugin v25.3 - https:\/\/yoast.com\/wordpress\/plugins\/seo\/ -->\n<title>\u00d6ko-verantwortliches Campen - W\u00e4hlen Sie einen umweltfreundlichen Campingplatz<\/title>\n<meta name=\"description\" content=\"Im Cotentin empf\u00e4ngt Sie der Campingplatz La Gallouette **** f\u00fcr einen umweltfreundlichen Urlaub im Herzen der Natur.\" \/>\n<meta name=\"robots\" content=\"index, follow, max-snippet:-1, max-image-preview:large, max-video-preview:-1\" \/>\n<link rel=\"canonical\" href=\"https:\/\/www.camping-lagallouette.fr\/de\/camping-ecoresponsable\/\" \/>\n<meta property=\"og:locale\" content=\"de_DE\" \/>\n<meta property=\"og:type\" content=\"article\" \/>\n<meta property=\"og:title\" content=\"\u00d6ko-verantwortliches Campen - W\u00e4hlen Sie einen umweltfreundlichen Campingplatz\" \/>\n<meta property=\"og:description\" content=\"Im Cotentin empf\u00e4ngt Sie der Campingplatz La Gallouette **** f\u00fcr einen umweltfreundlichen Urlaub im Herzen der Natur.\" \/>\n<meta property=\"og:url\" content=\"https:\/\/www.camping-lagallouette.fr\/de\/camping-ecoresponsable\/\" \/>\n<meta property=\"og:site_name\" content=\"Camping Gallouette\" \/>\n<meta property=\"article:modified_time\" content=\"2025-02-13T13:38:13+00:00\" \/>\n<meta property=\"og:image\" content=\"https:\/\/www.camping-lagallouette.fr\/wp-content\/uploads\/2024\/10\/ile-tatihou-scaled.jpg\" \/>\n\t<meta property=\"og:image:width\" content=\"2560\" \/>\n\t<meta property=\"og:image:height\" content=\"1920\" \/>\n\t<meta property=\"og:image:type\" content=\"image\/jpeg\" \/>\n<meta name=\"twitter:card\" content=\"summary_large_image\" \/>\n<meta name=\"twitter:label1\" content=\"Gesch\u00e4tzte Lesezeit\" \/>\n\t<meta name=\"twitter:data1\" content=\"1\u00a0Minute\" \/>\n<script type=\"application\/ld+json\" class=\"yoast-schema-graph\">{\"@context\":\"https:\/\/schema.org\",\"@graph\":[{\"@type\":\"WebPage\",\"@id\":\"https:\/\/www.camping-lagallouette.fr\/de\/camping-ecoresponsable\/\",\"url\":\"https:\/\/www.camping-lagallouette.fr\/de\/camping-ecoresponsable\/\",\"name\":\"\u00d6ko-verantwortliches Campen - W\u00e4hlen Sie einen umweltfreundlichen Campingplatz\",\"isPartOf\":{\"@id\":\"https:\/\/www.camping-lagallouette.fr\/de\/#website\"},\"primaryImageOfPage\":{\"@id\":\"https:\/\/www.camping-lagallouette.fr\/de\/camping-ecoresponsable\/#primaryimage\"},\"image\":{\"@id\":\"https:\/\/www.camping-lagallouette.fr\/de\/camping-ecoresponsable\/#primaryimage\"},\"thumbnailUrl\":\"https:\/\/www.camping-lagallouette.fr\/wp-content\/uploads\/2024\/10\/ile-tatihou-scaled.jpg\",\"datePublished\":\"2021-09-20T10:26:22+00:00\",\"dateModified\":\"2025-02-13T13:38:13+00:00\",\"description\":\"Im Cotentin empf\u00e4ngt Sie der Campingplatz La Gallouette **** f\u00fcr einen umweltfreundlichen Urlaub im Herzen der Natur.\",\"breadcrumb\":{\"@id\":\"https:\/\/www.camping-lagallouette.fr\/de\/camping-ecoresponsable\/#breadcrumb\"},\"inLanguage\":\"de\",\"potentialAction\":[{\"@type\":\"ReadAction\",\"target\":[\"https:\/\/www.camping-lagallouette.fr\/de\/camping-ecoresponsable\/\"]}]},{\"@type\":\"ImageObject\",\"inLanguage\":\"de\",\"@id\":\"https:\/\/www.camping-lagallouette.fr\/de\/camping-ecoresponsable\/#primaryimage\",\"url\":\"https:\/\/www.camping-lagallouette.fr\/wp-content\/uploads\/2024\/10\/ile-tatihou-scaled.jpg\",\"contentUrl\":\"https:\/\/www.camping-lagallouette.fr\/wp-content\/uploads\/2024\/10\/ile-tatihou-scaled.jpg\",\"width\":2560,\"height\":1920,\"caption\":\"camping bateau\"},{\"@type\":\"BreadcrumbList\",\"@id\":\"https:\/\/www.camping-lagallouette.fr\/de\/camping-ecoresponsable\/#breadcrumb\",\"itemListElement\":[{\"@type\":\"ListItem\",\"position\":1,\"name\":\"Campingplatz Manche\",\"item\":\"https:\/\/www.camping-lagallouette.fr\/de\/\"},{\"@type\":\"ListItem\",\"position\":2,\"name\":\"\u00d6kologisch verantwortliches Camping\"}]},{\"@type\":\"WebSite\",\"@id\":\"https:\/\/www.camping-lagallouette.fr\/de\/#website\",\"url\":\"https:\/\/www.camping-lagallouette.fr\/de\/\",\"name\":\"Camping Gallouette\",\"description\":\"\",\"publisher\":{\"@id\":\"https:\/\/www.camping-lagallouette.fr\/de\/#organization\"},\"potentialAction\":[{\"@type\":\"SearchAction\",\"target\":{\"@type\":\"EntryPoint\",\"urlTemplate\":\"https:\/\/www.camping-lagallouette.fr\/de\/?s={search_term_string}\"},\"query-input\":{\"@type\":\"PropertyValueSpecification\",\"valueRequired\":true,\"valueName\":\"search_term_string\"}}],\"inLanguage\":\"de\"},{\"@type\":\"Organization\",\"@id\":\"https:\/\/www.camping-lagallouette.fr\/de\/#organization\",\"name\":\"Camping La Gallouette\",\"url\":\"https:\/\/www.camping-lagallouette.fr\/de\/\",\"logo\":{\"@type\":\"ImageObject\",\"inLanguage\":\"de\",\"@id\":\"https:\/\/www.camping-lagallouette.fr\/de\/#\/schema\/logo\/image\/\",\"url\":\"https:\/\/www.camping-lagallouette.fr\/wp-content\/uploads\/2021\/10\/logo-bleu-camping-gallouette.png\",\"contentUrl\":\"https:\/\/www.camping-lagallouette.fr\/wp-content\/uploads\/2021\/10\/logo-bleu-camping-gallouette.png\",\"width\":214,\"height\":226,\"caption\":\"Camping La Gallouette\"},\"image\":{\"@id\":\"https:\/\/www.camping-lagallouette.fr\/de\/#\/schema\/logo\/image\/\"}}]}<\/script>\n<!-- \/ Yoast SEO plugin. -->","yoast_head_json":{"title":"\u00d6ko-verantwortliches Campen - W\u00e4hlen Sie einen umweltfreundlichen Campingplatz","description":"Im Cotentin empf\u00e4ngt Sie der Campingplatz La Gallouette **** f\u00fcr einen umweltfreundlichen Urlaub im Herzen der Natur.","robots":{"index":"index","follow":"follow","max-snippet":"max-snippet:-1","max-image-preview":"max-image-preview:large","max-video-preview":"max-video-preview:-1"},"canonical":"https:\/\/www.camping-lagallouette.fr\/de\/camping-ecoresponsable\/","og_locale":"de_DE","og_type":"article","og_title":"\u00d6ko-verantwortliches Campen - W\u00e4hlen Sie einen umweltfreundlichen Campingplatz","og_description":"Im Cotentin empf\u00e4ngt Sie der Campingplatz La Gallouette **** f\u00fcr einen umweltfreundlichen Urlaub im Herzen der Natur.","og_url":"https:\/\/www.camping-lagallouette.fr\/de\/camping-ecoresponsable\/","og_site_name":"Camping Gallouette","article_modified_time":"2025-02-13T13:38:13+00:00","og_image":[{"width":2560,"height":1920,"url":"https:\/\/www.camping-lagallouette.fr\/wp-content\/uploads\/2024\/10\/ile-tatihou-scaled.jpg","type":"image\/jpeg"}],"twitter_card":"summary_large_image","twitter_misc":{"Gesch\u00e4tzte Lesezeit":"1\u00a0Minute"},"schema":{"@context":"https:\/\/schema.org","@graph":[{"@type":"WebPage","@id":"https:\/\/www.camping-lagallouette.fr\/de\/camping-ecoresponsable\/","url":"https:\/\/www.camping-lagallouette.fr\/de\/camping-ecoresponsable\/","name":"\u00d6ko-verantwortliches Campen - W\u00e4hlen Sie einen umweltfreundlichen Campingplatz","isPartOf":{"@id":"https:\/\/www.camping-lagallouette.fr\/de\/#website"},"primaryImageOfPage":{"@id":"https:\/\/www.camping-lagallouette.fr\/de\/camping-ecoresponsable\/#primaryimage"},"image":{"@id":"https:\/\/www.camping-lagallouette.fr\/de\/camping-ecoresponsable\/#primaryimage"},"thumbnailUrl":"https:\/\/www.camping-lagallouette.fr\/wp-content\/uploads\/2024\/10\/ile-tatihou-scaled.jpg","datePublished":"2021-09-20T10:26:22+00:00","dateModified":"2025-02-13T13:38:13+00:00","description":"Im Cotentin empf\u00e4ngt Sie der Campingplatz La Gallouette **** f\u00fcr einen umweltfreundlichen Urlaub im Herzen der Natur.","breadcrumb":{"@id":"https:\/\/www.camping-lagallouette.fr\/de\/camping-ecoresponsable\/#breadcrumb"},"inLanguage":"de","potentialAction":[{"@type":"ReadAction","target":["https:\/\/www.camping-lagallouette.fr\/de\/camping-ecoresponsable\/"]}]},{"@type":"ImageObject","inLanguage":"de","@id":"https:\/\/www.camping-lagallouette.fr\/de\/camping-ecoresponsable\/#primaryimage","url":"https:\/\/www.camping-lagallouette.fr\/wp-content\/uploads\/2024\/10\/ile-tatihou-scaled.jpg","contentUrl":"https:\/\/www.camping-lagallouette.fr\/wp-content\/uploads\/2024\/10\/ile-tatihou-scaled.jpg","width":2560,"height":1920,"caption":"camping bateau"},{"@type":"BreadcrumbList","@id":"https:\/\/www.camping-lagallouette.fr\/de\/camping-ecoresponsable\/#breadcrumb","itemListElement":[{"@type":"ListItem","position":1,"name":"Campingplatz Manche","item":"https:\/\/www.camping-lagallouette.fr\/de\/"},{"@type":"ListItem","position":2,"name":"\u00d6kologisch verantwortliches Camping"}]},{"@type":"WebSite","@id":"https:\/\/www.camping-lagallouette.fr\/de\/#website","url":"https:\/\/www.camping-lagallouette.fr\/de\/","name":"Camping Gallouette","description":"","publisher":{"@id":"https:\/\/www.camping-lagallouette.fr\/de\/#organization"},"potentialAction":[{"@type":"SearchAction","target":{"@type":"EntryPoint","urlTemplate":"https:\/\/www.camping-lagallouette.fr\/de\/?s={search_term_string}"},"query-input":{"@type":"PropertyValueSpecification","valueRequired":true,"valueName":"search_term_string"}}],"inLanguage":"de"},{"@type":"Organization","@id":"https:\/\/www.camping-lagallouette.fr\/de\/#organization","name":"Camping La Gallouette","url":"https:\/\/www.camping-lagallouette.fr\/de\/","logo":{"@type":"ImageObject","inLanguage":"de","@id":"https:\/\/www.camping-lagallouette.fr\/de\/#\/schema\/logo\/image\/","url":"https:\/\/www.camping-lagallouette.fr\/wp-content\/uploads\/2021\/10\/logo-bleu-camping-gallouette.png","contentUrl":"https:\/\/www.camping-lagallouette.fr\/wp-content\/uploads\/2021\/10\/logo-bleu-camping-gallouette.png","width":214,"height":226,"caption":"Camping La Gallouette"},"image":{"@id":"https:\/\/www.camping-lagallouette.fr\/de\/#\/schema\/logo\/image\/"}}]}},"_links":{"self":[{"href":"https:\/\/www.camping-lagallouette.fr\/de\/wp-json\/wp\/v2\/pages\/19824","targetHints":{"allow":["GET"]}}],"collection":[{"href":"https:\/\/www.camping-lagallouette.fr\/de\/wp-json\/wp\/v2\/pages"}],"about":[{"href":"https:\/\/www.camping-lagallouette.fr\/de\/wp-json\/wp\/v2\/types\/page"}],"author":[{"embeddable":true,"href":"https:\/\/www.camping-lagallouette.fr\/de\/wp-json\/wp\/v2\/users\/1"}],"replies":[{"embeddable":true,"href":"https:\/\/www.camping-lagallouette.fr\/de\/wp-json\/wp\/v2\/comments?post=19824"}],"version-history":[{"count":8,"href":"https:\/\/www.camping-lagallouette.fr\/de\/wp-json\/wp\/v2\/pages\/19824\/revisions"}],"predecessor-version":[{"id":23598,"href":"https:\/\/www.camping-lagallouette.fr\/de\/wp-json\/wp\/v2\/pages\/19824\/revisions\/23598"}],"wp:featuredmedia":[{"embeddable":true,"href":"https:\/\/www.camping-lagallouette.fr\/de\/wp-json\/wp\/v2\/media\/22998"}],"wp:attachment":[{"href":"https:\/\/www.camping-lagallouette.fr\/de\/wp-json\/wp\/v2\/media?parent=19824"}],"curies":[{"name":"wp","href":"https:\/\/api.w.org\/{rel}","templated":true}]}}