{"id":17874,"date":"2021-11-26T09:40:21","date_gmt":"2021-11-26T08:40:21","guid":{"rendered":"https:\/\/www.camping-lagallouette.fr\/reglement-interieur\/"},"modified":"2021-11-26T12:03:03","modified_gmt":"2021-11-26T11:03:03","slug":"hausordnung","status":"publish","type":"page","link":"https:\/\/www.camping-lagallouette.fr\/de\/hausordnung\/","title":{"rendered":"R\u00e8glement int\u00e9rieur"},"content":{"rendered":"<section id=\"section-61a09e11a44c1\"\" class=\"section bg-white\" \/><div class=\"container\"><h1 class=\"element section-title center\">Gesch\u00e4ftsordnung<\/h1><\/div><\/section>\n\n<section id=\"section-61a0b37051878\"\" class=\"section bg-white p-t-0\" \/><div class=\"container\"><h2 class=\"element section-title left\">Bedingungen f\u00fcr die Aufnahme und den Aufenthalt<\/h2><div class=\"element bloc-text justify \">\n\t<p>Um einen Campingplatz zu betreten, sich dort niederzulassen oder sich dort aufzuhalten, muss man vom Verwalter oder seinem Vertreter dazu erm\u00e4chtigt worden sein. Letzterer ist verpflichtet, f\u00fcr die gute Ordnung auf dem Campingplatz und die Einhaltung der vorliegenden Campingplatzordnung zu sorgen.<\/p>\n<p>Der Aufenthalt auf dem Campingplatz bedeutet, dass Sie die Bestimmungen der vorliegenden Hausordnung akzeptieren und sich verpflichten, sie einzuhalten.<\/p>\n<p>Niemand darf auf dem Campingplatz eine Wohnung beziehen.<\/p>\n<\/div><\/div><\/section>\n\n<section id=\"section-61a09e3764b80\"\" class=\"section bg-white p-t-0\" \/><div class=\"container\"><h2 class=\"element section-title left\">Polizeiliche Formalit\u00e4ten<\/h2><div class=\"element bloc-text justify \">\n\t<p>Minderj\u00e4hrige, die nicht von ihren Eltern begleitet werden, werden nur mit einer schriftlichen Erlaubnis der Eltern zugelassen.<\/p>\n<p>Gem\u00e4\u00df Artikel R. 611-35 des Code de l&#8217;entr\u00e9e et du s\u00e9jour des \u00e9trangers et du droit d&#8217;asile ist der Verwalter verpflichtet, den Gast mit ausl\u00e4ndischer Staatsangeh\u00f6rigkeit bei seiner Ankunft eine individuelle Polizeikarte ausf\u00fcllen und unterschreiben zu lassen. Diese muss insbesondere folgende Angaben enthalten:<\/p>\n<ol>\n<li>Vorname und Nachname;<\/li>\n<li>Das Geburtsdatum und der Geburtsort;<\/li>\n<li>Die Staatsangeh\u00f6rigkeit;<\/li>\n<li>Der gew\u00f6hnliche Wohnsitz<\/li>\n<\/ol>\n<p>Kinder unter 15 Jahren k\u00f6nnen auf der Karteikarte eines Elternteils aufgef\u00fchrt werden.<\/p>\n<\/div><\/div><\/section>\n\n<section id=\"section-61a09e3764b80\"\" class=\"section bg-white p-t-0\" \/><div class=\"container\"><h2 class=\"element section-title left\">Installation<\/h2><div class=\"element bloc-text justify \">\n\t<p>Die Freiluftunterkunft und die dazugeh\u00f6rige Ausr\u00fcstung m\u00fcssen an dem angegebenen Standort gem\u00e4\u00df den vom Betreiber oder seinem Vertreter erteilten Anweisungen aufgestellt werden.<\/p>\n<\/div><\/div><\/section>\n\n<section id=\"section-61a09e3764b80\"\" class=\"section bg-white p-t-0\" \/><div class=\"container\"><h2 class=\"element section-title left\">Empfangsb\u00fcro<\/h2><div class=\"element bloc-text justify \">\n\t<p>Ge\u00f6ffnet von 8:30 bis 12:30 Uhr und von 14:00 bis 19:00 Uhr. In der Hochsaison von 8.00 bis 13.00 Uhr und von 14.00 bis 20.00 Uhr.<\/p>\n<p>An der Rezeption erhalten Sie alle Informationen \u00fcber die Dienstleistungen des Campingplatzes, die Versorgungsm\u00f6glichkeiten, die Sportanlagen, die Sehensw\u00fcrdigkeiten der Umgebung und verschiedene Adressen, die n\u00fctzlich sein k\u00f6nnen.<\/p>\n<p>Ein System zur Sammlung und Bearbeitung von Beschwerden wird f\u00fcr die G\u00e4ste bereitgehalten.<\/p>\n<\/div><\/div><\/section>\n\n<section id=\"section-61a09e3764b80\"\" class=\"section bg-white p-t-0\" \/><div class=\"container\"><h2 class=\"element section-title left\">Anzeige<\/h2><div class=\"element bloc-text justify \">\n\t<p>Die vorliegende Hausordnung wird am Eingang des Campingplatzes und im Empfangsb\u00fcro ausgeh\u00e4ngt. Sie wird jedem Gast auf Anfrage ausgeh\u00e4ndigt.<\/p>\n<p>Bei klassifizierten Campingpl\u00e4tzen werden die Kategorie der Klassifizierung mit dem Vermerk Tourismus oder Freizeit und die Anzahl der Stellpl\u00e4tze Tourismus oder Freizeit angezeigt.<\/p>\n<p>Die Preise f\u00fcr die verschiedenen Leistungen werden den Kunden gem\u00e4\u00df den durch Erlass des f\u00fcr Verbraucherfragen zust\u00e4ndigen Ministers festgelegten Bedingungen mitgeteilt und sind an der Rezeption einsehbar.<\/p>\n<\/div><\/div><\/section>\n\n<section id=\"section-61a09e3764b80\"\" class=\"section bg-white p-t-0\" \/><div class=\"container\"><h2 class=\"element section-title left\">Modalit\u00e4ten der Ausreise<\/h2><div class=\"element bloc-text justify \">\n\t<p>Die G\u00e4ste werden gebeten, das Empfangsb\u00fcro am Tag vor ihrer Abreise \u00fcber ihre Abreise zu informieren. G\u00e4ste, die beabsichtigen, vor der \u00d6ffnungszeit des Empfangsb\u00fcros abzureisen, m\u00fcssen die Zahlung f\u00fcr ihren Aufenthalt am Vortag vornehmen.<\/p>\n<\/div><\/div><\/section>\n\n<section id=\"section-61a09e3764b80\"\" class=\"section bg-white p-t-0\" \/><div class=\"container\"><h2 class=\"element section-title left\">L\u00e4rm und Stille<\/h2><div class=\"element bloc-text justify \">\n\t<p>Die G\u00e4ste werden gebeten, alle Ger\u00e4usche und Diskussionen zu vermeiden, die ihre Nachbarn st\u00f6ren k\u00f6nnten.<\/p>\n<p>Tonger\u00e4te sollten entsprechend eingestellt werden. Das Schlie\u00dfen von Autot\u00fcren und Kofferr\u00e4umen sollte so leise wie m\u00f6glich sein.<\/p>\n<p>Hunde und andere Tiere d\u00fcrfen nie frei herumlaufen. Sie d\u00fcrfen nicht auf dem Campingplatz zur\u00fcckgelassen werden, auch nicht eingesperrt, wenn ihre Besitzer, die zivilrechtlich f\u00fcr sie verantwortlich sind, nicht anwesend sind.<\/p>\n<p>Der Verwalter sorgt f\u00fcr die Ruhe seiner G\u00e4ste, indem er Zeiten festlegt, in denen absolute Ruhe herrschen muss.<\/p>\n<\/div><\/div><\/section>\n\n<section id=\"section-61a09e3764b80\"\" class=\"section bg-white p-t-0\" \/><div class=\"container\"><h2 class=\"element section-title left\">Besucher<\/h2><div class=\"element bloc-text justify \">\n\t<p>Nach der Genehmigung durch den Verwalter oder seinen Vertreter k\u00f6nnen Besucher auf dem Campingplatz unter der Verantwortung der Camper, die sie empfangen, zugelassen werden.<\/p>\n<p>Der Gast kann einen oder mehrere Besucher an der Rezeption empfangen. Die Leistungen und Einrichtungen der Campingpl\u00e4tze sind f\u00fcr Besucher zug\u00e4nglich. Die Nutzung dieser Einrichtungen kann jedoch nach einem Tarif kostenpflichtig sein, der am Eingang des Campingplatzes und am Empfangsb\u00fcro ausgeh\u00e4ngt werden muss.<\/p>\n<p>Autos von Besuchern sind auf dem Campingplatz nicht erlaubt.<\/p>\n<\/div><\/div><\/section>\n\n<section id=\"section-61a09e3764b80\"\" class=\"section bg-white p-t-0\" \/><div class=\"container\"><h2 class=\"element section-title left\">Verkehr und Parken von Fahrzeugen<\/h2><div class=\"element bloc-text justify \">\n\t<p>Innerhalb des Campingplatzes d\u00fcrfen Fahrzeuge nur mit begrenzter Geschwindigkeit fahren.<\/p>\n<p>Der Verkehr ist von 7:45 Uhr bis 22:30 Uhr erlaubt.<\/p>\n<p>Auf dem Campingplatz d\u00fcrfen nur Fahrzeuge fahren, die den Campern geh\u00f6ren, die sich dort aufhalten. Das Parken ist auf den \u00fcblicherweise von Unterk\u00fcnften belegten Pl\u00e4tzen strengstens untersagt, es sei denn, es wurde ein Parkplatz daf\u00fcr vorgesehen. Das Parken darf den Verkehr nicht behindern oder die Ansiedlung von Neuank\u00f6mmlingen verhindern.<\/p>\n<\/div><\/div><\/section>\n\n<section id=\"section-61a09e3764b80\"\" class=\"section bg-white p-t-0\" \/><div class=\"container\"><h2 class=\"element section-title left\">Haltung und Aussehen der Einrichtungen<\/h2><div class=\"element bloc-text justify \">\n\t<p>Jeder ist verpflichtet, alles zu unterlassen, was die Sauberkeit, die Hygiene und das Aussehen des Campingplatzes und seiner Einrichtungen, insbesondere der Sanit\u00e4ranlagen, beeintr\u00e4chtigen k\u00f6nnte.<\/p>\n<p>Es ist verboten, Abwasser auf den Boden oder in die Rinnsteine zu werfen.<\/p>\n<p>Die G\u00e4ste m\u00fcssen die Abw\u00e4sser in die daf\u00fcr vorgesehenen Einrichtungen entleeren.<\/p>\n<p>Hausm\u00fcll, Abf\u00e4lle aller Art und Papier m\u00fcssen in den M\u00fclleimern entsorgt werden.<\/p>\n<p>Das Waschen ist au\u00dferhalb der daf\u00fcr vorgesehenen Beh\u00e4lter strengstens untersagt.<\/p>\n<p>Das Aufh\u00e4ngen der W\u00e4sche erfolgt ggf. im gemeinsamen Trockenraum. Es wird jedoch bis 10 Uhr in der N\u00e4he der Unterk\u00fcnfte toleriert, unter der Bedingung, dass es diskret ist und die Nachbarn nicht st\u00f6rt. Er darf niemals von B\u00e4umen aus erfolgen.<\/p>\n<p>Anpflanzungen und Blumenschmuck m\u00fcssen respektiert werden. Es ist verboten, N\u00e4gel in die B\u00e4ume zu schlagen, \u00c4ste abzuschneiden oder Anpflanzungen vorzunehmen.<\/p>\n<p>Es ist nicht erlaubt, den Standort einer Einrichtung mit pers\u00f6nlichen Mitteln abzugrenzen oder den Boden umzugraben.<\/p>\n<p>F\u00fcr die Reparatur von Sch\u00e4den an der Vegetation, den Z\u00e4unen, dem Gel\u00e4nde oder den Einrichtungen des Campingplatzes ist der Verursacher verantwortlich.<\/p>\n<p>Der w\u00e4hrend des Aufenthalts genutzte Stellplatz muss in dem Zustand erhalten bleiben, in dem der Camper ihn bei seinem Einzug vorgefunden hat.<\/p>\n<\/div><\/div><\/section>\n\n<section id=\"section-61a09e3764b80\"\" class=\"section bg-white p-t-0\" \/><div class=\"container\"><h2 class=\"element section-title left\">Sicherheit<\/h2><div class=\"element bloc-text justify \">\n\t<ol>\n<li> Feuer<\/br> Offene Feuer (Holz, Kohle usw.) sind strengstens verboten. Kocher m\u00fcssen in gutem Zustand gehalten werden und d\u00fcrfen nicht unter gef\u00e4hrlichen Bedingungen verwendet werden.\n<p>Im Falle eines Brandes ist sofort die Schulleitung zu benachrichtigen. Feuerl\u00f6scher k\u00f6nnen im Bedarfsfall benutzt werden.<\/p>\n<p>Ein Erste-Hilfe-Kasten f\u00fcr den Notfall befindet sich im Empfangsb\u00fcro.<\/li>\n<li>Diebstahl<\/br> Die Direktion ist f\u00fcr die im B\u00fcro hinterlegten Gegenst\u00e4nde verantwortlich und hat eine allgemeine Aufsichtspflicht f\u00fcr den Campingplatz. Der Camper beh\u00e4lt die Verantwortung f\u00fcr seine eigene Anlage und muss dem Manager die Anwesenheit verd\u00e4chtiger Personen melden. Die G\u00e4ste werden gebeten, die \u00fcblichen Vorsichtsma\u00dfnahmen zur Sicherung ihrer Ausr\u00fcstung zu treffen.<\/li>\n<\/ol>\n<\/div><\/div><\/section>\n\n<section id=\"section-61a09e3764b80\"\" class=\"section bg-white p-t-0\" \/><div class=\"container\"><h2 class=\"element section-title left\">Spiele<\/h2><div class=\"element bloc-text justify \">\n\t<p>In der N\u00e4he der Einrichtungen d\u00fcrfen keine gewaltt\u00e4tigen oder st\u00f6renden Spiele veranstaltet werden.<\/p>\n<p>Der Versammlungsraum darf nicht f\u00fcr bewegte Spiele genutzt werden.<\/p>\n<p>Kinder m\u00fcssen immer von ihren Eltern beaufsichtigt werden.<\/p>\n<\/div><\/div><\/section>\n\n<section id=\"section-61a09e3764b80\"\" class=\"section bg-white p-t-0\" \/><div class=\"container\"><h2 class=\"element section-title left\">Tote Garage<\/h2><div class=\"element bloc-text justify \">\n\t<p>Es darf nur nach Absprache mit der Direktion und nur auf dem angegebenen Stellplatz nicht besetztes Material auf dem Gel\u00e4nde zur\u00fcckgelassen werden. Diese Leistung kann kostenpflichtig sein.<\/p>\n<\/div><\/div><\/section>\n\n<section id=\"section-61a09e3764b80\"\" class=\"section bg-white p-t-0\" \/><div class=\"container\"><h2 class=\"element section-title left\">Versto\u00df gegen die Hausordnung<\/h2><div class=\"element bloc-text justify \">\n\t<p>Falls ein Bewohner den Aufenthalt der anderen Nutzer st\u00f6rt oder die Bestimmungen der vorliegenden Hausordnung nicht einh\u00e4lt, kann der Verwalter oder sein Vertreter, wenn er es f\u00fcr n\u00f6tig h\u00e4lt, den Bewohner m\u00fcndlich oder schriftlich auffordern, die St\u00f6rungen zu unterlassen.<\/p>\n<p>Im Falle eines schwerwiegenden oder wiederholten Versto\u00dfes gegen die Hausordnung und nach Aufforderung durch den Verwalter, sich daran zu halten, kann dieser den Vertrag k\u00fcndigen.<\/p>\n<p>Im Falle eines strafrechtlichen Versto\u00dfes kann der Verwalter die Ordnungskr\u00e4fte hinzuziehen.<\/p>\n<p>Besondere Bedingungen:<\/p>\n<ul>.<\/p>\n<li>2.1. Minderj\u00e4hrige, die nicht von ihren Eltern begleitet werden, werden nur mit einer schriftlichen Erlaubnis der Eltern und nach Genehmigung des Verwalters oder seines Vertreters zugelassen.\n<\/li>\n<p>.<\/p>\n<li>8.1.  Die Anwesenheit von Besuchern auf dem Campingplatz ist zwischen 10 Uhr und 21 Uhr gestattet.<\/li>\n<p>.<\/p>\n<li>10.1. Das Reinigen von Fahrzeugen ist auf dem Campingplatz strengstens untersagt.<\/li>\n<p>.<\/p>\n<li>10.2. Papier-, Plastik- und Glasabf\u00e4lle m\u00fcssen in den daf\u00fcr vorgesehenen M\u00fclltrennungscontainern entsorgt werden. Au\u00dferhalb dieser M\u00fclltonnen und Container darf kein Abfall entsorgt werden. Sperrige Gegenst\u00e4nde d\u00fcrfen NICHT neben oder in den M\u00fclltonnen und Containern gelagert werden.\n<ul>\n<li>a) Grills m\u00fcssen um 22 Uhr ausgeschaltet werden. L\u2019usage des barbecues jetables est strictement interdit.<\/li>\n<\/ul>\n<\/li>\n<li>13.1. La prestation \u00ab Garage mort \u00bb ne comprend pas le branchement \u00e9lectrique<\/li>\n<\/ul>\n<\/div><\/div><\/section>\n\n<section id=\"section-61a09e3764b80\"\" class=\"section bg-white p-t-0\" \/><div class=\"container\"><h2 class=\"element section-title left\">Tiere<\/h2><div class=\"element bloc-text justify \">\n\t<p>Tierbesitzer m\u00fcssen bei ihrer Ankunft den Impfpass vorlegen.<\/p>\n<p>Auf dem Campingplatz werden keine Hinterlassenschaften geduldet und m\u00fcssen vom Tierbesitzer sofort beseitigt werden, andernfalls droht der Ausschluss.<\/p>\n<\/div><\/div><\/section>","protected":false},"excerpt":{"rendered":"","protected":false},"author":1,"featured_media":17861,"parent":0,"menu_order":0,"comment_status":"closed","ping_status":"closed","template":"","meta":{"_acf_changed":false,"footnotes":""},"class_list":["post-17874","page","type-page","status-publish","has-post-thumbnail","hentry"],"acf":[],"yoast_head":"<!-- This site is optimized with the Yoast SEO plugin v25.3 - https:\/\/yoast.com\/wordpress\/plugins\/seo\/ -->\n<title>Hausordnung - Camping La Gallouette 4 ****<\/title>\n<meta name=\"robots\" content=\"noindex, nofollow\" \/>\n<meta property=\"og:locale\" content=\"de_DE\" \/>\n<meta property=\"og:type\" content=\"article\" \/>\n<meta property=\"og:title\" content=\"Hausordnung - Camping La Gallouette 4 ****\" \/>\n<meta property=\"og:url\" content=\"https:\/\/www.camping-lagallouette.fr\/de\/hausordnung\/\" \/>\n<meta property=\"og:site_name\" content=\"Camping Gallouette\" \/>\n<meta property=\"article:modified_time\" content=\"2021-11-26T11:03:03+00:00\" \/>\n<meta property=\"og:image\" content=\"https:\/\/www.camping-lagallouette.fr\/wp-content\/uploads\/2021\/11\/reglement-interieur.jpg\" \/>\n\t<meta property=\"og:image:width\" content=\"1900\" \/>\n\t<meta property=\"og:image:height\" content=\"700\" \/>\n\t<meta property=\"og:image:type\" content=\"image\/jpeg\" \/>\n<meta name=\"twitter:card\" content=\"summary_large_image\" \/>\n<script type=\"application\/ld+json\" class=\"yoast-schema-graph\">{\"@context\":\"https:\/\/schema.org\",\"@graph\":[{\"@type\":\"WebPage\",\"@id\":\"https:\/\/www.camping-lagallouette.fr\/de\/hausordnung\/\",\"url\":\"https:\/\/www.camping-lagallouette.fr\/de\/hausordnung\/\",\"name\":\"Hausordnung - Camping La Gallouette 4 ****\",\"isPartOf\":{\"@id\":\"https:\/\/www.camping-lagallouette.fr\/de\/#website\"},\"primaryImageOfPage\":{\"@id\":\"https:\/\/www.camping-lagallouette.fr\/de\/hausordnung\/#primaryimage\"},\"image\":{\"@id\":\"https:\/\/www.camping-lagallouette.fr\/de\/hausordnung\/#primaryimage\"},\"thumbnailUrl\":\"https:\/\/www.camping-lagallouette.fr\/wp-content\/uploads\/2021\/11\/reglement-interieur.jpg\",\"datePublished\":\"2021-11-26T08:40:21+00:00\",\"dateModified\":\"2021-11-26T11:03:03+00:00\",\"breadcrumb\":{\"@id\":\"https:\/\/www.camping-lagallouette.fr\/de\/hausordnung\/#breadcrumb\"},\"inLanguage\":\"de\",\"potentialAction\":[{\"@type\":\"ReadAction\",\"target\":[\"https:\/\/www.camping-lagallouette.fr\/de\/hausordnung\/\"]}]},{\"@type\":\"ImageObject\",\"inLanguage\":\"de\",\"@id\":\"https:\/\/www.camping-lagallouette.fr\/de\/hausordnung\/#primaryimage\",\"url\":\"https:\/\/www.camping-lagallouette.fr\/wp-content\/uploads\/2021\/11\/reglement-interieur.jpg\",\"contentUrl\":\"https:\/\/www.camping-lagallouette.fr\/wp-content\/uploads\/2021\/11\/reglement-interieur.jpg\",\"width\":1900,\"height\":700,\"caption\":\"reglement interieur\"},{\"@type\":\"BreadcrumbList\",\"@id\":\"https:\/\/www.camping-lagallouette.fr\/de\/hausordnung\/#breadcrumb\",\"itemListElement\":[{\"@type\":\"ListItem\",\"position\":1,\"name\":\"Campingplatz Manche\",\"item\":\"https:\/\/www.camping-lagallouette.fr\/de\/\"},{\"@type\":\"ListItem\",\"position\":2,\"name\":\"Gesch\u00e4ftsordnung\"}]},{\"@type\":\"WebSite\",\"@id\":\"https:\/\/www.camping-lagallouette.fr\/de\/#website\",\"url\":\"https:\/\/www.camping-lagallouette.fr\/de\/\",\"name\":\"Camping Gallouette\",\"description\":\"\",\"publisher\":{\"@id\":\"https:\/\/www.camping-lagallouette.fr\/de\/#organization\"},\"potentialAction\":[{\"@type\":\"SearchAction\",\"target\":{\"@type\":\"EntryPoint\",\"urlTemplate\":\"https:\/\/www.camping-lagallouette.fr\/de\/?s={search_term_string}\"},\"query-input\":{\"@type\":\"PropertyValueSpecification\",\"valueRequired\":true,\"valueName\":\"search_term_string\"}}],\"inLanguage\":\"de\"},{\"@type\":\"Organization\",\"@id\":\"https:\/\/www.camping-lagallouette.fr\/de\/#organization\",\"name\":\"Camping La Gallouette\",\"url\":\"https:\/\/www.camping-lagallouette.fr\/de\/\",\"logo\":{\"@type\":\"ImageObject\",\"inLanguage\":\"de\",\"@id\":\"https:\/\/www.camping-lagallouette.fr\/de\/#\/schema\/logo\/image\/\",\"url\":\"https:\/\/www.camping-lagallouette.fr\/wp-content\/uploads\/2021\/10\/logo-bleu-camping-gallouette.png\",\"contentUrl\":\"https:\/\/www.camping-lagallouette.fr\/wp-content\/uploads\/2021\/10\/logo-bleu-camping-gallouette.png\",\"width\":214,\"height\":226,\"caption\":\"Camping La Gallouette\"},\"image\":{\"@id\":\"https:\/\/www.camping-lagallouette.fr\/de\/#\/schema\/logo\/image\/\"}}]}<\/script>\n<!-- \/ Yoast SEO plugin. -->","yoast_head_json":{"title":"Hausordnung - Camping La Gallouette 4 ****","robots":{"index":"noindex","follow":"nofollow"},"og_locale":"de_DE","og_type":"article","og_title":"Hausordnung - Camping La Gallouette 4 ****","og_url":"https:\/\/www.camping-lagallouette.fr\/de\/hausordnung\/","og_site_name":"Camping Gallouette","article_modified_time":"2021-11-26T11:03:03+00:00","og_image":[{"width":1900,"height":700,"url":"https:\/\/www.camping-lagallouette.fr\/wp-content\/uploads\/2021\/11\/reglement-interieur.jpg","type":"image\/jpeg"}],"twitter_card":"summary_large_image","schema":{"@context":"https:\/\/schema.org","@graph":[{"@type":"WebPage","@id":"https:\/\/www.camping-lagallouette.fr\/de\/hausordnung\/","url":"https:\/\/www.camping-lagallouette.fr\/de\/hausordnung\/","name":"Hausordnung - Camping La Gallouette 4 ****","isPartOf":{"@id":"https:\/\/www.camping-lagallouette.fr\/de\/#website"},"primaryImageOfPage":{"@id":"https:\/\/www.camping-lagallouette.fr\/de\/hausordnung\/#primaryimage"},"image":{"@id":"https:\/\/www.camping-lagallouette.fr\/de\/hausordnung\/#primaryimage"},"thumbnailUrl":"https:\/\/www.camping-lagallouette.fr\/wp-content\/uploads\/2021\/11\/reglement-interieur.jpg","datePublished":"2021-11-26T08:40:21+00:00","dateModified":"2021-11-26T11:03:03+00:00","breadcrumb":{"@id":"https:\/\/www.camping-lagallouette.fr\/de\/hausordnung\/#breadcrumb"},"inLanguage":"de","potentialAction":[{"@type":"ReadAction","target":["https:\/\/www.camping-lagallouette.fr\/de\/hausordnung\/"]}]},{"@type":"ImageObject","inLanguage":"de","@id":"https:\/\/www.camping-lagallouette.fr\/de\/hausordnung\/#primaryimage","url":"https:\/\/www.camping-lagallouette.fr\/wp-content\/uploads\/2021\/11\/reglement-interieur.jpg","contentUrl":"https:\/\/www.camping-lagallouette.fr\/wp-content\/uploads\/2021\/11\/reglement-interieur.jpg","width":1900,"height":700,"caption":"reglement interieur"},{"@type":"BreadcrumbList","@id":"https:\/\/www.camping-lagallouette.fr\/de\/hausordnung\/#breadcrumb","itemListElement":[{"@type":"ListItem","position":1,"name":"Campingplatz Manche","item":"https:\/\/www.camping-lagallouette.fr\/de\/"},{"@type":"ListItem","position":2,"name":"Gesch\u00e4ftsordnung"}]},{"@type":"WebSite","@id":"https:\/\/www.camping-lagallouette.fr\/de\/#website","url":"https:\/\/www.camping-lagallouette.fr\/de\/","name":"Camping Gallouette","description":"","publisher":{"@id":"https:\/\/www.camping-lagallouette.fr\/de\/#organization"},"potentialAction":[{"@type":"SearchAction","target":{"@type":"EntryPoint","urlTemplate":"https:\/\/www.camping-lagallouette.fr\/de\/?s={search_term_string}"},"query-input":{"@type":"PropertyValueSpecification","valueRequired":true,"valueName":"search_term_string"}}],"inLanguage":"de"},{"@type":"Organization","@id":"https:\/\/www.camping-lagallouette.fr\/de\/#organization","name":"Camping La Gallouette","url":"https:\/\/www.camping-lagallouette.fr\/de\/","logo":{"@type":"ImageObject","inLanguage":"de","@id":"https:\/\/www.camping-lagallouette.fr\/de\/#\/schema\/logo\/image\/","url":"https:\/\/www.camping-lagallouette.fr\/wp-content\/uploads\/2021\/10\/logo-bleu-camping-gallouette.png","contentUrl":"https:\/\/www.camping-lagallouette.fr\/wp-content\/uploads\/2021\/10\/logo-bleu-camping-gallouette.png","width":214,"height":226,"caption":"Camping La Gallouette"},"image":{"@id":"https:\/\/www.camping-lagallouette.fr\/de\/#\/schema\/logo\/image\/"}}]}},"_links":{"self":[{"href":"https:\/\/www.camping-lagallouette.fr\/de\/wp-json\/wp\/v2\/pages\/17874","targetHints":{"allow":["GET"]}}],"collection":[{"href":"https:\/\/www.camping-lagallouette.fr\/de\/wp-json\/wp\/v2\/pages"}],"about":[{"href":"https:\/\/www.camping-lagallouette.fr\/de\/wp-json\/wp\/v2\/types\/page"}],"author":[{"embeddable":true,"href":"https:\/\/www.camping-lagallouette.fr\/de\/wp-json\/wp\/v2\/users\/1"}],"replies":[{"embeddable":true,"href":"https:\/\/www.camping-lagallouette.fr\/de\/wp-json\/wp\/v2\/comments?post=17874"}],"version-history":[{"count":6,"href":"https:\/\/www.camping-lagallouette.fr\/de\/wp-json\/wp\/v2\/pages\/17874\/revisions"}],"predecessor-version":[{"id":17881,"href":"https:\/\/www.camping-lagallouette.fr\/de\/wp-json\/wp\/v2\/pages\/17874\/revisions\/17881"}],"wp:featuredmedia":[{"embeddable":true,"href":"https:\/\/www.camping-lagallouette.fr\/de\/wp-json\/wp\/v2\/media\/17861"}],"wp:attachment":[{"href":"https:\/\/www.camping-lagallouette.fr\/de\/wp-json\/wp\/v2\/media?parent=17874"}],"curies":[{"name":"wp","href":"https:\/\/api.w.org\/{rel}","templated":true}]}}