{"id":17754,"date":"2021-10-27T09:27:24","date_gmt":"2021-10-27T07:27:24","guid":{"rendered":"https:\/\/www.camping-lagallouette.fr\/politique-de-confidentialite\/"},"modified":"2021-12-01T13:43:10","modified_gmt":"2021-12-01T12:43:10","slug":"datenschutzrichtlinie","status":"publish","type":"page","link":"https:\/\/www.camping-lagallouette.fr\/de\/datenschutzrichtlinie\/","title":{"rendered":"Politique de confidentialit\u00e9"},"content":{"rendered":"<section id=\"section-6178ff6ed00cb\"\" class=\"section bg-white\" \/><div class=\"container extralarge\"><h1 class=\"element section-title center m-b-4\">Datenschutzrichtlinie<\/h1><div class=\"element bloc-text justify \">\n\t<p>Diese Datenschutzrichtlinie beschreibt die personenbezogenen Daten, die gesammelt oder erzeugt (verarbeitet) werden, wenn Sie die Website nutzen. Diese Datenschutzrichtlinie beschreibt die Arten von personenbezogenen Daten, die gesammelt werden, wenn Sie unsere Website nutzen, und wie Ihre personenbezogenen Daten verwendet, weitergegeben und gesch\u00fctzt werden. Sie erkl\u00e4rt auch, welche Wahlm\u00f6glichkeiten Sie in Bezug auf Ihre personenbezogenen Daten haben und wie Sie uns kontaktieren k\u00f6nnen.<\/p>\n<h2>Inhaltsverzeichnis<\/h2>\n<ol>\n<li><a href=\"#gdpr-1\">Wer sind wir?<\/a><\/li>\n<li><a href=\"#gdpr-2\">Verwendung der gesammelten pers\u00f6nlichen Daten<\/a><\/li>\n<li><a href=\"#gdpr-3\">Kommentare<\/a><\/li>\n<li><a href=\"#gdpr-4\">Medien<\/a><\/li>\n<li><a href=\"#gdpr-5\">Kontaktformulare<\/a><\/li>\n<li><a href=\"#gdpr-6\">Verwendung von Cookies<\/a><\/li>\n<li><a href=\"#gdpr-7\">Statistiken und Messung des Publikums<\/a><\/li>\n<li><a href=\"#gdpr-8\">Speicherfristen f\u00fcr Ihre Daten<\/a><\/li>\n<li><a href=\"#gdpr-9\">Die Rechte, die Sie \u00fcber Ihre Daten haben<\/a><\/li>\n<li><a href=\"#gdpr-10\">\u00dcbermittlung Ihrer pers\u00f6nlichen Daten<\/a><\/li>\n<li><a href=\"#gdpr-11\">Wie wir Ihre Daten sch\u00fctzen<\/a><\/li>\n<li><a href=\"#gdpr-12\">Kontaktinformationen<\/a><\/li>\n<\/ol>\n<h2 id=\"gdpr-1\">Wer sind wir?<\/h2>\n<p>Entdecken Sie alle unsere Informationen auf der Seite <a href=\"\/mentions-legales\/\">Rechtliche Hinweise<\/a>.<\/p>\n<h2 id=\"gdpr-2\">Nutzung der erfassten personenbezogenen Daten<\/h2>\n<p>.<\/p>\n<p>Wir sammeln automatisch und direkt keine Daten \u00fcber Sie.<\/p>\n<p>Dessen ungeachtet k\u00f6nnen wir Daten, einschlie\u00dflich personenbezogener Daten, von Dritten sammeln (siehe Abschnitt <a href=\"#gdpr-5\">Cookies<\/a>).<\/p>\n<h2 id=\"gdpr-3\">Kommentare<\/h2>\n<p>.<\/p>\n<p>Wenn Sie einen Kommentar auf unserer Website hinterlassen, werden nicht nur die im Kommentarformular eingetragenen Daten, sondern auch Ihre IP-Adresse und der User Agent Ihres Browsers erfasst, um uns bei der Erkennung unerw\u00fcnschter Kommentare zu helfen.<\/p>\n<p>Eine aus Ihrer E-Mail-Adresse erstellte anonymisierte Zeichenfolge (auch Hash genannt) kann an den Gravatar-Dienst gesendet werden, um zu \u00fcberpr\u00fcfen, ob Sie diesen Dienst nutzen. Die Datenschutzbestimmungen des Gravatar-Dienstes finden Sie unter https:\/\/automattic.com\/privacy\/. Nachdem Sie Ihren Kommentar freigeschaltet haben, wird Ihr Profilbild neben Ihrem Kommentar \u00f6ffentlich sichtbar sein.<\/p>\n<h2 id=\"gdpr-4\">Medien<\/h2>\n<p>.<\/p>\n<p>Wenn Sie als registrierte\/r Nutzer\/in Bilder auf die Website hochladen, sollten Sie es vermeiden, Bilder hochzuladen, die EXIF-Daten von GPS-Koordinaten enthalten. Die Besucher Ihrer Website k\u00f6nnen aus diesen Bildern Standortdaten herunterladen und extrahieren.<\/p>\n<h2 id=\"gdpr-5\">Kontaktformulare<\/h2>\n<p>.<\/p>\n<p>Sie k\u00f6nnen sich daf\u00fcr entscheiden, uns Informationen mitzuteilen, wenn Sie ein Formular ausf\u00fcllen. Diese Informationen werden uns per E-Mail \u00fcbermittelt und nicht anders als in unserem E-Mail-Dienst gespeichert; diese Informationen werden ausschlie\u00dflich dazu verwendet, Ihre Anfrage zu beantworten. Wenn Ihre Informationen zu kommerziellen Zwecken verwendet werden, wird dies am Ende des Formulars angegeben. Wir werden immer Ihre Zustimmung einholen, wenn wir Informationen \u00fcber ein Formular sammeln.<\/p>\n<h2 id=\"gdpr-6\">Verwendung von Cookies<\/h2>\n<p>.<\/p>\n<p><strong>Was ist ein Cookie?<\/strong>.<br \/>\nEin Cookie ist eine kleine Datendatei, die auf Ihr Ger\u00e4t \u00fcbertragen und dort gespeichert wird. Konkret erm\u00f6glicht uns ein Cookie zum Beispiel, Ihren Browser oder Ihre Sprache zu erkennen oder Ihre Einstellungen zu speichern.<br \/>\nAuf unserer Website werden zwei Arten von Cookies verwendet: &#8222;Sitzungscookies&#8220; und &#8222;dauerhafte Cookies&#8220;. Sitzungscookies verfallen, wenn Sie Ihren Browser schlie\u00dfen, w\u00e4hrend dauerhafte Cookies auf Ihrem Ger\u00e4t verbleiben, nachdem Sie Ihren Browser geschlossen haben, und bei Ihrem n\u00e4chsten Besuch auf unserer Website wieder verwendet werden k\u00f6nnen.<\/p>\n<p>Weitere Informationen finden Sie unter <a href=\"https:\/\/www.allaboutcookies.org\/fr\/\" target=\"_blank\" rel=\"noopener\">allaboutcookies.org<\/a>.<\/p>\n<p><strong>Unsere Cookies<\/strong>.<\/p>\n<p>Wenn Sie einen Kommentar auf unserer Website abgeben, wird Ihnen angeboten, Ihren Namen, Ihre E-Mail-Adresse und Ihre Website in Cookies zu speichern. Dies dient lediglich Ihrer Bequemlichkeit, damit Sie diese Informationen nicht eingeben m\u00fcssen, wenn Sie sp\u00e4ter einen weiteren Kommentar abgeben. Diese Cookies laufen nach einem Jahr ab.<\/p>\n<p>Wenn Sie ein Konto haben und sich auf dieser Website anmelden, wird ein tempor\u00e4res Cookie erstellt, um festzustellen, ob Ihr Browser Cookies akzeptiert. Es enth\u00e4lt keine personenbezogenen Daten und wird automatisch gel\u00f6scht, wenn Sie Ihren Browser schlie\u00dfen.<\/p>\n<p>Wenn Sie sich anmelden, werden wir eine Reihe von Cookies setzen, um Ihre Anmeldeinformationen und Bildschirmeinstellungen zu speichern. Die Lebensdauer eines Anmelde-Cookies betr\u00e4gt zwei Tage, die eines Cookies f\u00fcr die Bildschirmeinstellungen ein Jahr. Wenn Sie &#8222;An mich erinnern&#8220; ankreuzen, wird Ihr Anmelde-Cookie zwei Wochen lang gespeichert. Wenn Sie sich von Ihrem Konto abmelden, wird das Anmelde-Cookie gel\u00f6scht.<\/p>\n<p>Wenn Sie einen Artikel bearbeiten oder ver\u00f6ffentlichen, wird ein zus\u00e4tzliches Cookie in Ihrem Browser gespeichert. Dieses Cookie enth\u00e4lt keine pers\u00f6nlichen Daten. Es zeigt lediglich die Kennung des Artikels an, den Sie gerade bearbeitet haben. Es l\u00e4uft nach einem Tag ab.<\/p>\n<p><strong>Die Cookies von Drittanbietern<\/strong>.<\/p>\n<p>Die Artikel auf dieser Website k\u00f6nnen eingebettete Inhalte enthalten (z. B. Videos, Bilder, Artikel &#8230;). Von anderen Websites eingebettete Inhalte verhalten sich genauso, als w\u00fcrde der Besucher diese andere Website besuchen.<\/p>\n<p>Diese Websites k\u00f6nnen Daten \u00fcber Sie sammeln, Cookies verwenden, Tracking-Tools von Drittanbietern einbetten und Ihre Interaktionen mit diesen eingebetteten Inhalten verfolgen, wenn Sie ein angemeldetes Konto auf ihrer Website haben.<\/p>\n<p>Wir k\u00f6nnen bestimmten Gesch\u00e4ftspartnern gestatten, Technologien auf unserer Website zu installieren. Diese Partner setzen diese Technologien ein, um uns bei der Analyse der Art und Weise, wie Sie die Website nutzen, zu unterst\u00fctzen, z. B. indem sie die Dienste Dritter, \u00fcber die Sie auf die Plattform gelangt sind, aufzeichnen, unsere Dienste auf unserer Website und auf den Websites Dritter vermarkten und bewerben, uns bei der Aufdeckung und Verhinderung von Betrug oder bei der Durchf\u00fchrung von Risikobewertungen helfen oder Informationen \u00fcber Ihre Aktivit\u00e4ten auf der Website sammeln.<\/p>\n<p>Unsere Website kann Social Plugins verwenden, die von Drittunternehmen bereitgestellt und betrieben werden, wie z. B. die &#8222;Gef\u00e4llt mir&#8220;-Schaltfl\u00e4che von Facebook. Infolgedessen k\u00f6nnen Sie Informationen, die Sie in einem bestimmten Bereich unserer Website ansehen, an den Dritten senden. Wenn Sie nicht in Ihr bei der Drittpartei er\u00f6ffnetes Konto eingeloggt sind, kann die Drittpartei Ihre Identit\u00e4t nicht erfahren. Wenn Sie in Ihr Konto bei der Drittpartei eingeloggt sind, kann die Drittpartei Informationen oder Aktionen, die sich auf Ihre Interaktionen mit unserer Website beziehen, mit dem Konto, das Sie bei der Drittpartei haben, verkn\u00fcpfen. Bitte lesen Sie die Datenschutzrichtlinien der Drittpartei, um mehr \u00fcber deren Datenpraktiken zu erfahren.<\/p>\n<p>Eine Liste der auf dieser Website verwendeten Cookies von Drittanbietern ist \u00fcber das <a href=\"\/#moove_gdpr_cookie_modal\">Cookie-Management-Panel<\/a> abrufbar.<\/p>\n<h2 id=\"gdpr-7\">Statistik und Messung des Publikums<\/h2>\n<p>.<\/p>\n<p>Im Bereich der Analyse arbeiten wir mit Google Analytics, um Informationen \u00fcber die Nutzung unserer Website zu erhalten, damit wir diese verbessern k\u00f6nnen. Dies kann \u00fcber das <a href=\"\/#moove_gdpr_cookie_modal\">Cookie-Management-Panel<\/a> deaktiviert werden.<\/p>\n<p>Um zu verhindern, dass Google Analytics Ihre Informationen zu Analysezwecken verwendet, k\u00f6nnen Sie auch das Browser-Add-on zur Deaktivierung von Google Analytics installieren, indem Sie <a href=\"https:\/\/tools.google.com\/dlpage\/gaoptout\" target=\"_blank\" rel=\"noopener\">hier<\/a> klicken. Beachten Sie, dass wir keine Kontrolle \u00fcber diesen Deaktivierungslink haben und nicht f\u00fcr die Verf\u00fcgbarkeit oder Richtigkeit dieses Mechanismus verantwortlich sind. Besuchen Sie <a href=\"https:\/\/support.google.com\/analytics\/answer\/6004245\" target=\"_blank\" rel=\"noopener\">diese Dokumentation<\/a> f\u00fcr weitere Informationen.<\/p>\n<h2 id=\"gdpr-8\">Dauer der Speicherung Ihrer Daten<\/h2>\n<p>.<\/p>\n<p>Wenn Sie einen Kommentar hinterlassen, werden der Kommentar und seine Metadaten auf unbestimmte Zeit gespeichert. Dadurch k\u00f6nnen nachfolgende Kommentare automatisch erkannt und genehmigt werden, anstatt sie in der Moderationswarteschlange zu belassen.<\/p>\n<p>F\u00fcr Nutzer und Nutzerinnen, die sich auf unserer Seite registrieren (sofern dies m\u00f6glich ist), speichern wir auch die in ihrem Profil angegebenen pers\u00f6nlichen Daten. Alle Nutzer\/innen k\u00f6nnen ihre pers\u00f6nlichen Daten jederzeit einsehen, \u00e4ndern oder l\u00f6schen (mit Ausnahme ihres Benutzernamens). Auch die Verwalter der Website k\u00f6nnen diese Informationen einsehen und \u00e4ndern.<\/p>\n<h2 id=\"gdpr-9\">Die Rechte, die Sie \u00fcber Ihre Daten haben<\/h2>\n<p>.<\/p>\n<p>Wenn Sie ein Konto haben oder Kommentare auf der Website hinterlassen haben, k\u00f6nnen Sie eine Datei anfordern, die alle personenbezogenen Daten enth\u00e4lt, die wir \u00fcber Sie gespeichert haben, einschlie\u00dflich der Daten, die Sie uns zur Verf\u00fcgung gestellt haben. Sie k\u00f6nnen auch verlangen, dass die personenbezogenen Daten \u00fcber Sie gel\u00f6scht werden. Dies gilt nicht f\u00fcr Daten, die f\u00fcr administrative oder rechtliche Zwecke oder aus Sicherheitsgr\u00fcnden gespeichert werden.<\/p>\n<h2 id=\"gdpr-10\">\u00dcbermittlung Ihrer personenbezogenen Daten<\/h2>\n<p>.<\/p>\n<p>Die Kommentare von Besuchern k\u00f6nnen mithilfe eines automatisierten Dienstes zur Erkennung unerw\u00fcnschter Kommentare \u00fcberpr\u00fcft werden.<br \/>\nAlle von uns verarbeiteten personenbezogenen Daten werden im Herzen der Europ\u00e4ischen Union verarbeitet.<\/p>\n<h2 id=\"gdpr-11\">Wie wir Ihre Daten sch\u00fctzen<\/h2>\n<p>.<\/p>\n<p>Wir implementieren und aktualisieren st\u00e4ndig die <strong>Sicherheitsma\u00dfnahmen<\/strong> der Website, um Ihre Daten vor unbefugtem Zugriff, Verlust, Zerst\u00f6rung oder \u00c4nderung zu sch\u00fctzen. Wir arbeiten also daran, Ihre Daten so unangreifbar wie m\u00f6glich zu machen. Da das Internet keine 100%ig sichere Umgebung ist, k\u00f6nnen wir die Sicherheit der \u00dcbertragung oder Speicherung Ihrer Daten nicht vollst\u00e4ndig garantieren.<\/p>\n<h2 id=\"gdpr-12\">Kontaktinformationen<\/h2>\n<p>Wenn Sie Anfragen oder Fragen zu Ihren pers\u00f6nlichen Daten haben, kontaktieren Sie uns bitte unter rgpd@geek-tonic.com, weitere Kontaktinformationen finden Sie in unseren Impressum. Bitte beachten Sie, dass wir Sie m\u00f6glicherweise bitten, Ihre Identit\u00e4t zu \u00fcberpr\u00fcfen, bevor wir weitere Schritte bez\u00fcglich Ihrer Anfrage unternehmen.<\/p>\n<\/div><\/div><\/section>","protected":false},"excerpt":{"rendered":"","protected":false},"author":1,"featured_media":15323,"parent":0,"menu_order":0,"comment_status":"closed","ping_status":"closed","template":"","meta":{"_acf_changed":false,"footnotes":""},"class_list":["post-17754","page","type-page","status-publish","has-post-thumbnail","hentry"],"acf":[],"yoast_head":"<!-- This site is optimized with the Yoast SEO plugin v25.3 - https:\/\/yoast.com\/wordpress\/plugins\/seo\/ -->\n<title>Politique de confidentialit\u00e9 - Camping Gallouette<\/title>\n<meta name=\"robots\" content=\"noindex, nofollow\" \/>\n<meta property=\"og:locale\" content=\"de_DE\" \/>\n<meta property=\"og:type\" content=\"article\" \/>\n<meta property=\"og:title\" content=\"Politique de confidentialit\u00e9 - Camping Gallouette\" \/>\n<meta property=\"og:url\" content=\"https:\/\/www.camping-lagallouette.fr\/de\/datenschutzrichtlinie\/\" \/>\n<meta property=\"og:site_name\" content=\"Camping Gallouette\" \/>\n<meta property=\"article:modified_time\" content=\"2021-12-01T12:43:10+00:00\" \/>\n<meta property=\"og:image\" content=\"https:\/\/www.camping-lagallouette.fr\/wp-content\/uploads\/2021\/10\/camping-bord-de-mer-saint-vaast-la-hougue.jpg\" \/>\n\t<meta property=\"og:image:width\" content=\"1900\" \/>\n\t<meta property=\"og:image:height\" content=\"700\" \/>\n\t<meta property=\"og:image:type\" content=\"image\/jpeg\" \/>\n<meta name=\"twitter:card\" content=\"summary_large_image\" \/>\n<script type=\"application\/ld+json\" class=\"yoast-schema-graph\">{\"@context\":\"https:\/\/schema.org\",\"@graph\":[{\"@type\":\"WebPage\",\"@id\":\"https:\/\/www.camping-lagallouette.fr\/de\/datenschutzrichtlinie\/\",\"url\":\"https:\/\/www.camping-lagallouette.fr\/de\/datenschutzrichtlinie\/\",\"name\":\"Politique de confidentialit\u00e9 - Camping Gallouette\",\"isPartOf\":{\"@id\":\"https:\/\/www.camping-lagallouette.fr\/de\/#website\"},\"primaryImageOfPage\":{\"@id\":\"https:\/\/www.camping-lagallouette.fr\/de\/datenschutzrichtlinie\/#primaryimage\"},\"image\":{\"@id\":\"https:\/\/www.camping-lagallouette.fr\/de\/datenschutzrichtlinie\/#primaryimage\"},\"thumbnailUrl\":\"https:\/\/www.camping-lagallouette.fr\/wp-content\/uploads\/2021\/10\/camping-bord-de-mer-saint-vaast-la-hougue.jpg\",\"datePublished\":\"2021-10-27T07:27:24+00:00\",\"dateModified\":\"2021-12-01T12:43:10+00:00\",\"breadcrumb\":{\"@id\":\"https:\/\/www.camping-lagallouette.fr\/de\/datenschutzrichtlinie\/#breadcrumb\"},\"inLanguage\":\"de\",\"potentialAction\":[{\"@type\":\"ReadAction\",\"target\":[\"https:\/\/www.camping-lagallouette.fr\/de\/datenschutzrichtlinie\/\"]}]},{\"@type\":\"ImageObject\",\"inLanguage\":\"de\",\"@id\":\"https:\/\/www.camping-lagallouette.fr\/de\/datenschutzrichtlinie\/#primaryimage\",\"url\":\"https:\/\/www.camping-lagallouette.fr\/wp-content\/uploads\/2021\/10\/camping-bord-de-mer-saint-vaast-la-hougue.jpg\",\"contentUrl\":\"https:\/\/www.camping-lagallouette.fr\/wp-content\/uploads\/2021\/10\/camping-bord-de-mer-saint-vaast-la-hougue.jpg\",\"width\":1900,\"height\":700,\"caption\":\"camping bord de mer saint vaast la hougue\"},{\"@type\":\"BreadcrumbList\",\"@id\":\"https:\/\/www.camping-lagallouette.fr\/de\/datenschutzrichtlinie\/#breadcrumb\",\"itemListElement\":[{\"@type\":\"ListItem\",\"position\":1,\"name\":\"Campingplatz Manche\",\"item\":\"https:\/\/www.camping-lagallouette.fr\/de\/\"},{\"@type\":\"ListItem\",\"position\":2,\"name\":\"Datenschutzrichtlinie\"}]},{\"@type\":\"WebSite\",\"@id\":\"https:\/\/www.camping-lagallouette.fr\/de\/#website\",\"url\":\"https:\/\/www.camping-lagallouette.fr\/de\/\",\"name\":\"Camping Gallouette\",\"description\":\"\",\"publisher\":{\"@id\":\"https:\/\/www.camping-lagallouette.fr\/de\/#organization\"},\"potentialAction\":[{\"@type\":\"SearchAction\",\"target\":{\"@type\":\"EntryPoint\",\"urlTemplate\":\"https:\/\/www.camping-lagallouette.fr\/de\/?s={search_term_string}\"},\"query-input\":{\"@type\":\"PropertyValueSpecification\",\"valueRequired\":true,\"valueName\":\"search_term_string\"}}],\"inLanguage\":\"de\"},{\"@type\":\"Organization\",\"@id\":\"https:\/\/www.camping-lagallouette.fr\/de\/#organization\",\"name\":\"Camping La Gallouette\",\"url\":\"https:\/\/www.camping-lagallouette.fr\/de\/\",\"logo\":{\"@type\":\"ImageObject\",\"inLanguage\":\"de\",\"@id\":\"https:\/\/www.camping-lagallouette.fr\/de\/#\/schema\/logo\/image\/\",\"url\":\"https:\/\/www.camping-lagallouette.fr\/wp-content\/uploads\/2021\/10\/logo-bleu-camping-gallouette.png\",\"contentUrl\":\"https:\/\/www.camping-lagallouette.fr\/wp-content\/uploads\/2021\/10\/logo-bleu-camping-gallouette.png\",\"width\":214,\"height\":226,\"caption\":\"Camping La Gallouette\"},\"image\":{\"@id\":\"https:\/\/www.camping-lagallouette.fr\/de\/#\/schema\/logo\/image\/\"}}]}<\/script>\n<!-- \/ Yoast SEO plugin. -->","yoast_head_json":{"title":"Politique de confidentialit\u00e9 - Camping Gallouette","robots":{"index":"noindex","follow":"nofollow"},"og_locale":"de_DE","og_type":"article","og_title":"Politique de confidentialit\u00e9 - Camping Gallouette","og_url":"https:\/\/www.camping-lagallouette.fr\/de\/datenschutzrichtlinie\/","og_site_name":"Camping Gallouette","article_modified_time":"2021-12-01T12:43:10+00:00","og_image":[{"width":1900,"height":700,"url":"https:\/\/www.camping-lagallouette.fr\/wp-content\/uploads\/2021\/10\/camping-bord-de-mer-saint-vaast-la-hougue.jpg","type":"image\/jpeg"}],"twitter_card":"summary_large_image","schema":{"@context":"https:\/\/schema.org","@graph":[{"@type":"WebPage","@id":"https:\/\/www.camping-lagallouette.fr\/de\/datenschutzrichtlinie\/","url":"https:\/\/www.camping-lagallouette.fr\/de\/datenschutzrichtlinie\/","name":"Politique de confidentialit\u00e9 - Camping Gallouette","isPartOf":{"@id":"https:\/\/www.camping-lagallouette.fr\/de\/#website"},"primaryImageOfPage":{"@id":"https:\/\/www.camping-lagallouette.fr\/de\/datenschutzrichtlinie\/#primaryimage"},"image":{"@id":"https:\/\/www.camping-lagallouette.fr\/de\/datenschutzrichtlinie\/#primaryimage"},"thumbnailUrl":"https:\/\/www.camping-lagallouette.fr\/wp-content\/uploads\/2021\/10\/camping-bord-de-mer-saint-vaast-la-hougue.jpg","datePublished":"2021-10-27T07:27:24+00:00","dateModified":"2021-12-01T12:43:10+00:00","breadcrumb":{"@id":"https:\/\/www.camping-lagallouette.fr\/de\/datenschutzrichtlinie\/#breadcrumb"},"inLanguage":"de","potentialAction":[{"@type":"ReadAction","target":["https:\/\/www.camping-lagallouette.fr\/de\/datenschutzrichtlinie\/"]}]},{"@type":"ImageObject","inLanguage":"de","@id":"https:\/\/www.camping-lagallouette.fr\/de\/datenschutzrichtlinie\/#primaryimage","url":"https:\/\/www.camping-lagallouette.fr\/wp-content\/uploads\/2021\/10\/camping-bord-de-mer-saint-vaast-la-hougue.jpg","contentUrl":"https:\/\/www.camping-lagallouette.fr\/wp-content\/uploads\/2021\/10\/camping-bord-de-mer-saint-vaast-la-hougue.jpg","width":1900,"height":700,"caption":"camping bord de mer saint vaast la hougue"},{"@type":"BreadcrumbList","@id":"https:\/\/www.camping-lagallouette.fr\/de\/datenschutzrichtlinie\/#breadcrumb","itemListElement":[{"@type":"ListItem","position":1,"name":"Campingplatz Manche","item":"https:\/\/www.camping-lagallouette.fr\/de\/"},{"@type":"ListItem","position":2,"name":"Datenschutzrichtlinie"}]},{"@type":"WebSite","@id":"https:\/\/www.camping-lagallouette.fr\/de\/#website","url":"https:\/\/www.camping-lagallouette.fr\/de\/","name":"Camping Gallouette","description":"","publisher":{"@id":"https:\/\/www.camping-lagallouette.fr\/de\/#organization"},"potentialAction":[{"@type":"SearchAction","target":{"@type":"EntryPoint","urlTemplate":"https:\/\/www.camping-lagallouette.fr\/de\/?s={search_term_string}"},"query-input":{"@type":"PropertyValueSpecification","valueRequired":true,"valueName":"search_term_string"}}],"inLanguage":"de"},{"@type":"Organization","@id":"https:\/\/www.camping-lagallouette.fr\/de\/#organization","name":"Camping La Gallouette","url":"https:\/\/www.camping-lagallouette.fr\/de\/","logo":{"@type":"ImageObject","inLanguage":"de","@id":"https:\/\/www.camping-lagallouette.fr\/de\/#\/schema\/logo\/image\/","url":"https:\/\/www.camping-lagallouette.fr\/wp-content\/uploads\/2021\/10\/logo-bleu-camping-gallouette.png","contentUrl":"https:\/\/www.camping-lagallouette.fr\/wp-content\/uploads\/2021\/10\/logo-bleu-camping-gallouette.png","width":214,"height":226,"caption":"Camping La Gallouette"},"image":{"@id":"https:\/\/www.camping-lagallouette.fr\/de\/#\/schema\/logo\/image\/"}}]}},"_links":{"self":[{"href":"https:\/\/www.camping-lagallouette.fr\/de\/wp-json\/wp\/v2\/pages\/17754","targetHints":{"allow":["GET"]}}],"collection":[{"href":"https:\/\/www.camping-lagallouette.fr\/de\/wp-json\/wp\/v2\/pages"}],"about":[{"href":"https:\/\/www.camping-lagallouette.fr\/de\/wp-json\/wp\/v2\/types\/page"}],"author":[{"embeddable":true,"href":"https:\/\/www.camping-lagallouette.fr\/de\/wp-json\/wp\/v2\/users\/1"}],"replies":[{"embeddable":true,"href":"https:\/\/www.camping-lagallouette.fr\/de\/wp-json\/wp\/v2\/comments?post=17754"}],"version-history":[{"count":7,"href":"https:\/\/www.camping-lagallouette.fr\/de\/wp-json\/wp\/v2\/pages\/17754\/revisions"}],"predecessor-version":[{"id":17958,"href":"https:\/\/www.camping-lagallouette.fr\/de\/wp-json\/wp\/v2\/pages\/17754\/revisions\/17958"}],"wp:featuredmedia":[{"embeddable":true,"href":"https:\/\/www.camping-lagallouette.fr\/de\/wp-json\/wp\/v2\/media\/15323"}],"wp:attachment":[{"href":"https:\/\/www.camping-lagallouette.fr\/de\/wp-json\/wp\/v2\/media?parent=17754"}],"curies":[{"name":"wp","href":"https:\/\/api.w.org\/{rel}","templated":true}]}}