{"id":17314,"date":"2021-09-20T12:26:41","date_gmt":"2021-09-20T10:26:41","guid":{"rendered":"https:\/\/www.camping-lagallouette.fr\/5-bonnes-raisons-de-reserver-vos-vacances-a-la-mer\/"},"modified":"2022-12-23T14:54:37","modified_gmt":"2022-12-23T13:54:37","slug":"5-gute-gruende-ihren-urlaub-am-meer-zu-buchen","status":"publish","type":"page","link":"https:\/\/www.camping-lagallouette.fr\/de\/5-gute-gruende-ihren-urlaub-am-meer-zu-buchen\/","title":{"rendered":"Le camping : 5 Bonnes raisons de r\u00e9server"},"content":{"rendered":"<section id=\"section-6155b3f853ec8\"\" class=\"section white-gradient-bottom bg-color3\" \/><div class=\"container extralarge\"><h1 class=\"element section-title center p-b-5\">5 Gute Gr\u00fcnde, Ihren Urlaub am Meer auf dem Campingplatz Saint vaast zu buchen<\/h1><div class=\"colonnes-wrap valign-middle p-b-5\"><div class=\"element colonne \"><h2 class=\"element section-title left\">1. Ihr Campingplatz 200m vom Meer, dem Hafen und den Gesch\u00e4ften entfernt<\/h2><div class=\"element bloc-text left \">\n\t<p>Das Stadtzentrum und <strong class=\"bold color1\">der Hafen befinden sich 300 m vom Campingplatz entfernt<\/strong>. Der Hafen von St Vaast, in dem sich die Freizeitschifffahrt und die Berufsfischerei vermischen, macht ihn zu einem der sch\u00f6nsten H\u00e4fen des Departements. Die Anlegestelle der Boote ist ein beliebter Ort f\u00fcr einen Spaziergang und n\u00e4hrt die Neugier. Der Markt findet jeden Samstagvormittag am Hafen und in der Einkaufsstra\u00dfe statt. Zwei wundersch\u00f6ne Familienstr\u00e4nde, die nur 400 m vom Campingplatz entfernt liegen, werden Kinder, Badefreunde und Faulenzer gleicherma\u00dfen begeistern. Der Strand von La Hougue, in der N\u00e4he des Fort de la Hougue und des Vauban-Turms, und der kleine Strand am Ausgang des Hafens auf der Stra\u00dfe nach R\u00e9ville. Sie k\u00f6nnen auch den langen Strand von Jonville entdecken, der 4 km vom Campingplatz entfernt ist und einen bemerkenswerten Blick auf die Ile Tatihou bietet.<\/p>\n<\/div><\/div><div class=\"element colonne masque-bleu\"><div class=\"element images fancybox-container\"><a class=\"fancybox image\" href=\"https:\/\/www.camping-lagallouette.fr\/wp-content\/uploads\/2021\/10\/camping-pres-de-la-plage-cotentin.jpg\"><img decoding=\"async\" src=\"https:\/\/www.camping-lagallouette.fr\/wp-content\/uploads\/2021\/10\/camping-pres-de-la-plage-cotentin-100x75.jpg\" data-src=\"https:\/\/www.camping-lagallouette.fr\/wp-content\/uploads\/2021\/10\/camping-pres-de-la-plage-cotentin.jpg\" alt=\"camping pres de la plage cotentin\" class=\"images_image\" \/><\/a><\/div><\/div><\/div><\/div><\/section>\n\n<section id=\"section-6155c2a7dd6f1\"\" class=\"section bg-white\" \/><div class=\"container extralarge\"><div class=\"colonnes-wrap valign-middle \"><div class=\"element colonne masque-blanc\"><div class=\"element images fancybox-container\"><a class=\"fancybox image\" href=\"https:\/\/www.camping-lagallouette.fr\/wp-content\/uploads\/2021\/10\/piscine-campiung-normandie.jpg\"><img decoding=\"async\" src=\"https:\/\/www.camping-lagallouette.fr\/wp-content\/uploads\/2021\/10\/piscine-campiung-normandie-100x75.jpg\" data-src=\"https:\/\/www.camping-lagallouette.fr\/wp-content\/uploads\/2021\/10\/piscine-campiung-normandie.jpg\" alt=\"camping proche du port saint vaast la hougue\" class=\"images_image\" \/><\/a><\/div><\/div><div class=\"element colonne \"><h2 class=\"element section-title left\">2. Campingplatz mit beheiztem Pool<\/h2><div class=\"element bloc-text left \">\n\t<p>Entdecken Sie das Schwimmbad des 4*-Campingplatzes in Saint Vaast la Hougue im Departement Manche. Genie\u00dfen Sie die Freuden des Wassers am Meer oder direkt auf dem Campingplatz in der Badelandschaft mit 130 m\u00b2 gro\u00dfem Becken und Planschbecken. Ein Entspannungsbereich mit Solarium und Sonnenliegen bietet f\u00fcr die ganze Familie etwas. <strong class=\"bold color1\">Beheiztes Freibad t\u00e4glich vom 15\/05 bis 15\/09 ge\u00f6ffnet<\/strong>.<br \/>\nIn der Hochsaison sollten Sie sich zum Schwimmbad des Campingplatzes begeben, um an den Animationen teilzunehmen: Aquabullen oder Wasserwecker mit Sport und Musik! <\/p>\n<\/div><\/div><\/div><\/div><\/section>\n\n<section id=\"section-6155c2a7dd92a\"\" data-bg-opacite=\"0.2\"data-background=\"https:\/\/www.camping-lagallouette.fr\/wp-content\/uploads\/2021\/10\/camping-vacances-littoral-saint-vaast-la-hougue.jpg\"data-speed=\"0.8\"class=\"section bg-white p-t-0 p-b-0 section--has-bg-img section_bg-parallax\" \/><div class=\"container full\"><\/div><\/section>\n\n<section id=\"section-6155c2a7ddc53\"\" class=\"section white-gradient-bottom bg-color3\" \/><div class=\"container extralarge\"><div class=\"colonnes-wrap valign-middle p-b-5\"><div class=\"element colonne \"><h2 class=\"element section-title left\">3. \u00d6ko-verantwortliches Camping<\/h2><div class=\"element bloc-text left \">\n\t<p style=\"font-weight: 400;\">Verbringen Sie einen erholsamen Urlaub auf unserem \u00fcberschaubaren Campingplatz in einer famili\u00e4ren und authentischen Atmosph\u00e4re.<\/p>\n<p>Der Campingplatz La Gallouette liegt in einer einzigartigen und gesch\u00fctzten Naturlandschaft direkt am Meer in Saint Vaast la Hougue in der Region Cotentin. Hier ist an alles gedacht, damit Sie einen angenehmen Urlaub im Freien verbringen k\u00f6nnen, so nah wie m\u00f6glich an der Natur. Unser Campingplatz ist mit B\u00e4umen und Blumen bepflanzt und in die lokale Landschaft integriert, gegen\u00fcber dem Turm von La Hougue, der zum UNESCO-Weltkulturerbe geh\u00f6rt.<\/p>\n<p>Das gesamte Team arbeitet t\u00e4glich umweltbewusst und beteiligt sich an der Wiederverwertung von Abf\u00e4llen und der Reduzierung des Energieverbrauchs. Und wir laden alle Camper ein, umweltbewusste Gesten zu \u00fcbernehmen.<\/p>\n<p>Im Lebensmittelgesch\u00e4ft des Campingplatzes k\u00f6nnen Sie dank unserer lokalen Partner auch Produkte aus der Normandie entdecken, die aus kurzen Vertriebswegen in der Normandie stammen.<\/p>\n<p>Ein \u00f6kologisches Engagement f\u00fcr einen umweltbewussten Urlaub am Meer!<\/p>\n<\/div><\/div><div class=\"element colonne masque-bleu\"><div class=\"element images fancybox-container\"><a class=\"fancybox image\" href=\"https:\/\/www.camping-lagallouette.fr\/wp-content\/uploads\/2021\/10\/camping-forfait-cycliste-normandie.jpg\"><img decoding=\"async\" src=\"https:\/\/www.camping-lagallouette.fr\/wp-content\/uploads\/2021\/10\/camping-forfait-cycliste-normandie-100x75.jpg\" data-src=\"https:\/\/www.camping-lagallouette.fr\/wp-content\/uploads\/2021\/10\/camping-forfait-cycliste-normandie.jpg\" alt=\"camping peche a pied peche a la ligne normandie\" class=\"images_image\" \/><\/a><\/div><\/div><\/div><\/div><\/section>\n\n<section id=\"section-6155c2a7de282\"\" class=\"section white-gradient-top white-gradient-bottom bg-white\" \/><div class=\"container extralarge\"><div class=\"colonnes-wrap valign-middle \"><div class=\"element colonne masque-blanc\"><div class=\"element images fancybox-container\"><a class=\"fancybox image\" href=\"https:\/\/www.camping-lagallouette.fr\/wp-content\/uploads\/2021\/10\/camping-proche-du-port-saint-vaast-la-hougue.jpg\"><img decoding=\"async\" src=\"https:\/\/www.camping-lagallouette.fr\/wp-content\/uploads\/2021\/10\/camping-proche-du-port-saint-vaast-la-hougue-100x75.jpg\" data-src=\"https:\/\/www.camping-lagallouette.fr\/wp-content\/uploads\/2021\/10\/camping-proche-du-port-saint-vaast-la-hougue.jpg\" alt=\"camping proche sentier gr 223 normandie\" class=\"images_image\" \/><\/a><\/div><\/div><div class=\"element colonne \"><h2 class=\"element section-title left\">4. Campingplatz am Meer<\/h2><div class=\"element bloc-text left \">\n\t<p>Buchen Sie Ihren Urlaub auf einem Campingplatz in der Normandie direkt am Meer. <\/p>\n<p>Nur <strong class=\"bold color1\">100 Meter vom Meer<\/strong> des \u00c4rmelkanals entfernt (zwischen dem Fischerei- und Jachthafen in 300 m Entfernung und der Bucht von Cul de Loup) empf\u00e4ngt Sie der Campingplatz La Gallouette in einer authentischen maritimen Atmosph\u00e4re.<\/p>\n<p>Wassersport, Angeln, Strand und Faulenzen, Wanderungen entlang der K\u00fcste oder Ausfl\u00fcge auf dem Meer, so viele Aktivit\u00e4ten f\u00fcr die ganze Familie und die gesamte touristische Saison! <\/p>\n<p>Testen Sie ein einzigartiges Erlebnis im Cotentin: Gehen Sie an Bord der Tatihou II und erreichen Sie im Rhythmus der Gezeiten \u00fcber das Meer die Insel Tatihou, einen wahren Schatz der Natur.<\/p>\n<p>Das Plus auf dem Campingplatz? Mieten Sie Ihre Unterkunft mit Meerblick, mit Blick auf den Vauban-Turm und die Halbinsel La Hougue, die zum Unesco-Weltkulturerbe geh\u00f6rt. <\/p>\n<\/div><\/div><\/div><\/div><\/section>\n\n<section id=\"section-618d34b20c60f\"\" class=\"section white-gradient-top white-gradient-bottom bg-white\" \/><div class=\"container extralarge\"><div class=\"colonnes-wrap valign-middle \"><div class=\"element colonne \"><h2 class=\"element section-title left\">5. Ihr Campingplatz auf dem Weg des GR223<\/h2><div class=\"element bloc-text justify \">\n\t<p>Entlang der K\u00fcste, um in frischer Meeresluft Sauerstoff zu tanken!<\/p>\n<p><a href=\"\/de\/\">Der Campingplatz La Gallouette<\/a> liegt auf dem Wanderweg Grande Randonn\u00e9e n\u00b0223, in der Bucht Cul de Loup, aus der sich der Turm Tour de la Hougue erhebt. Diese UNESCO-Welterbest\u00e4tte ist ein Teil der Bucht von Cotentin im \u00c4rmelkanal, die wegen ihrer Naturlandschaften sehr beliebt ist. Der Campingplatz ist der ideale Ausgangspunkt f\u00fcr sch\u00f6ne Wanderungen oder Radtouren zwischen der Route de la Hougue, dem Ufer von Morsalines und dem Hafen von Saint Vaast. Hier k\u00f6nnen Sie alle Reicht\u00fcmer der Meeresumwelt bewundern: eine reiche und vielf\u00e4ltige Meeresflora und -fauna, Grasland, kleine Inseln, Felsen, Kiesstrand, Fahrrinnen&#8230;<\/p>\n<p>Der GR223, auch <strong class=\"bold color1\">Sentier des Douaniers<\/strong> genannt, umrundet den \u00c4rmelkanal vom Mont Saint Michel aus und f\u00fchrt zur Baie des Veys, Carentan.<\/p>\n<\/div><\/div><div class=\"element colonne masque-blanc\"><div class=\"element images fancybox-container\"><a class=\"fancybox image\" href=\"https:\/\/www.camping-lagallouette.fr\/wp-content\/uploads\/2021\/10\/camping-proche-sentier-gr-223-normandie.jpg\"><img decoding=\"async\" src=\"https:\/\/www.camping-lagallouette.fr\/wp-content\/uploads\/2021\/10\/camping-proche-sentier-gr-223-normandie-100x75.jpg\" data-src=\"https:\/\/www.camping-lagallouette.fr\/wp-content\/uploads\/2021\/10\/camping-proche-sentier-gr-223-normandie.jpg\" alt=\"camping proche sentier gr 223 normandie\" class=\"images_image\" \/><\/a><\/div><\/div><\/div><\/div><\/section>\n\n<section id=\"section-6155c2a7decd0\"\" class=\"section white-gradient-top bg-color3\" \/><div class=\"container extralarge\"><div class=\"element section-title center\">Entdecken Sie unseren Campingplatz am Meer<\/div><div class=\"colonnes-wrap valign-middle \"><div class=\"element colonne \"><div class=\"element call-to-action  call-to-action--style-1 call-to-action--big\"><a href=\"https:\/\/www.camping-lagallouette.fr\/de\/camping-ecoresponsable\/\"  class=\"call-to-action_link\" title=\"Mehr \u00fcber \u00d6kologisch verantwortliches camping\"><div class=\"call-to-action_image\"><img decoding=\"async\" src=\"https:\/\/www.camping-lagallouette.fr\/wp-content\/uploads\/2021\/10\/camping-tourisme-circuit-val-de-saire-100x67.jpg\" data-src=\"https:\/\/www.camping-lagallouette.fr\/wp-content\/uploads\/2021\/10\/camping-tourisme-circuit-val-de-saire.jpg\" alt=\"camping tourisme circuit val de saire\" class=\"big\" \/><\/div><div class=\"call-to-action_contenu\"><div class=\"call-to-action_titre\">\u00d6kologisch verantwortliches Camping<\/div><\/div><\/a><\/div><\/div><div class=\"element colonne \"><div class=\"element call-to-action  call-to-action--style-1 call-to-action--big\"><a href=\"https:\/\/www.camping-lagallouette.fr\/de\/die-services-des-campingplatzes\/\"  class=\"call-to-action_link\" title=\"Mehr \u00fcber dienste\"><div class=\"call-to-action_image\"><img decoding=\"async\" src=\"https:\/\/www.camping-lagallouette.fr\/wp-content\/uploads\/2021\/10\/camping-avec-billeterie-cherbourg-100x67.jpg\" data-src=\"https:\/\/www.camping-lagallouette.fr\/wp-content\/uploads\/2021\/10\/camping-avec-billeterie-cherbourg.jpg\" alt=\"camping avec billeterie cherbourg\" class=\"big\" \/><\/div><div class=\"call-to-action_contenu\"><div class=\"call-to-action_titre\">Dienste<\/div><\/div><\/a><\/div><\/div><div class=\"element colonne \"><div class=\"element call-to-action  call-to-action--style-1 call-to-action--big\"><a href=\"https:\/\/www.camping-lagallouette.fr\/de\/die-snack-bar-empicerie-des-campingplatzes\/\"  class=\"call-to-action_link\" title=\"Mehr \u00fcber snackbar &#038; lebensmittelgesch\u00e4ft\"><div class=\"call-to-action_image\"><img decoding=\"async\" src=\"https:\/\/www.camping-lagallouette.fr\/wp-content\/uploads\/2021\/11\/camping-snack-bar-erquy-100x75.jpeg\" data-src=\"https:\/\/www.camping-lagallouette.fr\/wp-content\/uploads\/2021\/11\/camping-snack-bar-erquy.jpeg\" alt=\"camping snack bar erquy\" class=\"big\" \/><\/div><div class=\"call-to-action_contenu\"><div class=\"call-to-action_titre\">Snackbar &#038; Lebensmittelgesch\u00e4ft<\/div><\/div><\/a><\/div><\/div><\/div><\/div><\/section>","protected":false},"excerpt":{"rendered":"","protected":false},"author":1,"featured_media":12855,"parent":0,"menu_order":0,"comment_status":"closed","ping_status":"closed","template":"","meta":{"_acf_changed":false,"footnotes":""},"class_list":["post-17314","page","type-page","status-publish","has-post-thumbnail","hentry"],"acf":[],"yoast_head":"<!-- This site is optimized with the Yoast SEO plugin v25.3 - https:\/\/yoast.com\/wordpress\/plugins\/seo\/ -->\n<title>5 gute Gr\u00fcnde, Ihren Urlaub hier zu buchen - Nahe am Meer<\/title>\n<meta name=\"description\" content=\"Ihre f\u00fcnf guten Gr\u00fcnde f\u00fcr einen Urlaub auf dem Campingplatz La Gallouette in Saint Vaast la Hougue. In der N\u00e4he des Meeres und des Hafens.\" \/>\n<meta name=\"robots\" content=\"index, follow, max-snippet:-1, max-image-preview:large, max-video-preview:-1\" \/>\n<link rel=\"canonical\" href=\"https:\/\/www.camping-lagallouette.fr\/de\/5-gute-gruende-ihren-urlaub-am-meer-zu-buchen\/\" \/>\n<meta property=\"og:locale\" content=\"de_DE\" \/>\n<meta property=\"og:type\" content=\"article\" \/>\n<meta property=\"og:title\" content=\"5 gute Gr\u00fcnde, Ihren Urlaub hier zu buchen - Nahe am Meer\" \/>\n<meta property=\"og:description\" content=\"Ihre f\u00fcnf guten Gr\u00fcnde f\u00fcr einen Urlaub auf dem Campingplatz La Gallouette in Saint Vaast la Hougue. In der N\u00e4he des Meeres und des Hafens.\" \/>\n<meta property=\"og:url\" content=\"https:\/\/www.camping-lagallouette.fr\/de\/5-gute-gruende-ihren-urlaub-am-meer-zu-buchen\/\" \/>\n<meta property=\"og:site_name\" content=\"Camping Gallouette\" \/>\n<meta property=\"article:modified_time\" content=\"2022-12-23T13:54:37+00:00\" \/>\n<meta property=\"og:image\" content=\"https:\/\/www.camping-lagallouette.fr\/wp-content\/uploads\/2021\/10\/camping-bord-de-mer-basse-normandie.jpg\" \/>\n\t<meta property=\"og:image:width\" content=\"1900\" \/>\n\t<meta property=\"og:image:height\" content=\"700\" \/>\n\t<meta property=\"og:image:type\" content=\"image\/jpeg\" \/>\n<meta name=\"twitter:card\" content=\"summary_large_image\" \/>\n<script type=\"application\/ld+json\" class=\"yoast-schema-graph\">{\"@context\":\"https:\/\/schema.org\",\"@graph\":[{\"@type\":\"WebPage\",\"@id\":\"https:\/\/www.camping-lagallouette.fr\/de\/5-gute-gruende-ihren-urlaub-am-meer-zu-buchen\/\",\"url\":\"https:\/\/www.camping-lagallouette.fr\/de\/5-gute-gruende-ihren-urlaub-am-meer-zu-buchen\/\",\"name\":\"5 gute Gr\u00fcnde, Ihren Urlaub hier zu buchen - Nahe am Meer\",\"isPartOf\":{\"@id\":\"https:\/\/www.camping-lagallouette.fr\/de\/#website\"},\"primaryImageOfPage\":{\"@id\":\"https:\/\/www.camping-lagallouette.fr\/de\/5-gute-gruende-ihren-urlaub-am-meer-zu-buchen\/#primaryimage\"},\"image\":{\"@id\":\"https:\/\/www.camping-lagallouette.fr\/de\/5-gute-gruende-ihren-urlaub-am-meer-zu-buchen\/#primaryimage\"},\"thumbnailUrl\":\"https:\/\/www.camping-lagallouette.fr\/wp-content\/uploads\/2021\/10\/camping-bord-de-mer-basse-normandie.jpg\",\"datePublished\":\"2021-09-20T10:26:41+00:00\",\"dateModified\":\"2022-12-23T13:54:37+00:00\",\"description\":\"Ihre f\u00fcnf guten Gr\u00fcnde f\u00fcr einen Urlaub auf dem Campingplatz La Gallouette in Saint Vaast la Hougue. In der N\u00e4he des Meeres und des Hafens.\",\"breadcrumb\":{\"@id\":\"https:\/\/www.camping-lagallouette.fr\/de\/5-gute-gruende-ihren-urlaub-am-meer-zu-buchen\/#breadcrumb\"},\"inLanguage\":\"de\",\"potentialAction\":[{\"@type\":\"ReadAction\",\"target\":[\"https:\/\/www.camping-lagallouette.fr\/de\/5-gute-gruende-ihren-urlaub-am-meer-zu-buchen\/\"]}]},{\"@type\":\"ImageObject\",\"inLanguage\":\"de\",\"@id\":\"https:\/\/www.camping-lagallouette.fr\/de\/5-gute-gruende-ihren-urlaub-am-meer-zu-buchen\/#primaryimage\",\"url\":\"https:\/\/www.camping-lagallouette.fr\/wp-content\/uploads\/2021\/10\/camping-bord-de-mer-basse-normandie.jpg\",\"contentUrl\":\"https:\/\/www.camping-lagallouette.fr\/wp-content\/uploads\/2021\/10\/camping-bord-de-mer-basse-normandie.jpg\",\"width\":1900,\"height\":700,\"caption\":\"camping bord de mer basse normandie\"},{\"@type\":\"BreadcrumbList\",\"@id\":\"https:\/\/www.camping-lagallouette.fr\/de\/5-gute-gruende-ihren-urlaub-am-meer-zu-buchen\/#breadcrumb\",\"itemListElement\":[{\"@type\":\"ListItem\",\"position\":1,\"name\":\"Campingplatz Manche\",\"item\":\"https:\/\/www.camping-lagallouette.fr\/de\/\"},{\"@type\":\"ListItem\",\"position\":2,\"name\":\"5 gute Gr\u00fcnde, Ihren Urlaub am Meer auf dem Campingplatz Saint Vaast zu buchen\"}]},{\"@type\":\"WebSite\",\"@id\":\"https:\/\/www.camping-lagallouette.fr\/de\/#website\",\"url\":\"https:\/\/www.camping-lagallouette.fr\/de\/\",\"name\":\"Camping Gallouette\",\"description\":\"\",\"publisher\":{\"@id\":\"https:\/\/www.camping-lagallouette.fr\/de\/#organization\"},\"potentialAction\":[{\"@type\":\"SearchAction\",\"target\":{\"@type\":\"EntryPoint\",\"urlTemplate\":\"https:\/\/www.camping-lagallouette.fr\/de\/?s={search_term_string}\"},\"query-input\":{\"@type\":\"PropertyValueSpecification\",\"valueRequired\":true,\"valueName\":\"search_term_string\"}}],\"inLanguage\":\"de\"},{\"@type\":\"Organization\",\"@id\":\"https:\/\/www.camping-lagallouette.fr\/de\/#organization\",\"name\":\"Camping La Gallouette\",\"url\":\"https:\/\/www.camping-lagallouette.fr\/de\/\",\"logo\":{\"@type\":\"ImageObject\",\"inLanguage\":\"de\",\"@id\":\"https:\/\/www.camping-lagallouette.fr\/de\/#\/schema\/logo\/image\/\",\"url\":\"https:\/\/www.camping-lagallouette.fr\/wp-content\/uploads\/2021\/10\/logo-bleu-camping-gallouette.png\",\"contentUrl\":\"https:\/\/www.camping-lagallouette.fr\/wp-content\/uploads\/2021\/10\/logo-bleu-camping-gallouette.png\",\"width\":214,\"height\":226,\"caption\":\"Camping La Gallouette\"},\"image\":{\"@id\":\"https:\/\/www.camping-lagallouette.fr\/de\/#\/schema\/logo\/image\/\"}}]}<\/script>\n<!-- \/ Yoast SEO plugin. -->","yoast_head_json":{"title":"5 gute Gr\u00fcnde, Ihren Urlaub hier zu buchen - Nahe am Meer","description":"Ihre f\u00fcnf guten Gr\u00fcnde f\u00fcr einen Urlaub auf dem Campingplatz La Gallouette in Saint Vaast la Hougue. In der N\u00e4he des Meeres und des Hafens.","robots":{"index":"index","follow":"follow","max-snippet":"max-snippet:-1","max-image-preview":"max-image-preview:large","max-video-preview":"max-video-preview:-1"},"canonical":"https:\/\/www.camping-lagallouette.fr\/de\/5-gute-gruende-ihren-urlaub-am-meer-zu-buchen\/","og_locale":"de_DE","og_type":"article","og_title":"5 gute Gr\u00fcnde, Ihren Urlaub hier zu buchen - Nahe am Meer","og_description":"Ihre f\u00fcnf guten Gr\u00fcnde f\u00fcr einen Urlaub auf dem Campingplatz La Gallouette in Saint Vaast la Hougue. In der N\u00e4he des Meeres und des Hafens.","og_url":"https:\/\/www.camping-lagallouette.fr\/de\/5-gute-gruende-ihren-urlaub-am-meer-zu-buchen\/","og_site_name":"Camping Gallouette","article_modified_time":"2022-12-23T13:54:37+00:00","og_image":[{"width":1900,"height":700,"url":"https:\/\/www.camping-lagallouette.fr\/wp-content\/uploads\/2021\/10\/camping-bord-de-mer-basse-normandie.jpg","type":"image\/jpeg"}],"twitter_card":"summary_large_image","schema":{"@context":"https:\/\/schema.org","@graph":[{"@type":"WebPage","@id":"https:\/\/www.camping-lagallouette.fr\/de\/5-gute-gruende-ihren-urlaub-am-meer-zu-buchen\/","url":"https:\/\/www.camping-lagallouette.fr\/de\/5-gute-gruende-ihren-urlaub-am-meer-zu-buchen\/","name":"5 gute Gr\u00fcnde, Ihren Urlaub hier zu buchen - Nahe am Meer","isPartOf":{"@id":"https:\/\/www.camping-lagallouette.fr\/de\/#website"},"primaryImageOfPage":{"@id":"https:\/\/www.camping-lagallouette.fr\/de\/5-gute-gruende-ihren-urlaub-am-meer-zu-buchen\/#primaryimage"},"image":{"@id":"https:\/\/www.camping-lagallouette.fr\/de\/5-gute-gruende-ihren-urlaub-am-meer-zu-buchen\/#primaryimage"},"thumbnailUrl":"https:\/\/www.camping-lagallouette.fr\/wp-content\/uploads\/2021\/10\/camping-bord-de-mer-basse-normandie.jpg","datePublished":"2021-09-20T10:26:41+00:00","dateModified":"2022-12-23T13:54:37+00:00","description":"Ihre f\u00fcnf guten Gr\u00fcnde f\u00fcr einen Urlaub auf dem Campingplatz La Gallouette in Saint Vaast la Hougue. In der N\u00e4he des Meeres und des Hafens.","breadcrumb":{"@id":"https:\/\/www.camping-lagallouette.fr\/de\/5-gute-gruende-ihren-urlaub-am-meer-zu-buchen\/#breadcrumb"},"inLanguage":"de","potentialAction":[{"@type":"ReadAction","target":["https:\/\/www.camping-lagallouette.fr\/de\/5-gute-gruende-ihren-urlaub-am-meer-zu-buchen\/"]}]},{"@type":"ImageObject","inLanguage":"de","@id":"https:\/\/www.camping-lagallouette.fr\/de\/5-gute-gruende-ihren-urlaub-am-meer-zu-buchen\/#primaryimage","url":"https:\/\/www.camping-lagallouette.fr\/wp-content\/uploads\/2021\/10\/camping-bord-de-mer-basse-normandie.jpg","contentUrl":"https:\/\/www.camping-lagallouette.fr\/wp-content\/uploads\/2021\/10\/camping-bord-de-mer-basse-normandie.jpg","width":1900,"height":700,"caption":"camping bord de mer basse normandie"},{"@type":"BreadcrumbList","@id":"https:\/\/www.camping-lagallouette.fr\/de\/5-gute-gruende-ihren-urlaub-am-meer-zu-buchen\/#breadcrumb","itemListElement":[{"@type":"ListItem","position":1,"name":"Campingplatz Manche","item":"https:\/\/www.camping-lagallouette.fr\/de\/"},{"@type":"ListItem","position":2,"name":"5 gute Gr\u00fcnde, Ihren Urlaub am Meer auf dem Campingplatz Saint Vaast zu buchen"}]},{"@type":"WebSite","@id":"https:\/\/www.camping-lagallouette.fr\/de\/#website","url":"https:\/\/www.camping-lagallouette.fr\/de\/","name":"Camping Gallouette","description":"","publisher":{"@id":"https:\/\/www.camping-lagallouette.fr\/de\/#organization"},"potentialAction":[{"@type":"SearchAction","target":{"@type":"EntryPoint","urlTemplate":"https:\/\/www.camping-lagallouette.fr\/de\/?s={search_term_string}"},"query-input":{"@type":"PropertyValueSpecification","valueRequired":true,"valueName":"search_term_string"}}],"inLanguage":"de"},{"@type":"Organization","@id":"https:\/\/www.camping-lagallouette.fr\/de\/#organization","name":"Camping La Gallouette","url":"https:\/\/www.camping-lagallouette.fr\/de\/","logo":{"@type":"ImageObject","inLanguage":"de","@id":"https:\/\/www.camping-lagallouette.fr\/de\/#\/schema\/logo\/image\/","url":"https:\/\/www.camping-lagallouette.fr\/wp-content\/uploads\/2021\/10\/logo-bleu-camping-gallouette.png","contentUrl":"https:\/\/www.camping-lagallouette.fr\/wp-content\/uploads\/2021\/10\/logo-bleu-camping-gallouette.png","width":214,"height":226,"caption":"Camping La Gallouette"},"image":{"@id":"https:\/\/www.camping-lagallouette.fr\/de\/#\/schema\/logo\/image\/"}}]}},"_links":{"self":[{"href":"https:\/\/www.camping-lagallouette.fr\/de\/wp-json\/wp\/v2\/pages\/17314","targetHints":{"allow":["GET"]}}],"collection":[{"href":"https:\/\/www.camping-lagallouette.fr\/de\/wp-json\/wp\/v2\/pages"}],"about":[{"href":"https:\/\/www.camping-lagallouette.fr\/de\/wp-json\/wp\/v2\/types\/page"}],"author":[{"embeddable":true,"href":"https:\/\/www.camping-lagallouette.fr\/de\/wp-json\/wp\/v2\/users\/1"}],"replies":[{"embeddable":true,"href":"https:\/\/www.camping-lagallouette.fr\/de\/wp-json\/wp\/v2\/comments?post=17314"}],"version-history":[{"count":6,"href":"https:\/\/www.camping-lagallouette.fr\/de\/wp-json\/wp\/v2\/pages\/17314\/revisions"}],"predecessor-version":[{"id":19555,"href":"https:\/\/www.camping-lagallouette.fr\/de\/wp-json\/wp\/v2\/pages\/17314\/revisions\/19555"}],"wp:featuredmedia":[{"embeddable":true,"href":"https:\/\/www.camping-lagallouette.fr\/de\/wp-json\/wp\/v2\/media\/12855"}],"wp:attachment":[{"href":"https:\/\/www.camping-lagallouette.fr\/de\/wp-json\/wp\/v2\/media?parent=17314"}],"curies":[{"name":"wp","href":"https:\/\/api.w.org\/{rel}","templated":true}]}}