{"id":17309,"date":"2021-09-20T12:25:30","date_gmt":"2021-09-20T10:25:30","guid":{"rendered":"https:\/\/www.camping-lagallouette.fr\/les-services-du-camping\/"},"modified":"2023-11-13T10:50:12","modified_gmt":"2023-11-13T09:50:12","slug":"die-services-des-campingplatzes","status":"publish","type":"page","link":"https:\/\/www.camping-lagallouette.fr\/de\/die-services-des-campingplatzes\/","title":{"rendered":"Le camping : Services"},"content":{"rendered":"<section id=\"section-group2\"\" class=\"section white-gradient-bottom bg-color3\" \/><div class=\"container extralarge\"><h1 class=\"element section-title center p-b-5\">Ein freundlicher und pers\u00f6nlicher Empfang auf dem Campingplatz La Gallouette<\/h1><div class=\"colonnes-wrap valign-middle p-b-5\"><div class=\"element colonne \"><h2 class=\"element section-title left\">Ein freundlicher und pers\u00f6nlicher Empfang auf dem Campingplatz La Gallouette<\/h2><div class=\"element bloc-text left \">\n\t<p>Anne-Laure, St\u00e9phane, Elisa und Gildas freuen sich, Sie an der Rezeption unseres Campingplatzes in der Normandie begr\u00fc\u00dfen und informieren zu d\u00fcrfen. Wir werden Ihnen alle <strong class=\"bold color1\">praktischen<\/strong> und touristischen Informationen geben, die Sie ben\u00f6tigen, damit Sie einen angenehmen Aufenthalt im Cotentin in der Normandie verbringen k\u00f6nnen. Da wir alle von unserer Region, dem \u00c4rmelkanal, begeistert sind, setzen wir alles daran, Ihnen Tipps zu <strong class=\"bold color1\">Besuchszielen<\/strong> zu geben, die Ihren Erwartungen und Interessen entsprechen. Wir freuen uns darauf, Sie von Ihrem Buchungsvorhaben bis zu Ihrer Ankunft und w\u00e4hrend Ihres gesamten Aufenthalts in Saint Vaast zu begleiten.<\/p>\n<\/div><\/div><div class=\"element colonne masque-bleu\"><div class=\"element images fancybox-container\"><a class=\"fancybox image\" href=\"https:\/\/www.camping-lagallouette.fr\/wp-content\/uploads\/2023\/11\/Equipe-du-camping-La-Gallouette-Normandie.jpg\"><img decoding=\"async\" src=\"https:\/\/www.camping-lagallouette.fr\/wp-content\/uploads\/2023\/11\/Equipe-du-camping-La-Gallouette-Normandie-100x75.jpg\" data-src=\"https:\/\/www.camping-lagallouette.fr\/wp-content\/uploads\/2023\/11\/Equipe-du-camping-La-Gallouette-Normandie.jpg\" alt=\"camping familial cotentin\" class=\"images_image\" \/><\/a><\/div><\/div><\/div><\/div><\/section>\n\n<section id=\"section-group3\"\" class=\"section bg-white\" \/><div class=\"container extralarge\"><div class=\"colonnes-wrap valign-middle \"><div class=\"element colonne masque-blanc\"><div class=\"element images fancybox-container\"><a class=\"fancybox image\" href=\"https:\/\/www.camping-lagallouette.fr\/wp-content\/uploads\/2021\/10\/camping-familial-manche.jpg\"><img decoding=\"async\" src=\"https:\/\/www.camping-lagallouette.fr\/wp-content\/uploads\/2021\/10\/camping-familial-manche-100x75.jpg\" data-src=\"https:\/\/www.camping-lagallouette.fr\/wp-content\/uploads\/2021\/10\/camping-familial-manche.jpg\" alt=\"camping familial manche\" class=\"images_image\" \/><\/a><\/div><\/div><div class=\"element colonne \"><h2 class=\"element section-title left\">Das Rezeptionsteam begleitet Sie w\u00e4hrend Ihres Urlaubs in der Normandie &#8230;<\/h2><div class=\"element bloc-text left \">\n\t<p>Der <a href=\"\/de\/\">Campingplatz La Gallouette<\/a> ist vom 28. M\u00e4rz bis 01. September 2024 ge\u00f6ffnet.<\/p>\n<p>W\u00e4hrend dieser \u00d6ffnungszeiten freuen wir uns, Sie begr\u00fc\u00dfen zu d\u00fcrfen :<\/p>\n<ul>.<\/p>\n<li>in <strong class=\"bold color1\">Nebensaison<\/strong> von 8:30 bis 12:30 Uhr und von 14:00 bis 19:00 Uhr<\/li>\n<li>in <strong class=\"bold color1\">Hochsaison<\/strong> von 8:00 bis 20:00 Uhr<\/li>\n<\/ul>\n<\/div><\/div><\/div><\/div><\/section>\n\n<section id=\"section-group5\"\" data-bg-opacite=\"0.2\"data-background=\"https:\/\/www.camping-lagallouette.fr\/wp-content\/uploads\/2021\/10\/camping-familial-ile-tatihou.jpg\"data-speed=\"0.8\"class=\"section bg-white p-t-0 p-b-0 section--has-bg-img section_bg-parallax\" \/><div class=\"container full\"><\/div><\/section>\n\n<section id=\"section-group51\"\" class=\"section bg-white\" \/><div class=\"container extralarge\"><div class=\"colonnes-wrap valign-middle \"><div class=\"element colonne \"><h2 class=\"element section-title left\">und das ganze Jahr \u00fcber!<\/h2><div class=\"element bloc-text left \">\n\t<p>W\u00e4hrend der Schlie\u00dfungszeit vom 02. Oktober bis zum 30. M\u00e4rz stehen wir Ihnen montags bis freitags von 9.00 bis 12.00 Uhr und von 14.00 bis 17.00 Uhr zur Verf\u00fcgung, um Ihren Aufenthalt auf dem Campingplatz oder andere Urlaubspl\u00e4ne f\u00fcr die Region Cotentin zu buchen.<\/p>\n<ul>\n<li>Telefonisch unter +33 2 33 54 20 57<\/li>\n<li>Per E-Mail an die Adresse contact@camping-lagallouette.fr<\/li>\n<li>Per Post : 10b rue de la Galouette, 50550 Saint-Vaast-la-Hougue<\/li>\n<\/ul>\n<p>Au\u00dferdem finden Sie dort :<\/p>\n<ul>\n<li>Die <strong class=\"bold color1\">Zeitpl\u00e4ne der Gezeiten<\/strong> im Hafen von Saint Vaast<\/li>\n<li>Verkauf von <strong class=\"bold color1\">Postkarten<\/strong> aus der Region rund um den Campingplatz<\/li>\n<li>Verleih von B\u00fcgeleisen, <strong class=\"bold color1\">M\u00fcnzen<\/strong> f\u00fcr Waschmaschine \/ Trockner<\/li>\n<li>Wifi-Tickets (Abdeckung auf dem gesamten Campingplatz)<\/li>\n<li>Touristische Informationen und Dokumentationen Val de Saire, Cotentin, Manche und Normandie<\/li>\n<li><strong class=\"bold color1\">Erm\u00e4\u00dfigungen und Eintrittskarten<\/strong> Museen und andere Touristenattraktionen<\/li>\n<\/ul>\n<p>Sie haben auf unserem Campingplatz in der Normandie ein Chalet oder ein Mobilheim f\u00fcr 1 bis 6 Personen gebucht:<\/p>\n<ul>\n<li>Die Ankunft in einer Mietunterkunft erfolgt ab 16:00 Uhr an der Rezeption Ihres Campingplatzes Manche.<\/li>\n<li>Und Abreisen bis 10.00 Uhr.<\/li>\n<\/ul>\n<p>M\u00f6chten Sie zum Campen auf einen 4-Sterne-Campingplatz mit Pool kommen?<\/p>\n<ul>\n<li>Sie k\u00f6nnen ab 14:00 Uhr anreisen und haben Ihren Zeltplatz bis 12:00 Uhr am Tag Ihrer Abreise zur Verf\u00fcgung..<\/li>\n<\/ul>\n<\/div><\/div><div class=\"element colonne masque-blanc\"><div class=\"element images fancybox-container\"><a class=\"fancybox image\" href=\"https:\/\/www.camping-lagallouette.fr\/wp-content\/uploads\/2021\/10\/camping-avec-billetterie-manche.jpg\"><img decoding=\"async\" src=\"https:\/\/www.camping-lagallouette.fr\/wp-content\/uploads\/2021\/10\/camping-avec-billetterie-manche-100x75.jpg\" data-src=\"https:\/\/www.camping-lagallouette.fr\/wp-content\/uploads\/2021\/10\/camping-avec-billetterie-manche.jpg\" alt=\"camping avec billetterie manche\" class=\"images_image\" \/><\/a><\/div><div class=\"element images fancybox-container\"><a class=\"fancybox image\" href=\"https:\/\/www.camping-lagallouette.fr\/wp-content\/uploads\/2021\/10\/camping-familial-basse-normandie.jpg\"><img decoding=\"async\" src=\"https:\/\/www.camping-lagallouette.fr\/wp-content\/uploads\/2021\/10\/camping-familial-basse-normandie-100x75.jpg\" data-src=\"https:\/\/www.camping-lagallouette.fr\/wp-content\/uploads\/2021\/10\/camping-familial-basse-normandie.jpg\" alt=\"camping-familial basse normandie\" class=\"images_image\" \/><\/a><\/div><\/div><\/div><\/div><\/section>\n\n<section id=\"section-group6\"\" data-bg-opacite=\"0.2\"data-background=\"https:\/\/www.camping-lagallouette.fr\/wp-content\/uploads\/2021\/10\/camping-familial-saint-vaast-la-hougue.jpg\"data-speed=\"0.8\"class=\"section bg-white p-t-0 p-b-0 section--has-bg-img section_bg-parallax\" \/><div class=\"container full\"><\/div><\/section>\n\n<section id=\"section-group7\"\" class=\"section white-gradient-bottom bg-color3\" \/><div class=\"container extralarge\"><div class=\"colonnes-wrap valign-middle \"><div class=\"element colonne \"><h2 class=\"element section-title left\">Ein Urlaub in aller Ruhe<\/h2><div class=\"element bloc-text left \">\n\t<p>Sie sind <strong class=\"bold color1\">Wanderer<\/strong> auf dem GR 223 im \u00c4rmelkanal, Wohnmobilisten auf einer Reise entlang der K\u00fcste von Cotentin oder machen Familienurlaub in einer Mietunterkunft in Saint Vaast? Machen Sie sich mit all unseren Angeboten vertraut und finden Sie die, die Ihren Bed\u00fcrfnissen entsprechen. Neben dem Pool, der Snackbar finden Sie auf dieser Seite eine \u00dcbersicht \u00fcber unsere <strong class=\"bold color1\">Wifi<\/strong>-Services mit Abdeckung des gesamten Campingplatzes, den Ticketverkauf f\u00fcr Eintritte in die umliegenden Sehensw\u00fcrdigkeiten und &#8230; den Waschsalon.<\/p>\n<\/div><h3 class=\"element section-title left\">Mit den Liebsten in Verbindung bleiben!<\/h3><div class=\"element bloc-text left \">\n\t<p>Das gesicherte WiFi, das auf dem gesamten Campingplatz La Gallouette vorhanden ist, erm\u00f6glicht es Ihnen, Ihr Tablet oder Smartphone von jedem Ort des Gel\u00e4ndes aus mit dem Internet zu verbinden. Ideal, um Ihre Urlaubsfotos zu teilen, Ihre E-Mails abzurufen oder das Besichtigungsprogramm f\u00fcr den Tag vorzubereiten.<\/p>\n<p><strong>1 Stunde Login ist kostenlos.<\/strong> Es ist ganz einfach, Sie m\u00fcssen nur Ihr Konto einrichten und die Allgemeinen Gesch\u00e4ftsbedingungen f\u00fcr die Nutzung des Dienstes akzeptieren. Unser WIFI-Angebot zum kleinen Preis erm\u00f6glicht es Ihnen, \u00fcber mehr Verbindungszeit zu verf\u00fcgen. Erkundigen Sie sich an der Rezeption Ihres Campingplatzes am Meer nach den Preisen f\u00fcr Wifi-Flatrates. <strong class=\"bold color1\">Das 4G-Angebot deckt ebenfalls den gesamten Campingplatz ab<\/strong>.<\/p>\n<p>Teilen Sie Ihre Urlaubsfotos vom Camping am Meer im Cotentin auf den sozialen Netzwerken des Campingplatzes :<\/p>\n<ul>\n<li><a href=\"https:\/\/www.facebook.com\/campingallouettecotentin\" target=\"_blank\" rel=\"noopener\">Facebook-Seite<\/a> des Campingplatzes Manche<\/li>\n<li><a href=\"https:\/\/www.instagram.com\/campinglagallouette\/\" target=\"_blank\" rel=\"noopener\">Instagram<\/a>-Seite des Campingplatzes Manche<\/li>\n<\/ul>\n<\/div><\/div><div class=\"element colonne masque-bleu\"><div class=\"element images fancybox-container\"><a class=\"fancybox image\" href=\"https:\/\/www.camping-lagallouette.fr\/wp-content\/uploads\/2021\/11\/camping-avec-wifi-cherbourg.png\"><img decoding=\"async\" src=\"https:\/\/www.camping-lagallouette.fr\/wp-content\/uploads\/2021\/11\/camping-avec-wifi-cherbourg-100x71.png\" data-src=\"https:\/\/www.camping-lagallouette.fr\/wp-content\/uploads\/2021\/11\/camping-avec-wifi-cherbourg.png\" alt=\"camping avec wifi cherbourg\" class=\"images_image\" \/><\/a><\/div><\/div><\/div><\/div><\/section>\n\n<section id=\"section-group8\"\" class=\"section bg-white\" \/><div class=\"container extralarge\"><div class=\"colonnes-wrap valign-middle \"><div class=\"element colonne masque-blanc\"><div class=\"element images fancybox-container\"><a class=\"fancybox image\" href=\"https:\/\/www.camping-lagallouette.fr\/wp-content\/uploads\/2023\/11\/camping-Manche-proche-cherbourg.jpg\"><img decoding=\"async\" src=\"https:\/\/www.camping-lagallouette.fr\/wp-content\/uploads\/2023\/11\/camping-Manche-proche-cherbourg-100x75.jpg\" data-src=\"https:\/\/www.camping-lagallouette.fr\/wp-content\/uploads\/2023\/11\/camping-Manche-proche-cherbourg.jpg\" alt=\"camping billeterie reduction musees normandie\" class=\"images_image\" \/><\/a><\/div><\/div><div class=\"element colonne \"><h3 class=\"element section-title left\">Ticketverkauf<\/h3><div class=\"element bloc-text left \">\n\t<p>Um von Rabatten und Vorteilen zu profitieren, kaufen Sie Ihre Eintrittskarten f\u00fcr Museen und andere Sehensw\u00fcrdigkeiten im Departement Manche direkt an der Rezeption Ihres Campingplatzes. Sparen Sie Zeit, <strong class=\"bold color1\">Rabatte<\/strong> und <strong class=\"bold color1\">Schl\u00fcsselkarten<\/strong>, um das Beste aus Ihrem Urlaub am Meer in der Normandie zu machen!<\/p>\n<ul>\n<li>Betreten Sie die Cit\u00e9 de la mer in Cherbourg und begeben Sie sich mit den auf dem Campingplatz erh\u00e4ltlichen Eintrittskarten f\u00fcr die Warteschlange auf ein au\u00dfergew\u00f6hnliches Abenteuer durch den Meeresgrund.<\/li>\n<li>Besuchen Sie die Landungsstr\u00e4nde und ihre Museen und erhalten Sie einen Rabatt f\u00fcr das Airborne Museum, wenn Sie Ihre Eintrittskarten im Voraus an der Rezeption des Campingplatzes kaufen.<\/li>\n<li>Profitieren Sie auch von Erm\u00e4\u00dfigungen f\u00fcr die Ile Tatihou,<\/li>\n<li>der Tierpark von Montaigu la Brisette<\/li>\n<li>oder die D-Day Experience in Carentan.<\/li>\n<\/ul>\n<\/div><h3 class=\"element section-title left\">Der Waschraum f\u00fcr mehr Komfort<\/h3><div class=\"element bloc-text left \">\n\t<p>Der Waschsalon ist mit 2 <strong class=\"bold color1\">Waschmaschinen<\/strong> und 1 <strong class=\"bold color1\">W\u00e4schetrockner<\/strong> sowie mit <strong class=\"bold color1\">Waschwannen<\/strong> ausgestattet. Die Ger\u00e4te funktionieren mit Hilfe von M\u00fcnzen, die Sie an der Rezeption des Campingplatzes abholen k\u00f6nnen.<\/p>\n<p>In der W\u00e4scherei steht Ihnen ein B\u00fcgelbrett zur Verf\u00fcgung. Ein <strong class=\"bold color1\">B\u00fcgeleisen<\/strong> ist auf Anfrage ebenfalls erh\u00e4ltlich.<\/p>\n<\/div><\/div><\/div><\/div><\/section>\n\n<section id=\"section-615709ddd9e41\"\" class=\"section white-gradient-top bg-color3\" \/><div class=\"container extralarge\"><div class=\"element section-title center\">Entdecken Sie die Dienstleistungen des Campingplatzes<\/div><div class=\"colonnes-wrap valign-middle \"><div class=\"element colonne \"><div class=\"element call-to-action  call-to-action--style-1 call-to-action--big\"><a href=\"https:\/\/www.camping-lagallouette.fr\/de\/5-gute-gruende-ihren-urlaub-am-meer-zu-buchen\/\"  class=\"call-to-action_link\" title=\"Mehr \u00fcber 5 gute gr\u00fcnde, ihren urlaub am meer auf dem campingplatz saint vaast zu buchen\"><div class=\"call-to-action_image\"><img decoding=\"async\" src=\"https:\/\/www.camping-lagallouette.fr\/wp-content\/uploads\/2021\/10\/camping-vacances-littoral-cherbourg-100x67.jpg\" data-src=\"https:\/\/www.camping-lagallouette.fr\/wp-content\/uploads\/2021\/10\/camping-vacances-littoral-cherbourg.jpg\" alt=\"camping vacances littoral cherbourg\" class=\"big\" \/><\/div><div class=\"call-to-action_contenu\"><div class=\"call-to-action_titre\">5 Gute Gr\u00fcnde, Ihren Urlaub am Meer auf dem Campingplatz Saint vaast zu buchen<\/div><\/div><\/a><\/div><\/div><div class=\"element colonne \"><div class=\"element call-to-action  call-to-action--style-1 call-to-action--big\"><a href=\"https:\/\/www.camping-lagallouette.fr\/de\/die-services-des-campingplatzes\/\"  class=\"call-to-action_link\" title=\"Mehr \u00fcber dienste\"><div class=\"call-to-action_image\"><img decoding=\"async\" src=\"https:\/\/www.camping-lagallouette.fr\/wp-content\/uploads\/2021\/10\/camping-avec-billeterie-cherbourg-100x67.jpg\" data-src=\"https:\/\/www.camping-lagallouette.fr\/wp-content\/uploads\/2021\/10\/camping-avec-billeterie-cherbourg.jpg\" alt=\"camping avec billeterie cherbourg\" class=\"big\" \/><\/div><div class=\"call-to-action_contenu\"><div class=\"call-to-action_titre\">Dienste<\/div><\/div><\/a><\/div><\/div><div class=\"element colonne \"><div class=\"element call-to-action  call-to-action--style-1 call-to-action--big\"><a href=\"https:\/\/www.camping-lagallouette.fr\/de\/die-snack-bar-empicerie-des-campingplatzes\/\"  class=\"call-to-action_link\" title=\"Mehr \u00fcber snackbar &#038; lebensmittelgesch\u00e4ft\"><div class=\"call-to-action_image\"><img decoding=\"async\" src=\"https:\/\/www.camping-lagallouette.fr\/wp-content\/uploads\/2021\/11\/camping-snack-bar-erquy-100x75.jpeg\" data-src=\"https:\/\/www.camping-lagallouette.fr\/wp-content\/uploads\/2021\/11\/camping-snack-bar-erquy.jpeg\" alt=\"camping snack bar erquy\" class=\"big\" \/><\/div><div class=\"call-to-action_contenu\"><div class=\"call-to-action_titre\">Snackbar &#038; Lebensmittelgesch\u00e4ft<\/div><\/div><\/a><\/div><\/div><\/div><\/div><\/section>","protected":false},"excerpt":{"rendered":"","protected":false},"author":1,"featured_media":22944,"parent":0,"menu_order":0,"comment_status":"closed","ping_status":"closed","template":"","meta":{"_acf_changed":false,"footnotes":""},"class_list":["post-17309","page","type-page","status-publish","has-post-thumbnail","hentry"],"acf":[],"yoast_head":"<!-- This site is optimized with the Yoast SEO plugin v25.3 - https:\/\/yoast.com\/wordpress\/plugins\/seo\/ -->\n<title>Die Dienstleistungen des Campingplatzes - Buchen Sie Ihren Urlaub in der Normandie<\/title>\n<meta name=\"description\" content=\"Vorstellung der Dienstleistungen Ihres Campingplatzes in der Normandie. Buchen Sie schnell Ihren Urlaub auf dem Campingplatz La Gallouette in Saint-Vaast!\" \/>\n<meta name=\"robots\" content=\"index, follow, max-snippet:-1, max-image-preview:large, max-video-preview:-1\" \/>\n<link rel=\"canonical\" href=\"https:\/\/www.camping-lagallouette.fr\/de\/die-services-des-campingplatzes\/\" \/>\n<meta property=\"og:locale\" content=\"de_DE\" \/>\n<meta property=\"og:type\" content=\"article\" \/>\n<meta property=\"og:title\" content=\"Die Dienstleistungen des Campingplatzes - Buchen Sie Ihren Urlaub in der Normandie\" \/>\n<meta property=\"og:description\" content=\"Vorstellung der Dienstleistungen Ihres Campingplatzes in der Normandie. Buchen Sie schnell Ihren Urlaub auf dem Campingplatz La Gallouette in Saint-Vaast!\" \/>\n<meta property=\"og:url\" content=\"https:\/\/www.camping-lagallouette.fr\/de\/die-services-des-campingplatzes\/\" \/>\n<meta property=\"og:site_name\" content=\"Camping Gallouette\" \/>\n<meta property=\"article:modified_time\" content=\"2023-11-13T09:50:12+00:00\" \/>\n<meta property=\"og:image\" content=\"https:\/\/www.camping-lagallouette.fr\/wp-content\/uploads\/2021\/10\/camping-manche-bord-de-mer.jpg\" \/>\n\t<meta property=\"og:image:width\" content=\"1900\" \/>\n\t<meta property=\"og:image:height\" content=\"699\" \/>\n\t<meta property=\"og:image:type\" content=\"image\/jpeg\" \/>\n<meta name=\"twitter:card\" content=\"summary_large_image\" \/>\n<script type=\"application\/ld+json\" class=\"yoast-schema-graph\">{\"@context\":\"https:\/\/schema.org\",\"@graph\":[{\"@type\":\"WebPage\",\"@id\":\"https:\/\/www.camping-lagallouette.fr\/de\/die-services-des-campingplatzes\/\",\"url\":\"https:\/\/www.camping-lagallouette.fr\/de\/die-services-des-campingplatzes\/\",\"name\":\"Die Dienstleistungen des Campingplatzes - Buchen Sie Ihren Urlaub in der Normandie\",\"isPartOf\":{\"@id\":\"https:\/\/www.camping-lagallouette.fr\/de\/#website\"},\"primaryImageOfPage\":{\"@id\":\"https:\/\/www.camping-lagallouette.fr\/de\/die-services-des-campingplatzes\/#primaryimage\"},\"image\":{\"@id\":\"https:\/\/www.camping-lagallouette.fr\/de\/die-services-des-campingplatzes\/#primaryimage\"},\"thumbnailUrl\":\"https:\/\/www.camping-lagallouette.fr\/wp-content\/uploads\/2024\/10\/vue-densemble-piscine-accueil-scaled.jpg\",\"datePublished\":\"2021-09-20T10:25:30+00:00\",\"dateModified\":\"2023-11-13T09:50:12+00:00\",\"description\":\"Vorstellung der Dienstleistungen Ihres Campingplatzes in der Normandie. Buchen Sie schnell Ihren Urlaub auf dem Campingplatz La Gallouette in Saint-Vaast!\",\"breadcrumb\":{\"@id\":\"https:\/\/www.camping-lagallouette.fr\/de\/die-services-des-campingplatzes\/#breadcrumb\"},\"inLanguage\":\"de\",\"potentialAction\":[{\"@type\":\"ReadAction\",\"target\":[\"https:\/\/www.camping-lagallouette.fr\/de\/die-services-des-campingplatzes\/\"]}]},{\"@type\":\"ImageObject\",\"inLanguage\":\"de\",\"@id\":\"https:\/\/www.camping-lagallouette.fr\/de\/die-services-des-campingplatzes\/#primaryimage\",\"url\":\"https:\/\/www.camping-lagallouette.fr\/wp-content\/uploads\/2024\/10\/vue-densemble-piscine-accueil-scaled.jpg\",\"contentUrl\":\"https:\/\/www.camping-lagallouette.fr\/wp-content\/uploads\/2024\/10\/vue-densemble-piscine-accueil-scaled.jpg\",\"width\":2560,\"height\":1440,\"caption\":\"camping services\"},{\"@type\":\"BreadcrumbList\",\"@id\":\"https:\/\/www.camping-lagallouette.fr\/de\/die-services-des-campingplatzes\/#breadcrumb\",\"itemListElement\":[{\"@type\":\"ListItem\",\"position\":1,\"name\":\"Campingplatz Manche\",\"item\":\"https:\/\/www.camping-lagallouette.fr\/de\/\"},{\"@type\":\"ListItem\",\"position\":2,\"name\":\"Die Dienstleistungen des Campingplatzes\"}]},{\"@type\":\"WebSite\",\"@id\":\"https:\/\/www.camping-lagallouette.fr\/de\/#website\",\"url\":\"https:\/\/www.camping-lagallouette.fr\/de\/\",\"name\":\"Camping Gallouette\",\"description\":\"\",\"publisher\":{\"@id\":\"https:\/\/www.camping-lagallouette.fr\/de\/#organization\"},\"potentialAction\":[{\"@type\":\"SearchAction\",\"target\":{\"@type\":\"EntryPoint\",\"urlTemplate\":\"https:\/\/www.camping-lagallouette.fr\/de\/?s={search_term_string}\"},\"query-input\":{\"@type\":\"PropertyValueSpecification\",\"valueRequired\":true,\"valueName\":\"search_term_string\"}}],\"inLanguage\":\"de\"},{\"@type\":\"Organization\",\"@id\":\"https:\/\/www.camping-lagallouette.fr\/de\/#organization\",\"name\":\"Camping La Gallouette\",\"url\":\"https:\/\/www.camping-lagallouette.fr\/de\/\",\"logo\":{\"@type\":\"ImageObject\",\"inLanguage\":\"de\",\"@id\":\"https:\/\/www.camping-lagallouette.fr\/de\/#\/schema\/logo\/image\/\",\"url\":\"https:\/\/www.camping-lagallouette.fr\/wp-content\/uploads\/2021\/10\/logo-bleu-camping-gallouette.png\",\"contentUrl\":\"https:\/\/www.camping-lagallouette.fr\/wp-content\/uploads\/2021\/10\/logo-bleu-camping-gallouette.png\",\"width\":214,\"height\":226,\"caption\":\"Camping La Gallouette\"},\"image\":{\"@id\":\"https:\/\/www.camping-lagallouette.fr\/de\/#\/schema\/logo\/image\/\"}}]}<\/script>\n<!-- \/ Yoast SEO plugin. -->","yoast_head_json":{"title":"Die Dienstleistungen des Campingplatzes - Buchen Sie Ihren Urlaub in der Normandie","description":"Vorstellung der Dienstleistungen Ihres Campingplatzes in der Normandie. Buchen Sie schnell Ihren Urlaub auf dem Campingplatz La Gallouette in Saint-Vaast!","robots":{"index":"index","follow":"follow","max-snippet":"max-snippet:-1","max-image-preview":"max-image-preview:large","max-video-preview":"max-video-preview:-1"},"canonical":"https:\/\/www.camping-lagallouette.fr\/de\/die-services-des-campingplatzes\/","og_locale":"de_DE","og_type":"article","og_title":"Die Dienstleistungen des Campingplatzes - Buchen Sie Ihren Urlaub in der Normandie","og_description":"Vorstellung der Dienstleistungen Ihres Campingplatzes in der Normandie. Buchen Sie schnell Ihren Urlaub auf dem Campingplatz La Gallouette in Saint-Vaast!","og_url":"https:\/\/www.camping-lagallouette.fr\/de\/die-services-des-campingplatzes\/","og_site_name":"Camping Gallouette","article_modified_time":"2023-11-13T09:50:12+00:00","og_image":[{"width":1900,"height":699,"url":"https:\/\/www.camping-lagallouette.fr\/wp-content\/uploads\/2021\/10\/camping-manche-bord-de-mer.jpg","type":"image\/jpeg"}],"twitter_card":"summary_large_image","schema":{"@context":"https:\/\/schema.org","@graph":[{"@type":"WebPage","@id":"https:\/\/www.camping-lagallouette.fr\/de\/die-services-des-campingplatzes\/","url":"https:\/\/www.camping-lagallouette.fr\/de\/die-services-des-campingplatzes\/","name":"Die Dienstleistungen des Campingplatzes - Buchen Sie Ihren Urlaub in der Normandie","isPartOf":{"@id":"https:\/\/www.camping-lagallouette.fr\/de\/#website"},"primaryImageOfPage":{"@id":"https:\/\/www.camping-lagallouette.fr\/de\/die-services-des-campingplatzes\/#primaryimage"},"image":{"@id":"https:\/\/www.camping-lagallouette.fr\/de\/die-services-des-campingplatzes\/#primaryimage"},"thumbnailUrl":"https:\/\/www.camping-lagallouette.fr\/wp-content\/uploads\/2024\/10\/vue-densemble-piscine-accueil-scaled.jpg","datePublished":"2021-09-20T10:25:30+00:00","dateModified":"2023-11-13T09:50:12+00:00","description":"Vorstellung der Dienstleistungen Ihres Campingplatzes in der Normandie. Buchen Sie schnell Ihren Urlaub auf dem Campingplatz La Gallouette in Saint-Vaast!","breadcrumb":{"@id":"https:\/\/www.camping-lagallouette.fr\/de\/die-services-des-campingplatzes\/#breadcrumb"},"inLanguage":"de","potentialAction":[{"@type":"ReadAction","target":["https:\/\/www.camping-lagallouette.fr\/de\/die-services-des-campingplatzes\/"]}]},{"@type":"ImageObject","inLanguage":"de","@id":"https:\/\/www.camping-lagallouette.fr\/de\/die-services-des-campingplatzes\/#primaryimage","url":"https:\/\/www.camping-lagallouette.fr\/wp-content\/uploads\/2024\/10\/vue-densemble-piscine-accueil-scaled.jpg","contentUrl":"https:\/\/www.camping-lagallouette.fr\/wp-content\/uploads\/2024\/10\/vue-densemble-piscine-accueil-scaled.jpg","width":2560,"height":1440,"caption":"camping services"},{"@type":"BreadcrumbList","@id":"https:\/\/www.camping-lagallouette.fr\/de\/die-services-des-campingplatzes\/#breadcrumb","itemListElement":[{"@type":"ListItem","position":1,"name":"Campingplatz Manche","item":"https:\/\/www.camping-lagallouette.fr\/de\/"},{"@type":"ListItem","position":2,"name":"Die Dienstleistungen des Campingplatzes"}]},{"@type":"WebSite","@id":"https:\/\/www.camping-lagallouette.fr\/de\/#website","url":"https:\/\/www.camping-lagallouette.fr\/de\/","name":"Camping Gallouette","description":"","publisher":{"@id":"https:\/\/www.camping-lagallouette.fr\/de\/#organization"},"potentialAction":[{"@type":"SearchAction","target":{"@type":"EntryPoint","urlTemplate":"https:\/\/www.camping-lagallouette.fr\/de\/?s={search_term_string}"},"query-input":{"@type":"PropertyValueSpecification","valueRequired":true,"valueName":"search_term_string"}}],"inLanguage":"de"},{"@type":"Organization","@id":"https:\/\/www.camping-lagallouette.fr\/de\/#organization","name":"Camping La Gallouette","url":"https:\/\/www.camping-lagallouette.fr\/de\/","logo":{"@type":"ImageObject","inLanguage":"de","@id":"https:\/\/www.camping-lagallouette.fr\/de\/#\/schema\/logo\/image\/","url":"https:\/\/www.camping-lagallouette.fr\/wp-content\/uploads\/2021\/10\/logo-bleu-camping-gallouette.png","contentUrl":"https:\/\/www.camping-lagallouette.fr\/wp-content\/uploads\/2021\/10\/logo-bleu-camping-gallouette.png","width":214,"height":226,"caption":"Camping La Gallouette"},"image":{"@id":"https:\/\/www.camping-lagallouette.fr\/de\/#\/schema\/logo\/image\/"}}]}},"_links":{"self":[{"href":"https:\/\/www.camping-lagallouette.fr\/de\/wp-json\/wp\/v2\/pages\/17309","targetHints":{"allow":["GET"]}}],"collection":[{"href":"https:\/\/www.camping-lagallouette.fr\/de\/wp-json\/wp\/v2\/pages"}],"about":[{"href":"https:\/\/www.camping-lagallouette.fr\/de\/wp-json\/wp\/v2\/types\/page"}],"author":[{"embeddable":true,"href":"https:\/\/www.camping-lagallouette.fr\/de\/wp-json\/wp\/v2\/users\/1"}],"replies":[{"embeddable":true,"href":"https:\/\/www.camping-lagallouette.fr\/de\/wp-json\/wp\/v2\/comments?post=17309"}],"version-history":[{"count":29,"href":"https:\/\/www.camping-lagallouette.fr\/de\/wp-json\/wp\/v2\/pages\/17309\/revisions"}],"predecessor-version":[{"id":21326,"href":"https:\/\/www.camping-lagallouette.fr\/de\/wp-json\/wp\/v2\/pages\/17309\/revisions\/21326"}],"wp:featuredmedia":[{"embeddable":true,"href":"https:\/\/www.camping-lagallouette.fr\/de\/wp-json\/wp\/v2\/media\/22944"}],"wp:attachment":[{"href":"https:\/\/www.camping-lagallouette.fr\/de\/wp-json\/wp\/v2\/media?parent=17309"}],"curies":[{"name":"wp","href":"https:\/\/api.w.org\/{rel}","templated":true}]}}