{"id":17300,"date":"2021-09-20T12:26:02","date_gmt":"2021-09-20T10:26:02","guid":{"rendered":"https:\/\/www.camping-lagallouette.fr\/le-snack-bar-epicerie-du-camping\/"},"modified":"2023-11-13T11:01:35","modified_gmt":"2023-11-13T10:01:35","slug":"die-snack-bar-empicerie-des-campingplatzes","status":"publish","type":"page","link":"https:\/\/www.camping-lagallouette.fr\/de\/die-snack-bar-empicerie-des-campingplatzes\/","title":{"rendered":"Le camping : Snack-bar &#038; \u00e9picerie"},"content":{"rendered":"<section id=\"section-6155b3f853ec8\"\" class=\"section white-gradient-bottom bg-color3\" \/><div class=\"container extralarge\"><h1 class=\"element section-title center p-b-5\">Die Snackbar und der Lebensmittelladen des Campingplatzes<\/h1><div class=\"colonnes-wrap valign-middle p-b-5\"><div class=\"element colonne \"><h2 class=\"element section-title left\">Sich auf dem Campingplatz verpflegen, gro\u00dfer Hunger und kleiner Hunger!<\/h2><div class=\"element bloc-text left \">\n\t<p>Die Snackbar ist ein geselliger Ort, an dem Sie sich w\u00e4hrend Ihres Urlaubs in St vaast la Hougue eine <strong class=\"bold color1\">Gourmetpause<\/strong> im Speisesaal oder auf der Terrasse g\u00f6nnen k\u00f6nnen. Ab Junian den Wochenenden und im Juli und August t\u00e4glich ge\u00f6ffnet, ist dies der ideale Ort, um sich zu erholen, zu entspannen und den Alltag auf Ihrem 4-Sterne-Campingplatz in der Region Cotentin zu durchbrechen.<\/p>\n<p>In diesem Bereich finden Sie verschiedene Dienstleistungen, die Ihnen den Urlaub erleichtern: Snacks, Bar, Brotverkauf, B\u00fccher, Zeitschriften, Karten- und Gesellschaftsspiele zur Verf\u00fcgung (B\u00fcchertausch m\u00f6glich), Fernseher, Billard&#8230;.<\/p>\n<\/div><\/div><div class=\"element colonne masque-bleu\"><div class=\"element images fancybox-container\"><a class=\"fancybox image\" href=\"https:\/\/www.camping-lagallouette.fr\/wp-content\/uploads\/2021\/10\/camping-snack-bar-glaces-sorbets-saint-vaast-la-hougue.jpg\"><img decoding=\"async\" src=\"https:\/\/www.camping-lagallouette.fr\/wp-content\/uploads\/2021\/10\/camping-snack-bar-glaces-sorbets-saint-vaast-la-hougue-100x75.jpg\" data-src=\"https:\/\/www.camping-lagallouette.fr\/wp-content\/uploads\/2021\/10\/camping-snack-bar-glaces-sorbets-saint-vaast-la-hougue.jpg\" alt=\"camping avec restaurant saint vaast la hougue\" class=\"images_image\" \/><\/a><\/div><\/div><\/div><\/div><\/section>\n\n<section id=\"section-6155c2a7dd6f1\"\" class=\"section bg-white\" \/><div class=\"container extralarge\"><div class=\"colonnes-wrap valign-middle \"><div class=\"element colonne masque-blanc\"><div class=\"element images fancybox-container\"><a class=\"fancybox image\" href=\"https:\/\/www.camping-lagallouette.fr\/wp-content\/uploads\/2023\/11\/Service-pain-camping.jpg\"><img decoding=\"async\" src=\"https:\/\/www.camping-lagallouette.fr\/wp-content\/uploads\/2023\/11\/Service-pain-camping-100x75.jpg\" data-src=\"https:\/\/www.camping-lagallouette.fr\/wp-content\/uploads\/2023\/11\/Service-pain-camping.jpg\" alt=\"camping avec snack bar saint vaast la hougue\" class=\"images_image\" \/><\/a><\/div><\/div><div class=\"element colonne \"><h2 class=\"element section-title left\">Beginn des Tages im Lebensmittelgesch\u00e4ft &#8211; Snack &#8211; Bar<\/h2><div class=\"element bloc-text left \">\n\t<p>Wie kann man den Tag gut beginnen, wenn man im Urlaub ist? Mit frischem <strong class=\"bold color1\">Brot<\/strong> und <strong class=\"bold color1\">Geb\u00e4ck<\/strong> direkt aus den \u00d6fen des B\u00e4ckers von St Vaast!<\/p>\n<p>Der Campingplatz Manche bietet in der Hochsaison auch ein <strong class=\"bold color1\">kontinentales Fr\u00fchst\u00fcck<\/strong> an, das in der Snackbar serviert wird. F\u00fcr weitere Informationen wenden Sie sich bitte an die Rezeption des Campingplatzes Normandie.<\/p>\n<p>Denken Sie daran, am Vortag Ihr Brot, Baguette, Croissants&#8230; oder Ihre Fr\u00fchst\u00fccksformel an der Rezeption Ihres Campingplatzes zu bestellen.<\/p>\n<\/div><\/div><\/div><\/div><\/section>\n\n<section id=\"section-6155c2a7dd92a\"\" data-bg-opacite=\"0.2\"data-background=\"https:\/\/www.camping-lagallouette.fr\/wp-content\/uploads\/2021\/10\/camping-vente-produits-locaux-cotentin.jpg\"data-speed=\"0.8\"class=\"section bg-white p-t-0 p-b-0 section--has-bg-img section_bg-parallax\" \/><div class=\"container full\"><\/div><\/section>\n\n<section id=\"section-6155c2a7ddc53\"\" class=\"section white-gradient-bottom bg-color3\" \/><div class=\"container extralarge\"><div class=\"colonnes-wrap valign-middle p-b-5\"><div class=\"element colonne \"><h2 class=\"element section-title left\">Snackseite, zur Essenszeit<\/h2><div class=\"element bloc-text left \">\n\t<p>Auf der Speisekarte stehen Cheeseburger, Pizzas, gegrilltes Fleisch (Grillfleisch aus handwerklich hergestellten Wurstwaren von La Trappe de Bricquebec) und Fish and Chips mit Pommes frites oder Salaten.<\/p>\n<p>Sie k\u00f6nnen sich mit unseren Gerichten &#8222;<strong class=\"bold color1\">vor Ort<\/strong>&#8220; verw\u00f6hnen und sich den Urlaub vereinfachen:<\/p>\n<ul>\n<li>im hellen und lichtdurchfluteten Raum der Snackbar mit Blick auf den Pool des Campingplatzes<\/li>\n<\/ul>\n<p>Oder indem Sie die Formel &#8222;<strong class=\"bold color1\">zum Mitnehmen w\u00e4hlen<\/strong>\u201d.<\/p>\n<ul>\n<li>zum Verzehr in Ihrem Mobilheim oder Chalet<\/li>\n<li>und warum nicht mit Blick auf das Meer, auf dem Deich von Saint Vaast la Hougue, 100 Meter vom Campingplatz Cotentin entfernt?<\/li>\n<\/ul>\n<p>Zur Erfrischung in den hei\u00dfesten Stunden des Sommers: <strong class=\"bold color1\">Eis<\/strong> und Eisbecher, Sorbets, Eisbecher&#8230;<\/p>\n<\/div><\/div><div class=\"element colonne masque-bleu\"><div class=\"element images fancybox-container\"><a class=\"fancybox image\" href=\"https:\/\/www.camping-lagallouette.fr\/wp-content\/uploads\/2021\/10\/camping-avec-restaurant-saint-vaast-la-hougue.jpg\"><img decoding=\"async\" src=\"https:\/\/www.camping-lagallouette.fr\/wp-content\/uploads\/2021\/10\/camping-avec-restaurant-saint-vaast-la-hougue-100x75.jpg\" data-src=\"https:\/\/www.camping-lagallouette.fr\/wp-content\/uploads\/2021\/10\/camping-avec-restaurant-saint-vaast-la-hougue.jpg\" alt=\"camping snack bar glaces sorbets saint vaast la hougue\" class=\"images_image\" \/><\/a><\/div><\/div><\/div><\/div><\/section>\n\n<section id=\"section-6155c2a7de282\"\" class=\"section bg-white\" \/><div class=\"container extralarge\"><div class=\"colonnes-wrap valign-middle \"><div class=\"element colonne masque-blanc\"><div class=\"element images fancybox-container\"><a class=\"fancybox image\" href=\"https:\/\/www.camping-lagallouette.fr\/wp-content\/uploads\/2023\/11\/Cidre-epicerie-camping-manche.jpg\"><img decoding=\"async\" src=\"https:\/\/www.camping-lagallouette.fr\/wp-content\/uploads\/2023\/11\/Cidre-epicerie-camping-manche-100x75.jpg\" data-src=\"https:\/\/www.camping-lagallouette.fr\/wp-content\/uploads\/2023\/11\/Cidre-epicerie-camping-manche.jpg\" alt=\"camping vente produits locaux normandie\" class=\"images_image\" \/><\/a><\/div><\/div><div class=\"element colonne \"><h2 class=\"element section-title left\">Lebensmittelgesch\u00e4ft und lokale Produkte<\/h2><div class=\"element bloc-text left \">\n\t<p>Ein <strong class=\"bold color1\">Lebensmittelgesch\u00e4ft<\/strong> mit den n\u00f6tigsten Dingen steht Ihnen auf dem Campingplatz Manche La Gallouette zur Verf\u00fcgung (Kaffee, Konserven, Gew\u00fcrze, Getr\u00e4nke, Reinigungs- und Hygieneartikel, Holzkohle&#8230;) und bietet auch Eisflaschen und Eisw\u00fcrfelbeutel f\u00fcr die Camper an.<\/p>\n<p>Es ist auch der ideale Ort, um kleine S\u00fc\u00dfigkeiten zu kaufen und die lokalen Spezialit\u00e4ten zu entdecken: Caramels d&#8217;Isigny, Financiers und normannische Kekse aus der Keksfabrik in Sortosville en Baumont, einem kleinen Dorf auf dem Weg nach Barneville Carteret, Apfelgelee, Apfelwein und Calvados aus der Normandie aus der Apfelweinfabrik <a href=\"https:\/\/cidreriedelachesna.wixsite.com\/website\">La Chesnaie<\/a> in Yvetot-Bocage s\u00fcdlich von Cherbourg. Und schlie\u00dflich das lokale Bier Chinquante, das in Saint Vaast la Hougue, nur wenige Meter vom Campingplatz entfernt, gebraut wird! Perfekt, wenn Sie kleine Souvenirs von Ihrem Urlaub in der Region Cotentin mitbringen m\u00f6chten.<\/p>\n<p>Der Lebensmittelladen ist im Juli\/August t\u00e4glich ge\u00f6ffnet und in der Nebensaison auf Anfrage. Wenden Sie sich bitte an das Rezeptionsteam des Campingplatzes, um Zugang zu erhalten.<\/p>\n<p>*Der Missbrauch von Alkohol ist gesundheitssch\u00e4dlich und sollte in Ma\u00dfen genossen werden.<\/p>\n<\/div><h2 class=\"element section-title left\">Horaires d\u2019ouverture du snack bar \u00e9picerie<\/h2><div class=\"element bloc-text left \">\n\t<p><strong class=\"bold color1\">Basse-saison<\/strong> : 12h00-14h00 \/ 18h00-21h00<br \/>\n<strong class=\"bold color1\">Haute-saison<\/strong> : 12h00-14h00 \/ 16h30-21h00<\/p>\n<\/div><\/div><\/div><\/div><\/section>\n\n<section id=\"section-6155c2a7decd0\"\" class=\"section white-gradient-top bg-color3\" \/><div class=\"container extralarge\"><div class=\"element section-title center\">Entdecken Sie unseren Campingplatz am Meer<\/div><div class=\"colonnes-wrap valign-middle \"><div class=\"element colonne \"><div class=\"element call-to-action  call-to-action--style-1 call-to-action--big\"><a href=\"https:\/\/www.camping-lagallouette.fr\/de\/5-gute-gruende-ihren-urlaub-am-meer-zu-buchen\/\"  class=\"call-to-action_link\" title=\"Mehr \u00fcber 5 gute gr\u00fcnde, ihren urlaub am meer auf dem campingplatz saint vaast zu buchen\"><div class=\"call-to-action_image\"><img decoding=\"async\" src=\"https:\/\/www.camping-lagallouette.fr\/wp-content\/uploads\/2021\/10\/camping-vacances-littoral-cherbourg-100x67.jpg\" data-src=\"https:\/\/www.camping-lagallouette.fr\/wp-content\/uploads\/2021\/10\/camping-vacances-littoral-cherbourg.jpg\" alt=\"camping vacances littoral cherbourg\" class=\"big\" \/><\/div><div class=\"call-to-action_contenu\"><div class=\"call-to-action_titre\">5 Gute Gr\u00fcnde, Ihren Urlaub am Meer auf dem Campingplatz Saint vaast zu buchen<\/div><\/div><\/a><\/div><\/div><div class=\"element colonne \"><div class=\"element call-to-action  call-to-action--style-1 call-to-action--big\"><a href=\"https:\/\/www.camping-lagallouette.fr\/de\/camping-ecoresponsable\/\"  class=\"call-to-action_link\" title=\"Mehr \u00fcber \u00d6kologisch verantwortliches camping\"><div class=\"call-to-action_image\"><img decoding=\"async\" src=\"https:\/\/www.camping-lagallouette.fr\/wp-content\/uploads\/2021\/10\/camping-tourisme-circuit-val-de-saire-100x67.jpg\" data-src=\"https:\/\/www.camping-lagallouette.fr\/wp-content\/uploads\/2021\/10\/camping-tourisme-circuit-val-de-saire.jpg\" alt=\"camping tourisme circuit val de saire\" class=\"big\" \/><\/div><div class=\"call-to-action_contenu\"><div class=\"call-to-action_titre\">\u00d6kologisch verantwortliches Camping<\/div><\/div><\/a><\/div><\/div><div class=\"element colonne \"><div class=\"element call-to-action  call-to-action--style-1 call-to-action--big\"><a href=\"https:\/\/www.camping-lagallouette.fr\/de\/die-services-des-campingplatzes\/\"  class=\"call-to-action_link\" title=\"Mehr \u00fcber dienste\"><div class=\"call-to-action_image\"><img decoding=\"async\" src=\"https:\/\/www.camping-lagallouette.fr\/wp-content\/uploads\/2021\/10\/camping-avec-billeterie-cherbourg-100x67.jpg\" data-src=\"https:\/\/www.camping-lagallouette.fr\/wp-content\/uploads\/2021\/10\/camping-avec-billeterie-cherbourg.jpg\" alt=\"camping avec billeterie cherbourg\" class=\"big\" \/><\/div><div class=\"call-to-action_contenu\"><div class=\"call-to-action_titre\">Dienste<\/div><\/div><\/a><\/div><\/div><\/div><\/div><\/section>","protected":false},"excerpt":{"rendered":"","protected":false},"author":1,"featured_media":22984,"parent":0,"menu_order":0,"comment_status":"closed","ping_status":"closed","template":"","meta":{"_acf_changed":false,"footnotes":""},"class_list":["post-17300","page","type-page","status-publish","has-post-thumbnail","hentry"],"acf":[],"yoast_head":"<!-- This site is optimized with the Yoast SEO plugin v25.3 - https:\/\/yoast.com\/wordpress\/plugins\/seo\/ -->\n<title>Die Snackbar und der Lebensmittelladen des Campingplatzes - Camping La Gallouette 4 ****<\/title>\n<meta name=\"description\" content=\"Die Snackbar auf Ihrem Campingplatz Normandie, ein geselliger Ort w\u00e4hrend Ihres Urlaubs auf einem Campingplatz am Meer! Entdecken Sie die angebotenen Dienstleistungen.\" \/>\n<meta name=\"robots\" content=\"index, follow, max-snippet:-1, max-image-preview:large, max-video-preview:-1\" \/>\n<link rel=\"canonical\" href=\"https:\/\/www.camping-lagallouette.fr\/de\/die-snack-bar-empicerie-des-campingplatzes\/\" \/>\n<meta property=\"og:locale\" content=\"de_DE\" \/>\n<meta property=\"og:type\" content=\"article\" \/>\n<meta property=\"og:title\" content=\"Die Snackbar und der Lebensmittelladen des Campingplatzes - Camping La Gallouette 4 ****\" \/>\n<meta property=\"og:description\" content=\"Die Snackbar auf Ihrem Campingplatz Normandie, ein geselliger Ort w\u00e4hrend Ihres Urlaubs auf einem Campingplatz am Meer! Entdecken Sie die angebotenen Dienstleistungen.\" \/>\n<meta property=\"og:url\" content=\"https:\/\/www.camping-lagallouette.fr\/de\/die-snack-bar-empicerie-des-campingplatzes\/\" \/>\n<meta property=\"og:site_name\" content=\"Camping Gallouette\" \/>\n<meta property=\"article:modified_time\" content=\"2023-11-13T10:01:35+00:00\" \/>\n<meta property=\"og:image\" content=\"https:\/\/www.camping-lagallouette.fr\/wp-content\/uploads\/2021\/10\/camping-avec-snack-bar-cotentin.jpg\" \/>\n\t<meta property=\"og:image:width\" content=\"1900\" \/>\n\t<meta property=\"og:image:height\" content=\"700\" \/>\n\t<meta property=\"og:image:type\" content=\"image\/jpeg\" \/>\n<meta name=\"twitter:card\" content=\"summary_large_image\" \/>\n<script type=\"application\/ld+json\" class=\"yoast-schema-graph\">{\"@context\":\"https:\/\/schema.org\",\"@graph\":[{\"@type\":\"WebPage\",\"@id\":\"https:\/\/www.camping-lagallouette.fr\/de\/die-snack-bar-empicerie-des-campingplatzes\/\",\"url\":\"https:\/\/www.camping-lagallouette.fr\/de\/die-snack-bar-empicerie-des-campingplatzes\/\",\"name\":\"Die Snackbar und der Lebensmittelladen des Campingplatzes - Camping La Gallouette 4 ****\",\"isPartOf\":{\"@id\":\"https:\/\/www.camping-lagallouette.fr\/de\/#website\"},\"primaryImageOfPage\":{\"@id\":\"https:\/\/www.camping-lagallouette.fr\/de\/die-snack-bar-empicerie-des-campingplatzes\/#primaryimage\"},\"image\":{\"@id\":\"https:\/\/www.camping-lagallouette.fr\/de\/die-snack-bar-empicerie-des-campingplatzes\/#primaryimage\"},\"thumbnailUrl\":\"https:\/\/www.camping-lagallouette.fr\/wp-content\/uploads\/2024\/10\/tchin-scaled-e1730129713537.jpg\",\"datePublished\":\"2021-09-20T10:26:02+00:00\",\"dateModified\":\"2023-11-13T10:01:35+00:00\",\"description\":\"Die Snackbar auf Ihrem Campingplatz Normandie, ein geselliger Ort w\u00e4hrend Ihres Urlaubs auf einem Campingplatz am Meer! Entdecken Sie die angebotenen Dienstleistungen.\",\"breadcrumb\":{\"@id\":\"https:\/\/www.camping-lagallouette.fr\/de\/die-snack-bar-empicerie-des-campingplatzes\/#breadcrumb\"},\"inLanguage\":\"de\",\"potentialAction\":[{\"@type\":\"ReadAction\",\"target\":[\"https:\/\/www.camping-lagallouette.fr\/de\/die-snack-bar-empicerie-des-campingplatzes\/\"]}]},{\"@type\":\"ImageObject\",\"inLanguage\":\"de\",\"@id\":\"https:\/\/www.camping-lagallouette.fr\/de\/die-snack-bar-empicerie-des-campingplatzes\/#primaryimage\",\"url\":\"https:\/\/www.camping-lagallouette.fr\/wp-content\/uploads\/2024\/10\/tchin-scaled-e1730129713537.jpg\",\"contentUrl\":\"https:\/\/www.camping-lagallouette.fr\/wp-content\/uploads\/2024\/10\/tchin-scaled-e1730129713537.jpg\",\"width\":2560,\"height\":1440,\"caption\":\"camping bar snack\"},{\"@type\":\"BreadcrumbList\",\"@id\":\"https:\/\/www.camping-lagallouette.fr\/de\/die-snack-bar-empicerie-des-campingplatzes\/#breadcrumb\",\"itemListElement\":[{\"@type\":\"ListItem\",\"position\":1,\"name\":\"Campingplatz Manche\",\"item\":\"https:\/\/www.camping-lagallouette.fr\/de\/\"},{\"@type\":\"ListItem\",\"position\":2,\"name\":\"Die Snackbar und der Lebensmittelladen des Campingplatzes\"}]},{\"@type\":\"WebSite\",\"@id\":\"https:\/\/www.camping-lagallouette.fr\/de\/#website\",\"url\":\"https:\/\/www.camping-lagallouette.fr\/de\/\",\"name\":\"Camping Gallouette\",\"description\":\"\",\"publisher\":{\"@id\":\"https:\/\/www.camping-lagallouette.fr\/de\/#organization\"},\"potentialAction\":[{\"@type\":\"SearchAction\",\"target\":{\"@type\":\"EntryPoint\",\"urlTemplate\":\"https:\/\/www.camping-lagallouette.fr\/de\/?s={search_term_string}\"},\"query-input\":{\"@type\":\"PropertyValueSpecification\",\"valueRequired\":true,\"valueName\":\"search_term_string\"}}],\"inLanguage\":\"de\"},{\"@type\":\"Organization\",\"@id\":\"https:\/\/www.camping-lagallouette.fr\/de\/#organization\",\"name\":\"Camping La Gallouette\",\"url\":\"https:\/\/www.camping-lagallouette.fr\/de\/\",\"logo\":{\"@type\":\"ImageObject\",\"inLanguage\":\"de\",\"@id\":\"https:\/\/www.camping-lagallouette.fr\/de\/#\/schema\/logo\/image\/\",\"url\":\"https:\/\/www.camping-lagallouette.fr\/wp-content\/uploads\/2021\/10\/logo-bleu-camping-gallouette.png\",\"contentUrl\":\"https:\/\/www.camping-lagallouette.fr\/wp-content\/uploads\/2021\/10\/logo-bleu-camping-gallouette.png\",\"width\":214,\"height\":226,\"caption\":\"Camping La Gallouette\"},\"image\":{\"@id\":\"https:\/\/www.camping-lagallouette.fr\/de\/#\/schema\/logo\/image\/\"}}]}<\/script>\n<!-- \/ Yoast SEO plugin. -->","yoast_head_json":{"title":"Die Snackbar und der Lebensmittelladen des Campingplatzes - Camping La Gallouette 4 ****","description":"Die Snackbar auf Ihrem Campingplatz Normandie, ein geselliger Ort w\u00e4hrend Ihres Urlaubs auf einem Campingplatz am Meer! Entdecken Sie die angebotenen Dienstleistungen.","robots":{"index":"index","follow":"follow","max-snippet":"max-snippet:-1","max-image-preview":"max-image-preview:large","max-video-preview":"max-video-preview:-1"},"canonical":"https:\/\/www.camping-lagallouette.fr\/de\/die-snack-bar-empicerie-des-campingplatzes\/","og_locale":"de_DE","og_type":"article","og_title":"Die Snackbar und der Lebensmittelladen des Campingplatzes - Camping La Gallouette 4 ****","og_description":"Die Snackbar auf Ihrem Campingplatz Normandie, ein geselliger Ort w\u00e4hrend Ihres Urlaubs auf einem Campingplatz am Meer! Entdecken Sie die angebotenen Dienstleistungen.","og_url":"https:\/\/www.camping-lagallouette.fr\/de\/die-snack-bar-empicerie-des-campingplatzes\/","og_site_name":"Camping Gallouette","article_modified_time":"2023-11-13T10:01:35+00:00","og_image":[{"width":1900,"height":700,"url":"https:\/\/www.camping-lagallouette.fr\/wp-content\/uploads\/2021\/10\/camping-avec-snack-bar-cotentin.jpg","type":"image\/jpeg"}],"twitter_card":"summary_large_image","schema":{"@context":"https:\/\/schema.org","@graph":[{"@type":"WebPage","@id":"https:\/\/www.camping-lagallouette.fr\/de\/die-snack-bar-empicerie-des-campingplatzes\/","url":"https:\/\/www.camping-lagallouette.fr\/de\/die-snack-bar-empicerie-des-campingplatzes\/","name":"Die Snackbar und der Lebensmittelladen des Campingplatzes - Camping La Gallouette 4 ****","isPartOf":{"@id":"https:\/\/www.camping-lagallouette.fr\/de\/#website"},"primaryImageOfPage":{"@id":"https:\/\/www.camping-lagallouette.fr\/de\/die-snack-bar-empicerie-des-campingplatzes\/#primaryimage"},"image":{"@id":"https:\/\/www.camping-lagallouette.fr\/de\/die-snack-bar-empicerie-des-campingplatzes\/#primaryimage"},"thumbnailUrl":"https:\/\/www.camping-lagallouette.fr\/wp-content\/uploads\/2024\/10\/tchin-scaled-e1730129713537.jpg","datePublished":"2021-09-20T10:26:02+00:00","dateModified":"2023-11-13T10:01:35+00:00","description":"Die Snackbar auf Ihrem Campingplatz Normandie, ein geselliger Ort w\u00e4hrend Ihres Urlaubs auf einem Campingplatz am Meer! Entdecken Sie die angebotenen Dienstleistungen.","breadcrumb":{"@id":"https:\/\/www.camping-lagallouette.fr\/de\/die-snack-bar-empicerie-des-campingplatzes\/#breadcrumb"},"inLanguage":"de","potentialAction":[{"@type":"ReadAction","target":["https:\/\/www.camping-lagallouette.fr\/de\/die-snack-bar-empicerie-des-campingplatzes\/"]}]},{"@type":"ImageObject","inLanguage":"de","@id":"https:\/\/www.camping-lagallouette.fr\/de\/die-snack-bar-empicerie-des-campingplatzes\/#primaryimage","url":"https:\/\/www.camping-lagallouette.fr\/wp-content\/uploads\/2024\/10\/tchin-scaled-e1730129713537.jpg","contentUrl":"https:\/\/www.camping-lagallouette.fr\/wp-content\/uploads\/2024\/10\/tchin-scaled-e1730129713537.jpg","width":2560,"height":1440,"caption":"camping bar snack"},{"@type":"BreadcrumbList","@id":"https:\/\/www.camping-lagallouette.fr\/de\/die-snack-bar-empicerie-des-campingplatzes\/#breadcrumb","itemListElement":[{"@type":"ListItem","position":1,"name":"Campingplatz Manche","item":"https:\/\/www.camping-lagallouette.fr\/de\/"},{"@type":"ListItem","position":2,"name":"Die Snackbar und der Lebensmittelladen des Campingplatzes"}]},{"@type":"WebSite","@id":"https:\/\/www.camping-lagallouette.fr\/de\/#website","url":"https:\/\/www.camping-lagallouette.fr\/de\/","name":"Camping Gallouette","description":"","publisher":{"@id":"https:\/\/www.camping-lagallouette.fr\/de\/#organization"},"potentialAction":[{"@type":"SearchAction","target":{"@type":"EntryPoint","urlTemplate":"https:\/\/www.camping-lagallouette.fr\/de\/?s={search_term_string}"},"query-input":{"@type":"PropertyValueSpecification","valueRequired":true,"valueName":"search_term_string"}}],"inLanguage":"de"},{"@type":"Organization","@id":"https:\/\/www.camping-lagallouette.fr\/de\/#organization","name":"Camping La Gallouette","url":"https:\/\/www.camping-lagallouette.fr\/de\/","logo":{"@type":"ImageObject","inLanguage":"de","@id":"https:\/\/www.camping-lagallouette.fr\/de\/#\/schema\/logo\/image\/","url":"https:\/\/www.camping-lagallouette.fr\/wp-content\/uploads\/2021\/10\/logo-bleu-camping-gallouette.png","contentUrl":"https:\/\/www.camping-lagallouette.fr\/wp-content\/uploads\/2021\/10\/logo-bleu-camping-gallouette.png","width":214,"height":226,"caption":"Camping La Gallouette"},"image":{"@id":"https:\/\/www.camping-lagallouette.fr\/de\/#\/schema\/logo\/image\/"}}]}},"_links":{"self":[{"href":"https:\/\/www.camping-lagallouette.fr\/de\/wp-json\/wp\/v2\/pages\/17300","targetHints":{"allow":["GET"]}}],"collection":[{"href":"https:\/\/www.camping-lagallouette.fr\/de\/wp-json\/wp\/v2\/pages"}],"about":[{"href":"https:\/\/www.camping-lagallouette.fr\/de\/wp-json\/wp\/v2\/types\/page"}],"author":[{"embeddable":true,"href":"https:\/\/www.camping-lagallouette.fr\/de\/wp-json\/wp\/v2\/users\/1"}],"replies":[{"embeddable":true,"href":"https:\/\/www.camping-lagallouette.fr\/de\/wp-json\/wp\/v2\/comments?post=17300"}],"version-history":[{"count":12,"href":"https:\/\/www.camping-lagallouette.fr\/de\/wp-json\/wp\/v2\/pages\/17300\/revisions"}],"predecessor-version":[{"id":21341,"href":"https:\/\/www.camping-lagallouette.fr\/de\/wp-json\/wp\/v2\/pages\/17300\/revisions\/21341"}],"wp:featuredmedia":[{"embeddable":true,"href":"https:\/\/www.camping-lagallouette.fr\/de\/wp-json\/wp\/v2\/media\/22984"}],"wp:attachment":[{"href":"https:\/\/www.camping-lagallouette.fr\/de\/wp-json\/wp\/v2\/media?parent=17300"}],"curies":[{"name":"wp","href":"https:\/\/api.w.org\/{rel}","templated":true}]}}