{"id":17292,"date":"2021-09-20T12:29:47","date_gmt":"2021-09-20T10:29:47","guid":{"rendered":"https:\/\/www.camping-lagallouette.fr\/camping-manche-bord-de-mer-normandie\/"},"modified":"2023-11-06T15:55:20","modified_gmt":"2023-11-06T14:55:20","slug":"campingplatz-armelkanal-meereskueste-normandie","status":"publish","type":"page","link":"https:\/\/www.camping-lagallouette.fr\/de\/campingplatz-armelkanal-meereskueste-normandie\/","title":{"rendered":"Mer &#038; piscine : Bord de mer"},"content":{"rendered":"<section id=\"section-6155b3f853ec8\"\" class=\"section white-gradient-bottom bg-color3\" \/><div class=\"container extralarge\"><h1 class=\"element section-title center p-b-5\">Die Str\u00e4nde der Normandie<\/h1><div class=\"colonnes-wrap valign-middle p-b-5\"><div class=\"element colonne \"><h2 class=\"element section-title left\">Die 10 sch\u00f6nsten Str\u00e4nde der Normandie<\/h2><div class=\"element bloc-text left \">\n\t<ul>\n<li>Der Strand von Jonville: Weniger als 5 km von unserem Campingplatz Manche bord de mer entfernt, n\u00f6rdlich von Saint-Vaast, besticht der Strand von Jonville durch seine S\u00fcdlage, die im \u00c4rmelkanal einzigartig ist. Eine in einem ehemaligen Blockhaus eingerichtete Strandbar wurde vom Guardian zu einer der 10 besten Strandbars Frankreichs gew\u00e4hlt. Sowohl von ihrer Terrasse als auch vom 8 km langen feinen Sandstrand aus genie\u00dft man einen atemberaubenden Blick auf die Insel Tatihou: ein wahres Paradies!<\/li>\n<li>Str\u00e4nde von Barfleur: Die 11 km vom Campingplatz entfernte Stadt Barfleur, die zu den sch\u00f6nsten D\u00f6rfern Frankreichs z\u00e4hlt, beherbergt ebenfalls einige Str\u00e4nde. Besonders sch\u00f6n ist der Strand La Masse, der sich in einer Muschel befindet..<\/li>\n<li>Anse du Brick: In Fermanville, weniger als 25 km von unserem Campingplatz Normandie bord de mer entfernt, ist die Anse du Brick eine kleine Bucht, die einen paradiesischen Strand mit feinem Sand und Kieselsteinen in einer au\u00dfergew\u00f6hnlichen nat\u00fcrlichen Umgebung beherbergt. Der windgesch\u00fctzte Strand ist ideal f\u00fcr einen Nachmittag zum Schwimmen und Entspannen mit der ganzen Familie.<\/li>\n<\/ul>\n<\/div><\/div><div class=\"element colonne masque-bleu\"><div class=\"element images fancybox-container\"><a class=\"fancybox image\" href=\"https:\/\/www.camping-lagallouette.fr\/wp-content\/uploads\/2021\/10\/camping-bord-de-mer-manche.jpg\"><img decoding=\"async\" src=\"https:\/\/www.camping-lagallouette.fr\/wp-content\/uploads\/2021\/10\/camping-bord-de-mer-manche-100x75.jpg\" data-src=\"https:\/\/www.camping-lagallouette.fr\/wp-content\/uploads\/2021\/10\/camping-bord-de-mer-manche.jpg\" alt=\"camping bord de mer manche\" class=\"images_image\" \/><\/a><\/div><\/div><\/div><\/div><\/section>\n\n<section id=\"section-6155c2a7dd6f1\"\" class=\"section bg-white\" \/><div class=\"container extralarge\"><div class=\"colonnes-wrap valign-middle \"><div class=\"element colonne masque-blanc\"><div class=\"element images fancybox-container\"><a class=\"fancybox image\" href=\"https:\/\/www.camping-lagallouette.fr\/wp-content\/uploads\/2021\/10\/camping-bord-de-mer-omaha-beach-cotentin.jpg\"><img decoding=\"async\" src=\"https:\/\/www.camping-lagallouette.fr\/wp-content\/uploads\/2021\/10\/camping-bord-de-mer-omaha-beach-cotentin-100x75.jpg\" data-src=\"https:\/\/www.camping-lagallouette.fr\/wp-content\/uploads\/2021\/10\/camping-bord-de-mer-omaha-beach-cotentin.jpg\" alt=\"camping bord de mer omaha beach cotentin\" class=\"images_image\" \/><\/a><\/div><\/div><div class=\"element colonne \"><div class=\"element bloc-text left \">\n\t<ul>\n<li>Str\u00e4nde von Cherbourg: Weniger als 30 km vom Campingplatz La Gallouette entfernt bietet Cherbourg zwei Stadtstr\u00e4nde mit feinem Sand, die ideal sind, um sich nach einer Stadtbesichtigung zu erholen, aber auch einen erstaunlichen gr\u00fcnen Strand, eine gro\u00dfe Rasenfl\u00e4che gegen\u00fcber dem Hafen, die ideal zum Faulenzen oder f\u00fcr Spiele im Freien ist.<\/li>\n<li>Utah-Beach: 30 km von Saint-Vaast-la-Hougue entfernt ist Utah Beach einer der f\u00fcnf normannischen Str\u00e4nde, die durch die Landung der Alliierten im Juni 44 gepr\u00e4gt wurden, und neben Omaha Beach einer der ber\u00fchmtesten. Auf dem Gel\u00e4nde befindet sich ein Museum. Der Strand von Utah ist ein geschichtstr\u00e4chtiger Ort, der aber dennoch zum Baden und f\u00fcr Freizeitaktivit\u00e4ten geeignet ist. Entdecken Sie alle D-Day-Str\u00e4nde.<\/li>\n<li>Strand Barneville-Carteret: 48 km vom Campingplatz La Gallouette entfernt liegt der Strand von Barneville gegen\u00fcber der Insel Jersey und bietet einen atemberaubenden Blick auf das Cap Carteret.<\/li>\n<\/ul>\n<\/div><\/div><\/div><\/div><\/section>\n\n<section id=\"section-6155c2a7dd92a\"\" data-bg-opacite=\"0.2\"data-background=\"https:\/\/www.camping-lagallouette.fr\/wp-content\/uploads\/2021\/10\/camping-bord-de-mer-saint-vaast-la-hougue.jpg\"data-speed=\"0.8\"class=\"section bg-white p-t-0 p-b-0 section--has-bg-img section_bg-parallax\" \/><div class=\"container full\"><\/div><\/section>\n\n<section id=\"section-6155c2a7ddc53\"\" class=\"section bg-white\" \/><div class=\"container extralarge\"><div class=\"colonnes-wrap valign-middle \"><div class=\"element colonne \"><div class=\"element bloc-text justify \">\n\t<ul>\n<li>Urville-Nacqueville Plage: Der 40 km von Saint-Vaast entfernte Strand von Urville-Nacqueville in La Hague wurde mehrfach zum sch\u00f6nsten der Normandie und sogar Frankreichs gek\u00fcrt. Die Farbe des Wassers, der zwei Kilometer lange feine Sand und die wilde K\u00fcste machen ihn zu einem idyllischen Ort..<\/li>\n<li>Strand von Siouville-Hague: Der Strand von Siouville-Hague ist ein bekannter Surf- und Kitesurfspot, der sich in die Bucht von Vauville, 50 km von Saint-Vaast entfernt, schmiegt. Ideal f\u00fcr alle, die gerne auf dem Brett stehen!<\/li>\n<li>Lindbergh-Plage: Der gro\u00dfe Lindbergh-Strand in Saint-L\u00f4-d&#8217;Ourville, weniger als 50 km vom Hafen von Saint-Vaast-la-Hougue entfernt, ist eine Hommage an den Flieger Charles Lindbergh. Sein wilder Charakter wird Naturliebhabern und Freunden gro\u00dfer Weiten gefallen..<\/li>\n<li>Strand von Cabourg: Der romantische Strand von Cabourg ist weniger als 2 Stunden von La Gallouette entfernt. Bei einem Tagesausflug in das Calvados sollten Sie ihn nicht verpassen.<\/li>\n<\/ul>\n<\/div><\/div><div class=\"element colonne masque-blanc\"><div class=\"element images fancybox-container\"><a class=\"fancybox image\" href=\"https:\/\/www.camping-lagallouette.fr\/wp-content\/uploads\/2023\/03\/port-barfleur.jpg\"><img decoding=\"async\" src=\"https:\/\/www.camping-lagallouette.fr\/wp-content\/uploads\/2023\/03\/port-barfleur-100x76.jpg\" data-src=\"https:\/\/www.camping-lagallouette.fr\/wp-content\/uploads\/2023\/03\/port-barfleur.jpg\" alt=\"camping bord de mer basse normandie\" class=\"images_image\" \/><\/a><\/div><\/div><\/div><\/div><\/section>\n\n<section id=\"section-6155c2a7de282\"\" class=\"section white-gradient-top white-gradient-bottom bg-color3\" \/><div class=\"container extralarge\"><div class=\"colonnes-wrap valign-middle \"><div class=\"element colonne masque-bleu\"><div class=\"element images fancybox-container\"><a class=\"fancybox image\" href=\"https:\/\/www.camping-lagallouette.fr\/wp-content\/uploads\/2021\/10\/camping-bord-de-mer-activites-nautiques-normandie.jpg\"><img decoding=\"async\" src=\"https:\/\/www.camping-lagallouette.fr\/wp-content\/uploads\/2021\/10\/camping-bord-de-mer-activites-nautiques-normandie-100x75.jpg\" data-src=\"https:\/\/www.camping-lagallouette.fr\/wp-content\/uploads\/2021\/10\/camping-bord-de-mer-activites-nautiques-normandie.jpg\" alt=\"camping bord de mer activites nautiques normandie\" class=\"images_image\" \/><\/a><\/div><\/div><div class=\"element colonne \"><h2 class=\"element section-title justify\">Wassersportaktivit\u00e4ten in der Normandie<\/h2><div class=\"element bloc-text justify \">\n\t<p>Von Familienausfl\u00fcgen mit dem Boot \u00fcber Angeln und Strandsegeln bis hin zu aufregenden Sportarten &#8211; der \u00c4rmelkanal und seine Str\u00e4nde bieten zahlreiche M\u00f6glichkeiten f\u00fcr Wassersport und Wasseraktivit\u00e4ten.<\/p>\n<p>Das 200 m vom Campingplatz La Gallouette entfernte Saint-Vaast-la-Hougue ist der Abfahrtshafen des malerischen Amphibienschiffs, das Sie auf der Insel Tatihou an Land bringt: eine Gelegenheit f\u00fcr einen angenehmen Wasserspaziergang mit der Familie. Die Bucht von Saint-Vaast kann auch an Bord eines alten Segelschiffs f\u00fcr eine erholsame Kreuzfahrt oder einen Angelausflug auf dem Meer entdeckt werden.<\/p>\n<p>Der nach S\u00fcden ausgerichtete Strand von Jonville ist ein idealer Ort zum Schwimmen und f\u00fcr zahlreiche Wassersportarten: Seekajak, Kitesurfen oder Windsurfen, ganz nach Lust und Laune. Das Wassersportzentrum in der Bucht von Saint-Vaast bietet Einf\u00fchrungskurse f\u00fcr Katamarane, Wasserwandertouren, Optimistenfahrten f\u00fcr Kinder oder auch Schonerfahrten an. Auch Stand Up Paddles kann man hier mieten. Der breite R\u00fcckzug des Meeres bei Ebbe erm\u00f6glicht auch das Strandsegeln.<\/p>\n<\/div><\/div><\/div><\/div><\/section>\n\n<section id=\"section-6155c2a7de64c\"\" class=\"section bg-white p-b-0\" \/><div class=\"container extralarge\"><h2 class=\"element section-title center\">Campingplatz Normandie am Meer, in der N\u00e4he des Hafens von Saint-Vaast<\/h2><div class=\"colonnes-wrap valign-top \"><div class=\"element colonne p-r-4\"><div class=\"element bloc-text left \">\n\t<p>Der Campingplatz La Gallouette liegt ideal 200 m vom charmanten Hafen von Saint-Vaast-la-Hougue entfernt und genie\u00dft eine au\u00dfergew\u00f6hnliche Umgebung am Meer, die vor den vorherrschenden Westwinden gesch\u00fctzt ist.<br \/>\nUnsere Anlage verf\u00fcgt au\u00dferdem \u00fcber einen schnellen Zugang zum Strand von La Hougue. Hier gibt es Kinderspiel- und Tennispl\u00e4tze, Sanit\u00e4ranlagen, ausgedehnte Gr\u00fcnfl\u00e4chen und eine Snackbar, in der Sie etwas essen k\u00f6nnen. Das flache Wasser ist ideal f\u00fcr Kinder, die darin baden k\u00f6nnen. Au\u00dferdem sorgen die Gezeiten f\u00fcr eine angenehme Temperatur.<br \/>\nBei Ebbe zieht sich das Meer weit auf den feinen Sandstrand zur\u00fcck, wodurch der Ort besonders gut zum Angeln geeignet ist.<\/p>\n<\/div><\/div><div class=\"element colonne \"><div class=\"element bloc-text left \">\n\t<p>Accessible in five minutes on foot via a pedestrian path and the seafront dyke or cycle path with a view of the sea, the Hougue beach offers a magnificent panorama of the Vauban fort on the ile Tatihou and the Hougue peninsula.<br \/>\nFor a change from the pretty beach of La Hougue and to enjoy a stroll along the port of Saint-Vaast in passing, you can get there on foot in just over 10 minutes and by bike in 3 minutes. La Gallouette is the ideal destination for a relaxing campsite holiday with your feet in the water. On the other side of the harbour, the Petite Plage is 900m away.<br \/>\nSurrounded by beaches and walks along the sea, the <a href=\"\/de\/\">camping La Gallouette<\/a> offers a unique setting for your holiday in the Cotentin. Beach games, fishing on foot, swimming and water sports await you daily. During your stay, you can also visit the Mont Saint Michel, the C\u00f4te de Nacre and the Anglo-Norman islands like Guernsey!<\/p>\n<\/div><\/div><\/div><\/div><\/section>\n\n<section id=\"section-6155c2a7de871\"\" class=\"section bg-white p-t-0\" \/><div class=\"container\"><div class=\"element bloc-text justify \">\n\t<p><iframe title=\"YouTube video player\" src=\"https:\/\/www.youtube.com\/embed\/QZMyQKWry6g\" width=\"560\" height=\"400\" frameborder=\"0\" allowfullscreen=\"allowfullscreen\"><\/iframe><\/p>\n<\/div><\/div><\/section>\n\n<section id=\"section-6155c2a7decd0\"\" class=\"section white-gradient-top bg-color3\" \/><div class=\"container extralarge\"><div class=\"element section-title center\">Entdecken Sie unseren Campingplatz am Meer<\/div><div class=\"colonnes-wrap valign-middle \"><div class=\"element colonne \"><div class=\"element call-to-action  call-to-action--style-1 call-to-action--big\"><a href=\"https:\/\/www.camping-lagallouette.fr\/de\/aktivitaeten-und-freizeitangebote-fuer-die-ganze-familie\/\"  class=\"call-to-action_link\" title=\"Mehr \u00fcber aktivit\u00e4ten &#038; animationen\"><div class=\"call-to-action_image\"><img decoding=\"async\" src=\"https:\/\/www.camping-lagallouette.fr\/wp-content\/uploads\/2021\/10\/camping-terrain-de-sport-norrmandie-100x67.jpg\" data-src=\"https:\/\/www.camping-lagallouette.fr\/wp-content\/uploads\/2021\/10\/camping-terrain-de-sport-norrmandie.jpg\" alt=\"camping terrain de sport norrmandie\" class=\"big\" \/><\/div><div class=\"call-to-action_contenu\"><div class=\"call-to-action_titre\">Aktivit\u00e4ten &#038; Animationen<\/div><\/div><\/a><\/div><\/div><div class=\"element colonne \"><div class=\"element call-to-action  call-to-action--style-1 call-to-action--big\"><a href=\"https:\/\/www.camping-lagallouette.fr\/de\/ihr-camping-in-normandie-mit-beheiztem-pool\/\"  class=\"call-to-action_link\" title=\"Mehr \u00fcber schwimmbad\"><div class=\"call-to-action_image\"><img decoding=\"async\" src=\"https:\/\/www.camping-lagallouette.fr\/wp-content\/uploads\/2021\/11\/camping-piscine-chauffee-cotentin-100x67.jpg\" data-src=\"https:\/\/www.camping-lagallouette.fr\/wp-content\/uploads\/2021\/11\/camping-piscine-chauffee-cotentin.jpg\" alt=\"camping piscine chauffee cotentin\" class=\"big\" \/><\/div><div class=\"call-to-action_contenu\"><div class=\"call-to-action_titre\">Schwimmbad<\/div><\/div><\/a><\/div><\/div><div class=\"element colonne \"><div class=\"element call-to-action  call-to-action--style-1 call-to-action--big\"><a href=\"https:\/\/www.camping-lagallouette.fr\/de\/mobilheim\/\"  class=\"call-to-action_link\" title=\"Mehr \u00fcber standort mobil-home\"><div class=\"call-to-action_image\"><img decoding=\"async\" src=\"https:\/\/www.camping-lagallouette.fr\/wp-content\/uploads\/2021\/10\/camping-location-mobil-home-4-personnes-cotentin-100x67.jpg\" data-src=\"https:\/\/www.camping-lagallouette.fr\/wp-content\/uploads\/2021\/10\/camping-location-mobil-home-4-personnes-cotentin.jpg\" alt=\"camping location mobil home 4 personnes cotentin\" class=\"big\" \/><\/div><div class=\"call-to-action_contenu\"><div class=\"call-to-action_titre\">Standort mobil-home<\/div><\/div><\/a><\/div><\/div><\/div><\/div><\/section>","protected":false},"excerpt":{"rendered":"","protected":false},"author":1,"featured_media":23215,"parent":0,"menu_order":0,"comment_status":"closed","ping_status":"closed","template":"","meta":{"_acf_changed":false,"footnotes":""},"class_list":["post-17292","page","type-page","status-publish","has-post-thumbnail","hentry"],"acf":[],"yoast_head":"<!-- This site is optimized with the Yoast SEO plugin v25.3 - https:\/\/yoast.com\/wordpress\/plugins\/seo\/ -->\n<title>Strand Normandie: Top 10 der sch\u00f6nsten Str\u00e4nde der Normandie<\/title>\n<meta name=\"description\" content=\"Haben Sie Lust, einen Tag am Strand in der Normandie zu verbringen? Hier finden Sie die 10 sch\u00f6nsten Str\u00e4nde der Normandie, an denen Sie sich am Meer entspannen k\u00f6nnen.\" \/>\n<meta name=\"robots\" content=\"index, follow, max-snippet:-1, max-image-preview:large, max-video-preview:-1\" \/>\n<link rel=\"canonical\" href=\"https:\/\/www.camping-lagallouette.fr\/de\/campingplatz-armelkanal-meereskueste-normandie\/\" \/>\n<meta property=\"og:locale\" content=\"de_DE\" \/>\n<meta property=\"og:type\" content=\"article\" \/>\n<meta property=\"og:title\" content=\"Strand Normandie: Top 10 der sch\u00f6nsten Str\u00e4nde der Normandie\" \/>\n<meta property=\"og:description\" content=\"Haben Sie Lust, einen Tag am Strand in der Normandie zu verbringen? Hier finden Sie die 10 sch\u00f6nsten Str\u00e4nde der Normandie, an denen Sie sich am Meer entspannen k\u00f6nnen.\" \/>\n<meta property=\"og:url\" content=\"https:\/\/www.camping-lagallouette.fr\/de\/campingplatz-armelkanal-meereskueste-normandie\/\" \/>\n<meta property=\"og:site_name\" content=\"Camping Gallouette\" \/>\n<meta property=\"article:modified_time\" content=\"2023-11-06T14:55:20+00:00\" \/>\n<meta property=\"og:image\" content=\"https:\/\/www.camping-lagallouette.fr\/wp-content\/uploads\/2021\/10\/camping-bord-de-mer-normandie.jpg\" \/>\n\t<meta property=\"og:image:width\" content=\"1900\" \/>\n\t<meta property=\"og:image:height\" content=\"700\" \/>\n\t<meta property=\"og:image:type\" content=\"image\/jpeg\" \/>\n<meta name=\"twitter:card\" content=\"summary_large_image\" \/>\n<script type=\"application\/ld+json\" class=\"yoast-schema-graph\">{\"@context\":\"https:\/\/schema.org\",\"@graph\":[{\"@type\":\"WebPage\",\"@id\":\"https:\/\/www.camping-lagallouette.fr\/de\/campingplatz-armelkanal-meereskueste-normandie\/\",\"url\":\"https:\/\/www.camping-lagallouette.fr\/de\/campingplatz-armelkanal-meereskueste-normandie\/\",\"name\":\"Strand Normandie: Top 10 der sch\u00f6nsten Str\u00e4nde der Normandie\",\"isPartOf\":{\"@id\":\"https:\/\/www.camping-lagallouette.fr\/de\/#website\"},\"primaryImageOfPage\":{\"@id\":\"https:\/\/www.camping-lagallouette.fr\/de\/campingplatz-armelkanal-meereskueste-normandie\/#primaryimage\"},\"image\":{\"@id\":\"https:\/\/www.camping-lagallouette.fr\/de\/campingplatz-armelkanal-meereskueste-normandie\/#primaryimage\"},\"thumbnailUrl\":\"https:\/\/www.camping-lagallouette.fr\/wp-content\/uploads\/2024\/10\/Bord-de-mer-Gallouette.jpg\",\"datePublished\":\"2021-09-20T10:29:47+00:00\",\"dateModified\":\"2023-11-06T14:55:20+00:00\",\"description\":\"Haben Sie Lust, einen Tag am Strand in der Normandie zu verbringen? Hier finden Sie die 10 sch\u00f6nsten Str\u00e4nde der Normandie, an denen Sie sich am Meer entspannen k\u00f6nnen.\",\"breadcrumb\":{\"@id\":\"https:\/\/www.camping-lagallouette.fr\/de\/campingplatz-armelkanal-meereskueste-normandie\/#breadcrumb\"},\"inLanguage\":\"de\",\"potentialAction\":[{\"@type\":\"ReadAction\",\"target\":[\"https:\/\/www.camping-lagallouette.fr\/de\/campingplatz-armelkanal-meereskueste-normandie\/\"]}]},{\"@type\":\"ImageObject\",\"inLanguage\":\"de\",\"@id\":\"https:\/\/www.camping-lagallouette.fr\/de\/campingplatz-armelkanal-meereskueste-normandie\/#primaryimage\",\"url\":\"https:\/\/www.camping-lagallouette.fr\/wp-content\/uploads\/2024\/10\/Bord-de-mer-Gallouette.jpg\",\"contentUrl\":\"https:\/\/www.camping-lagallouette.fr\/wp-content\/uploads\/2024\/10\/Bord-de-mer-Gallouette.jpg\",\"width\":1520,\"height\":1140},{\"@type\":\"BreadcrumbList\",\"@id\":\"https:\/\/www.camping-lagallouette.fr\/de\/campingplatz-armelkanal-meereskueste-normandie\/#breadcrumb\",\"itemListElement\":[{\"@type\":\"ListItem\",\"position\":1,\"name\":\"Campingplatz Manche\",\"item\":\"https:\/\/www.camping-lagallouette.fr\/de\/\"},{\"@type\":\"ListItem\",\"position\":2,\"name\":\"Camping Manche | Camping am Meer Normandie\"}]},{\"@type\":\"WebSite\",\"@id\":\"https:\/\/www.camping-lagallouette.fr\/de\/#website\",\"url\":\"https:\/\/www.camping-lagallouette.fr\/de\/\",\"name\":\"Camping Gallouette\",\"description\":\"\",\"publisher\":{\"@id\":\"https:\/\/www.camping-lagallouette.fr\/de\/#organization\"},\"potentialAction\":[{\"@type\":\"SearchAction\",\"target\":{\"@type\":\"EntryPoint\",\"urlTemplate\":\"https:\/\/www.camping-lagallouette.fr\/de\/?s={search_term_string}\"},\"query-input\":{\"@type\":\"PropertyValueSpecification\",\"valueRequired\":true,\"valueName\":\"search_term_string\"}}],\"inLanguage\":\"de\"},{\"@type\":\"Organization\",\"@id\":\"https:\/\/www.camping-lagallouette.fr\/de\/#organization\",\"name\":\"Camping La Gallouette\",\"url\":\"https:\/\/www.camping-lagallouette.fr\/de\/\",\"logo\":{\"@type\":\"ImageObject\",\"inLanguage\":\"de\",\"@id\":\"https:\/\/www.camping-lagallouette.fr\/de\/#\/schema\/logo\/image\/\",\"url\":\"https:\/\/www.camping-lagallouette.fr\/wp-content\/uploads\/2021\/10\/logo-bleu-camping-gallouette.png\",\"contentUrl\":\"https:\/\/www.camping-lagallouette.fr\/wp-content\/uploads\/2021\/10\/logo-bleu-camping-gallouette.png\",\"width\":214,\"height\":226,\"caption\":\"Camping La Gallouette\"},\"image\":{\"@id\":\"https:\/\/www.camping-lagallouette.fr\/de\/#\/schema\/logo\/image\/\"}}]}<\/script>\n<!-- \/ Yoast SEO plugin. -->","yoast_head_json":{"title":"Strand Normandie: Top 10 der sch\u00f6nsten Str\u00e4nde der Normandie","description":"Haben Sie Lust, einen Tag am Strand in der Normandie zu verbringen? Hier finden Sie die 10 sch\u00f6nsten Str\u00e4nde der Normandie, an denen Sie sich am Meer entspannen k\u00f6nnen.","robots":{"index":"index","follow":"follow","max-snippet":"max-snippet:-1","max-image-preview":"max-image-preview:large","max-video-preview":"max-video-preview:-1"},"canonical":"https:\/\/www.camping-lagallouette.fr\/de\/campingplatz-armelkanal-meereskueste-normandie\/","og_locale":"de_DE","og_type":"article","og_title":"Strand Normandie: Top 10 der sch\u00f6nsten Str\u00e4nde der Normandie","og_description":"Haben Sie Lust, einen Tag am Strand in der Normandie zu verbringen? Hier finden Sie die 10 sch\u00f6nsten Str\u00e4nde der Normandie, an denen Sie sich am Meer entspannen k\u00f6nnen.","og_url":"https:\/\/www.camping-lagallouette.fr\/de\/campingplatz-armelkanal-meereskueste-normandie\/","og_site_name":"Camping Gallouette","article_modified_time":"2023-11-06T14:55:20+00:00","og_image":[{"width":1900,"height":700,"url":"https:\/\/www.camping-lagallouette.fr\/wp-content\/uploads\/2021\/10\/camping-bord-de-mer-normandie.jpg","type":"image\/jpeg"}],"twitter_card":"summary_large_image","schema":{"@context":"https:\/\/schema.org","@graph":[{"@type":"WebPage","@id":"https:\/\/www.camping-lagallouette.fr\/de\/campingplatz-armelkanal-meereskueste-normandie\/","url":"https:\/\/www.camping-lagallouette.fr\/de\/campingplatz-armelkanal-meereskueste-normandie\/","name":"Strand Normandie: Top 10 der sch\u00f6nsten Str\u00e4nde der Normandie","isPartOf":{"@id":"https:\/\/www.camping-lagallouette.fr\/de\/#website"},"primaryImageOfPage":{"@id":"https:\/\/www.camping-lagallouette.fr\/de\/campingplatz-armelkanal-meereskueste-normandie\/#primaryimage"},"image":{"@id":"https:\/\/www.camping-lagallouette.fr\/de\/campingplatz-armelkanal-meereskueste-normandie\/#primaryimage"},"thumbnailUrl":"https:\/\/www.camping-lagallouette.fr\/wp-content\/uploads\/2024\/10\/Bord-de-mer-Gallouette.jpg","datePublished":"2021-09-20T10:29:47+00:00","dateModified":"2023-11-06T14:55:20+00:00","description":"Haben Sie Lust, einen Tag am Strand in der Normandie zu verbringen? Hier finden Sie die 10 sch\u00f6nsten Str\u00e4nde der Normandie, an denen Sie sich am Meer entspannen k\u00f6nnen.","breadcrumb":{"@id":"https:\/\/www.camping-lagallouette.fr\/de\/campingplatz-armelkanal-meereskueste-normandie\/#breadcrumb"},"inLanguage":"de","potentialAction":[{"@type":"ReadAction","target":["https:\/\/www.camping-lagallouette.fr\/de\/campingplatz-armelkanal-meereskueste-normandie\/"]}]},{"@type":"ImageObject","inLanguage":"de","@id":"https:\/\/www.camping-lagallouette.fr\/de\/campingplatz-armelkanal-meereskueste-normandie\/#primaryimage","url":"https:\/\/www.camping-lagallouette.fr\/wp-content\/uploads\/2024\/10\/Bord-de-mer-Gallouette.jpg","contentUrl":"https:\/\/www.camping-lagallouette.fr\/wp-content\/uploads\/2024\/10\/Bord-de-mer-Gallouette.jpg","width":1520,"height":1140},{"@type":"BreadcrumbList","@id":"https:\/\/www.camping-lagallouette.fr\/de\/campingplatz-armelkanal-meereskueste-normandie\/#breadcrumb","itemListElement":[{"@type":"ListItem","position":1,"name":"Campingplatz Manche","item":"https:\/\/www.camping-lagallouette.fr\/de\/"},{"@type":"ListItem","position":2,"name":"Camping Manche | Camping am Meer Normandie"}]},{"@type":"WebSite","@id":"https:\/\/www.camping-lagallouette.fr\/de\/#website","url":"https:\/\/www.camping-lagallouette.fr\/de\/","name":"Camping Gallouette","description":"","publisher":{"@id":"https:\/\/www.camping-lagallouette.fr\/de\/#organization"},"potentialAction":[{"@type":"SearchAction","target":{"@type":"EntryPoint","urlTemplate":"https:\/\/www.camping-lagallouette.fr\/de\/?s={search_term_string}"},"query-input":{"@type":"PropertyValueSpecification","valueRequired":true,"valueName":"search_term_string"}}],"inLanguage":"de"},{"@type":"Organization","@id":"https:\/\/www.camping-lagallouette.fr\/de\/#organization","name":"Camping La Gallouette","url":"https:\/\/www.camping-lagallouette.fr\/de\/","logo":{"@type":"ImageObject","inLanguage":"de","@id":"https:\/\/www.camping-lagallouette.fr\/de\/#\/schema\/logo\/image\/","url":"https:\/\/www.camping-lagallouette.fr\/wp-content\/uploads\/2021\/10\/logo-bleu-camping-gallouette.png","contentUrl":"https:\/\/www.camping-lagallouette.fr\/wp-content\/uploads\/2021\/10\/logo-bleu-camping-gallouette.png","width":214,"height":226,"caption":"Camping La Gallouette"},"image":{"@id":"https:\/\/www.camping-lagallouette.fr\/de\/#\/schema\/logo\/image\/"}}]}},"_links":{"self":[{"href":"https:\/\/www.camping-lagallouette.fr\/de\/wp-json\/wp\/v2\/pages\/17292","targetHints":{"allow":["GET"]}}],"collection":[{"href":"https:\/\/www.camping-lagallouette.fr\/de\/wp-json\/wp\/v2\/pages"}],"about":[{"href":"https:\/\/www.camping-lagallouette.fr\/de\/wp-json\/wp\/v2\/types\/page"}],"author":[{"embeddable":true,"href":"https:\/\/www.camping-lagallouette.fr\/de\/wp-json\/wp\/v2\/users\/1"}],"replies":[{"embeddable":true,"href":"https:\/\/www.camping-lagallouette.fr\/de\/wp-json\/wp\/v2\/comments?post=17292"}],"version-history":[{"count":6,"href":"https:\/\/www.camping-lagallouette.fr\/de\/wp-json\/wp\/v2\/pages\/17292\/revisions"}],"predecessor-version":[{"id":21188,"href":"https:\/\/www.camping-lagallouette.fr\/de\/wp-json\/wp\/v2\/pages\/17292\/revisions\/21188"}],"wp:featuredmedia":[{"embeddable":true,"href":"https:\/\/www.camping-lagallouette.fr\/de\/wp-json\/wp\/v2\/media\/23215"}],"wp:attachment":[{"href":"https:\/\/www.camping-lagallouette.fr\/de\/wp-json\/wp\/v2\/media?parent=17292"}],"curies":[{"name":"wp","href":"https:\/\/api.w.org\/{rel}","templated":true}]}}