{"id":17284,"date":"2021-09-20T12:29:06","date_gmt":"2021-09-20T10:29:06","guid":{"rendered":"https:\/\/www.camping-lagallouette.fr\/offres\/"},"modified":"2024-10-06T11:08:49","modified_gmt":"2024-10-06T09:08:49","slug":"angebote","status":"publish","type":"page","link":"https:\/\/www.camping-lagallouette.fr\/de\/angebote\/","title":{"rendered":"H\u00e9bergements : Offres"},"content":{"rendered":"<section id=\"section-group1\"\" class=\"section white-gradient-bottom bg-color3\" \/><div class=\"container extralarge\"><h1 class=\"element section-title center p-b-5\">Camping Manche billig<\/h1><div class=\"colonnes-wrap valign-middle p-b-5\"><div class=\"element colonne \"><h2 class=\"element section-title left\">Sonderangebote f\u00fcr g\u00fcnstigeres Campen im Departement Manche<\/h2><div class=\"element bloc-text left \">\n\t<p>Entdecken Sie alle Sonderangebote und Aktionen des <a href=\"\/de\/\">Campingplatzes La Gallouette<\/a>, Ihres g\u00fcnstigen <strong class=\"bold color1\">Campingplatzes in La Manche<\/strong>.<br \/>\nHaben Sie Lust, f\u00fcr ein paar Tage an die K\u00fcste zu entfliehen, weit weg von der Hektik der Stadt? Suchen Sie eine m\u00f6blierte Unterkunft, eine Ferienwohnung, ein Hotel, ein Ferienhaus oder ein G\u00e4stezimmer in Saint Vaast la Hougue?<br \/>\nNutzen Sie Vorzugspreise und profitieren Sie von <strong class=\"bold color1\">Rabatten<\/strong> bei der Anmietung Ihres Chalets, Mobilheims oder Ihres Stellplatzes auf dem Campingplatz.<\/p>\n<p>F\u00fcr einen g\u00fcnstigen Urlaub auf einem 4-Sterne-Campingplatz in der Normandie, <strong class=\"bold color1\">buchen Sie jetzt online<\/strong> oder kontaktieren Sie uns. Buchen Sie clever f\u00fcr einen g\u00fcnstigen Campingurlaub im Departement Manche und genie\u00dfen Sie Ihren Aufenthalt in Saint Vaast la Hougue.<\/p>\n<\/div><\/div><div class=\"element colonne masque-bleu\"><div class=\"element images fancybox-container\"><a class=\"fancybox image\" href=\"https:\/\/www.camping-lagallouette.fr\/wp-content\/uploads\/2023\/11\/mh-gallouette-salle-a-manger.jpg\"><img decoding=\"async\" src=\"https:\/\/www.camping-lagallouette.fr\/wp-content\/uploads\/2023\/11\/mh-gallouette-salle-a-manger-100x75.jpg\" data-src=\"https:\/\/www.camping-lagallouette.fr\/wp-content\/uploads\/2023\/11\/mh-gallouette-salle-a-manger.jpg\" alt=\"campingplatz vermietung cottage 4 personen normandie\" class=\"images_image\" \/><\/a><\/div><\/div><\/div><\/div><\/section>\n\n<section id=\"section-654a547db6d06\"\" class=\"section bg-white\" \/><div class=\"container extralarge\"><div class=\"colonnes-wrap valign-top \"><div class=\"element colonne masque-blanc\"><div class=\"element images fancybox-container\"><a class=\"fancybox image\" href=\"https:\/\/www.camping-lagallouette.fr\/wp-content\/uploads\/2023\/11\/location-camping-vue-mer-manche-normandie.jpg\"><img decoding=\"async\" src=\"https:\/\/www.camping-lagallouette.fr\/wp-content\/uploads\/2023\/11\/location-camping-vue-mer-manche-normandie-100x75.jpg\" data-src=\"https:\/\/www.camping-lagallouette.fr\/wp-content\/uploads\/2023\/11\/location-camping-vue-mer-manche-normandie.jpg\" alt=\"campingplatz vermietung Mobilheim cottage 4 personen normandie\" class=\"images_image\" \/><\/a><\/div><\/div><div class=\"element colonne \"><h1 class=\"element section-title justify\">Spezielles Angebot f\u00fcr Fr\u00fchbucher 2025<\/h1><div class=\"element bloc-text justify \">\n\t<p><strong>Greifen Sie Ihrem Urlaub 2025 vor!<\/strong><\/p>\n<p>Lassen Sie sich Ihre Lieblingsunterkunft oder Ihren Lieblingsplatz nicht entgehen. Buchen Sie die Daten Ihrer Wahl f\u00fcr 2025 und sichern Sie sich <strong>Ihr Mobilheim am Meer oder Ihren Camping-Stellplatz, wie Sie ihn lieben.<\/strong><\/p>\n<p style=\"text-align: center;\">Buchen Sie jetzt Ihren zuk\u00fcnftigen Aufenthalt f\u00fcr 2025 und profitieren Sie von den folgenden Vorteilen :<\/p>\n<p style=\"text-align: center;\"><strong>10% Rabatt*.<\/strong><\/p>\n<p style=\"text-align: center;\"><strong>f\u00fcr jeden Aufenthalt von 2 Wochen oder mehr.<\/strong><\/p>\n<p style=\"text-align: center;\">Dieses Angebot gilt f\u00fcr jeden Aufenthalt von mehr als 2 Wochen.<\/p>\n<p style=\"text-align: center;\">in einer Unterkunft im Mobilheim oder Chalet.<\/p>\n<p style=\"text-align: center;\"><strong>Kostenlose Buchungsgeb\u00fchr<\/strong><\/p>\n<p style=\"text-align: center;\">Buchen Sie Ihren Aufenthalt f\u00fcr 2025 vor dem 31. Dezember 2024 und wir schenken Ihnen Ihre Reservierungskosten!<\/p>\n<\/div><\/div><\/div><\/div><\/section>\n\n<section id=\"section-group3\"\" data-bg-opacite=\"0.2\"data-background=\"https:\/\/www.camping-lagallouette.fr\/wp-content\/uploads\/2021\/10\/camping-pas-cher-caravaning-normandie.jpg\"data-speed=\"0.8\"class=\"section bg-white p-t-0 p-b-0 section--has-bg-img section_bg-parallax\" \/><div class=\"container full\"><\/div><\/section>\n\n<section id=\"section-group2\"\" class=\"section bg-white\" \/><div class=\"container extralarge\"><div class=\"colonnes-wrap valign-middle \"><div class=\"element colonne masque-blanc\"><div class=\"element images fancybox-container\"><a class=\"fancybox image\" href=\"https:\/\/www.camping-lagallouette.fr\/wp-content\/uploads\/2021\/10\/camping-location-emplacement-tente-pas-cher-cotentin.jpg\"><img decoding=\"async\" src=\"https:\/\/www.camping-lagallouette.fr\/wp-content\/uploads\/2021\/10\/camping-location-emplacement-tente-pas-cher-cotentin-100x75.jpg\" data-src=\"https:\/\/www.camping-lagallouette.fr\/wp-content\/uploads\/2021\/10\/camping-location-emplacement-tente-pas-cher-cotentin.jpg\" alt=\"campingplatz vermietung stellplatz zelt g\u00fcnstig cotentin\" class=\"images_image\" \/><\/a><\/div><\/div><div class=\"element colonne \"><h2 class=\"element section-title left\">Sonderpreise Stellpl\u00e4tze Camping Zelt Wohnwagen Wohnmobil<\/h2><div class=\"element bloc-text left \">\n\t<p>Gute Tipps f\u00fcr Camping am Meer :<\/p>\n<p>Genie\u00dfen Sie alle Vorteile der <strong class=\"bold color1\">Nebensaison<\/strong> bei einem angenehmen Aufenthalt auf einem Campingplatz am Meer. Auf dem Campingplatz in Saint-Vaast-la-Hougue k\u00f6nnen Sie sich ganz entspannt im Rhythmus der Gezeiten bewegen. Meiden Sie den st\u00e4ndigen Trubel und genie\u00dfen Sie die Ruhe und Gelassenheit, indem Sie sich vom Schrei der M\u00f6wen in den Schlaf wiegen lassen. Nehmen Sie sich die Zeit f\u00fcr einen l\u00e4ngeren <strong class=\"bold color1\">Aufenthalt mit Ihrem Wohnwagen oder Wohnmobil<\/strong>, um alle Juwelen des Dorfes zu entdecken: Vauban-Turm, der zum UNESCO-Weltkulturerbe geh\u00f6rt, Fischerhafen, atypische Gesch\u00e4fte und den unumg\u00e4nglichen Wochenmarkt! Au\u00dferdem ist es billiger!<\/p>\n<p>Ihr Aufenthalt zum kleinen Preis auf Campingplatz La Gallouette :<\/p>\n<p>&nbsp;<\/p>\n<\/div><h2 class=\"element section-title center\">Spezielles Fr\u00fchbucherangebot f\u00fcr Wohnmobile, Wohnwagen und Zelte<\/h2><div class=\"element bloc-text left \">\n\t<p><strong>Profitieren Sie von unserem exklusiven Angebot f\u00fcr Camping-Stellpl\u00e4tze.<\/strong><\/p>\n<p style=\"text-align: center;\"><strong>Preis f\u00fcr 2 Personen mit Strom<\/strong><\/p>\n<p style=\"text-align: center;\"><strong>26\u20ac\/Nacht<\/strong><\/p>\n<p style=\"text-align: center;\"><strong>+<\/strong><\/p>\n<p style=\"text-align: center;\"><strong>Kosten f\u00fcr die Reservierung geschenkt!<\/strong><\/p>\n<p>&nbsp;<\/p>\n<p style=\"text-align: center;\">Das Angebot gilt f\u00fcr jeden Aufenthalt vom 28. M\u00e4rz bis 11. Juli 2025 und vom 11. bis 30. September 2025<\/p>\n<p style=\"text-align: center;\">au\u00dfer an Br\u00fccken- und Feiertagen.<\/p>\n<p style=\"text-align: center;\">Buchungen vor dem 31.12.2024.<\/p>\n<p style=\"text-align: center;\"><em>Angebot kann im Falle einer Stornierung ohne Reiser\u00fccktrittsversicherung nicht erstattet werden.<\/em><\/p>\n<p style=\"text-align: center;\"><em>Angebot ist zahlenm\u00e4\u00dfig begrenzt und nicht mit anderen Werbeangeboten kombinierbar.<\/em><\/p>\n<p style=\"text-align: center;\"><em>Dieses Angebot kann nicht mit anderen laufenden Angeboten kombiniert werden.<\/em><\/p>\n<\/div><\/div><\/div><\/div><\/section>\n\n<section id=\"section-group11\"\" class=\"section white-gradient-top bg-color3\" \/><div class=\"container extralarge\"><div class=\"element section-title center\">Entdecken Sie unseren Campingplatz am Meer<\/div><div class=\"colonnes-wrap valign-middle \"><div class=\"element colonne \"><div class=\"element call-to-action  call-to-action--style-1 call-to-action--big\"><a href=\"https:\/\/www.camping-lagallouette.fr\/de\/chalet\/\"  class=\"call-to-action_link\" title=\"Mehr \u00fcber vermietung eines chalets\"><div class=\"call-to-action_image\"><img decoding=\"async\" src=\"https:\/\/www.camping-lagallouette.fr\/wp-content\/uploads\/2021\/10\/camping-location-chalet-cotentin-100x67.jpg\" data-src=\"https:\/\/www.camping-lagallouette.fr\/wp-content\/uploads\/2021\/10\/camping-location-chalet-cotentin.jpg\" alt=\"camping location chalet cotentin\" class=\"big\" \/><\/div><div class=\"call-to-action_contenu\"><div class=\"call-to-action_titre\">Vermietung eines Chalets<\/div><\/div><\/a><\/div><\/div><div class=\"element colonne \"><div class=\"element call-to-action  call-to-action--style-1 call-to-action--big\"><a href=\"https:\/\/www.camping-lagallouette.fr\/de\/mobilheim\/\"  class=\"call-to-action_link\" title=\"Mehr \u00fcber standort mobil-home\"><div class=\"call-to-action_image\"><img decoding=\"async\" src=\"https:\/\/www.camping-lagallouette.fr\/wp-content\/uploads\/2021\/10\/camping-location-mobil-home-4-personnes-cotentin-100x67.jpg\" data-src=\"https:\/\/www.camping-lagallouette.fr\/wp-content\/uploads\/2021\/10\/camping-location-mobil-home-4-personnes-cotentin.jpg\" alt=\"camping location mobil home 4 personnes cotentin\" class=\"big\" \/><\/div><div class=\"call-to-action_contenu\"><div class=\"call-to-action_titre\">Standort mobil-home<\/div><\/div><\/a><\/div><\/div><div class=\"element colonne \"><div class=\"element call-to-action  call-to-action--style-1 call-to-action--big\"><a href=\"https:\/\/www.camping-lagallouette.fr\/de\/wohnwagenplaetze\/\"  class=\"call-to-action_link\" title=\"Mehr \u00fcber campingpl\u00e4tze\"><div class=\"call-to-action_image\"><img decoding=\"async\" src=\"https:\/\/www.camping-lagallouette.fr\/wp-content\/uploads\/2021\/10\/camping-emplacement-tente-cherbourg-100x67.jpg\" data-src=\"https:\/\/www.camping-lagallouette.fr\/wp-content\/uploads\/2021\/10\/camping-emplacement-tente-cherbourg.jpg\" alt=\"camping emplacement tente cherbourg\" class=\"big\" \/><\/div><div class=\"call-to-action_contenu\"><div class=\"call-to-action_titre\">Campingpl\u00e4tze<\/div><\/div><\/a><\/div><\/div><\/div><\/div><\/section>","protected":false},"excerpt":{"rendered":"","protected":false},"author":1,"featured_media":13175,"parent":0,"menu_order":0,"comment_status":"closed","ping_status":"closed","template":"","meta":{"_acf_changed":false,"footnotes":""},"class_list":["post-17284","page","type-page","status-publish","has-post-thumbnail","hentry"],"acf":[],"yoast_head":"<!-- This site is optimized with the Yoast SEO plugin v25.3 - https:\/\/yoast.com\/wordpress\/plugins\/seo\/ -->\n<title>Camping Manche G\u00fcnstig - G\u00fcnstige Campingangebote in der Normandie<\/title>\n<meta name=\"robots\" content=\"index, follow, max-snippet:-1, max-image-preview:large, max-video-preview:-1\" \/>\n<link rel=\"canonical\" href=\"https:\/\/www.camping-lagallouette.fr\/de\/angebote\/\" \/>\n<meta property=\"og:locale\" content=\"de_DE\" \/>\n<meta property=\"og:type\" content=\"article\" \/>\n<meta property=\"og:title\" content=\"Camping Manche G\u00fcnstig - G\u00fcnstige Campingangebote in der Normandie\" \/>\n<meta property=\"og:url\" content=\"https:\/\/www.camping-lagallouette.fr\/de\/angebote\/\" \/>\n<meta property=\"og:site_name\" content=\"Camping Gallouette\" \/>\n<meta property=\"article:modified_time\" content=\"2024-10-06T09:08:49+00:00\" \/>\n<meta property=\"og:image\" content=\"https:\/\/www.camping-lagallouette.fr\/wp-content\/uploads\/2021\/10\/camping-location-mobil-home-pas-cher-pmr-normandie.jpg\" \/>\n\t<meta property=\"og:image:width\" content=\"1900\" \/>\n\t<meta property=\"og:image:height\" content=\"700\" \/>\n\t<meta property=\"og:image:type\" content=\"image\/jpeg\" \/>\n<meta name=\"twitter:card\" content=\"summary_large_image\" \/>\n<meta name=\"twitter:label1\" content=\"Gesch\u00e4tzte Lesezeit\" \/>\n\t<meta name=\"twitter:data1\" content=\"1\u00a0Minute\" \/>\n<script type=\"application\/ld+json\" class=\"yoast-schema-graph\">{\"@context\":\"https:\/\/schema.org\",\"@graph\":[{\"@type\":\"WebPage\",\"@id\":\"https:\/\/www.camping-lagallouette.fr\/de\/angebote\/\",\"url\":\"https:\/\/www.camping-lagallouette.fr\/de\/angebote\/\",\"name\":\"Camping Manche G\u00fcnstig - G\u00fcnstige Campingangebote in der Normandie\",\"isPartOf\":{\"@id\":\"https:\/\/www.camping-lagallouette.fr\/de\/#website\"},\"primaryImageOfPage\":{\"@id\":\"https:\/\/www.camping-lagallouette.fr\/de\/angebote\/#primaryimage\"},\"image\":{\"@id\":\"https:\/\/www.camping-lagallouette.fr\/de\/angebote\/#primaryimage\"},\"thumbnailUrl\":\"https:\/\/www.camping-lagallouette.fr\/wp-content\/uploads\/2021\/10\/camping-location-mobil-home-pas-cher-pmr-normandie.jpg\",\"datePublished\":\"2021-09-20T10:29:06+00:00\",\"dateModified\":\"2024-10-06T09:08:49+00:00\",\"breadcrumb\":{\"@id\":\"https:\/\/www.camping-lagallouette.fr\/de\/angebote\/#breadcrumb\"},\"inLanguage\":\"de\",\"potentialAction\":[{\"@type\":\"ReadAction\",\"target\":[\"https:\/\/www.camping-lagallouette.fr\/de\/angebote\/\"]}]},{\"@type\":\"ImageObject\",\"inLanguage\":\"de\",\"@id\":\"https:\/\/www.camping-lagallouette.fr\/de\/angebote\/#primaryimage\",\"url\":\"https:\/\/www.camping-lagallouette.fr\/wp-content\/uploads\/2021\/10\/camping-location-mobil-home-pas-cher-pmr-normandie.jpg\",\"contentUrl\":\"https:\/\/www.camping-lagallouette.fr\/wp-content\/uploads\/2021\/10\/camping-location-mobil-home-pas-cher-pmr-normandie.jpg\",\"width\":1900,\"height\":700,\"caption\":\"camping location mobil home pas cher pmr normandie\"},{\"@type\":\"BreadcrumbList\",\"@id\":\"https:\/\/www.camping-lagallouette.fr\/de\/angebote\/#breadcrumb\",\"itemListElement\":[{\"@type\":\"ListItem\",\"position\":1,\"name\":\"Campingplatz Manche\",\"item\":\"https:\/\/www.camping-lagallouette.fr\/de\/\"},{\"@type\":\"ListItem\",\"position\":2,\"name\":\"Camping bilig Manche\"}]},{\"@type\":\"WebSite\",\"@id\":\"https:\/\/www.camping-lagallouette.fr\/de\/#website\",\"url\":\"https:\/\/www.camping-lagallouette.fr\/de\/\",\"name\":\"Camping Gallouette\",\"description\":\"\",\"publisher\":{\"@id\":\"https:\/\/www.camping-lagallouette.fr\/de\/#organization\"},\"potentialAction\":[{\"@type\":\"SearchAction\",\"target\":{\"@type\":\"EntryPoint\",\"urlTemplate\":\"https:\/\/www.camping-lagallouette.fr\/de\/?s={search_term_string}\"},\"query-input\":{\"@type\":\"PropertyValueSpecification\",\"valueRequired\":true,\"valueName\":\"search_term_string\"}}],\"inLanguage\":\"de\"},{\"@type\":\"Organization\",\"@id\":\"https:\/\/www.camping-lagallouette.fr\/de\/#organization\",\"name\":\"Camping La Gallouette\",\"url\":\"https:\/\/www.camping-lagallouette.fr\/de\/\",\"logo\":{\"@type\":\"ImageObject\",\"inLanguage\":\"de\",\"@id\":\"https:\/\/www.camping-lagallouette.fr\/de\/#\/schema\/logo\/image\/\",\"url\":\"https:\/\/www.camping-lagallouette.fr\/wp-content\/uploads\/2021\/10\/logo-bleu-camping-gallouette.png\",\"contentUrl\":\"https:\/\/www.camping-lagallouette.fr\/wp-content\/uploads\/2021\/10\/logo-bleu-camping-gallouette.png\",\"width\":214,\"height\":226,\"caption\":\"Camping La Gallouette\"},\"image\":{\"@id\":\"https:\/\/www.camping-lagallouette.fr\/de\/#\/schema\/logo\/image\/\"}}]}<\/script>\n<!-- \/ Yoast SEO plugin. -->","yoast_head_json":{"title":"Camping Manche G\u00fcnstig - G\u00fcnstige Campingangebote in der Normandie","robots":{"index":"index","follow":"follow","max-snippet":"max-snippet:-1","max-image-preview":"max-image-preview:large","max-video-preview":"max-video-preview:-1"},"canonical":"https:\/\/www.camping-lagallouette.fr\/de\/angebote\/","og_locale":"de_DE","og_type":"article","og_title":"Camping Manche G\u00fcnstig - G\u00fcnstige Campingangebote in der Normandie","og_url":"https:\/\/www.camping-lagallouette.fr\/de\/angebote\/","og_site_name":"Camping Gallouette","article_modified_time":"2024-10-06T09:08:49+00:00","og_image":[{"width":1900,"height":700,"url":"https:\/\/www.camping-lagallouette.fr\/wp-content\/uploads\/2021\/10\/camping-location-mobil-home-pas-cher-pmr-normandie.jpg","type":"image\/jpeg"}],"twitter_card":"summary_large_image","twitter_misc":{"Gesch\u00e4tzte Lesezeit":"1\u00a0Minute"},"schema":{"@context":"https:\/\/schema.org","@graph":[{"@type":"WebPage","@id":"https:\/\/www.camping-lagallouette.fr\/de\/angebote\/","url":"https:\/\/www.camping-lagallouette.fr\/de\/angebote\/","name":"Camping Manche G\u00fcnstig - G\u00fcnstige Campingangebote in der Normandie","isPartOf":{"@id":"https:\/\/www.camping-lagallouette.fr\/de\/#website"},"primaryImageOfPage":{"@id":"https:\/\/www.camping-lagallouette.fr\/de\/angebote\/#primaryimage"},"image":{"@id":"https:\/\/www.camping-lagallouette.fr\/de\/angebote\/#primaryimage"},"thumbnailUrl":"https:\/\/www.camping-lagallouette.fr\/wp-content\/uploads\/2021\/10\/camping-location-mobil-home-pas-cher-pmr-normandie.jpg","datePublished":"2021-09-20T10:29:06+00:00","dateModified":"2024-10-06T09:08:49+00:00","breadcrumb":{"@id":"https:\/\/www.camping-lagallouette.fr\/de\/angebote\/#breadcrumb"},"inLanguage":"de","potentialAction":[{"@type":"ReadAction","target":["https:\/\/www.camping-lagallouette.fr\/de\/angebote\/"]}]},{"@type":"ImageObject","inLanguage":"de","@id":"https:\/\/www.camping-lagallouette.fr\/de\/angebote\/#primaryimage","url":"https:\/\/www.camping-lagallouette.fr\/wp-content\/uploads\/2021\/10\/camping-location-mobil-home-pas-cher-pmr-normandie.jpg","contentUrl":"https:\/\/www.camping-lagallouette.fr\/wp-content\/uploads\/2021\/10\/camping-location-mobil-home-pas-cher-pmr-normandie.jpg","width":1900,"height":700,"caption":"camping location mobil home pas cher pmr normandie"},{"@type":"BreadcrumbList","@id":"https:\/\/www.camping-lagallouette.fr\/de\/angebote\/#breadcrumb","itemListElement":[{"@type":"ListItem","position":1,"name":"Campingplatz Manche","item":"https:\/\/www.camping-lagallouette.fr\/de\/"},{"@type":"ListItem","position":2,"name":"Camping bilig Manche"}]},{"@type":"WebSite","@id":"https:\/\/www.camping-lagallouette.fr\/de\/#website","url":"https:\/\/www.camping-lagallouette.fr\/de\/","name":"Camping Gallouette","description":"","publisher":{"@id":"https:\/\/www.camping-lagallouette.fr\/de\/#organization"},"potentialAction":[{"@type":"SearchAction","target":{"@type":"EntryPoint","urlTemplate":"https:\/\/www.camping-lagallouette.fr\/de\/?s={search_term_string}"},"query-input":{"@type":"PropertyValueSpecification","valueRequired":true,"valueName":"search_term_string"}}],"inLanguage":"de"},{"@type":"Organization","@id":"https:\/\/www.camping-lagallouette.fr\/de\/#organization","name":"Camping La Gallouette","url":"https:\/\/www.camping-lagallouette.fr\/de\/","logo":{"@type":"ImageObject","inLanguage":"de","@id":"https:\/\/www.camping-lagallouette.fr\/de\/#\/schema\/logo\/image\/","url":"https:\/\/www.camping-lagallouette.fr\/wp-content\/uploads\/2021\/10\/logo-bleu-camping-gallouette.png","contentUrl":"https:\/\/www.camping-lagallouette.fr\/wp-content\/uploads\/2021\/10\/logo-bleu-camping-gallouette.png","width":214,"height":226,"caption":"Camping La Gallouette"},"image":{"@id":"https:\/\/www.camping-lagallouette.fr\/de\/#\/schema\/logo\/image\/"}}]}},"_links":{"self":[{"href":"https:\/\/www.camping-lagallouette.fr\/de\/wp-json\/wp\/v2\/pages\/17284","targetHints":{"allow":["GET"]}}],"collection":[{"href":"https:\/\/www.camping-lagallouette.fr\/de\/wp-json\/wp\/v2\/pages"}],"about":[{"href":"https:\/\/www.camping-lagallouette.fr\/de\/wp-json\/wp\/v2\/types\/page"}],"author":[{"embeddable":true,"href":"https:\/\/www.camping-lagallouette.fr\/de\/wp-json\/wp\/v2\/users\/1"}],"replies":[{"embeddable":true,"href":"https:\/\/www.camping-lagallouette.fr\/de\/wp-json\/wp\/v2\/comments?post=17284"}],"version-history":[{"count":97,"href":"https:\/\/www.camping-lagallouette.fr\/de\/wp-json\/wp\/v2\/pages\/17284\/revisions"}],"predecessor-version":[{"id":22831,"href":"https:\/\/www.camping-lagallouette.fr\/de\/wp-json\/wp\/v2\/pages\/17284\/revisions\/22831"}],"wp:featuredmedia":[{"embeddable":true,"href":"https:\/\/www.camping-lagallouette.fr\/de\/wp-json\/wp\/v2\/media\/13175"}],"wp:attachment":[{"href":"https:\/\/www.camping-lagallouette.fr\/de\/wp-json\/wp\/v2\/media?parent=17284"}],"curies":[{"name":"wp","href":"https:\/\/api.w.org\/{rel}","templated":true}]}}