{"id":17276,"date":"2021-09-20T12:27:46","date_gmt":"2021-09-20T10:27:46","guid":{"rendered":"https:\/\/www.camping-lagallouette.fr\/chalet\/"},"modified":"2023-11-13T11:30:37","modified_gmt":"2023-11-13T10:30:37","slug":"chalet","status":"publish","type":"page","link":"https:\/\/www.camping-lagallouette.fr\/de\/chalet\/","title":{"rendered":"H\u00e9bergements : Location de chalet"},"content":{"rendered":"<section id=\"section-615709ddd93af\"\" class=\"section bg-white p-b-0\" \/><div class=\"container\"><h1 class=\"element section-title center\">Chaletvermietung Manche Normandie<\/h1><\/div><\/section>\n\n<section id=\"section-617003a428c82\"\" class=\"section chalet bg-white\" \/><div class=\"container extralarge\"><div class=\"filtres\"><\/div><ul class=\"liste-de-page hebergements\"><div class=\"row\"><li class=\"element hebergement call-to-action call-to-action--style-2  anzahl-der-zimmer-2 anzahl-der-personen-4 superficie-35\"><div class=\"hebergement_link\" id=\"10817\"><div class=\"call-to-action_image\"><img decoding=\"async\" src=\"https:\/\/www.camping-lagallouette.fr\/wp-content\/uploads\/2021\/10\/location-chalet-2-chambres-4-personnes-exterieur-normandie.jpg\" data-src=\"https:\/\/www.camping-lagallouette.fr\/wp-content\/uploads\/2021\/10\/location-chalet-2-chambres-4-personnes-exterieur-normandie.jpg\" alt=\"location chalet 2 chambres 4 personnes exterieur normandie\" class=\"\" \/><\/div><div class=\"call-to-action_contenu\"><div class=\"call-to-action_titre\">Chalet 2 Zimmer &#8211; 35m\u00b2 + \u00fcberdachte Terrasse<\/div><\/div><\/div><\/li><li class=\"element hebergement call-to-action call-to-action--style-2  anzahl-der-zimmer-2 anzahl-der-personen-4 superficie-30\"><div class=\"hebergement_link\" id=\"10816\"><div class=\"call-to-action_image\"><img decoding=\"async\" src=\"https:\/\/www.camping-lagallouette.fr\/wp-content\/uploads\/2021\/10\/camping-location-chalet-terrasse-normandie.jpg\" data-src=\"https:\/\/www.camping-lagallouette.fr\/wp-content\/uploads\/2021\/10\/camping-location-chalet-terrasse-normandie.jpg\" alt=\"camping location chalet terrasse normandie\" class=\"\" \/><\/div><div class=\"call-to-action_contenu\"><div class=\"call-to-action_titre\">Chalet 2 Zimmer &#8211; 30m\u00b2 + \u00fcberdachte Terrasse<\/div><\/div><\/div><\/li><li class=\"element hebergement call-to-action call-to-action--style-2  anzahl-der-zimmer-3 anzahl-der-personen-6 superficie-40\"><div class=\"hebergement_link\" id=\"15152\"><div class=\"call-to-action_image\"><img decoding=\"async\" src=\"https:\/\/www.camping-lagallouette.fr\/wp-content\/uploads\/2021\/10\/camping-location-chalet-cotentin.jpg\" data-src=\"https:\/\/www.camping-lagallouette.fr\/wp-content\/uploads\/2021\/10\/camping-location-chalet-cotentin.jpg\" alt=\"camping location chalet cotentin\" class=\"\" \/><\/div><div class=\"call-to-action_contenu\"><div class=\"call-to-action_titre\">Chalet 3 chambres &#8211; 40m\u00b2 + terrasse couverte<\/div><\/div><\/div><\/li><\/div><\/ul><\/div><\/section>\n\n<section id=\"section-615709ddd9616\"\" class=\"section blur-left bg-white\" \/><div class=\"container full\"><div class=\"colonnes-wrap valign-middle \"><div class=\"element colonne masque-blanc\"><div class=\"element images fancybox-container\"><a class=\"fancybox image\" href=\"https:\/\/www.camping-lagallouette.fr\/wp-content\/uploads\/2023\/11\/Location-de-Chalet-avec-terrasse-couverte.jpg\"><img decoding=\"async\" src=\"https:\/\/www.camping-lagallouette.fr\/wp-content\/uploads\/2023\/11\/Location-de-Chalet-avec-terrasse-couverte-100x75.jpg\" data-src=\"https:\/\/www.camping-lagallouette.fr\/wp-content\/uploads\/2023\/11\/Location-de-Chalet-avec-terrasse-couverte.jpg\" alt=\"camping location chalet normandie\" class=\"images_image\" \/><\/a><\/div><\/div><div class=\"element colonne masque-blanc-text\"><h2 class=\"element section-title center\">3 Arten von Chalets in der Normandie zu mieten<\/h2><div class=\"element bloc-text center \">\n\t<p>Haben Sie Lust auf einen Familienurlaub mit den F\u00fc\u00dfen im Wasser? Entdecken Sie den Charme der <strong class=\"bold color1\">Holzchalets<\/strong>, die Sie in unserem <a href=\"\/de\/\" class=\"color2\">Campingplatz Cotentin<\/a> mieten k\u00f6nnen. W\u00e4hlen Sie ein Chalet Normandie mit <strong class=\"bold color1\">2 oder 3 Schlafzimmern<\/strong> f\u00fcr Ihren zuk\u00fcnftigen Urlaub am Meer in einer <strong class=\"bold color1\">warmen<\/strong> und einladenden Atmosph\u00e4re. Das Chalet ist bei Campern wegen seiner Authentizit\u00e4t und der <strong class=\"bold color1\">\u00fcberdachten Terrasse<\/strong> sehr beliebt.<\/p>\n<p>Unsere gro\u00dfe Auswahl an Mietunterk\u00fcnften wird die ganze Familie begeistern. Alle Chalets verf\u00fcgen \u00fcber zwei oder drei separate Schlafzimmer, einen Wohn- und Aufenthaltsbereich mit ausgestatteter K\u00fcche, ein Badezimmer mit Dusche, ein separates WC und einen Fernseher. Um Ihren Urlaub im Chalet noch komfortabler zu gestalten, sind unsere Mietunterk\u00fcnfte mit einer \u00fcberdachten Holzterrasse, <strong class=\"bold color1\">Gartenm\u00f6beln<\/strong>, einem Grill und einem Parkplatz ausgestattet, damit Sie Ihr Fahrzeug direkt neben Ihrer Freiluftunterkunft parken k\u00f6nnen.<\/p>\n<p>Damit Sie mit Ihren Lieben in Verbindung bleiben und Ihre sch\u00f6nsten Erinnerungen an Ihren Urlaub im Camping Chalet in der Normandie teilen k\u00f6nnen, haben Sie auf dem gesamten Campingplatz WLAN-Zugang (gegen Aufpreis) oder 4G-Abdeckung. Sie befinden sich unter anderem in der N\u00e4he der Landungsstr\u00e4nde wie Omaha Beach und Deauville. Sehen Sie sich auch unser Angebot an Mobilheimvermietung Manche und Stellplatzvermietung Normandie an.<\/p>\n<\/div><\/div><\/div><\/div><\/section>\n\n<section id=\"section-615709ddd9914\"\" class=\"section white-gradient-top white-gradient-bottom mosaique-photos-bleues bg-color3\" \/><div class=\"container full\"><div class=\"colonnes-wrap valign-top \"><div class=\"element colonne \"><div class=\"element images fancybox-container\"><a class=\"fancybox image\" href=\"https:\/\/www.camping-lagallouette.fr\/wp-content\/uploads\/2021\/10\/camping-location-chalet-salle-de-bain-normandie.jpg\"><img decoding=\"async\" src=\"https:\/\/www.camping-lagallouette.fr\/wp-content\/uploads\/2021\/10\/camping-location-chalet-salle-de-bain-normandie-88x100.jpg\" data-src=\"https:\/\/www.camping-lagallouette.fr\/wp-content\/uploads\/2021\/10\/camping-location-chalet-salle-de-bain-normandie.jpg\" alt=\"camping location chalet salle de bain normandie\" class=\"images_image\" \/><\/a><\/div><\/div><div class=\"element colonne \"><div class=\"element images fancybox-container\"><a class=\"fancybox image\" href=\"https:\/\/www.camping-lagallouette.fr\/wp-content\/uploads\/2021\/10\/camping-location-chalet-cuisine-normandie.jpg\"><img decoding=\"async\" src=\"https:\/\/www.camping-lagallouette.fr\/wp-content\/uploads\/2021\/10\/camping-location-chalet-cuisine-normandie-100x75.jpg\" data-src=\"https:\/\/www.camping-lagallouette.fr\/wp-content\/uploads\/2021\/10\/camping-location-chalet-cuisine-normandie.jpg\" alt=\"camping location chalet cuisine normandie\" class=\"images_image\" \/><\/a><\/div><div class=\"element images fancybox-container\"><a class=\"fancybox image\" href=\"https:\/\/www.camping-lagallouette.fr\/wp-content\/uploads\/2021\/10\/camping-location-chalet-salle-a-manger-normandie.jpg\"><img decoding=\"async\" src=\"https:\/\/www.camping-lagallouette.fr\/wp-content\/uploads\/2021\/10\/camping-location-chalet-salle-a-manger-normandie-100x75.jpg\" data-src=\"https:\/\/www.camping-lagallouette.fr\/wp-content\/uploads\/2021\/10\/camping-location-chalet-salle-a-manger-normandie.jpg\" alt=\"camping location chalet salle a manger normandie\" class=\"images_image\" \/><\/a><\/div><\/div><div class=\"element colonne \"><div class=\"element images fancybox-container\"><a class=\"fancybox image\" href=\"https:\/\/www.camping-lagallouette.fr\/wp-content\/uploads\/2021\/10\/camping-location-chalet-salon-cotentin.jpg\"><img decoding=\"async\" src=\"https:\/\/www.camping-lagallouette.fr\/wp-content\/uploads\/2021\/10\/camping-location-chalet-salon-cotentin-100x75.jpg\" data-src=\"https:\/\/www.camping-lagallouette.fr\/wp-content\/uploads\/2021\/10\/camping-location-chalet-salon-cotentin.jpg\" alt=\"camping location chalet salon cotentin\" class=\"images_image\" \/><\/a><\/div><div class=\"element images fancybox-container\"><a class=\"fancybox image\" href=\"https:\/\/www.camping-lagallouette.fr\/wp-content\/uploads\/2021\/10\/camping-location-chalet-terrasse-manche.jpg\"><img decoding=\"async\" src=\"https:\/\/www.camping-lagallouette.fr\/wp-content\/uploads\/2021\/10\/camping-location-chalet-terrasse-manche-100x75.jpg\" data-src=\"https:\/\/www.camping-lagallouette.fr\/wp-content\/uploads\/2021\/10\/camping-location-chalet-terrasse-manche.jpg\" alt=\"camping location chalet terrasse manche\" class=\"images_image\" \/><\/a><\/div><\/div><\/div><\/div><\/section>\n\n<section id=\"section-615709ddd9b56\"\" class=\"section blur-right bg-white\" \/><div class=\"container full\"><div class=\"colonnes-wrap valign-middle \"><div class=\"element colonne masque-blanc-text\"><h2 class=\"element section-title center\">Chaletvermietung in Saint-Vaast-la-Hougue<\/h2><div class=\"element bloc-text center \">\n\t<p>Unsere Chalets mit einer Fl\u00e4che von 40m\u00b2 sind ideal eingerichtet, um Sie und Ihre Lieben zu empfangen. Sie verf\u00fcgen \u00fcber ein ger\u00e4umiges Wohnzimmer im Stil eines Bergchalets und eine voll ausgestattete K\u00fcche. Doppelbett, Einzelbett oder Etagenbett sind in den 3 separaten Schlafzimmern verteilt, so dass jeder seine <strong class=\"bold color1\">Intimsph\u00e4re<\/strong> hat. Die integrierte Holzterrasse und die Gartenm\u00f6bel sorgen daf\u00fcr, dass Sie Ihren Aufenthalt in einer Ferienwohnung im Cotentin unter freiem Himmel in vollen Z\u00fcgen genie\u00dfen k\u00f6nnen.<\/p>\n<p>Mit den Kindern <strong class=\"bold color1\">nur wenige Schritte von der K\u00fcste<\/strong> und den sch\u00f6nen Str\u00e4nden des \u00c4rmelkanals entfernt, aber auch in der N\u00e4he der <strong class=\"bold color1\">wichtigsten Sehensw\u00fcrdigkeiten<\/strong> des Landes <strong class=\"bold color1\">Cotentin<\/strong> und der Geschm\u00e4cker der Normandie!<\/p>\n<\/div><\/div><div class=\"element colonne masque-blanc\"><div class=\"element images fancybox-container\"><a class=\"fancybox image\" href=\"https:\/\/www.camping-lagallouette.fr\/wp-content\/uploads\/2021\/10\/camping-location-chalet-terrasse-normandie.jpg\"><img decoding=\"async\" src=\"https:\/\/www.camping-lagallouette.fr\/wp-content\/uploads\/2021\/10\/camping-location-chalet-terrasse-normandie-100x75.jpg\" data-src=\"https:\/\/www.camping-lagallouette.fr\/wp-content\/uploads\/2021\/10\/camping-location-chalet-terrasse-normandie.jpg\" alt=\"camping location chalet terrasse normandie\" class=\"images_image\" \/><\/a><\/div><\/div><\/div><\/div><\/section>\n\n<section id=\"section-615709ddd9e41\"\" class=\"section white-gradient-top bg-color3\" \/><div class=\"container extralarge\"><div class=\"element section-title center\">Entdecken Sie unsere Unterk\u00fcnfte<\/div><div class=\"colonnes-wrap valign-middle \"><div class=\"element colonne \"><div class=\"element call-to-action  call-to-action--style-1 call-to-action--big\"><a href=\"https:\/\/www.camping-lagallouette.fr\/de\/mobilheim\/\"  class=\"call-to-action_link\" title=\"Mehr \u00fcber standort mobil-home\"><div class=\"call-to-action_image\"><img decoding=\"async\" src=\"https:\/\/www.camping-lagallouette.fr\/wp-content\/uploads\/2021\/10\/camping-location-mobil-home-4-personnes-cotentin-100x67.jpg\" data-src=\"https:\/\/www.camping-lagallouette.fr\/wp-content\/uploads\/2021\/10\/camping-location-mobil-home-4-personnes-cotentin.jpg\" alt=\"camping location mobil home 4 personnes cotentin\" class=\"big\" \/><\/div><div class=\"call-to-action_contenu\"><div class=\"call-to-action_titre\">Standort mobil-home<\/div><\/div><\/a><\/div><\/div><div class=\"element colonne \"><div class=\"element call-to-action  call-to-action--style-1 call-to-action--big\"><a href=\"https:\/\/www.camping-lagallouette.fr\/de\/stellplaetze-camping-auto\/\"  class=\"call-to-action_link\" title=\"Mehr \u00fcber stellpl\u00e4tze campingwagen\"><div class=\"call-to-action_image\"><img decoding=\"async\" src=\"https:\/\/www.camping-lagallouette.fr\/wp-content\/uploads\/2021\/10\/camping-emplacement-camping-car-cherbourg-100x67.jpg\" data-src=\"https:\/\/www.camping-lagallouette.fr\/wp-content\/uploads\/2021\/10\/camping-emplacement-camping-car-cherbourg.jpg\" alt=\"camping emplacement camping car cherbourg\" class=\"big\" \/><\/div><div class=\"call-to-action_contenu\"><div class=\"call-to-action_titre\">Stellpl\u00e4tze Campingwagen<\/div><\/div><\/a><\/div><\/div><div class=\"element colonne \"><div class=\"element call-to-action  call-to-action--style-1 call-to-action--big\"><a href=\"https:\/\/www.camping-lagallouette.fr\/de\/angebote\/\"  class=\"call-to-action_link\" title=\"Mehr \u00fcber angebote\"><div class=\"call-to-action_image\"><img decoding=\"async\" src=\"https:\/\/www.camping-lagallouette.fr\/wp-content\/uploads\/2021\/10\/camping-location-mobil-home-pas-cher-pmr-cotentin-100x67.jpg\" data-src=\"https:\/\/www.camping-lagallouette.fr\/wp-content\/uploads\/2021\/10\/camping-location-mobil-home-pas-cher-pmr-cotentin.jpg\" alt=\"camping location mobil home pas cher pmr cotentin\" class=\"big\" \/><\/div><div class=\"call-to-action_contenu\"><div class=\"call-to-action_titre\">Angebote<\/div><\/div><\/a><\/div><\/div><\/div><\/div><\/section>","protected":false},"excerpt":{"rendered":"","protected":false},"author":1,"featured_media":15109,"parent":0,"menu_order":0,"comment_status":"closed","ping_status":"closed","template":"","meta":{"_acf_changed":false,"footnotes":""},"class_list":["post-17276","page","type-page","status-publish","has-post-thumbnail","hentry"],"acf":[],"yoast_head":"<!-- This site is optimized with the Yoast SEO plugin v25.3 - https:\/\/yoast.com\/wordpress\/plugins\/seo\/ -->\n<title>Chalet mieten Normandie: Chalet mieten in Cotentin, Manche<\/title>\n<meta name=\"description\" content=\"Entdecken Sie den Charme eines Urlaubs am Meer und buchen Sie ein Chalet mit 2 oder 3 Schlafzimmern auf einem 4-Sterne-Campingplatz in der Normandie!\" \/>\n<meta name=\"robots\" content=\"index, follow, max-snippet:-1, max-image-preview:large, max-video-preview:-1\" \/>\n<link rel=\"canonical\" href=\"https:\/\/www.camping-lagallouette.fr\/de\/chalet\/\" \/>\n<meta property=\"og:locale\" content=\"de_DE\" \/>\n<meta property=\"og:type\" content=\"article\" \/>\n<meta property=\"og:title\" content=\"Chalet mieten Normandie: Chalet mieten in Cotentin, Manche\" \/>\n<meta property=\"og:description\" content=\"Entdecken Sie den Charme eines Urlaubs am Meer und buchen Sie ein Chalet mit 2 oder 3 Schlafzimmern auf einem 4-Sterne-Campingplatz in der Normandie!\" \/>\n<meta property=\"og:url\" content=\"https:\/\/www.camping-lagallouette.fr\/de\/chalet\/\" \/>\n<meta property=\"og:site_name\" content=\"Camping Gallouette\" \/>\n<meta property=\"article:modified_time\" content=\"2023-11-13T10:30:37+00:00\" \/>\n<meta property=\"og:image\" content=\"https:\/\/www.camping-lagallouette.fr\/wp-content\/uploads\/2021\/10\/camping-location-chalet-terrasse-cotentin.jpg\" \/>\n\t<meta property=\"og:image:width\" content=\"1900\" \/>\n\t<meta property=\"og:image:height\" content=\"700\" \/>\n\t<meta property=\"og:image:type\" content=\"image\/jpeg\" \/>\n<meta name=\"twitter:card\" content=\"summary_large_image\" \/>\n<script type=\"application\/ld+json\" class=\"yoast-schema-graph\">{\"@context\":\"https:\/\/schema.org\",\"@graph\":[{\"@type\":\"WebPage\",\"@id\":\"https:\/\/www.camping-lagallouette.fr\/de\/chalet\/\",\"url\":\"https:\/\/www.camping-lagallouette.fr\/de\/chalet\/\",\"name\":\"Chalet mieten Normandie: Chalet mieten in Cotentin, Manche\",\"isPartOf\":{\"@id\":\"https:\/\/www.camping-lagallouette.fr\/de\/#website\"},\"primaryImageOfPage\":{\"@id\":\"https:\/\/www.camping-lagallouette.fr\/de\/chalet\/#primaryimage\"},\"image\":{\"@id\":\"https:\/\/www.camping-lagallouette.fr\/de\/chalet\/#primaryimage\"},\"thumbnailUrl\":\"https:\/\/www.camping-lagallouette.fr\/wp-content\/uploads\/2021\/10\/camping-location-chalet-terrasse-cotentin.jpg\",\"datePublished\":\"2021-09-20T10:27:46+00:00\",\"dateModified\":\"2023-11-13T10:30:37+00:00\",\"description\":\"Entdecken Sie den Charme eines Urlaubs am Meer und buchen Sie ein Chalet mit 2 oder 3 Schlafzimmern auf einem 4-Sterne-Campingplatz in der Normandie!\",\"breadcrumb\":{\"@id\":\"https:\/\/www.camping-lagallouette.fr\/de\/chalet\/#breadcrumb\"},\"inLanguage\":\"de\",\"potentialAction\":[{\"@type\":\"ReadAction\",\"target\":[\"https:\/\/www.camping-lagallouette.fr\/de\/chalet\/\"]}]},{\"@type\":\"ImageObject\",\"inLanguage\":\"de\",\"@id\":\"https:\/\/www.camping-lagallouette.fr\/de\/chalet\/#primaryimage\",\"url\":\"https:\/\/www.camping-lagallouette.fr\/wp-content\/uploads\/2021\/10\/camping-location-chalet-terrasse-cotentin.jpg\",\"contentUrl\":\"https:\/\/www.camping-lagallouette.fr\/wp-content\/uploads\/2021\/10\/camping-location-chalet-terrasse-cotentin.jpg\",\"width\":1900,\"height\":700,\"caption\":\"camping location chalet terrasse cotentin\"},{\"@type\":\"BreadcrumbList\",\"@id\":\"https:\/\/www.camping-lagallouette.fr\/de\/chalet\/#breadcrumb\",\"itemListElement\":[{\"@type\":\"ListItem\",\"position\":1,\"name\":\"Campingplatz Manche\",\"item\":\"https:\/\/www.camping-lagallouette.fr\/de\/\"},{\"@type\":\"ListItem\",\"position\":2,\"name\":\"Chaletvermietung Manche Normandie\"}]},{\"@type\":\"WebSite\",\"@id\":\"https:\/\/www.camping-lagallouette.fr\/de\/#website\",\"url\":\"https:\/\/www.camping-lagallouette.fr\/de\/\",\"name\":\"Camping Gallouette\",\"description\":\"\",\"publisher\":{\"@id\":\"https:\/\/www.camping-lagallouette.fr\/de\/#organization\"},\"potentialAction\":[{\"@type\":\"SearchAction\",\"target\":{\"@type\":\"EntryPoint\",\"urlTemplate\":\"https:\/\/www.camping-lagallouette.fr\/de\/?s={search_term_string}\"},\"query-input\":{\"@type\":\"PropertyValueSpecification\",\"valueRequired\":true,\"valueName\":\"search_term_string\"}}],\"inLanguage\":\"de\"},{\"@type\":\"Organization\",\"@id\":\"https:\/\/www.camping-lagallouette.fr\/de\/#organization\",\"name\":\"Camping La Gallouette\",\"url\":\"https:\/\/www.camping-lagallouette.fr\/de\/\",\"logo\":{\"@type\":\"ImageObject\",\"inLanguage\":\"de\",\"@id\":\"https:\/\/www.camping-lagallouette.fr\/de\/#\/schema\/logo\/image\/\",\"url\":\"https:\/\/www.camping-lagallouette.fr\/wp-content\/uploads\/2021\/10\/logo-bleu-camping-gallouette.png\",\"contentUrl\":\"https:\/\/www.camping-lagallouette.fr\/wp-content\/uploads\/2021\/10\/logo-bleu-camping-gallouette.png\",\"width\":214,\"height\":226,\"caption\":\"Camping La Gallouette\"},\"image\":{\"@id\":\"https:\/\/www.camping-lagallouette.fr\/de\/#\/schema\/logo\/image\/\"}}]}<\/script>\n<!-- \/ Yoast SEO plugin. -->","yoast_head_json":{"title":"Chalet mieten Normandie: Chalet mieten in Cotentin, Manche","description":"Entdecken Sie den Charme eines Urlaubs am Meer und buchen Sie ein Chalet mit 2 oder 3 Schlafzimmern auf einem 4-Sterne-Campingplatz in der Normandie!","robots":{"index":"index","follow":"follow","max-snippet":"max-snippet:-1","max-image-preview":"max-image-preview:large","max-video-preview":"max-video-preview:-1"},"canonical":"https:\/\/www.camping-lagallouette.fr\/de\/chalet\/","og_locale":"de_DE","og_type":"article","og_title":"Chalet mieten Normandie: Chalet mieten in Cotentin, Manche","og_description":"Entdecken Sie den Charme eines Urlaubs am Meer und buchen Sie ein Chalet mit 2 oder 3 Schlafzimmern auf einem 4-Sterne-Campingplatz in der Normandie!","og_url":"https:\/\/www.camping-lagallouette.fr\/de\/chalet\/","og_site_name":"Camping Gallouette","article_modified_time":"2023-11-13T10:30:37+00:00","og_image":[{"width":1900,"height":700,"url":"https:\/\/www.camping-lagallouette.fr\/wp-content\/uploads\/2021\/10\/camping-location-chalet-terrasse-cotentin.jpg","type":"image\/jpeg"}],"twitter_card":"summary_large_image","schema":{"@context":"https:\/\/schema.org","@graph":[{"@type":"WebPage","@id":"https:\/\/www.camping-lagallouette.fr\/de\/chalet\/","url":"https:\/\/www.camping-lagallouette.fr\/de\/chalet\/","name":"Chalet mieten Normandie: Chalet mieten in Cotentin, Manche","isPartOf":{"@id":"https:\/\/www.camping-lagallouette.fr\/de\/#website"},"primaryImageOfPage":{"@id":"https:\/\/www.camping-lagallouette.fr\/de\/chalet\/#primaryimage"},"image":{"@id":"https:\/\/www.camping-lagallouette.fr\/de\/chalet\/#primaryimage"},"thumbnailUrl":"https:\/\/www.camping-lagallouette.fr\/wp-content\/uploads\/2021\/10\/camping-location-chalet-terrasse-cotentin.jpg","datePublished":"2021-09-20T10:27:46+00:00","dateModified":"2023-11-13T10:30:37+00:00","description":"Entdecken Sie den Charme eines Urlaubs am Meer und buchen Sie ein Chalet mit 2 oder 3 Schlafzimmern auf einem 4-Sterne-Campingplatz in der Normandie!","breadcrumb":{"@id":"https:\/\/www.camping-lagallouette.fr\/de\/chalet\/#breadcrumb"},"inLanguage":"de","potentialAction":[{"@type":"ReadAction","target":["https:\/\/www.camping-lagallouette.fr\/de\/chalet\/"]}]},{"@type":"ImageObject","inLanguage":"de","@id":"https:\/\/www.camping-lagallouette.fr\/de\/chalet\/#primaryimage","url":"https:\/\/www.camping-lagallouette.fr\/wp-content\/uploads\/2021\/10\/camping-location-chalet-terrasse-cotentin.jpg","contentUrl":"https:\/\/www.camping-lagallouette.fr\/wp-content\/uploads\/2021\/10\/camping-location-chalet-terrasse-cotentin.jpg","width":1900,"height":700,"caption":"camping location chalet terrasse cotentin"},{"@type":"BreadcrumbList","@id":"https:\/\/www.camping-lagallouette.fr\/de\/chalet\/#breadcrumb","itemListElement":[{"@type":"ListItem","position":1,"name":"Campingplatz Manche","item":"https:\/\/www.camping-lagallouette.fr\/de\/"},{"@type":"ListItem","position":2,"name":"Chaletvermietung Manche Normandie"}]},{"@type":"WebSite","@id":"https:\/\/www.camping-lagallouette.fr\/de\/#website","url":"https:\/\/www.camping-lagallouette.fr\/de\/","name":"Camping Gallouette","description":"","publisher":{"@id":"https:\/\/www.camping-lagallouette.fr\/de\/#organization"},"potentialAction":[{"@type":"SearchAction","target":{"@type":"EntryPoint","urlTemplate":"https:\/\/www.camping-lagallouette.fr\/de\/?s={search_term_string}"},"query-input":{"@type":"PropertyValueSpecification","valueRequired":true,"valueName":"search_term_string"}}],"inLanguage":"de"},{"@type":"Organization","@id":"https:\/\/www.camping-lagallouette.fr\/de\/#organization","name":"Camping La Gallouette","url":"https:\/\/www.camping-lagallouette.fr\/de\/","logo":{"@type":"ImageObject","inLanguage":"de","@id":"https:\/\/www.camping-lagallouette.fr\/de\/#\/schema\/logo\/image\/","url":"https:\/\/www.camping-lagallouette.fr\/wp-content\/uploads\/2021\/10\/logo-bleu-camping-gallouette.png","contentUrl":"https:\/\/www.camping-lagallouette.fr\/wp-content\/uploads\/2021\/10\/logo-bleu-camping-gallouette.png","width":214,"height":226,"caption":"Camping La Gallouette"},"image":{"@id":"https:\/\/www.camping-lagallouette.fr\/de\/#\/schema\/logo\/image\/"}}]}},"_links":{"self":[{"href":"https:\/\/www.camping-lagallouette.fr\/de\/wp-json\/wp\/v2\/pages\/17276","targetHints":{"allow":["GET"]}}],"collection":[{"href":"https:\/\/www.camping-lagallouette.fr\/de\/wp-json\/wp\/v2\/pages"}],"about":[{"href":"https:\/\/www.camping-lagallouette.fr\/de\/wp-json\/wp\/v2\/types\/page"}],"author":[{"embeddable":true,"href":"https:\/\/www.camping-lagallouette.fr\/de\/wp-json\/wp\/v2\/users\/1"}],"replies":[{"embeddable":true,"href":"https:\/\/www.camping-lagallouette.fr\/de\/wp-json\/wp\/v2\/comments?post=17276"}],"version-history":[{"count":6,"href":"https:\/\/www.camping-lagallouette.fr\/de\/wp-json\/wp\/v2\/pages\/17276\/revisions"}],"predecessor-version":[{"id":21363,"href":"https:\/\/www.camping-lagallouette.fr\/de\/wp-json\/wp\/v2\/pages\/17276\/revisions\/21363"}],"wp:featuredmedia":[{"embeddable":true,"href":"https:\/\/www.camping-lagallouette.fr\/de\/wp-json\/wp\/v2\/media\/15109"}],"wp:attachment":[{"href":"https:\/\/www.camping-lagallouette.fr\/de\/wp-json\/wp\/v2\/media?parent=17276"}],"curies":[{"name":"wp","href":"https:\/\/api.w.org\/{rel}","templated":true}]}}