{"id":17260,"date":"2021-09-20T12:28:13","date_gmt":"2021-09-20T10:28:13","guid":{"rendered":"https:\/\/www.camping-lagallouette.fr\/emplacements-camping-car\/"},"modified":"2023-09-27T10:58:05","modified_gmt":"2023-09-27T08:58:05","slug":"stellplaetze-camping-auto","status":"publish","type":"page","link":"https:\/\/www.camping-lagallouette.fr\/de\/stellplaetze-camping-auto\/","title":{"rendered":"H\u00e9bergements : Emplacements camping car"},"content":{"rendered":"<section id=\"section-group1\"\" class=\"section white-gradient-bottom bg-color3\" \/><div class=\"container extralarge\"><h1 class=\"element section-title center p-b-5\">Urlaub mit dem Wohnmobil an der K\u00fcste von Cotentin<\/h1><div class=\"colonnes-wrap valign-middle p-b-5\"><div class=\"element colonne \"><h2 class=\"element section-title left m-r-0\">Besuchen Sie die Normandie mit dem Wohnmobil?<\/h2><div class=\"element bloc-text left \">\n\t<p>Machen Sie einen Zwischenstopp auf der Halbinsel Cotentin auf dem <a href=\"\/de\/\">Campingplatz La Gallouette<\/a> in Saint-Vaast-la-Hougue im Departement Manche (50) und mieten Sie Ihren Wohnmobilstellplatz! Auf dem Programm Ihres Aufenthalts stehen Freiheit und Komfort, die N\u00e4he zu Dienstleistungen, Natur und Meeresk\u00fcste. Endlich k\u00f6nnen Sie Ihr Wohnmobil, Ihren ausgebauten Kastenwagen oder Ihren Van parken und die Stadt ohne Entfernungszwang besichtigen: Gesch\u00e4fte, Hafen, Zugang zur Insel Tatihou, Besichtigungen&#8230; der ideale Ort!<br \/>\nVerlieren Sie keine Zeit mit der Suche nach einem Wohnmobilstellplatz &#8230; Der Campingplatz stellt Wohnmobilisten mehrere L\u00f6sungen zur Verf\u00fcgung:<\/p>\n<ul>\n<li>une <strong class=\"bold color1\">Au\u00dfenparkplatz<\/strong> 365 Tage\/365 ge\u00f6ffnet<\/li>\n<li>des <strong class=\"bold color1\">Campingpl\u00e4tze<\/strong>, ger\u00e4umiger f\u00fcr l\u00e4ngere Aufenthalte in der Basse-Normandie im Wohnmobil<\/li>\n<\/ul>\n<\/div><\/div><div class=\"element colonne masque-bleu\"><div class=\"element images fancybox-container\"><a class=\"fancybox image\" href=\"https:\/\/www.camping-lagallouette.fr\/wp-content\/uploads\/2021\/10\/visite-normandie-camping-car.jpg\"><img decoding=\"async\" src=\"https:\/\/www.camping-lagallouette.fr\/wp-content\/uploads\/2021\/10\/visite-normandie-camping-car-100x75.jpg\" data-src=\"https:\/\/www.camping-lagallouette.fr\/wp-content\/uploads\/2021\/10\/visite-normandie-camping-car.jpg\" alt=\"visite normandie camping car\" class=\"images_image\" \/><\/a><\/div><\/div><\/div><\/div><\/section>\n\n<section id=\"section-6155c2a7dd6f1\"\" class=\"section bg-white\" \/><div class=\"container extralarge\"><div class=\"colonnes-wrap valign-middle \"><div class=\"element colonne masque-blanc\"><div class=\"element images fancybox-container\"><a class=\"fancybox image\" href=\"https:\/\/www.camping-lagallouette.fr\/wp-content\/uploads\/2021\/10\/camping-emplacement-caravaning-cotentin.jpg\"><img decoding=\"async\" src=\"https:\/\/www.camping-lagallouette.fr\/wp-content\/uploads\/2021\/10\/camping-emplacement-caravaning-cotentin-100x75.jpg\" data-src=\"https:\/\/www.camping-lagallouette.fr\/wp-content\/uploads\/2021\/10\/camping-emplacement-caravaning-cotentin.jpg\" alt=\"camping emplacement caravaning cotentin\" class=\"images_image\" \/><\/a><\/div><\/div><div class=\"element colonne \"><h2 class=\"element section-title left\">Klassischer Camping-Stellplatz<\/h2><div class=\"element bloc-text left \">\n\t<p>Sie sind ein Liebhaber des traditionellen <strong class=\"bold color1\">Campings<\/strong>, Sie m\u00f6gen den menschlichen Kontakt und die gesellige Atmosph\u00e4re des Campings? Dann entscheiden Sie sich f\u00fcr einen <strong class=\"bold color1\">Grasplatz<\/strong> und positionieren Sie Ihr Wohnmobil darauf. Legen Sie Ihre Unterlegkeile an, breiten Sie Ihre Solette aus und genie\u00dfen Sie Ihren Urlaub im Freien in vollen Z\u00fcgen, um sich auf Ihrem privaten Camping-Stellplatz zu erholen. <\/p>\n<p>Die Stellpl\u00e4tze auf unserem Campingplatz sind abgegrenzt und <strong class=\"bold color1\">flach<\/strong>. Unter den hundert verf\u00fcgbaren Stellpl\u00e4tzen: schattig, sonnig, ruhig, in der N\u00e4he von Kinderspielen, weit weg von den Sanit\u00e4ranlagen, in der N\u00e4he von Duschen&#8230;<\/p>\n<ul>\n<li>Aufenthalt in Cotentin mit einer Dauer von 1, 2, 3 Tagen, 1 Woche oder mehr<\/li>\n<li>Grasplatz <strong class=\"bold color1\">durch Hecken abgegrenzt<\/strong> von 80 bis 120 m\u00b2<\/li>\n<li>Servicebereich f\u00fcr Wohnmobile mit freiem Zugang: <strong class=\"bold color1\">Entleerung + Auff\u00fcllen mit Wasser<\/strong><\/li>\n<li>Elektrizit\u00e4t (10A)<\/li>\n<\/ul>\n<p>Anreise ab 14:00 Uhr und Abreise vor 12:00 Uhr.<br \/>\n+ Infos zu den klassischen Stellpl\u00e4tzen.<\/p>\n<\/div><\/div><\/div><\/div><\/section>\n\n<section id=\"section-6155c2a7dd92a\"\" data-bg-opacite=\"0.2\"data-background=\"https:\/\/www.camping-lagallouette.fr\/wp-content\/uploads\/2021\/10\/camping-emplacement-camping-car-cotentin.jpg\"data-speed=\"0.8\"class=\"section bg-white p-t-0 p-b-0 section--has-bg-img section_bg-parallax\" \/><div class=\"container full\"><\/div><\/section>\n\n<section id=\"section-6155c2a7de282\"\" class=\"section white-gradient-top white-gradient-bottom bg-white\" \/><div class=\"container extralarge\"><div class=\"colonnes-wrap valign-middle \"><div class=\"element colonne masque-blanc\"><div class=\"element images fancybox-container\"><a class=\"fancybox image\" href=\"https:\/\/www.camping-lagallouette.fr\/wp-content\/uploads\/2021\/10\/aire-de-stationnement-exterieure-camping-car-cotentin.jpg\"><img decoding=\"async\" src=\"https:\/\/www.camping-lagallouette.fr\/wp-content\/uploads\/2021\/10\/aire-de-stationnement-exterieure-camping-car-cotentin-100x75.jpg\" data-src=\"https:\/\/www.camping-lagallouette.fr\/wp-content\/uploads\/2021\/10\/aire-de-stationnement-exterieure-camping-car-cotentin.jpg\" alt=\"aire de stationnement exterieure camping car cotentin\" class=\"images_image\" \/><\/a><\/div><\/div><div class=\"element colonne \"><h2 class=\"element section-title left\">Au\u00dfenparkbereich &#8211; Ganzj\u00e4hrig ge\u00f6ffnet<\/h2><div class=\"element bloc-text left \">\n\t<p>Der einzige <strong class=\"bold color1\">gesicherte Wohnmobilstellplatz<\/strong> in <strong>Saint Vaast la Hougue<\/strong>. Ideal, wenn Sie unabh\u00e4ngig sind und keinen Strom und keinen Service ben\u00f6tigen. Der Platz befindet sich 100 m neben dem <strong>Campingplatz<\/strong> La <strong>Gallouette<\/strong> und ist mit einer <strong class=\"bold color1\">Schranke<\/strong> und einem Terminal mit Zahlung per Kreditkarte ausgestattet.<\/p>\n<ul>\n<li>Freies Parken<\/li>\n<li>Sichere Schranke<\/li>\n<li><strong class=\"bold color1\">Entleerung<\/strong> des Abwassers<\/li>\n<li>Auff\u00fcllen des <strong class=\"bold color1\">Trinkwassertanks<\/strong> und <strong class=\"bold color1\">Strom<\/strong> (gegen Aufpreis)<\/li>\n<li>Nur wenige Schritte vom Stadtzentrum, dem Meer, dem Hafen und dem Wochenmarkt entfernt<\/li>\n<\/ul>\n<p>M\u00f6chten Sie mehrere Tage lang auf dem Wohnmobilau\u00dfenbereich bleiben?<\/p>\n<p>Perfekt, um den Hafen von <strong>Saint-Vaast-la Hougue<\/strong>, die \u00cele <strong>Tatihou<\/strong> und den Tour de la <strong>Hougue<\/strong> zu Fu\u00df vom Parkplatz aus zu besichtigen. Oder den Markt am Samstagmorgen besuchen und dabei die Seeluft genie\u00dfen. Einzigartig, um sein <strong>Wohnmobil<\/strong> abzustellen und das Val de Saire zu erkunden.<\/p>\n<\/div><h2 class=\"element section-title left\">Preis f\u00fcr das Parken auf dem Wohnmobilstellplatz:<\/h2><div class=\"element bloc-text left \">\n\t<ul>\n<li><strong class=\"bold color1\">Parken ab 1\u20ac<\/strong><\/li>\n<li>2\u20ac Wasser (100 Liter) und Strom (1h00)<\/li>\n<\/ul>\n<\/div><\/div><\/div><\/div><\/section>\n\n<section id=\"section-6155c2a7decd0\"\" class=\"section white-gradient-top bg-color3\" \/><div class=\"container extralarge\"><div class=\"element section-title center\">Entdecken Sie unseren Campingplatz am Meer<\/div><div class=\"colonnes-wrap valign-middle \"><div class=\"element colonne \"><div class=\"element call-to-action  call-to-action--style-1 call-to-action--big\"><a href=\"https:\/\/www.camping-lagallouette.fr\/de\/wohnwagenplaetze\/\"  class=\"call-to-action_link\" title=\"Mehr \u00fcber campingpl\u00e4tze\"><div class=\"call-to-action_image\"><img decoding=\"async\" src=\"https:\/\/www.camping-lagallouette.fr\/wp-content\/uploads\/2021\/10\/camping-emplacement-tente-cherbourg-100x67.jpg\" data-src=\"https:\/\/www.camping-lagallouette.fr\/wp-content\/uploads\/2021\/10\/camping-emplacement-tente-cherbourg.jpg\" alt=\"camping emplacement tente cherbourg\" class=\"big\" \/><\/div><div class=\"call-to-action_contenu\"><div class=\"call-to-action_titre\">Campingpl\u00e4tze<\/div><\/div><\/a><\/div><\/div><div class=\"element colonne \"><div class=\"element call-to-action  call-to-action--style-1 call-to-action--big\"><a href=\"https:\/\/www.camping-lagallouette.fr\/de\/tarife-vermietung-mobilheim-und-chalet\/\"  class=\"call-to-action_link\" title=\"Mehr \u00fcber tarife\"><div class=\"call-to-action_image\"><img decoding=\"async\" src=\"https:\/\/www.camping-lagallouette.fr\/wp-content\/uploads\/2021\/10\/camping-location-mobil-home-cherbourg-100x67.jpg\" data-src=\"https:\/\/www.camping-lagallouette.fr\/wp-content\/uploads\/2021\/10\/camping-location-mobil-home-cherbourg.jpg\" alt=\"camping location mobil home cherbourg\" class=\"big\" \/><\/div><div class=\"call-to-action_contenu\"><div class=\"call-to-action_titre\">Tarife<\/div><\/div><\/a><\/div><\/div><div class=\"element colonne \"><div class=\"element call-to-action  call-to-action--style-1 call-to-action--big\"><a href=\"https:\/\/www.camping-lagallouette.fr\/de\/mobilheim\/\"  class=\"call-to-action_link\" title=\"Mehr \u00fcber standort mobil-home\"><div class=\"call-to-action_image\"><img decoding=\"async\" src=\"https:\/\/www.camping-lagallouette.fr\/wp-content\/uploads\/2021\/10\/camping-location-mobil-home-4-personnes-cotentin-100x67.jpg\" data-src=\"https:\/\/www.camping-lagallouette.fr\/wp-content\/uploads\/2021\/10\/camping-location-mobil-home-4-personnes-cotentin.jpg\" alt=\"camping location mobil home 4 personnes cotentin\" class=\"big\" \/><\/div><div class=\"call-to-action_contenu\"><div class=\"call-to-action_titre\">Standort mobil-home<\/div><\/div><\/a><\/div><\/div><\/div><\/div><\/section>","protected":false},"excerpt":{"rendered":"","protected":false},"author":1,"featured_media":24137,"parent":0,"menu_order":0,"comment_status":"closed","ping_status":"closed","template":"","meta":{"_acf_changed":false,"footnotes":""},"class_list":["post-17260","page","type-page","status-publish","has-post-thumbnail","hentry"],"acf":[],"yoast_head":"<!-- This site is optimized with the Yoast SEO plugin v25.3 - https:\/\/yoast.com\/wordpress\/plugins\/seo\/ -->\n<title>Stellpl\u00e4tze camping-car Normandie - Aire camping car Cotentin<\/title>\n<meta name=\"description\" content=\"Besuchen Sie die Normandie mit dem Wohnmobil? Stellen Sie Ihr Wohnmobil auf dem Campingplatz La Gallouette in Saint-Vaast-la-Hougue im D\u00e9partement Manche (50) ab!\" \/>\n<meta name=\"robots\" content=\"index, follow, max-snippet:-1, max-image-preview:large, max-video-preview:-1\" \/>\n<link rel=\"canonical\" href=\"https:\/\/www.camping-lagallouette.fr\/de\/stellplaetze-camping-auto\/\" \/>\n<meta property=\"og:locale\" content=\"de_DE\" \/>\n<meta property=\"og:type\" content=\"article\" \/>\n<meta property=\"og:title\" content=\"Stellpl\u00e4tze camping-car Normandie - Aire camping car Cotentin\" \/>\n<meta property=\"og:description\" content=\"Besuchen Sie die Normandie mit dem Wohnmobil? Stellen Sie Ihr Wohnmobil auf dem Campingplatz La Gallouette in Saint-Vaast-la-Hougue im D\u00e9partement Manche (50) ab!\" \/>\n<meta property=\"og:url\" content=\"https:\/\/www.camping-lagallouette.fr\/de\/stellplaetze-camping-auto\/\" \/>\n<meta property=\"og:site_name\" content=\"Camping Gallouette\" \/>\n<meta property=\"article:modified_time\" content=\"2023-09-27T08:58:05+00:00\" \/>\n<meta property=\"og:image\" content=\"https:\/\/www.camping-lagallouette.fr\/wp-content\/uploads\/2021\/10\/camping-emplacement-camping-car-basse-normandie.jpg\" \/>\n\t<meta property=\"og:image:width\" content=\"1900\" \/>\n\t<meta property=\"og:image:height\" content=\"700\" \/>\n\t<meta property=\"og:image:type\" content=\"image\/jpeg\" \/>\n<meta name=\"twitter:card\" content=\"summary_large_image\" \/>\n<script type=\"application\/ld+json\" class=\"yoast-schema-graph\">{\"@context\":\"https:\/\/schema.org\",\"@graph\":[{\"@type\":\"WebPage\",\"@id\":\"https:\/\/www.camping-lagallouette.fr\/de\/stellplaetze-camping-auto\/\",\"url\":\"https:\/\/www.camping-lagallouette.fr\/de\/stellplaetze-camping-auto\/\",\"name\":\"Stellpl\u00e4tze camping-car Normandie - Aire camping car Cotentin\",\"isPartOf\":{\"@id\":\"https:\/\/www.camping-lagallouette.fr\/de\/#website\"},\"primaryImageOfPage\":{\"@id\":\"https:\/\/www.camping-lagallouette.fr\/de\/stellplaetze-camping-auto\/#primaryimage\"},\"image\":{\"@id\":\"https:\/\/www.camping-lagallouette.fr\/de\/stellplaetze-camping-auto\/#primaryimage\"},\"thumbnailUrl\":\"https:\/\/www.camping-lagallouette.fr\/wp-content\/uploads\/2026\/01\/emplacement-camping-car-normandie.jpg\",\"datePublished\":\"2021-09-20T10:28:13+00:00\",\"dateModified\":\"2023-09-27T08:58:05+00:00\",\"description\":\"Besuchen Sie die Normandie mit dem Wohnmobil? Stellen Sie Ihr Wohnmobil auf dem Campingplatz La Gallouette in Saint-Vaast-la-Hougue im D\u00e9partement Manche (50) ab!\",\"breadcrumb\":{\"@id\":\"https:\/\/www.camping-lagallouette.fr\/de\/stellplaetze-camping-auto\/#breadcrumb\"},\"inLanguage\":\"de\",\"potentialAction\":[{\"@type\":\"ReadAction\",\"target\":[\"https:\/\/www.camping-lagallouette.fr\/de\/stellplaetze-camping-auto\/\"]}]},{\"@type\":\"ImageObject\",\"inLanguage\":\"de\",\"@id\":\"https:\/\/www.camping-lagallouette.fr\/de\/stellplaetze-camping-auto\/#primaryimage\",\"url\":\"https:\/\/www.camping-lagallouette.fr\/wp-content\/uploads\/2026\/01\/emplacement-camping-car-normandie.jpg\",\"contentUrl\":\"https:\/\/www.camping-lagallouette.fr\/wp-content\/uploads\/2026\/01\/emplacement-camping-car-normandie.jpg\",\"width\":1900,\"height\":700,\"caption\":\"emplacement camping car normandie\"},{\"@type\":\"BreadcrumbList\",\"@id\":\"https:\/\/www.camping-lagallouette.fr\/de\/stellplaetze-camping-auto\/#breadcrumb\",\"itemListElement\":[{\"@type\":\"ListItem\",\"position\":1,\"name\":\"Campingplatz Manche\",\"item\":\"https:\/\/www.camping-lagallouette.fr\/de\/\"},{\"@type\":\"ListItem\",\"position\":2,\"name\":\"Urlaub mit dem Wohnmobil an der K\u00fcste von Cotentin\"}]},{\"@type\":\"WebSite\",\"@id\":\"https:\/\/www.camping-lagallouette.fr\/de\/#website\",\"url\":\"https:\/\/www.camping-lagallouette.fr\/de\/\",\"name\":\"Camping Gallouette\",\"description\":\"\",\"publisher\":{\"@id\":\"https:\/\/www.camping-lagallouette.fr\/de\/#organization\"},\"potentialAction\":[{\"@type\":\"SearchAction\",\"target\":{\"@type\":\"EntryPoint\",\"urlTemplate\":\"https:\/\/www.camping-lagallouette.fr\/de\/?s={search_term_string}\"},\"query-input\":{\"@type\":\"PropertyValueSpecification\",\"valueRequired\":true,\"valueName\":\"search_term_string\"}}],\"inLanguage\":\"de\"},{\"@type\":\"Organization\",\"@id\":\"https:\/\/www.camping-lagallouette.fr\/de\/#organization\",\"name\":\"Camping La Gallouette\",\"url\":\"https:\/\/www.camping-lagallouette.fr\/de\/\",\"logo\":{\"@type\":\"ImageObject\",\"inLanguage\":\"de\",\"@id\":\"https:\/\/www.camping-lagallouette.fr\/de\/#\/schema\/logo\/image\/\",\"url\":\"https:\/\/www.camping-lagallouette.fr\/wp-content\/uploads\/2021\/10\/logo-bleu-camping-gallouette.png\",\"contentUrl\":\"https:\/\/www.camping-lagallouette.fr\/wp-content\/uploads\/2021\/10\/logo-bleu-camping-gallouette.png\",\"width\":214,\"height\":226,\"caption\":\"Camping La Gallouette\"},\"image\":{\"@id\":\"https:\/\/www.camping-lagallouette.fr\/de\/#\/schema\/logo\/image\/\"}}]}<\/script>\n<!-- \/ Yoast SEO plugin. -->","yoast_head_json":{"title":"Stellpl\u00e4tze camping-car Normandie - Aire camping car Cotentin","description":"Besuchen Sie die Normandie mit dem Wohnmobil? Stellen Sie Ihr Wohnmobil auf dem Campingplatz La Gallouette in Saint-Vaast-la-Hougue im D\u00e9partement Manche (50) ab!","robots":{"index":"index","follow":"follow","max-snippet":"max-snippet:-1","max-image-preview":"max-image-preview:large","max-video-preview":"max-video-preview:-1"},"canonical":"https:\/\/www.camping-lagallouette.fr\/de\/stellplaetze-camping-auto\/","og_locale":"de_DE","og_type":"article","og_title":"Stellpl\u00e4tze camping-car Normandie - Aire camping car Cotentin","og_description":"Besuchen Sie die Normandie mit dem Wohnmobil? Stellen Sie Ihr Wohnmobil auf dem Campingplatz La Gallouette in Saint-Vaast-la-Hougue im D\u00e9partement Manche (50) ab!","og_url":"https:\/\/www.camping-lagallouette.fr\/de\/stellplaetze-camping-auto\/","og_site_name":"Camping Gallouette","article_modified_time":"2023-09-27T08:58:05+00:00","og_image":[{"width":1900,"height":700,"url":"https:\/\/www.camping-lagallouette.fr\/wp-content\/uploads\/2021\/10\/camping-emplacement-camping-car-basse-normandie.jpg","type":"image\/jpeg"}],"twitter_card":"summary_large_image","schema":{"@context":"https:\/\/schema.org","@graph":[{"@type":"WebPage","@id":"https:\/\/www.camping-lagallouette.fr\/de\/stellplaetze-camping-auto\/","url":"https:\/\/www.camping-lagallouette.fr\/de\/stellplaetze-camping-auto\/","name":"Stellpl\u00e4tze camping-car Normandie - Aire camping car Cotentin","isPartOf":{"@id":"https:\/\/www.camping-lagallouette.fr\/de\/#website"},"primaryImageOfPage":{"@id":"https:\/\/www.camping-lagallouette.fr\/de\/stellplaetze-camping-auto\/#primaryimage"},"image":{"@id":"https:\/\/www.camping-lagallouette.fr\/de\/stellplaetze-camping-auto\/#primaryimage"},"thumbnailUrl":"https:\/\/www.camping-lagallouette.fr\/wp-content\/uploads\/2026\/01\/emplacement-camping-car-normandie.jpg","datePublished":"2021-09-20T10:28:13+00:00","dateModified":"2023-09-27T08:58:05+00:00","description":"Besuchen Sie die Normandie mit dem Wohnmobil? Stellen Sie Ihr Wohnmobil auf dem Campingplatz La Gallouette in Saint-Vaast-la-Hougue im D\u00e9partement Manche (50) ab!","breadcrumb":{"@id":"https:\/\/www.camping-lagallouette.fr\/de\/stellplaetze-camping-auto\/#breadcrumb"},"inLanguage":"de","potentialAction":[{"@type":"ReadAction","target":["https:\/\/www.camping-lagallouette.fr\/de\/stellplaetze-camping-auto\/"]}]},{"@type":"ImageObject","inLanguage":"de","@id":"https:\/\/www.camping-lagallouette.fr\/de\/stellplaetze-camping-auto\/#primaryimage","url":"https:\/\/www.camping-lagallouette.fr\/wp-content\/uploads\/2026\/01\/emplacement-camping-car-normandie.jpg","contentUrl":"https:\/\/www.camping-lagallouette.fr\/wp-content\/uploads\/2026\/01\/emplacement-camping-car-normandie.jpg","width":1900,"height":700,"caption":"emplacement camping car normandie"},{"@type":"BreadcrumbList","@id":"https:\/\/www.camping-lagallouette.fr\/de\/stellplaetze-camping-auto\/#breadcrumb","itemListElement":[{"@type":"ListItem","position":1,"name":"Campingplatz Manche","item":"https:\/\/www.camping-lagallouette.fr\/de\/"},{"@type":"ListItem","position":2,"name":"Urlaub mit dem Wohnmobil an der K\u00fcste von Cotentin"}]},{"@type":"WebSite","@id":"https:\/\/www.camping-lagallouette.fr\/de\/#website","url":"https:\/\/www.camping-lagallouette.fr\/de\/","name":"Camping Gallouette","description":"","publisher":{"@id":"https:\/\/www.camping-lagallouette.fr\/de\/#organization"},"potentialAction":[{"@type":"SearchAction","target":{"@type":"EntryPoint","urlTemplate":"https:\/\/www.camping-lagallouette.fr\/de\/?s={search_term_string}"},"query-input":{"@type":"PropertyValueSpecification","valueRequired":true,"valueName":"search_term_string"}}],"inLanguage":"de"},{"@type":"Organization","@id":"https:\/\/www.camping-lagallouette.fr\/de\/#organization","name":"Camping La Gallouette","url":"https:\/\/www.camping-lagallouette.fr\/de\/","logo":{"@type":"ImageObject","inLanguage":"de","@id":"https:\/\/www.camping-lagallouette.fr\/de\/#\/schema\/logo\/image\/","url":"https:\/\/www.camping-lagallouette.fr\/wp-content\/uploads\/2021\/10\/logo-bleu-camping-gallouette.png","contentUrl":"https:\/\/www.camping-lagallouette.fr\/wp-content\/uploads\/2021\/10\/logo-bleu-camping-gallouette.png","width":214,"height":226,"caption":"Camping La Gallouette"},"image":{"@id":"https:\/\/www.camping-lagallouette.fr\/de\/#\/schema\/logo\/image\/"}}]}},"_links":{"self":[{"href":"https:\/\/www.camping-lagallouette.fr\/de\/wp-json\/wp\/v2\/pages\/17260","targetHints":{"allow":["GET"]}}],"collection":[{"href":"https:\/\/www.camping-lagallouette.fr\/de\/wp-json\/wp\/v2\/pages"}],"about":[{"href":"https:\/\/www.camping-lagallouette.fr\/de\/wp-json\/wp\/v2\/types\/page"}],"author":[{"embeddable":true,"href":"https:\/\/www.camping-lagallouette.fr\/de\/wp-json\/wp\/v2\/users\/1"}],"replies":[{"embeddable":true,"href":"https:\/\/www.camping-lagallouette.fr\/de\/wp-json\/wp\/v2\/comments?post=17260"}],"version-history":[{"count":16,"href":"https:\/\/www.camping-lagallouette.fr\/de\/wp-json\/wp\/v2\/pages\/17260\/revisions"}],"predecessor-version":[{"id":21022,"href":"https:\/\/www.camping-lagallouette.fr\/de\/wp-json\/wp\/v2\/pages\/17260\/revisions\/21022"}],"wp:featuredmedia":[{"embeddable":true,"href":"https:\/\/www.camping-lagallouette.fr\/de\/wp-json\/wp\/v2\/media\/24137"}],"wp:attachment":[{"href":"https:\/\/www.camping-lagallouette.fr\/de\/wp-json\/wp\/v2\/media?parent=17260"}],"curies":[{"name":"wp","href":"https:\/\/api.w.org\/{rel}","templated":true}]}}