{"id":17226,"date":"2021-09-20T12:30:02","date_gmt":"2021-09-20T10:30:02","guid":{"rendered":"https:\/\/www.camping-lagallouette.fr\/votre-camping-en-normandie-avec-piscine-chauffee\/"},"modified":"2023-11-23T16:07:37","modified_gmt":"2023-11-23T15:07:37","slug":"ihr-camping-in-normandie-mit-beheiztem-pool","status":"publish","type":"page","link":"https:\/\/www.camping-lagallouette.fr\/de\/ihr-camping-in-normandie-mit-beheiztem-pool\/","title":{"rendered":"Mer &#038; piscine : Piscine"},"content":{"rendered":"<section id=\"section-615709ddd93af\"\" class=\"section bg-white p-b-0\" \/><div class=\"container\"><h1 class=\"element section-title justify\">Ihr Campingplatz in Cotentin mit beheiztem Schwimmbad<\/h1><\/div><\/section>\n\n<section id=\"section-615709ddd9616\"\" class=\"section blur-left bg-white\" \/><div class=\"container full\"><div class=\"colonnes-wrap valign-middle \"><div class=\"element colonne masque-blanc\"><div class=\"element images fancybox-container\"><a class=\"fancybox image\" href=\"https:\/\/www.camping-lagallouette.fr\/wp-content\/uploads\/2021\/11\/camping-avec-wifi-cherbourg.jpg\"><img decoding=\"async\" src=\"https:\/\/www.camping-lagallouette.fr\/wp-content\/uploads\/2021\/11\/camping-avec-wifi-cherbourg-100x75.jpg\" data-src=\"https:\/\/www.camping-lagallouette.fr\/wp-content\/uploads\/2021\/11\/camping-avec-wifi-cherbourg.jpg\" alt=\"camping piscine manche\" class=\"images_image\" \/><\/a><\/div><\/div><div class=\"element colonne masque-blanc-text\"><h2 class=\"element section-title center\">Ihr Campingplatz Normandie mit beheiztem Schwimmbad<\/h2><div class=\"element bloc-text center \">\n\t<p>Um die Freuden des Wassers zu genie\u00dfen, buchen Sie Ihren Urlaub auf unserem <a href=\"\/de\/\">Campingplatz im Departement Manche<\/a> mit beheiztem Schwimmbad! Ein 120 m\u00b2 gro\u00dfes Becken, das den Badefreuden und dem Wasserspa\u00df auf dem Gel\u00e4nde des Campingplatzes gewidmet ist. Der Pool ist den Campern vorbehalten und t\u00e4glich von 10:00 bis 20:00 Uhr ge\u00f6ffnet.<\/p>\n<p>Nachdem Sie ein paar Bahnen geschwommen sind oder sich in der Sonne gesonnt haben, l\u00e4dt Sie das Solarium dazu ein, sich auf die Liegest\u00fchle am Wasser zu legen. Sie k\u00f6nnen an Ihrer Br\u00e4une feilen, ein Buch lesen oder sich einfach die Zeit nehmen, um nichts zu tun! Auch das ist Urlaub auf einem Campingplatz mit Pool im Departement Manche!<\/p>\n<p>Auf dem Campingplatz Normandie k\u00f6nnen Kinder im Planschbecken mit einer kleinen Rutsche planschen und sich wie Fische im Wasser f\u00fchlen. Teenager k\u00f6nnen Wasserball-Matches bestreiten.<\/p>\n<\/div><\/div><\/div><\/div><\/section>\n\n<section id=\"section-615709ddd9914\"\" class=\"section white-gradient-top white-gradient-bottom mosaique-photos-bleues bg-color3\" \/><div class=\"container full\"><div class=\"colonnes-wrap valign-top \"><div class=\"element colonne \"><div class=\"element images fancybox-container\"><a class=\"fancybox image\" href=\"https:\/\/www.camping-lagallouette.fr\/wp-content\/uploads\/2021\/11\/piscine-chauffee.jpg\"><img decoding=\"async\" src=\"https:\/\/www.camping-lagallouette.fr\/wp-content\/uploads\/2021\/11\/piscine-chauffee-88x100.jpg\" data-src=\"https:\/\/www.camping-lagallouette.fr\/wp-content\/uploads\/2021\/11\/piscine-chauffee.jpg\" alt=\"piscine chauffee\" class=\"images_image\" \/><\/a><\/div><\/div><div class=\"element colonne \"><div class=\"element images fancybox-container\"><a class=\"fancybox image\" href=\"https:\/\/www.camping-lagallouette.fr\/wp-content\/uploads\/2023\/11\/Reveil-tonique-animation-camping-e1769693326130.jpg\"><img decoding=\"async\" src=\"https:\/\/www.camping-lagallouette.fr\/wp-content\/uploads\/2023\/11\/Reveil-tonique-animation-camping-100x75.jpg\" data-src=\"https:\/\/www.camping-lagallouette.fr\/wp-content\/uploads\/2023\/11\/Reveil-tonique-animation-camping-e1769693326130.jpg\" alt=\"Piscine\" class=\"images_image\" \/><\/a><\/div><div class=\"element images fancybox-container\"><a class=\"fancybox image\" href=\"https:\/\/www.camping-lagallouette.fr\/wp-content\/uploads\/2021\/11\/camping-piscine-avec-pataugeoire-cotentin.jpg\"><img decoding=\"async\" src=\"https:\/\/www.camping-lagallouette.fr\/wp-content\/uploads\/2021\/11\/camping-piscine-avec-pataugeoire-cotentin-100x75.jpg\" data-src=\"https:\/\/www.camping-lagallouette.fr\/wp-content\/uploads\/2021\/11\/camping-piscine-avec-pataugeoire-cotentin.jpg\" alt=\"camping piscine avec pataugeoire cotentin\" class=\"images_image\" \/><\/a><\/div><\/div><div class=\"element colonne \"><div class=\"element images fancybox-container\"><a class=\"fancybox image\" href=\"https:\/\/www.camping-lagallouette.fr\/wp-content\/uploads\/2021\/11\/camping-piscine-chauffee-saint-vaast-la-hougue.jpg\"><img decoding=\"async\" src=\"https:\/\/www.camping-lagallouette.fr\/wp-content\/uploads\/2021\/11\/camping-piscine-chauffee-saint-vaast-la-hougue-100x75.jpg\" data-src=\"https:\/\/www.camping-lagallouette.fr\/wp-content\/uploads\/2021\/11\/camping-piscine-chauffee-saint-vaast-la-hougue.jpg\" alt=\"camping piscine chauffee saint vaast la hougue\" class=\"images_image\" \/><\/a><\/div><div class=\"element images fancybox-container\"><a class=\"fancybox image\" href=\"https:\/\/www.camping-lagallouette.fr\/wp-content\/uploads\/2021\/11\/camping-piscine-avec-pataugeoire-saint-vaast-la-hougue.jpg\"><img decoding=\"async\" src=\"https:\/\/www.camping-lagallouette.fr\/wp-content\/uploads\/2021\/11\/camping-piscine-avec-pataugeoire-saint-vaast-la-hougue-100x75.jpg\" data-src=\"https:\/\/www.camping-lagallouette.fr\/wp-content\/uploads\/2021\/11\/camping-piscine-avec-pataugeoire-saint-vaast-la-hougue.jpg\" alt=\"camping piscine avec pataugeoire saint vaast la hougue\" class=\"images_image\" \/><\/a><\/div><\/div><\/div><\/div><\/section>\n\n<section id=\"section-615709ddd9b56\"\" class=\"section blur-right bg-white\" \/><div class=\"container full\"><div class=\"colonnes-wrap valign-middle \"><div class=\"element colonne masque-blanc-text\"><h2 class=\"element section-title center\">Wasserwecker<\/h2><div class=\"element bloc-text center \">\n\t<p><span style=\"font-weight: 400;\">Es sind zwei Sitzungen pro Woche am Vormittag vorgesehen. Die Aktivit\u00e4t beginnt am Dienstag, den 11. Juli, und dauert 6 Wochen. <\/span><span style=\"font-weight: 400;\">Dienstags und donnerstags k\u00f6nnen Sie mit Ihrem Trainer Tony neue Energie tanken! Genie\u00dfen Sie Ihren Urlaub und lassen Sie es sich im Pool gut gehen. Tony passt sich Ihrem Rhythmus an und sorgt daf\u00fcr, dass Sie eine sch\u00f6ne Zeit haben.<\/span>.<\/p>\n<p><span style=\"font-weight: 400;\">Weitere Informationen \u00fcber den Pool :<\/span><\/p>\n<ul>\n<li style=\"font-weight: 400;\" aria-level=\"1\"><span style=\"font-weight: 400;\">Er\u00f6ffnung des Schwimmbads auf dem Campingplatz : <\/span><span style=\"font-weight: 400;\">15<\/span><span style=\"font-weight: 400;\">\/05 \u2013 15\/09<\/span><\/li>\n<li style=\"font-weight: 400;\" aria-level=\"1\"><span style=\"font-weight: 400;\">Gr\u00f6\u00dfe des Beckens : 16 m x 8 m<\/span><\/li>\n<li style=\"font-weight: 400;\" aria-level=\"1\"><span style=\"font-weight: 400;\">Tiefe des Beckens : 1,00 \u00e0 1,70 m<\/span><\/li>\n<li style=\"font-weight: 400;\" aria-level=\"1\"><span style=\"font-weight: 400;\">Pool beheizt zwischen 26\u00b0 und 28\u00b0: W\u00e4rmepumpe und Sonnenkollektoren<\/span><\/li>\n<li style=\"font-weight: 400;\" aria-level=\"1\"><span style=\"font-weight: 400;\">Pool ge\u00f6ffnet<\/span><\/li>\n<li style=\"font-weight: 400;\" aria-level=\"1\"><span style=\"font-weight: 400;\">Pediluvium<\/span><\/li>\n<li style=\"font-weight: 400;\" aria-level=\"1\"><span style=\"font-weight: 400;\">Dusche<\/span><\/li>\n<li style=\"font-weight: 400;\" aria-level=\"1\"><span style=\"font-weight: 400;\">Strandkabinen in einem Geist &#8222;am Meer&#8220; stehen Ihnen zum Umziehen zur Verf\u00fcgung.<\/span><\/li>\n<li style=\"font-weight: 400;\" aria-level=\"1\"><span style=\"font-weight: 400;\">Ein Badeanzug ist Pflicht (Badeshorts sind verboten).<\/span><\/li>\n<li style=\"font-weight: 400;\" aria-level=\"1\"><span style=\"font-weight: 400;\">Kinder m\u00fcssen von einem Erwachsenen begleitet werden.<\/span><\/li>\n<\/ul>\n<\/div><\/div><div class=\"element colonne masque-blanc\"><div class=\"element images fancybox-container\"><a class=\"fancybox image\" href=\"https:\/\/www.camping-lagallouette.fr\/wp-content\/uploads\/2021\/11\/camping-piscine-aquagym-saint-vaast-la-hougue.jpg\"><img decoding=\"async\" src=\"https:\/\/www.camping-lagallouette.fr\/wp-content\/uploads\/2021\/11\/camping-piscine-aquagym-saint-vaast-la-hougue-100x82.jpg\" data-src=\"https:\/\/www.camping-lagallouette.fr\/wp-content\/uploads\/2021\/11\/camping-piscine-aquagym-saint-vaast-la-hougue.jpg\" alt=\"camping piscine aquagym saint vaast la hougue\" class=\"images_image\" \/><\/a><\/div><\/div><\/div><\/div><\/section>\n\n<section id=\"section-615709ddd9e41\"\" class=\"section white-gradient-top bg-color3\" \/><div class=\"container extralarge\"><div class=\"element section-title center\">Entdecken Sie die Dienstleistungen des Campingplatzes<\/div><div class=\"colonnes-wrap valign-middle \"><div class=\"element colonne \"><div class=\"element call-to-action  call-to-action--style-1 call-to-action--big\"><a href=\"https:\/\/www.camping-lagallouette.fr\/de\/aktivitaeten-und-freizeitangebote-fuer-die-ganze-familie\/\"  class=\"call-to-action_link\" title=\"Mehr \u00fcber aktivit\u00e4ten &#038; animationen\"><div class=\"call-to-action_image\"><img decoding=\"async\" src=\"https:\/\/www.camping-lagallouette.fr\/wp-content\/uploads\/2021\/10\/camping-terrain-de-sport-norrmandie-100x67.jpg\" data-src=\"https:\/\/www.camping-lagallouette.fr\/wp-content\/uploads\/2021\/10\/camping-terrain-de-sport-norrmandie.jpg\" alt=\"camping terrain de sport norrmandie\" class=\"big\" \/><\/div><div class=\"call-to-action_contenu\"><div class=\"call-to-action_titre\">Aktivit\u00e4ten &#038; Animationen<\/div><\/div><\/a><\/div><\/div><div class=\"element colonne \"><div class=\"element call-to-action  call-to-action--style-1 call-to-action--big\"><a href=\"https:\/\/www.camping-lagallouette.fr\/de\/die-services-des-campingplatzes\/\"  class=\"call-to-action_link\" title=\"Mehr \u00fcber dienste\"><div class=\"call-to-action_image\"><img decoding=\"async\" src=\"https:\/\/www.camping-lagallouette.fr\/wp-content\/uploads\/2021\/10\/camping-avec-billeterie-cherbourg-100x67.jpg\" data-src=\"https:\/\/www.camping-lagallouette.fr\/wp-content\/uploads\/2021\/10\/camping-avec-billeterie-cherbourg.jpg\" alt=\"camping avec billeterie cherbourg\" class=\"big\" \/><\/div><div class=\"call-to-action_contenu\"><div class=\"call-to-action_titre\">Dienste<\/div><\/div><\/a><\/div><\/div><div class=\"element colonne \"><div class=\"element call-to-action  call-to-action--style-1 call-to-action--big\"><a href=\"https:\/\/www.camping-lagallouette.fr\/de\/die-snack-bar-empicerie-des-campingplatzes\/\"  class=\"call-to-action_link\" title=\"Mehr \u00fcber snackbar &#038; lebensmittelgesch\u00e4ft\"><div class=\"call-to-action_image\"><img decoding=\"async\" src=\"https:\/\/www.camping-lagallouette.fr\/wp-content\/uploads\/2021\/11\/camping-snack-bar-erquy-100x75.jpeg\" data-src=\"https:\/\/www.camping-lagallouette.fr\/wp-content\/uploads\/2021\/11\/camping-snack-bar-erquy.jpeg\" alt=\"camping snack bar erquy\" class=\"big\" \/><\/div><div class=\"call-to-action_contenu\"><div class=\"call-to-action_titre\">Snackbar &#038; Lebensmittelgesch\u00e4ft<\/div><\/div><\/a><\/div><\/div><\/div><\/div><\/section>","protected":false},"excerpt":{"rendered":"","protected":false},"author":1,"featured_media":22868,"parent":0,"menu_order":0,"comment_status":"closed","ping_status":"closed","template":"","meta":{"_acf_changed":false,"footnotes":""},"class_list":["post-17226","page","type-page","status-publish","has-post-thumbnail","hentry"],"acf":[],"yoast_head":"<!-- This site is optimized with the Yoast SEO plugin v25.3 - https:\/\/yoast.com\/wordpress\/plugins\/seo\/ -->\n<title>Campingplatz Cotentin mit Schwimmbad - Campingplatz mit beheiztem Schwimmbad Manche<\/title>\n<meta name=\"description\" content=\"Ihr 4*-Campingplatz in der Normandie mit vielen Annehmlichkeiten, darunter ein beheiztes Schwimmbad. Genie\u00dfen Sie die Freuden des Wassers am Strand oder auf dem Campingplatz.\" \/>\n<meta name=\"robots\" content=\"index, follow, max-snippet:-1, max-image-preview:large, max-video-preview:-1\" \/>\n<link rel=\"canonical\" href=\"https:\/\/www.camping-lagallouette.fr\/de\/ihr-camping-in-normandie-mit-beheiztem-pool\/\" \/>\n<meta property=\"og:locale\" content=\"de_DE\" \/>\n<meta property=\"og:type\" content=\"article\" \/>\n<meta property=\"og:title\" content=\"Campingplatz Cotentin mit Schwimmbad - Campingplatz mit beheiztem Schwimmbad Manche\" \/>\n<meta property=\"og:description\" content=\"Ihr 4*-Campingplatz in der Normandie mit vielen Annehmlichkeiten, darunter ein beheiztes Schwimmbad. Genie\u00dfen Sie die Freuden des Wassers am Strand oder auf dem Campingplatz.\" \/>\n<meta property=\"og:url\" content=\"https:\/\/www.camping-lagallouette.fr\/de\/ihr-camping-in-normandie-mit-beheiztem-pool\/\" \/>\n<meta property=\"og:site_name\" content=\"Camping Gallouette\" \/>\n<meta property=\"article:modified_time\" content=\"2023-11-23T15:07:37+00:00\" \/>\n<meta property=\"og:image\" content=\"https:\/\/www.camping-lagallouette.fr\/wp-content\/uploads\/2021\/11\/camping-piscine-cotentin.jpg\" \/>\n\t<meta property=\"og:image:width\" content=\"1900\" \/>\n\t<meta property=\"og:image:height\" content=\"500\" \/>\n\t<meta property=\"og:image:type\" content=\"image\/jpeg\" \/>\n<meta name=\"twitter:card\" content=\"summary_large_image\" \/>\n<script type=\"application\/ld+json\" class=\"yoast-schema-graph\">{\"@context\":\"https:\/\/schema.org\",\"@graph\":[{\"@type\":\"WebPage\",\"@id\":\"https:\/\/www.camping-lagallouette.fr\/de\/ihr-camping-in-normandie-mit-beheiztem-pool\/\",\"url\":\"https:\/\/www.camping-lagallouette.fr\/de\/ihr-camping-in-normandie-mit-beheiztem-pool\/\",\"name\":\"Campingplatz Cotentin mit Schwimmbad - Campingplatz mit beheiztem Schwimmbad Manche\",\"isPartOf\":{\"@id\":\"https:\/\/www.camping-lagallouette.fr\/de\/#website\"},\"primaryImageOfPage\":{\"@id\":\"https:\/\/www.camping-lagallouette.fr\/de\/ihr-camping-in-normandie-mit-beheiztem-pool\/#primaryimage\"},\"image\":{\"@id\":\"https:\/\/www.camping-lagallouette.fr\/de\/ihr-camping-in-normandie-mit-beheiztem-pool\/#primaryimage\"},\"thumbnailUrl\":\"https:\/\/www.camping-lagallouette.fr\/wp-content\/uploads\/2024\/10\/Camping-La-Galouette-piscin-2025-scaled.jpg\",\"datePublished\":\"2021-09-20T10:30:02+00:00\",\"dateModified\":\"2023-11-23T15:07:37+00:00\",\"description\":\"Ihr 4*-Campingplatz in der Normandie mit vielen Annehmlichkeiten, darunter ein beheiztes Schwimmbad. Genie\u00dfen Sie die Freuden des Wassers am Strand oder auf dem Campingplatz.\",\"breadcrumb\":{\"@id\":\"https:\/\/www.camping-lagallouette.fr\/de\/ihr-camping-in-normandie-mit-beheiztem-pool\/#breadcrumb\"},\"inLanguage\":\"de\",\"potentialAction\":[{\"@type\":\"ReadAction\",\"target\":[\"https:\/\/www.camping-lagallouette.fr\/de\/ihr-camping-in-normandie-mit-beheiztem-pool\/\"]}]},{\"@type\":\"ImageObject\",\"inLanguage\":\"de\",\"@id\":\"https:\/\/www.camping-lagallouette.fr\/de\/ihr-camping-in-normandie-mit-beheiztem-pool\/#primaryimage\",\"url\":\"https:\/\/www.camping-lagallouette.fr\/wp-content\/uploads\/2024\/10\/Camping-La-Galouette-piscin-2025-scaled.jpg\",\"contentUrl\":\"https:\/\/www.camping-lagallouette.fr\/wp-content\/uploads\/2024\/10\/Camping-La-Galouette-piscin-2025-scaled.jpg\",\"width\":2560,\"height\":1440,\"caption\":\"camping piscine cotentin\"},{\"@type\":\"BreadcrumbList\",\"@id\":\"https:\/\/www.camping-lagallouette.fr\/de\/ihr-camping-in-normandie-mit-beheiztem-pool\/#breadcrumb\",\"itemListElement\":[{\"@type\":\"ListItem\",\"position\":1,\"name\":\"Campingplatz Manche\",\"item\":\"https:\/\/www.camping-lagallouette.fr\/de\/\"},{\"@type\":\"ListItem\",\"position\":2,\"name\":\"Campingplatz mit beheiztem Schwimmbad Normandie am Meer\"}]},{\"@type\":\"WebSite\",\"@id\":\"https:\/\/www.camping-lagallouette.fr\/de\/#website\",\"url\":\"https:\/\/www.camping-lagallouette.fr\/de\/\",\"name\":\"Camping Gallouette\",\"description\":\"\",\"publisher\":{\"@id\":\"https:\/\/www.camping-lagallouette.fr\/de\/#organization\"},\"potentialAction\":[{\"@type\":\"SearchAction\",\"target\":{\"@type\":\"EntryPoint\",\"urlTemplate\":\"https:\/\/www.camping-lagallouette.fr\/de\/?s={search_term_string}\"},\"query-input\":{\"@type\":\"PropertyValueSpecification\",\"valueRequired\":true,\"valueName\":\"search_term_string\"}}],\"inLanguage\":\"de\"},{\"@type\":\"Organization\",\"@id\":\"https:\/\/www.camping-lagallouette.fr\/de\/#organization\",\"name\":\"Camping La Gallouette\",\"url\":\"https:\/\/www.camping-lagallouette.fr\/de\/\",\"logo\":{\"@type\":\"ImageObject\",\"inLanguage\":\"de\",\"@id\":\"https:\/\/www.camping-lagallouette.fr\/de\/#\/schema\/logo\/image\/\",\"url\":\"https:\/\/www.camping-lagallouette.fr\/wp-content\/uploads\/2021\/10\/logo-bleu-camping-gallouette.png\",\"contentUrl\":\"https:\/\/www.camping-lagallouette.fr\/wp-content\/uploads\/2021\/10\/logo-bleu-camping-gallouette.png\",\"width\":214,\"height\":226,\"caption\":\"Camping La Gallouette\"},\"image\":{\"@id\":\"https:\/\/www.camping-lagallouette.fr\/de\/#\/schema\/logo\/image\/\"}}]}<\/script>\n<!-- \/ Yoast SEO plugin. -->","yoast_head_json":{"title":"Campingplatz Cotentin mit Schwimmbad - Campingplatz mit beheiztem Schwimmbad Manche","description":"Ihr 4*-Campingplatz in der Normandie mit vielen Annehmlichkeiten, darunter ein beheiztes Schwimmbad. Genie\u00dfen Sie die Freuden des Wassers am Strand oder auf dem Campingplatz.","robots":{"index":"index","follow":"follow","max-snippet":"max-snippet:-1","max-image-preview":"max-image-preview:large","max-video-preview":"max-video-preview:-1"},"canonical":"https:\/\/www.camping-lagallouette.fr\/de\/ihr-camping-in-normandie-mit-beheiztem-pool\/","og_locale":"de_DE","og_type":"article","og_title":"Campingplatz Cotentin mit Schwimmbad - Campingplatz mit beheiztem Schwimmbad Manche","og_description":"Ihr 4*-Campingplatz in der Normandie mit vielen Annehmlichkeiten, darunter ein beheiztes Schwimmbad. Genie\u00dfen Sie die Freuden des Wassers am Strand oder auf dem Campingplatz.","og_url":"https:\/\/www.camping-lagallouette.fr\/de\/ihr-camping-in-normandie-mit-beheiztem-pool\/","og_site_name":"Camping Gallouette","article_modified_time":"2023-11-23T15:07:37+00:00","og_image":[{"width":1900,"height":500,"url":"https:\/\/www.camping-lagallouette.fr\/wp-content\/uploads\/2021\/11\/camping-piscine-cotentin.jpg","type":"image\/jpeg"}],"twitter_card":"summary_large_image","schema":{"@context":"https:\/\/schema.org","@graph":[{"@type":"WebPage","@id":"https:\/\/www.camping-lagallouette.fr\/de\/ihr-camping-in-normandie-mit-beheiztem-pool\/","url":"https:\/\/www.camping-lagallouette.fr\/de\/ihr-camping-in-normandie-mit-beheiztem-pool\/","name":"Campingplatz Cotentin mit Schwimmbad - Campingplatz mit beheiztem Schwimmbad Manche","isPartOf":{"@id":"https:\/\/www.camping-lagallouette.fr\/de\/#website"},"primaryImageOfPage":{"@id":"https:\/\/www.camping-lagallouette.fr\/de\/ihr-camping-in-normandie-mit-beheiztem-pool\/#primaryimage"},"image":{"@id":"https:\/\/www.camping-lagallouette.fr\/de\/ihr-camping-in-normandie-mit-beheiztem-pool\/#primaryimage"},"thumbnailUrl":"https:\/\/www.camping-lagallouette.fr\/wp-content\/uploads\/2024\/10\/Camping-La-Galouette-piscin-2025-scaled.jpg","datePublished":"2021-09-20T10:30:02+00:00","dateModified":"2023-11-23T15:07:37+00:00","description":"Ihr 4*-Campingplatz in der Normandie mit vielen Annehmlichkeiten, darunter ein beheiztes Schwimmbad. Genie\u00dfen Sie die Freuden des Wassers am Strand oder auf dem Campingplatz.","breadcrumb":{"@id":"https:\/\/www.camping-lagallouette.fr\/de\/ihr-camping-in-normandie-mit-beheiztem-pool\/#breadcrumb"},"inLanguage":"de","potentialAction":[{"@type":"ReadAction","target":["https:\/\/www.camping-lagallouette.fr\/de\/ihr-camping-in-normandie-mit-beheiztem-pool\/"]}]},{"@type":"ImageObject","inLanguage":"de","@id":"https:\/\/www.camping-lagallouette.fr\/de\/ihr-camping-in-normandie-mit-beheiztem-pool\/#primaryimage","url":"https:\/\/www.camping-lagallouette.fr\/wp-content\/uploads\/2024\/10\/Camping-La-Galouette-piscin-2025-scaled.jpg","contentUrl":"https:\/\/www.camping-lagallouette.fr\/wp-content\/uploads\/2024\/10\/Camping-La-Galouette-piscin-2025-scaled.jpg","width":2560,"height":1440,"caption":"camping piscine cotentin"},{"@type":"BreadcrumbList","@id":"https:\/\/www.camping-lagallouette.fr\/de\/ihr-camping-in-normandie-mit-beheiztem-pool\/#breadcrumb","itemListElement":[{"@type":"ListItem","position":1,"name":"Campingplatz Manche","item":"https:\/\/www.camping-lagallouette.fr\/de\/"},{"@type":"ListItem","position":2,"name":"Campingplatz mit beheiztem Schwimmbad Normandie am Meer"}]},{"@type":"WebSite","@id":"https:\/\/www.camping-lagallouette.fr\/de\/#website","url":"https:\/\/www.camping-lagallouette.fr\/de\/","name":"Camping Gallouette","description":"","publisher":{"@id":"https:\/\/www.camping-lagallouette.fr\/de\/#organization"},"potentialAction":[{"@type":"SearchAction","target":{"@type":"EntryPoint","urlTemplate":"https:\/\/www.camping-lagallouette.fr\/de\/?s={search_term_string}"},"query-input":{"@type":"PropertyValueSpecification","valueRequired":true,"valueName":"search_term_string"}}],"inLanguage":"de"},{"@type":"Organization","@id":"https:\/\/www.camping-lagallouette.fr\/de\/#organization","name":"Camping La Gallouette","url":"https:\/\/www.camping-lagallouette.fr\/de\/","logo":{"@type":"ImageObject","inLanguage":"de","@id":"https:\/\/www.camping-lagallouette.fr\/de\/#\/schema\/logo\/image\/","url":"https:\/\/www.camping-lagallouette.fr\/wp-content\/uploads\/2021\/10\/logo-bleu-camping-gallouette.png","contentUrl":"https:\/\/www.camping-lagallouette.fr\/wp-content\/uploads\/2021\/10\/logo-bleu-camping-gallouette.png","width":214,"height":226,"caption":"Camping La Gallouette"},"image":{"@id":"https:\/\/www.camping-lagallouette.fr\/de\/#\/schema\/logo\/image\/"}}]}},"_links":{"self":[{"href":"https:\/\/www.camping-lagallouette.fr\/de\/wp-json\/wp\/v2\/pages\/17226","targetHints":{"allow":["GET"]}}],"collection":[{"href":"https:\/\/www.camping-lagallouette.fr\/de\/wp-json\/wp\/v2\/pages"}],"about":[{"href":"https:\/\/www.camping-lagallouette.fr\/de\/wp-json\/wp\/v2\/types\/page"}],"author":[{"embeddable":true,"href":"https:\/\/www.camping-lagallouette.fr\/de\/wp-json\/wp\/v2\/users\/1"}],"replies":[{"embeddable":true,"href":"https:\/\/www.camping-lagallouette.fr\/de\/wp-json\/wp\/v2\/comments?post=17226"}],"version-history":[{"count":14,"href":"https:\/\/www.camping-lagallouette.fr\/de\/wp-json\/wp\/v2\/pages\/17226\/revisions"}],"predecessor-version":[{"id":21614,"href":"https:\/\/www.camping-lagallouette.fr\/de\/wp-json\/wp\/v2\/pages\/17226\/revisions\/21614"}],"wp:featuredmedia":[{"embeddable":true,"href":"https:\/\/www.camping-lagallouette.fr\/de\/wp-json\/wp\/v2\/media\/22868"}],"wp:attachment":[{"href":"https:\/\/www.camping-lagallouette.fr\/de\/wp-json\/wp\/v2\/media?parent=17226"}],"curies":[{"name":"wp","href":"https:\/\/api.w.org\/{rel}","templated":true}]}}