{"id":17197,"date":"2021-09-20T12:29:26","date_gmt":"2021-09-20T10:29:26","guid":{"rendered":"https:\/\/www.camping-lagallouette.fr\/activites-et-loisirs-pour-toute-la-famille\/"},"modified":"2023-11-13T14:58:58","modified_gmt":"2023-11-13T13:58:58","slug":"aktivitaeten-und-freizeitangebote-fuer-die-ganze-familie","status":"publish","type":"page","link":"https:\/\/www.camping-lagallouette.fr\/de\/aktivitaeten-und-freizeitangebote-fuer-die-ganze-familie\/","title":{"rendered":"Activit\u00e9s &#038; animations"},"content":{"rendered":"<section id=\"section-group1\"\" class=\"section white-gradient-bottom bg-white\" \/><div class=\"container extralarge\"><h1 class=\"element section-title center p-b-5\">Aktivit\u00e4ten und Freizeitangebote f\u00fcr die ganze Familie<\/h1><div class=\"colonnes-wrap valign-middle p-b-5\"><div class=\"element colonne \"><h2 class=\"element section-title left\">Aktivit\u00e4ten und Freizeit<\/h2><div class=\"element bloc-text left \">\n\t<p>W\u00e4hrend der Saison bietet Ihnen der 4-Sterne-Campingplatz La Gallouette <strong class=\"bold color1\">Erholungsaktivit\u00e4ten<\/strong> f\u00fcr all Ihre W\u00fcnsche nach Urlaub in der Normandie! W\u00e4hrend Cotentin und Manche eine gro\u00dfe Auswahl an Freizeitaktivit\u00e4ten bieten, finden Sie auf dem Campingplatz auch ein <strong class=\"bold color1\">Spielplatz<\/strong>, ein <strong class=\"bold color1\">beheiztes Schwimmbad<\/strong>, ein <strong class=\"bold color1\">Multisportfeld<\/strong>, einen <strong class=\"bold color1\">Kinderclub<\/strong>, einen <strong class=\"bold color1\">Bouleplatz<\/strong>, einen TV- und Leseraum. Themenbezogene Animationen werden am <strong class=\"bold color1\">Abend<\/strong> organisiert, damit Sie Ihren Familienurlaub im Zeichen von Entspannung, Wohlbefinden und guter Laune verbringen k\u00f6nnen!<\/p>\n<\/div><\/div><div class=\"element colonne masque-bleu\"><div class=\"element images fancybox-container\"><a class=\"fancybox image\" href=\"https:\/\/www.camping-lagallouette.fr\/wp-content\/uploads\/2021\/10\/camping-terrain-de-petanque-saint-vaast-la-hougue.jpg\"><img decoding=\"async\" src=\"https:\/\/www.camping-lagallouette.fr\/wp-content\/uploads\/2021\/10\/camping-terrain-de-petanque-saint-vaast-la-hougue-100x75.jpg\" data-src=\"https:\/\/www.camping-lagallouette.fr\/wp-content\/uploads\/2021\/10\/camping-terrain-de-petanque-saint-vaast-la-hougue.jpg\" alt=\"camping terrain de petanque saint vaast la hougue\" class=\"images_image\" \/><\/a><\/div><\/div><\/div><\/div><\/section>\n\n<section id=\"section-kinder\"\" class=\"section bg-white\" \/><div class=\"container extralarge\"><div class=\"colonnes-wrap valign-middle \"><div class=\"element colonne masque-blanc\"><div class=\"element images fancybox-container\"><a class=\"fancybox image\" href=\"https:\/\/www.camping-lagallouette.fr\/wp-content\/uploads\/2023\/11\/Camping-avec-aire-de-jeux-Manche.jpg\"><img decoding=\"async\" src=\"https:\/\/www.camping-lagallouette.fr\/wp-content\/uploads\/2023\/11\/Camping-avec-aire-de-jeux-Manche-100x75.jpg\" data-src=\"https:\/\/www.camping-lagallouette.fr\/wp-content\/uploads\/2023\/11\/Camping-avec-aire-de-jeux-Manche.jpg\" alt=\"camping jeux pour enfants normandie\" class=\"images_image\" \/><\/a><\/div><\/div><div class=\"element colonne \"><h2 class=\"element section-title left\">Die Kinderanimationen<\/h2><div class=\"element bloc-text left \">\n\t<p>Suchen Sie einen Campingplatz am Meer mit Kinderanimation?<\/p>\n<p>Der Campingplatz ist die ideale Urlaubsform, um Freunde zu finden und sch\u00f6ne Urlaubserinnerungen an die Normandie zu schaffen! Auf dem 4-Sterne-Campingplatz La Gallouette hat jeder seine eigenen W\u00fcnsche: der <strong class=\"bold color1\">Mini-Kinderclub<\/strong>, der <strong class=\"bold color1\">Spielplatz<\/strong> oder der <strong class=\"bold color1\">City Park<\/strong>. Die Kinder langweilen sich nicht und die Eltern genie\u00dfen gelassen ihren Campingurlaub mit der Familie!<\/p>\n<\/div><h3 class=\"element section-title left\">Der Spielplatz f\u00fcr die Kleinen<\/h3><div class=\"element bloc-text left \">\n\t<p>Die Kleinsten treffen sich rund um den Spielplatz mit <strong class=\"bold color1\">Tourniquet<\/strong>, <strong class=\"bold color1\">Spielen auf Federn<\/strong>, <strong class=\"bold color1\">Schaukeln<\/strong> und zwei <strong class=\"bold color1\">Aufblasbaren Strukturen<\/strong>. Dies ist der perfekte Ort, um neue Urlaubsfreunde zu finden! <\/p>\n<p>Im letzten Jahr sorgte die Installation des &#8222;Piraten&#8220;-Schlosses mit seiner integrierten <strong class=\"bold color1\">Rutsche<\/strong> f\u00fcr Freude bei den J\u00fcngsten. In diesem Jahr wird eine neue 3-Bogen-H\u00fcpfburg mit M\u00f6wen als Hindernissen die \u00e4lteren Kinder unterhalten. <\/p>\n<p>Sie werden es lieben, das Gleichgewicht zu halten auf diesen V\u00f6geln, die an der K\u00fcste von Cotentin so vertraut sind, zu versuchen!<\/p>\n<\/div><\/div><\/div><\/div><\/section>\n\n<section id=\"section-group3\"\" data-bg-opacite=\"0.2\"data-background=\"https:\/\/www.camping-lagallouette.fr\/wp-content\/uploads\/2021\/10\/camping-terrain-de-jeux-enfants-saint-vaast-la-hougue.jpg\"data-speed=\"0.8\"class=\"section bg-white p-t-0 p-b-0 section--has-bg-img section_bg-parallax\" \/><div class=\"container full\"><\/div><\/section>\n\n<section id=\"section-group4\"\" class=\"section bg-white\" \/><div class=\"container extralarge\"><div class=\"colonnes-wrap valign-middle p-b-5\"><div class=\"element colonne \"><h3 class=\"element section-title left\">Der Mini-Club f\u00fcr Kinder<\/h3><div class=\"element bloc-text left \">\n\t<p>W\u00e4hrend der Schulferien im Juli und August empf\u00e4ngt der Miniclub die J\u00fcngsten jeden Morgen von 10:00 bis 11:45 Uhr (kostenlos &#8211; von Montag bis Freitag).<\/p>\n<p>Die Betreuer stellen ein <strong class=\"bold color1\">Aktivit\u00e4tsprogramm<\/strong> f\u00fcr <strong class=\"bold color1\">Kinder von 5 bis 11 Jahren<\/strong> zusammen: <strong class=\"bold color1\">Animationen<\/strong> zum Thema Meer, <strong class=\"bold color1\">kreative Freizeitaktivit\u00e4ten<\/strong>, <strong class=\"bold color1\">Teamspiele<\/strong>, <strong class=\"bold color1\">Sportaktivit\u00e4ten<\/strong>&#8230;nichts als Spa\u00df und Entspannung.<\/p>\n<p>Wir treffen uns hinter dem Schwimmbad des Campingplatzes unter dem Animationszelt: f\u00fcr einen <a href=\"\/de\/\">Urlaub auf dem Campingplatz La Gallouette<\/a>, der viel Spa\u00df macht und die Kinder dazu bringt, wiederzukommen!<\/p>\n<\/div><h3 class=\"element section-title left\">Der Multisportplatz<\/h3><div class=\"element bloc-text left \">\n\t<p>Gr\u00f6\u00dfere Kinder, Familien und Teenager k\u00f6nnen auf dem Multisportplatz <strong class=\"bold color1\">Sportturniere<\/strong> organisieren, bei denen Fu\u00dfball, Basketball und Volleyball auf dem Programm stehen! <\/p>\n<p>Mannschaftssportarten sind eine der M\u00f6glichkeiten, um im Urlaub am Meer in Form zu bleiben und gesellige <strong class=\"bold color1\">Momente<\/strong> mit anderen Urlaubern zu teilen. <\/p>\n<p>Der perfekte Treffpunkt f\u00fcr Spiel und Spa\u00df w\u00e4hrend Ihres Aufenthalts auf dem Campingplatz in Saint Vaast.<\/p>\n<\/div><\/div><div class=\"element colonne masque-blanc\"><div class=\"element images fancybox-container\"><a class=\"fancybox image\" href=\"https:\/\/www.camping-lagallouette.fr\/wp-content\/uploads\/2023\/11\/Camping-avec-club-enfants.jpg\"><img decoding=\"async\" src=\"https:\/\/www.camping-lagallouette.fr\/wp-content\/uploads\/2023\/11\/Camping-avec-club-enfants-100x91.jpg\" data-src=\"https:\/\/www.camping-lagallouette.fr\/wp-content\/uploads\/2023\/11\/Camping-avec-club-enfants.jpg\" alt=\"camping activites enfants saint vaast la hougue\" class=\"images_image\" \/><\/a><\/div><\/div><\/div><\/div><\/section>\n\n<section id=\"section-group5\"\" data-bg-opacite=\"0.2\"data-background=\"https:\/\/www.camping-lagallouette.fr\/wp-content\/uploads\/2021\/10\/camping-animation-enfants-saint-vaast-la-hougue.jpg\"data-speed=\"0.8\"class=\"section bg-white p-t-0 p-b-0 section--has-bg-img section_bg-parallax\" \/><div class=\"container full\"><\/div><\/section>\n\n<section id=\"section-group6\"\" class=\"section white-gradient-bottom bg-white\" \/><div class=\"container extralarge\"><div class=\"colonnes-wrap valign-middle \"><div class=\"element colonne masque-bleu\"><div class=\"element images fancybox-container\"><a class=\"fancybox image\" href=\"https:\/\/www.camping-lagallouette.fr\/wp-content\/uploads\/2021\/10\/camping-animation-adultes-detente-saint-vaast-la-hougue.jpg\"><img decoding=\"async\" src=\"https:\/\/www.camping-lagallouette.fr\/wp-content\/uploads\/2021\/10\/camping-animation-adultes-detente-saint-vaast-la-hougue-100x75.jpg\" data-src=\"https:\/\/www.camping-lagallouette.fr\/wp-content\/uploads\/2021\/10\/camping-animation-adultes-detente-saint-vaast-la-hougue.jpg\" alt=\"camping animation adultes detente saint vaast la hougue\" class=\"images_image\" \/><\/a><\/div><\/div><div class=\"element colonne \"><h2 class=\"element section-title left\">Entspannungsaktivit\u00e4ten und Familienanimationen, die in der Hochsaison angeboten werden<\/h2><div class=\"element bloc-text left \">\n\t<p>Ein Urlaub auf dem Campingplatz bietet die Gelegenheit, angenehme Momente mit der Familie oder mit Freunden in einer entspannten Atmosph\u00e4re zu verbringen. Deshalb bereitet das Team des Campingplatzes La Gallouette w\u00e4hrend Ihres gesamten Aufenthalts am Meer ein unterhaltsames und lustiges Animationsprogramm f\u00fcr Sie vor. <strong class=\"bold color1\">Shows<\/strong>, <strong class=\"bold color1\">Konzerte<\/strong>, <strong class=\"bold color1\">Kirmes<\/strong>, <strong class=\"bold color1\">Lotto<\/strong>&#8230;.. Finden Sie jede Woche das Animationsprogramm, das am Eingang des Campingplatzes aush\u00e4ngt!<\/p>\n<\/div><h3 class=\"element section-title left\">Abendliche Animationen!<\/h3><div class=\"element bloc-text left \">\n\t<p>Einmal pro Woche, im Juli und August, bietet Ihnen der Campingplatz eine <strong class=\"bold color1\">Musikveranstaltung<\/strong> (Konzert, Tanzabend&#8230;) oder eine <strong class=\"bold color1\">Show<\/strong> (Kabarett, Zaubershow) und einen <strong class=\"bold color1\">Lottoabend<\/strong>.<\/p>\n<\/div><\/div><\/div><\/div><\/section>\n\n<section id=\"section-group7\"\" class=\"section white-gradient-bottom white-gradient-top bg-white\" \/><div class=\"container extralarge\"><div class=\"colonnes-wrap valign-middle p-b-5\"><div class=\"element colonne \"><h3 class=\"element section-title left\">Ein bisschen Sport<\/h3><div class=\"element bloc-text left \">\n\t<p>Wenn Sie sich w\u00e4hrend Ihres Urlaubs in der Normandie auspowern und in Form halten wollen, gibt es nichts Besseres als eine Partie <strong class=\"bold color1\">Fu\u00dfball<\/strong>, <strong class=\"bold color1\">Basketball<\/strong> oder <strong class=\"bold color1\">Volleyball<\/strong> auf dem Multisportfeld, das den Campern zur Verf\u00fcgung steht. Ideal, um sich auszutoben oder kleine Turniere unter Erwachsenen oder Teenagern zu veranstalten!<\/p>\n<p>Was w\u00e4re ein Campingurlaub ohne die traditionelle <strong class=\"bold color1\">Boulepartie<\/strong>? Ein- bis zweimal pro Woche l\u00e4dt Sie der Campingplatz ein, an einem Boule-Treffen teilzunehmen. Dies ist eine Gelegenheit, sich in einer geselligen Atmosph\u00e4re zu treffen, aber auch, um sich mit anderen Campern zu messen. Egal, welches Niveau Sie haben, die gute Laune wird siegen!<\/p>\n<\/div><h3 class=\"element section-title left\">Aktivit\u00e4ten mit den Partnern des Campingplatzes (Vorzugspreise)<\/h3><div class=\"element bloc-text left \">\n\t<p>Entdeckung der Insel Tatihou: Vom Hafen von Saint-Vaast, 400 m vom Campingplatz entfernt, aus gehen Sie an Bord eines <strong class=\"bold color1\">Amphibienfahrzeugs<\/strong>. Bei Flut verbindet es die Piers von Tatihou und Saint-Vaast in etwa 5 Minuten. Bei Ebbe schl\u00e4ngelt er sich durch die <strong class=\"bold color1\">Austernparks<\/strong>, auf dem Rhun.<\/p>\n<p><strong class=\"bold color1\">Segelschule<\/strong> in Saint-Vaast: Jolle, Katamaran, Windsurfen, Kajak, Strandsegeln, Einf\u00fchrung in das Segeln auf einer <strong class=\"bold color1\">alten Takelage<\/strong>, der Ami Pierre&#8230;<\/p>\n<p><strong class=\"bold color1\">Meeresfahrt<\/strong> auf der Fleur de Lampaul ab Saint-Vaast-la-Hougue: Entdecken Sie in der Bucht von Saint-Vaast an Bord einer authentischen Gabare aus dem Iroise-Meer, die vollst\u00e4ndig restauriert und als historisches Denkmal eingestuft wurde.<\/p>\n<\/div><\/div><div class=\"element colonne masque-blanc\"><div class=\"element images fancybox-container\"><a class=\"fancybox image\" href=\"https:\/\/www.camping-lagallouette.fr\/wp-content\/uploads\/2021\/10\/camping-animation-adulte-voile-cotentin.jpg\"><img decoding=\"async\" src=\"https:\/\/www.camping-lagallouette.fr\/wp-content\/uploads\/2021\/10\/camping-animation-adulte-voile-cotentin-100x75.jpg\" data-src=\"https:\/\/www.camping-lagallouette.fr\/wp-content\/uploads\/2021\/10\/camping-animation-adulte-voile-cotentin.jpg\" alt=\"camping animation adulte voile cotentin\" class=\"images_image\" \/><\/a><\/div><\/div><\/div><\/div><\/section>\n\n<section id=\"section-group8\"\" class=\"section white-gradient-top bg-white\" \/><div class=\"container extralarge\"><div class=\"element section-title center\">Entdecken Sie unseren Campingplatz am Meer<\/div><div class=\"colonnes-wrap valign-middle \"><div class=\"element colonne \"><div class=\"element call-to-action  call-to-action--style-1 call-to-action--big\"><a href=\"https:\/\/www.camping-lagallouette.fr\/de\/camping-ecoresponsable\/\"  class=\"call-to-action_link\" title=\"Mehr \u00fcber \u00d6kologisch verantwortliches camping\"><div class=\"call-to-action_image\"><img decoding=\"async\" src=\"https:\/\/www.camping-lagallouette.fr\/wp-content\/uploads\/2021\/10\/camping-tourisme-circuit-val-de-saire-100x67.jpg\" data-src=\"https:\/\/www.camping-lagallouette.fr\/wp-content\/uploads\/2021\/10\/camping-tourisme-circuit-val-de-saire.jpg\" alt=\"camping tourisme circuit val de saire\" class=\"big\" \/><\/div><div class=\"call-to-action_contenu\"><div class=\"call-to-action_titre\">\u00d6kologisch verantwortliches Camping<\/div><\/div><\/a><\/div><\/div><div class=\"element colonne \"><div class=\"element call-to-action  call-to-action--style-1 call-to-action--big\"><a href=\"https:\/\/www.camping-lagallouette.fr\/de\/die-services-des-campingplatzes\/\"  class=\"call-to-action_link\" title=\"Mehr \u00fcber dienste\"><div class=\"call-to-action_image\"><img decoding=\"async\" src=\"https:\/\/www.camping-lagallouette.fr\/wp-content\/uploads\/2021\/10\/camping-avec-billeterie-cherbourg-100x67.jpg\" data-src=\"https:\/\/www.camping-lagallouette.fr\/wp-content\/uploads\/2021\/10\/camping-avec-billeterie-cherbourg.jpg\" alt=\"camping avec billeterie cherbourg\" class=\"big\" \/><\/div><div class=\"call-to-action_contenu\"><div class=\"call-to-action_titre\">Dienste<\/div><\/div><\/a><\/div><\/div><div class=\"element colonne \"><div class=\"element call-to-action  call-to-action--style-1 call-to-action--big\"><a href=\"https:\/\/www.camping-lagallouette.fr\/de\/die-snack-bar-empicerie-des-campingplatzes\/\"  class=\"call-to-action_link\" title=\"Mehr \u00fcber snackbar &#038; lebensmittelgesch\u00e4ft\"><div class=\"call-to-action_image\"><img decoding=\"async\" src=\"https:\/\/www.camping-lagallouette.fr\/wp-content\/uploads\/2021\/11\/camping-snack-bar-erquy-100x75.jpeg\" data-src=\"https:\/\/www.camping-lagallouette.fr\/wp-content\/uploads\/2021\/11\/camping-snack-bar-erquy.jpeg\" alt=\"camping snack bar erquy\" class=\"big\" \/><\/div><div class=\"call-to-action_contenu\"><div class=\"call-to-action_titre\">Snackbar &#038; Lebensmittelgesch\u00e4ft<\/div><\/div><\/a><\/div><\/div><\/div><\/div><\/section>","protected":false},"excerpt":{"rendered":"","protected":false},"author":1,"featured_media":24006,"parent":0,"menu_order":0,"comment_status":"closed","ping_status":"closed","template":"","meta":{"_acf_changed":false,"footnotes":""},"class_list":["post-17197","page","type-page","status-publish","has-post-thumbnail","hentry"],"acf":[],"yoast_head":"<!-- This site is optimized with the Yoast SEO plugin v25.3 - https:\/\/yoast.com\/wordpress\/plugins\/seo\/ -->\n<title>Aktivit\u00e4ten und Freizeitaktivit\u00e4ten f\u00fcr die ganze Familie - Urlaub am Meer<\/title>\n<meta name=\"description\" content=\"Ein Urlaub auf dem Campingplatz La Gallouette bietet die Gelegenheit, angenehme Momente mit der Familie bei Aktivit\u00e4ten und Animation im Sommer zu verbringen.\" \/>\n<meta name=\"robots\" content=\"index, follow, max-snippet:-1, max-image-preview:large, max-video-preview:-1\" \/>\n<link rel=\"canonical\" href=\"https:\/\/www.camping-lagallouette.fr\/de\/aktivitaeten-und-freizeitangebote-fuer-die-ganze-familie\/\" \/>\n<meta property=\"og:locale\" content=\"de_DE\" \/>\n<meta property=\"og:type\" content=\"article\" \/>\n<meta property=\"og:title\" content=\"Aktivit\u00e4ten und Freizeitaktivit\u00e4ten f\u00fcr die ganze Familie - Urlaub am Meer\" \/>\n<meta property=\"og:description\" content=\"Ein Urlaub auf dem Campingplatz La Gallouette bietet die Gelegenheit, angenehme Momente mit der Familie bei Aktivit\u00e4ten und Animation im Sommer zu verbringen.\" \/>\n<meta property=\"og:url\" content=\"https:\/\/www.camping-lagallouette.fr\/de\/aktivitaeten-und-freizeitangebote-fuer-die-ganze-familie\/\" \/>\n<meta property=\"og:site_name\" content=\"Camping Gallouette\" \/>\n<meta property=\"article:modified_time\" content=\"2023-11-13T13:58:58+00:00\" \/>\n<meta property=\"og:image\" content=\"https:\/\/www.camping-lagallouette.fr\/wp-content\/uploads\/2021\/10\/camping-terrain-de-sport-saint-vaast-la-hougue.jpg\" \/>\n\t<meta property=\"og:image:width\" content=\"1900\" \/>\n\t<meta property=\"og:image:height\" content=\"700\" \/>\n\t<meta property=\"og:image:type\" content=\"image\/jpeg\" \/>\n<meta name=\"twitter:card\" content=\"summary_large_image\" \/>\n<script type=\"application\/ld+json\" class=\"yoast-schema-graph\">{\"@context\":\"https:\/\/schema.org\",\"@graph\":[{\"@type\":\"WebPage\",\"@id\":\"https:\/\/www.camping-lagallouette.fr\/de\/aktivitaeten-und-freizeitangebote-fuer-die-ganze-familie\/\",\"url\":\"https:\/\/www.camping-lagallouette.fr\/de\/aktivitaeten-und-freizeitangebote-fuer-die-ganze-familie\/\",\"name\":\"Aktivit\u00e4ten und Freizeitaktivit\u00e4ten f\u00fcr die ganze Familie - Urlaub am Meer\",\"isPartOf\":{\"@id\":\"https:\/\/www.camping-lagallouette.fr\/de\/#website\"},\"primaryImageOfPage\":{\"@id\":\"https:\/\/www.camping-lagallouette.fr\/de\/aktivitaeten-und-freizeitangebote-fuer-die-ganze-familie\/#primaryimage\"},\"image\":{\"@id\":\"https:\/\/www.camping-lagallouette.fr\/de\/aktivitaeten-und-freizeitangebote-fuer-die-ganze-familie\/#primaryimage\"},\"thumbnailUrl\":\"https:\/\/www.camping-lagallouette.fr\/wp-content\/uploads\/2025\/12\/IMG_5495-scaled.jpg\",\"datePublished\":\"2021-09-20T10:29:26+00:00\",\"dateModified\":\"2023-11-13T13:58:58+00:00\",\"description\":\"Ein Urlaub auf dem Campingplatz La Gallouette bietet die Gelegenheit, angenehme Momente mit der Familie bei Aktivit\u00e4ten und Animation im Sommer zu verbringen.\",\"breadcrumb\":{\"@id\":\"https:\/\/www.camping-lagallouette.fr\/de\/aktivitaeten-und-freizeitangebote-fuer-die-ganze-familie\/#breadcrumb\"},\"inLanguage\":\"de\",\"potentialAction\":[{\"@type\":\"ReadAction\",\"target\":[\"https:\/\/www.camping-lagallouette.fr\/de\/aktivitaeten-und-freizeitangebote-fuer-die-ganze-familie\/\"]}]},{\"@type\":\"ImageObject\",\"inLanguage\":\"de\",\"@id\":\"https:\/\/www.camping-lagallouette.fr\/de\/aktivitaeten-und-freizeitangebote-fuer-die-ganze-familie\/#primaryimage\",\"url\":\"https:\/\/www.camping-lagallouette.fr\/wp-content\/uploads\/2025\/12\/IMG_5495-scaled.jpg\",\"contentUrl\":\"https:\/\/www.camping-lagallouette.fr\/wp-content\/uploads\/2025\/12\/IMG_5495-scaled.jpg\",\"width\":1920,\"height\":2560,\"caption\":\"Sharky la nouvelle mascotte\"},{\"@type\":\"BreadcrumbList\",\"@id\":\"https:\/\/www.camping-lagallouette.fr\/de\/aktivitaeten-und-freizeitangebote-fuer-die-ganze-familie\/#breadcrumb\",\"itemListElement\":[{\"@type\":\"ListItem\",\"position\":1,\"name\":\"Campingplatz Manche\",\"item\":\"https:\/\/www.camping-lagallouette.fr\/de\/\"},{\"@type\":\"ListItem\",\"position\":2,\"name\":\"Aktivit\u00e4ten und Freizeitangebote f\u00fcr die ganze Familie\"}]},{\"@type\":\"WebSite\",\"@id\":\"https:\/\/www.camping-lagallouette.fr\/de\/#website\",\"url\":\"https:\/\/www.camping-lagallouette.fr\/de\/\",\"name\":\"Camping Gallouette\",\"description\":\"\",\"publisher\":{\"@id\":\"https:\/\/www.camping-lagallouette.fr\/de\/#organization\"},\"potentialAction\":[{\"@type\":\"SearchAction\",\"target\":{\"@type\":\"EntryPoint\",\"urlTemplate\":\"https:\/\/www.camping-lagallouette.fr\/de\/?s={search_term_string}\"},\"query-input\":{\"@type\":\"PropertyValueSpecification\",\"valueRequired\":true,\"valueName\":\"search_term_string\"}}],\"inLanguage\":\"de\"},{\"@type\":\"Organization\",\"@id\":\"https:\/\/www.camping-lagallouette.fr\/de\/#organization\",\"name\":\"Camping La Gallouette\",\"url\":\"https:\/\/www.camping-lagallouette.fr\/de\/\",\"logo\":{\"@type\":\"ImageObject\",\"inLanguage\":\"de\",\"@id\":\"https:\/\/www.camping-lagallouette.fr\/de\/#\/schema\/logo\/image\/\",\"url\":\"https:\/\/www.camping-lagallouette.fr\/wp-content\/uploads\/2021\/10\/logo-bleu-camping-gallouette.png\",\"contentUrl\":\"https:\/\/www.camping-lagallouette.fr\/wp-content\/uploads\/2021\/10\/logo-bleu-camping-gallouette.png\",\"width\":214,\"height\":226,\"caption\":\"Camping La Gallouette\"},\"image\":{\"@id\":\"https:\/\/www.camping-lagallouette.fr\/de\/#\/schema\/logo\/image\/\"}}]}<\/script>\n<!-- \/ Yoast SEO plugin. -->","yoast_head_json":{"title":"Aktivit\u00e4ten und Freizeitaktivit\u00e4ten f\u00fcr die ganze Familie - Urlaub am Meer","description":"Ein Urlaub auf dem Campingplatz La Gallouette bietet die Gelegenheit, angenehme Momente mit der Familie bei Aktivit\u00e4ten und Animation im Sommer zu verbringen.","robots":{"index":"index","follow":"follow","max-snippet":"max-snippet:-1","max-image-preview":"max-image-preview:large","max-video-preview":"max-video-preview:-1"},"canonical":"https:\/\/www.camping-lagallouette.fr\/de\/aktivitaeten-und-freizeitangebote-fuer-die-ganze-familie\/","og_locale":"de_DE","og_type":"article","og_title":"Aktivit\u00e4ten und Freizeitaktivit\u00e4ten f\u00fcr die ganze Familie - Urlaub am Meer","og_description":"Ein Urlaub auf dem Campingplatz La Gallouette bietet die Gelegenheit, angenehme Momente mit der Familie bei Aktivit\u00e4ten und Animation im Sommer zu verbringen.","og_url":"https:\/\/www.camping-lagallouette.fr\/de\/aktivitaeten-und-freizeitangebote-fuer-die-ganze-familie\/","og_site_name":"Camping Gallouette","article_modified_time":"2023-11-13T13:58:58+00:00","og_image":[{"width":1900,"height":700,"url":"https:\/\/www.camping-lagallouette.fr\/wp-content\/uploads\/2021\/10\/camping-terrain-de-sport-saint-vaast-la-hougue.jpg","type":"image\/jpeg"}],"twitter_card":"summary_large_image","schema":{"@context":"https:\/\/schema.org","@graph":[{"@type":"WebPage","@id":"https:\/\/www.camping-lagallouette.fr\/de\/aktivitaeten-und-freizeitangebote-fuer-die-ganze-familie\/","url":"https:\/\/www.camping-lagallouette.fr\/de\/aktivitaeten-und-freizeitangebote-fuer-die-ganze-familie\/","name":"Aktivit\u00e4ten und Freizeitaktivit\u00e4ten f\u00fcr die ganze Familie - Urlaub am Meer","isPartOf":{"@id":"https:\/\/www.camping-lagallouette.fr\/de\/#website"},"primaryImageOfPage":{"@id":"https:\/\/www.camping-lagallouette.fr\/de\/aktivitaeten-und-freizeitangebote-fuer-die-ganze-familie\/#primaryimage"},"image":{"@id":"https:\/\/www.camping-lagallouette.fr\/de\/aktivitaeten-und-freizeitangebote-fuer-die-ganze-familie\/#primaryimage"},"thumbnailUrl":"https:\/\/www.camping-lagallouette.fr\/wp-content\/uploads\/2025\/12\/IMG_5495-scaled.jpg","datePublished":"2021-09-20T10:29:26+00:00","dateModified":"2023-11-13T13:58:58+00:00","description":"Ein Urlaub auf dem Campingplatz La Gallouette bietet die Gelegenheit, angenehme Momente mit der Familie bei Aktivit\u00e4ten und Animation im Sommer zu verbringen.","breadcrumb":{"@id":"https:\/\/www.camping-lagallouette.fr\/de\/aktivitaeten-und-freizeitangebote-fuer-die-ganze-familie\/#breadcrumb"},"inLanguage":"de","potentialAction":[{"@type":"ReadAction","target":["https:\/\/www.camping-lagallouette.fr\/de\/aktivitaeten-und-freizeitangebote-fuer-die-ganze-familie\/"]}]},{"@type":"ImageObject","inLanguage":"de","@id":"https:\/\/www.camping-lagallouette.fr\/de\/aktivitaeten-und-freizeitangebote-fuer-die-ganze-familie\/#primaryimage","url":"https:\/\/www.camping-lagallouette.fr\/wp-content\/uploads\/2025\/12\/IMG_5495-scaled.jpg","contentUrl":"https:\/\/www.camping-lagallouette.fr\/wp-content\/uploads\/2025\/12\/IMG_5495-scaled.jpg","width":1920,"height":2560,"caption":"Sharky la nouvelle mascotte"},{"@type":"BreadcrumbList","@id":"https:\/\/www.camping-lagallouette.fr\/de\/aktivitaeten-und-freizeitangebote-fuer-die-ganze-familie\/#breadcrumb","itemListElement":[{"@type":"ListItem","position":1,"name":"Campingplatz Manche","item":"https:\/\/www.camping-lagallouette.fr\/de\/"},{"@type":"ListItem","position":2,"name":"Aktivit\u00e4ten und Freizeitangebote f\u00fcr die ganze Familie"}]},{"@type":"WebSite","@id":"https:\/\/www.camping-lagallouette.fr\/de\/#website","url":"https:\/\/www.camping-lagallouette.fr\/de\/","name":"Camping Gallouette","description":"","publisher":{"@id":"https:\/\/www.camping-lagallouette.fr\/de\/#organization"},"potentialAction":[{"@type":"SearchAction","target":{"@type":"EntryPoint","urlTemplate":"https:\/\/www.camping-lagallouette.fr\/de\/?s={search_term_string}"},"query-input":{"@type":"PropertyValueSpecification","valueRequired":true,"valueName":"search_term_string"}}],"inLanguage":"de"},{"@type":"Organization","@id":"https:\/\/www.camping-lagallouette.fr\/de\/#organization","name":"Camping La Gallouette","url":"https:\/\/www.camping-lagallouette.fr\/de\/","logo":{"@type":"ImageObject","inLanguage":"de","@id":"https:\/\/www.camping-lagallouette.fr\/de\/#\/schema\/logo\/image\/","url":"https:\/\/www.camping-lagallouette.fr\/wp-content\/uploads\/2021\/10\/logo-bleu-camping-gallouette.png","contentUrl":"https:\/\/www.camping-lagallouette.fr\/wp-content\/uploads\/2021\/10\/logo-bleu-camping-gallouette.png","width":214,"height":226,"caption":"Camping La Gallouette"},"image":{"@id":"https:\/\/www.camping-lagallouette.fr\/de\/#\/schema\/logo\/image\/"}}]}},"_links":{"self":[{"href":"https:\/\/www.camping-lagallouette.fr\/de\/wp-json\/wp\/v2\/pages\/17197","targetHints":{"allow":["GET"]}}],"collection":[{"href":"https:\/\/www.camping-lagallouette.fr\/de\/wp-json\/wp\/v2\/pages"}],"about":[{"href":"https:\/\/www.camping-lagallouette.fr\/de\/wp-json\/wp\/v2\/types\/page"}],"author":[{"embeddable":true,"href":"https:\/\/www.camping-lagallouette.fr\/de\/wp-json\/wp\/v2\/users\/1"}],"replies":[{"embeddable":true,"href":"https:\/\/www.camping-lagallouette.fr\/de\/wp-json\/wp\/v2\/comments?post=17197"}],"version-history":[{"count":14,"href":"https:\/\/www.camping-lagallouette.fr\/de\/wp-json\/wp\/v2\/pages\/17197\/revisions"}],"predecessor-version":[{"id":21406,"href":"https:\/\/www.camping-lagallouette.fr\/de\/wp-json\/wp\/v2\/pages\/17197\/revisions\/21406"}],"wp:featuredmedia":[{"embeddable":true,"href":"https:\/\/www.camping-lagallouette.fr\/de\/wp-json\/wp\/v2\/media\/24006"}],"wp:attachment":[{"href":"https:\/\/www.camping-lagallouette.fr\/de\/wp-json\/wp\/v2\/media?parent=17197"}],"curies":[{"name":"wp","href":"https:\/\/api.w.org\/{rel}","templated":true}]}}