{"id":17183,"date":"2021-09-20T12:30:27","date_gmt":"2021-09-20T10:30:27","guid":{"rendered":"https:\/\/www.camping-lagallouette.fr\/contact\/"},"modified":"2023-10-26T13:55:43","modified_gmt":"2023-10-26T11:55:43","slug":"kontakt","status":"publish","type":"page","link":"https:\/\/www.camping-lagallouette.fr\/de\/kontakt\/","title":{"rendered":"Contact &#038; acc\u00e8s"},"content":{"rendered":"<section id=\"section-6169574e1183d\"\" class=\"section bg-white p-b-0\" \/><div class=\"container extralarge\"><h1 class=\"element section-title center p-b-5\">Kontakt und Zugang<\/h1><div class=\"colonnes-wrap valign-top p-b-5\"><div class=\"element colonne \"><h2 class=\"element section-title left\">Den Campingplatz kontaktieren<\/h2><div class=\"element bloc-text left \">\n\t<p>Camping la Gallouette \u2013 St Vaast la Hougue \u2013 Cotentin \u2013 Manche \u2013 Normandie<\/p>\n<p>F\u00fcr Ihren <strong class=\"bold color1\">Urlaub im \u00c4rmelkanal<\/strong> buchen Sie Ihre <strong class=\"bold color1\">Unterkunft<\/strong> oder Ihren <strong class=\"bold color1\">Stellplatz<\/strong> auf unserem 4-Sterne-Campingplatz in Saint Vaast la Hougue, einem kleinen St\u00fcck Paradies direkt am Meer. Um uns zu kontaktieren:<\/p>\n<p><strong class=\"bold color1\">02 33 54 20 57<\/strong> t\u00e4glich vom 28. M\u00e4rz bis 30. September\/ Montag bis Freitag von 9.00 bis 12.00 Uhr und von 14.00 bis 17.00 Uhr vom 01. Oktober bis zum 28. M\u00e4rz.<\/p>\n<p><strong class=\"bold color1\">Camping la Gallouette \u2013 10b rue de la Gallouette \u2013 50550 Saint-Vaast-la-Hougue<\/strong>.<\/p>\n<p>Wir bitten Sie, das nebenstehende Formular mit Ihren pers\u00f6nlichen Informationen genau auszuf\u00fcllen. Wir werden uns dann so schnell wie m\u00f6glich mit Ihnen in Verbindung setzen.<\/p>\n<\/div><\/div><div class=\"element colonne \"><div class=\"formulaire-de-contact\">\n<div class=\"wpcf7 no-js\" id=\"wpcf7-f17186-o1\" lang=\"fr-FR\" dir=\"ltr\">\n<div class=\"screen-reader-response\"><p role=\"status\" aria-live=\"polite\" aria-atomic=\"true\"><\/p> <ul><\/ul><\/div>\n<form action=\"\/de\/wp-json\/wp\/v2\/pages\/17183#wpcf7-f17186-o1\" method=\"post\" class=\"wpcf7-form init\" aria-label=\"Formulaire de contact\" novalidate=\"novalidate\" data-status=\"init\">\n<div style=\"display: none;\">\n<input type=\"hidden\" name=\"_wpcf7\" value=\"17186\" \/>\n<input type=\"hidden\" name=\"_wpcf7_version\" value=\"5.9.8\" \/>\n<input type=\"hidden\" name=\"_wpcf7_locale\" value=\"fr_FR\" \/>\n<input type=\"hidden\" name=\"_wpcf7_unit_tag\" value=\"wpcf7-f17186-o1\" \/>\n<input type=\"hidden\" name=\"_wpcf7_container_post\" value=\"0\" \/>\n<input type=\"hidden\" name=\"_wpcf7_posted_data_hash\" value=\"\" \/>\n<input type=\"hidden\" name=\"_wpcf7_recaptcha_response\" value=\"\" \/>\n<\/div>\n<p><span class=\"wpcf7-form-control-wrap\" data-name=\"your-name\"><input size=\"40\" maxlength=\"400\" class=\"wpcf7-form-control wpcf7-text wpcf7-validates-as-required\" aria-required=\"true\" aria-invalid=\"false\" placeholder=\"Ihr Name...\" value=\"\" type=\"text\" name=\"your-name\" \/><\/span><span class=\"wpcf7-form-control-wrap\" data-name=\"your-email\"><input size=\"40\" maxlength=\"400\" class=\"wpcf7-form-control wpcf7-email wpcf7-validates-as-required wpcf7-text wpcf7-validates-as-email\" aria-required=\"true\" aria-invalid=\"false\" placeholder=\"Deine E-Mail ...\" value=\"\" type=\"email\" name=\"your-email\" \/><\/span><span class=\"wpcf7-form-control-wrap\" data-name=\"your-subject\"><input size=\"40\" maxlength=\"400\" class=\"wpcf7-form-control wpcf7-text\" aria-invalid=\"false\" placeholder=\"Thema ...\" value=\"\" type=\"text\" name=\"your-subject\" \/><\/span><span class=\"wpcf7-form-control-wrap\" data-name=\"your-message\"><textarea cols=\"40\" rows=\"10\" maxlength=\"2000\" class=\"wpcf7-form-control wpcf7-textarea\" aria-invalid=\"false\" placeholder=\"Ihre Nachricht ...\" name=\"your-message\"><\/textarea><\/span><span class=\"wpcf7-form-control-wrap\" data-name=\"acceptance-553\"><span class=\"wpcf7-form-control wpcf7-acceptance\"><span class=\"wpcf7-list-item\"><label><input type=\"checkbox\" name=\"acceptance-553\" value=\"1\" aria-invalid=\"false\" \/><span class=\"wpcf7-list-item-label\">Indem ich dieses K\u00e4stchen ankreuze, stimme ich der <a href=\"\/de\/datenschutzrichtlinie\/\" rel=\"nofollow\" target=\"_blank\">Datenschutzrichtlinie<\/a> dieser Seite.<\/span><\/label><\/span><\/span><\/span><input class=\"wpcf7-form-control wpcf7-submit has-spinner\" type=\"submit\" value=\"Senden Sie\" \/>\n<\/p><div class=\"wpcf7-response-output\" aria-hidden=\"true\"><\/div>\n<\/form>\n<\/div>\n<\/div><\/div><\/div><\/div><\/section>\n\n<section id=\"section-6169574e11b9d\"\" class=\"section bg-white p-t-0\" \/><div class=\"container extralarge\"><h2 class=\"element section-title center p-b-5\">Zugang zum Campingplatz<\/h2><div class=\"carte\" data-src=\"https:\/\/www.google.com\/maps\/embed?pb=!1m14!1m8!1m3!1d10346.811399923286!2d-1.2689345!3d49.5844939!3m2!1i1024!2i768!4f13.1!3m3!1m2!1s0x0%3A0xf704a4132fb64908!2sCamping%20La%20Gallouette%20%7C%20Camping%20Manche%20%7C%20Camping%20Cotentin!5e0!3m2!1sfr!2sfr!4v1634292935922!5m2!1sfr!2sfr\"><\/div><\/div><\/section>","protected":false},"excerpt":{"rendered":"","protected":false},"author":1,"featured_media":14903,"parent":0,"menu_order":0,"comment_status":"closed","ping_status":"closed","template":"","meta":{"_acf_changed":false,"footnotes":""},"class_list":["post-17183","page","type-page","status-publish","has-post-thumbnail","hentry"],"acf":[],"yoast_head":"<!-- This site is optimized with the Yoast SEO plugin v25.3 - https:\/\/yoast.com\/wordpress\/plugins\/seo\/ -->\n<title>Kontakt - Buchen Sie Ihren Campingurlaub in der Normandie!<\/title>\n<meta name=\"description\" content=\"Marina, Christophe und Elisa freuen sich, Sie von April bis September auf dem Campingplatz von Saint-Vaast begr\u00fc\u00dfen zu d\u00fcrfen. Kommen Sie und entdecken Sie die Region Cotentin.\" \/>\n<meta name=\"robots\" content=\"index, follow, max-snippet:-1, max-image-preview:large, max-video-preview:-1\" \/>\n<link rel=\"canonical\" href=\"https:\/\/www.camping-lagallouette.fr\/de\/kontakt\/\" \/>\n<meta property=\"og:locale\" content=\"de_DE\" \/>\n<meta property=\"og:type\" content=\"article\" \/>\n<meta property=\"og:title\" content=\"Kontakt - Buchen Sie Ihren Campingurlaub in der Normandie!\" \/>\n<meta property=\"og:description\" content=\"Marina, Christophe und Elisa freuen sich, Sie von April bis September auf dem Campingplatz von Saint-Vaast begr\u00fc\u00dfen zu d\u00fcrfen. Kommen Sie und entdecken Sie die Region Cotentin.\" \/>\n<meta property=\"og:url\" content=\"https:\/\/www.camping-lagallouette.fr\/de\/kontakt\/\" \/>\n<meta property=\"og:site_name\" content=\"Camping Gallouette\" \/>\n<meta property=\"article:modified_time\" content=\"2023-10-26T11:55:43+00:00\" \/>\n<meta property=\"og:image\" content=\"https:\/\/www.camping-lagallouette.fr\/wp-content\/uploads\/2021\/10\/camping-balade-en-bateau-saint-vaast-la-hougue.jpg\" \/>\n\t<meta property=\"og:image:width\" content=\"1900\" \/>\n\t<meta property=\"og:image:height\" content=\"700\" \/>\n\t<meta property=\"og:image:type\" content=\"image\/jpeg\" \/>\n<meta name=\"twitter:card\" content=\"summary_large_image\" \/>\n<script type=\"application\/ld+json\" class=\"yoast-schema-graph\">{\"@context\":\"https:\/\/schema.org\",\"@graph\":[{\"@type\":\"WebPage\",\"@id\":\"https:\/\/www.camping-lagallouette.fr\/de\/kontakt\/\",\"url\":\"https:\/\/www.camping-lagallouette.fr\/de\/kontakt\/\",\"name\":\"Kontakt - Buchen Sie Ihren Campingurlaub in der Normandie!\",\"isPartOf\":{\"@id\":\"https:\/\/www.camping-lagallouette.fr\/de\/#website\"},\"primaryImageOfPage\":{\"@id\":\"https:\/\/www.camping-lagallouette.fr\/de\/kontakt\/#primaryimage\"},\"image\":{\"@id\":\"https:\/\/www.camping-lagallouette.fr\/de\/kontakt\/#primaryimage\"},\"thumbnailUrl\":\"https:\/\/www.camping-lagallouette.fr\/wp-content\/uploads\/2021\/10\/camping-balade-en-bateau-saint-vaast-la-hougue.jpg\",\"datePublished\":\"2021-09-20T10:30:27+00:00\",\"dateModified\":\"2023-10-26T11:55:43+00:00\",\"description\":\"Marina, Christophe und Elisa freuen sich, Sie von April bis September auf dem Campingplatz von Saint-Vaast begr\u00fc\u00dfen zu d\u00fcrfen. Kommen Sie und entdecken Sie die Region Cotentin.\",\"breadcrumb\":{\"@id\":\"https:\/\/www.camping-lagallouette.fr\/de\/kontakt\/#breadcrumb\"},\"inLanguage\":\"de\",\"potentialAction\":[{\"@type\":\"ReadAction\",\"target\":[\"https:\/\/www.camping-lagallouette.fr\/de\/kontakt\/\"]}]},{\"@type\":\"ImageObject\",\"inLanguage\":\"de\",\"@id\":\"https:\/\/www.camping-lagallouette.fr\/de\/kontakt\/#primaryimage\",\"url\":\"https:\/\/www.camping-lagallouette.fr\/wp-content\/uploads\/2021\/10\/camping-balade-en-bateau-saint-vaast-la-hougue.jpg\",\"contentUrl\":\"https:\/\/www.camping-lagallouette.fr\/wp-content\/uploads\/2021\/10\/camping-balade-en-bateau-saint-vaast-la-hougue.jpg\",\"width\":1900,\"height\":700,\"caption\":\"camping balade en bateau saint vaast la hougue\"},{\"@type\":\"BreadcrumbList\",\"@id\":\"https:\/\/www.camping-lagallouette.fr\/de\/kontakt\/#breadcrumb\",\"itemListElement\":[{\"@type\":\"ListItem\",\"position\":1,\"name\":\"Campingplatz Manche\",\"item\":\"https:\/\/www.camping-lagallouette.fr\/de\/\"},{\"@type\":\"ListItem\",\"position\":2,\"name\":\"Kontakt\"}]},{\"@type\":\"WebSite\",\"@id\":\"https:\/\/www.camping-lagallouette.fr\/de\/#website\",\"url\":\"https:\/\/www.camping-lagallouette.fr\/de\/\",\"name\":\"Camping Gallouette\",\"description\":\"\",\"publisher\":{\"@id\":\"https:\/\/www.camping-lagallouette.fr\/de\/#organization\"},\"potentialAction\":[{\"@type\":\"SearchAction\",\"target\":{\"@type\":\"EntryPoint\",\"urlTemplate\":\"https:\/\/www.camping-lagallouette.fr\/de\/?s={search_term_string}\"},\"query-input\":{\"@type\":\"PropertyValueSpecification\",\"valueRequired\":true,\"valueName\":\"search_term_string\"}}],\"inLanguage\":\"de\"},{\"@type\":\"Organization\",\"@id\":\"https:\/\/www.camping-lagallouette.fr\/de\/#organization\",\"name\":\"Camping La Gallouette\",\"url\":\"https:\/\/www.camping-lagallouette.fr\/de\/\",\"logo\":{\"@type\":\"ImageObject\",\"inLanguage\":\"de\",\"@id\":\"https:\/\/www.camping-lagallouette.fr\/de\/#\/schema\/logo\/image\/\",\"url\":\"https:\/\/www.camping-lagallouette.fr\/wp-content\/uploads\/2021\/10\/logo-bleu-camping-gallouette.png\",\"contentUrl\":\"https:\/\/www.camping-lagallouette.fr\/wp-content\/uploads\/2021\/10\/logo-bleu-camping-gallouette.png\",\"width\":214,\"height\":226,\"caption\":\"Camping La Gallouette\"},\"image\":{\"@id\":\"https:\/\/www.camping-lagallouette.fr\/de\/#\/schema\/logo\/image\/\"}}]}<\/script>\n<!-- \/ Yoast SEO plugin. -->","yoast_head_json":{"title":"Kontakt - Buchen Sie Ihren Campingurlaub in der Normandie!","description":"Marina, Christophe und Elisa freuen sich, Sie von April bis September auf dem Campingplatz von Saint-Vaast begr\u00fc\u00dfen zu d\u00fcrfen. Kommen Sie und entdecken Sie die Region Cotentin.","robots":{"index":"index","follow":"follow","max-snippet":"max-snippet:-1","max-image-preview":"max-image-preview:large","max-video-preview":"max-video-preview:-1"},"canonical":"https:\/\/www.camping-lagallouette.fr\/de\/kontakt\/","og_locale":"de_DE","og_type":"article","og_title":"Kontakt - Buchen Sie Ihren Campingurlaub in der Normandie!","og_description":"Marina, Christophe und Elisa freuen sich, Sie von April bis September auf dem Campingplatz von Saint-Vaast begr\u00fc\u00dfen zu d\u00fcrfen. Kommen Sie und entdecken Sie die Region Cotentin.","og_url":"https:\/\/www.camping-lagallouette.fr\/de\/kontakt\/","og_site_name":"Camping Gallouette","article_modified_time":"2023-10-26T11:55:43+00:00","og_image":[{"width":1900,"height":700,"url":"https:\/\/www.camping-lagallouette.fr\/wp-content\/uploads\/2021\/10\/camping-balade-en-bateau-saint-vaast-la-hougue.jpg","type":"image\/jpeg"}],"twitter_card":"summary_large_image","schema":{"@context":"https:\/\/schema.org","@graph":[{"@type":"WebPage","@id":"https:\/\/www.camping-lagallouette.fr\/de\/kontakt\/","url":"https:\/\/www.camping-lagallouette.fr\/de\/kontakt\/","name":"Kontakt - Buchen Sie Ihren Campingurlaub in der Normandie!","isPartOf":{"@id":"https:\/\/www.camping-lagallouette.fr\/de\/#website"},"primaryImageOfPage":{"@id":"https:\/\/www.camping-lagallouette.fr\/de\/kontakt\/#primaryimage"},"image":{"@id":"https:\/\/www.camping-lagallouette.fr\/de\/kontakt\/#primaryimage"},"thumbnailUrl":"https:\/\/www.camping-lagallouette.fr\/wp-content\/uploads\/2021\/10\/camping-balade-en-bateau-saint-vaast-la-hougue.jpg","datePublished":"2021-09-20T10:30:27+00:00","dateModified":"2023-10-26T11:55:43+00:00","description":"Marina, Christophe und Elisa freuen sich, Sie von April bis September auf dem Campingplatz von Saint-Vaast begr\u00fc\u00dfen zu d\u00fcrfen. Kommen Sie und entdecken Sie die Region Cotentin.","breadcrumb":{"@id":"https:\/\/www.camping-lagallouette.fr\/de\/kontakt\/#breadcrumb"},"inLanguage":"de","potentialAction":[{"@type":"ReadAction","target":["https:\/\/www.camping-lagallouette.fr\/de\/kontakt\/"]}]},{"@type":"ImageObject","inLanguage":"de","@id":"https:\/\/www.camping-lagallouette.fr\/de\/kontakt\/#primaryimage","url":"https:\/\/www.camping-lagallouette.fr\/wp-content\/uploads\/2021\/10\/camping-balade-en-bateau-saint-vaast-la-hougue.jpg","contentUrl":"https:\/\/www.camping-lagallouette.fr\/wp-content\/uploads\/2021\/10\/camping-balade-en-bateau-saint-vaast-la-hougue.jpg","width":1900,"height":700,"caption":"camping balade en bateau saint vaast la hougue"},{"@type":"BreadcrumbList","@id":"https:\/\/www.camping-lagallouette.fr\/de\/kontakt\/#breadcrumb","itemListElement":[{"@type":"ListItem","position":1,"name":"Campingplatz Manche","item":"https:\/\/www.camping-lagallouette.fr\/de\/"},{"@type":"ListItem","position":2,"name":"Kontakt"}]},{"@type":"WebSite","@id":"https:\/\/www.camping-lagallouette.fr\/de\/#website","url":"https:\/\/www.camping-lagallouette.fr\/de\/","name":"Camping Gallouette","description":"","publisher":{"@id":"https:\/\/www.camping-lagallouette.fr\/de\/#organization"},"potentialAction":[{"@type":"SearchAction","target":{"@type":"EntryPoint","urlTemplate":"https:\/\/www.camping-lagallouette.fr\/de\/?s={search_term_string}"},"query-input":{"@type":"PropertyValueSpecification","valueRequired":true,"valueName":"search_term_string"}}],"inLanguage":"de"},{"@type":"Organization","@id":"https:\/\/www.camping-lagallouette.fr\/de\/#organization","name":"Camping La Gallouette","url":"https:\/\/www.camping-lagallouette.fr\/de\/","logo":{"@type":"ImageObject","inLanguage":"de","@id":"https:\/\/www.camping-lagallouette.fr\/de\/#\/schema\/logo\/image\/","url":"https:\/\/www.camping-lagallouette.fr\/wp-content\/uploads\/2021\/10\/logo-bleu-camping-gallouette.png","contentUrl":"https:\/\/www.camping-lagallouette.fr\/wp-content\/uploads\/2021\/10\/logo-bleu-camping-gallouette.png","width":214,"height":226,"caption":"Camping La Gallouette"},"image":{"@id":"https:\/\/www.camping-lagallouette.fr\/de\/#\/schema\/logo\/image\/"}}]}},"_links":{"self":[{"href":"https:\/\/www.camping-lagallouette.fr\/de\/wp-json\/wp\/v2\/pages\/17183","targetHints":{"allow":["GET"]}}],"collection":[{"href":"https:\/\/www.camping-lagallouette.fr\/de\/wp-json\/wp\/v2\/pages"}],"about":[{"href":"https:\/\/www.camping-lagallouette.fr\/de\/wp-json\/wp\/v2\/types\/page"}],"author":[{"embeddable":true,"href":"https:\/\/www.camping-lagallouette.fr\/de\/wp-json\/wp\/v2\/users\/1"}],"replies":[{"embeddable":true,"href":"https:\/\/www.camping-lagallouette.fr\/de\/wp-json\/wp\/v2\/comments?post=17183"}],"version-history":[{"count":7,"href":"https:\/\/www.camping-lagallouette.fr\/de\/wp-json\/wp\/v2\/pages\/17183\/revisions"}],"predecessor-version":[{"id":21141,"href":"https:\/\/www.camping-lagallouette.fr\/de\/wp-json\/wp\/v2\/pages\/17183\/revisions\/21141"}],"wp:featuredmedia":[{"embeddable":true,"href":"https:\/\/www.camping-lagallouette.fr\/de\/wp-json\/wp\/v2\/media\/14903"}],"wp:attachment":[{"href":"https:\/\/www.camping-lagallouette.fr\/de\/wp-json\/wp\/v2\/media?parent=17183"}],"curies":[{"name":"wp","href":"https:\/\/api.w.org\/{rel}","templated":true}]}}